{"id":465,"date":"2024-04-21T08:29:21","date_gmt":"2024-04-21T11:29:21","guid":{"rendered":"https:\/\/wp.ufpel.edu.br\/confins\/?page_id=465"},"modified":"2024-04-21T08:41:54","modified_gmt":"2024-04-21T11:41:54","slug":"pelotas","status":"publish","type":"page","link":"https:\/\/wp.ufpel.edu.br\/confins\/pelotas\/","title":{"rendered":"pelotas"},"content":{"rendered":"<p>Na cidade de Pelotas\/RS\/Brasil acontecessem as seguintes a\u00e7\u00f5es do projeto:<\/p>\n<ol>\n<li>Curso de Curta Dura\u00e7\u00e3o Caminhografia Urbana as Margens do Canal S\u00e3o Gon\u00e7alo (conclu\u00eddo).<\/li>\n<li>Caminhografia da Turma da disciplina Teoria e Historia I\/FAUrb\/UFPel 2024\/1 (em andamento).<\/li>\n<li>Caminhografia da Turma da disciplina Caminhografia Urbana\/PROGRAU\/UFPel 2024\/1 (em andamento).<\/li>\n<\/ol>\n","protected":false},"excerpt":{"rendered":"<p>Na cidade de Pelotas\/RS\/Brasil acontecessem as seguintes a\u00e7\u00f5es do projeto: Curso de Curta Dura\u00e7\u00e3o Caminhografia Urbana as Margens do Canal S\u00e3o Gon\u00e7alo (conclu\u00eddo). Caminhografia da Turma da disciplina Teoria e Historia I\/FAUrb\/UFPel 2024\/1 (em andamento). Caminhografia da Turma da disciplina Caminhografia Urbana\/PROGRAU\/UFPel 2024\/1 (em andamento).<\/p>\n","protected":false},"author":716,"featured_media":0,"parent":0,"menu_order":0,"comment_status":"closed","ping_status":"closed","template":"","meta":{"footnotes":""},"class_list":["post-465","page","type-page","status-publish","hentry"],"_links":{"self":[{"href":"https:\/\/wp.ufpel.edu.br\/confins\/wp-json\/wp\/v2\/pages\/465","targetHints":{"allow":["GET"]}}],"collection":[{"href":"https:\/\/wp.ufpel.edu.br\/confins\/wp-json\/wp\/v2\/pages"}],"about":[{"href":"https:\/\/wp.ufpel.edu.br\/confins\/wp-json\/wp\/v2\/types\/page"}],"author":[{"embeddable":true,"href":"https:\/\/wp.ufpel.edu.br\/confins\/wp-json\/wp\/v2\/users\/716"}],"replies":[{"embeddable":true,"href":"https:\/\/wp.ufpel.edu.br\/confins\/wp-json\/wp\/v2\/comments?post=465"}],"version-history":[{"count":7,"href":"https:\/\/wp.ufpel.edu.br\/confins\/wp-json\/wp\/v2\/pages\/465\/revisions"}],"predecessor-version":[{"id":487,"href":"https:\/\/wp.ufpel.edu.br\/confins\/wp-json\/wp\/v2\/pages\/465\/revisions\/487"}],"wp:attachment":[{"href":"https:\/\/wp.ufpel.edu.br\/confins\/wp-json\/wp\/v2\/media?parent=465"}],"curies":[{"name":"wp","href":"https:\/\/api.w.org\/{rel}","templated":true}]}}