{"id":34,"date":"2023-12-05T10:15:55","date_gmt":"2023-12-05T13:15:55","guid":{"rendered":"https:\/\/wp.ufpel.edu.br\/confins\/?page_id=34"},"modified":"2023-12-22T08:58:04","modified_gmt":"2023-12-22T11:58:04","slug":"o-mar-em-comodoro","status":"publish","type":"page","link":"https:\/\/wp.ufpel.edu.br\/confins\/o-mar-em-comodoro\/","title":{"rendered":"o mar em comodoro"},"content":{"rendered":"<p><a href=\"https:\/\/wp.ufpel.edu.br\/confins\/files\/2023\/12\/2024-4.jpg\"><img loading=\"lazy\" decoding=\"async\" class=\"alignnone wp-image-359 size-full\" src=\"https:\/\/wp.ufpel.edu.br\/confins\/files\/2023\/12\/2024-4.jpg\" alt=\"\" width=\"960\" height=\"540\" srcset=\"https:\/\/wp.ufpel.edu.br\/confins\/files\/2023\/12\/2024-4.jpg 960w, https:\/\/wp.ufpel.edu.br\/confins\/files\/2023\/12\/2024-4-400x225.jpg 400w, https:\/\/wp.ufpel.edu.br\/confins\/files\/2023\/12\/2024-4-768x432.jpg 768w\" sizes=\"auto, (max-width: 767px) 89vw, (max-width: 1000px) 54vw, (max-width: 1071px) 543px, 580px\" \/><\/a><\/p>\n<p><span style=\"color: #33cccc;\"><strong>Comodoro Rivadavia<\/strong><\/span>, Patag\u00f4nia, Argentina, com 190.362 habitantes,\u00a0fica a 1837 km da capital argentina, Buenos Aires. Banhada pelo oceano Atl\u00e2ntico, com atividade petrol\u00edfera crucial para o desenvolvimento da regi\u00e3o, conta com atividades pesqueiras artesanais no porto de Caleta C\u00f3rdova e em pequenos postos ao longo do litoral. Al\u00e9m disso, h\u00e1 pequenos povoados isolados no meio rural onde as margens dos cursos de \u00e1gua s\u00e3o vitais para a vida. Pretende-se caminhografar as bordas da cidade com o\u00a0<span style=\"color: #33cccc;\"><strong>Oceano Atl\u00e2ntico e a na \u00e1rea litoral entre Comodoro Rivadavia e Puerto Visser, onde ficam variados postos de pescadores artesanais fixos ao longo do ano<\/strong>.\u00a0<\/span><\/p>\n<p><iframe loading=\"lazy\" src=\"https:\/\/www.google.com\/maps\/d\/embed?mid=1ZW_81j3I2PRov0HY37ZaEOZGIBw5U8g&amp;ehbc=2E312F&amp;noprof=1\" width=\"640\" height=\"480\"><\/iframe><\/p>\n","protected":false},"excerpt":{"rendered":"<p>Comodoro Rivadavia, Patag\u00f4nia, Argentina, com 190.362 habitantes,\u00a0fica a 1837 km da capital argentina, Buenos Aires. Banhada pelo oceano Atl\u00e2ntico, com atividade petrol\u00edfera crucial para o desenvolvimento da regi\u00e3o, conta com atividades pesqueiras artesanais no porto de Caleta C\u00f3rdova e em pequenos postos ao longo do litoral. Al\u00e9m disso, h\u00e1 pequenos povoados isolados no meio rural &hellip; <\/p>\n<p class=\"link-more\"><a href=\"https:\/\/wp.ufpel.edu.br\/confins\/o-mar-em-comodoro\/\" class=\"more-link\">Continue lendo<span class=\"screen-reader-text\"> &#8220;o mar em comodoro&#8221;<\/span><\/a><\/p>\n","protected":false},"author":716,"featured_media":0,"parent":0,"menu_order":0,"comment_status":"closed","ping_status":"closed","template":"","meta":{"footnotes":""},"class_list":["post-34","page","type-page","status-publish","hentry"],"_links":{"self":[{"href":"https:\/\/wp.ufpel.edu.br\/confins\/wp-json\/wp\/v2\/pages\/34","targetHints":{"allow":["GET"]}}],"collection":[{"href":"https:\/\/wp.ufpel.edu.br\/confins\/wp-json\/wp\/v2\/pages"}],"about":[{"href":"https:\/\/wp.ufpel.edu.br\/confins\/wp-json\/wp\/v2\/types\/page"}],"author":[{"embeddable":true,"href":"https:\/\/wp.ufpel.edu.br\/confins\/wp-json\/wp\/v2\/users\/716"}],"replies":[{"embeddable":true,"href":"https:\/\/wp.ufpel.edu.br\/confins\/wp-json\/wp\/v2\/comments?post=34"}],"version-history":[{"count":6,"href":"https:\/\/wp.ufpel.edu.br\/confins\/wp-json\/wp\/v2\/pages\/34\/revisions"}],"predecessor-version":[{"id":399,"href":"https:\/\/wp.ufpel.edu.br\/confins\/wp-json\/wp\/v2\/pages\/34\/revisions\/399"}],"wp:attachment":[{"href":"https:\/\/wp.ufpel.edu.br\/confins\/wp-json\/wp\/v2\/media?parent=34"}],"curies":[{"name":"wp","href":"https:\/\/api.w.org\/{rel}","templated":true}]}}