{"id":33,"date":"2023-12-05T10:15:55","date_gmt":"2023-12-05T13:15:55","guid":{"rendered":"https:\/\/wp.ufpel.edu.br\/confins\/?page_id=33"},"modified":"2023-12-22T08:53:00","modified_gmt":"2023-12-22T11:53:00","slug":"a-lagoa-em-pelotas","status":"publish","type":"page","link":"https:\/\/wp.ufpel.edu.br\/confins\/a-lagoa-em-pelotas\/","title":{"rendered":"a lagoa em pelotas"},"content":{"rendered":"<p><a href=\"https:\/\/wp.ufpel.edu.br\/confins\/files\/2023\/12\/2024-2.jpg\"><img loading=\"lazy\" decoding=\"async\" class=\"alignnone wp-image-357 size-full\" src=\"https:\/\/wp.ufpel.edu.br\/confins\/files\/2023\/12\/2024-2.jpg\" alt=\"\" width=\"960\" height=\"540\" srcset=\"https:\/\/wp.ufpel.edu.br\/confins\/files\/2023\/12\/2024-2.jpg 960w, https:\/\/wp.ufpel.edu.br\/confins\/files\/2023\/12\/2024-2-400x225.jpg 400w, https:\/\/wp.ufpel.edu.br\/confins\/files\/2023\/12\/2024-2-768x432.jpg 768w\" sizes=\"auto, (max-width: 767px) 89vw, (max-width: 1000px) 54vw, (max-width: 1071px) 543px, 580px\" \/><\/a><\/p>\n<p><span style=\"color: #33cccc;\"><strong>Pelotas<\/strong><\/span>, cidade da regi\u00e3o sul do Rio Grande do Sul, Brasil, com 328.275 habitantes (IBGE, 2017), nas margens do Canal S\u00e3o Gon\u00e7alo e Arroio Pelotas, com presen\u00e7a da comunidade negra desde a primeira atividade econ\u00f4mica (produ\u00e7\u00e3o do charque), gerando v\u00e1rios impactos no contexto urbano da cidade, durante d\u00e9cadas, sem nenhuma a\u00e7\u00e3o p\u00fablica de repara\u00e7\u00e3o da discrimina\u00e7\u00e3o racial. A cultura negra e ribeirinha, est\u00e1 por toda a parte da cidade, com destaque para regi\u00f5es demarcadas pelo III Plano Diretor, como s\u00edtio charqueador:\u00a0<span style=\"color: #33cccc;\"><strong>Centro, S\u00e3o Gon\u00e7alo, Areal e Laranjal, na \u00e1rea urbana; e Quilombo Alto do Caix\u00e3o, na \u00e1rea rural<\/strong>.<\/span><\/p>\n<p><iframe loading=\"lazy\" src=\"https:\/\/www.google.com\/maps\/d\/embed?mid=1-HnLvPyjT-A6yty3XsUalcQpBy_z7K0&amp;ehbc=2E312F&amp;noprof=1\" width=\"640\" height=\"480\"><\/iframe><\/p>\n","protected":false},"excerpt":{"rendered":"<p>Pelotas, cidade da regi\u00e3o sul do Rio Grande do Sul, Brasil, com 328.275 habitantes (IBGE, 2017), nas margens do Canal S\u00e3o Gon\u00e7alo e Arroio Pelotas, com presen\u00e7a da comunidade negra desde a primeira atividade econ\u00f4mica (produ\u00e7\u00e3o do charque), gerando v\u00e1rios impactos no contexto urbano da cidade, durante d\u00e9cadas, sem nenhuma a\u00e7\u00e3o p\u00fablica de repara\u00e7\u00e3o da &hellip; <\/p>\n<p class=\"link-more\"><a href=\"https:\/\/wp.ufpel.edu.br\/confins\/a-lagoa-em-pelotas\/\" class=\"more-link\">Continue lendo<span class=\"screen-reader-text\"> &#8220;a lagoa em pelotas&#8221;<\/span><\/a><\/p>\n","protected":false},"author":716,"featured_media":0,"parent":0,"menu_order":0,"comment_status":"closed","ping_status":"closed","template":"","meta":{"footnotes":""},"class_list":["post-33","page","type-page","status-publish","hentry"],"_links":{"self":[{"href":"https:\/\/wp.ufpel.edu.br\/confins\/wp-json\/wp\/v2\/pages\/33","targetHints":{"allow":["GET"]}}],"collection":[{"href":"https:\/\/wp.ufpel.edu.br\/confins\/wp-json\/wp\/v2\/pages"}],"about":[{"href":"https:\/\/wp.ufpel.edu.br\/confins\/wp-json\/wp\/v2\/types\/page"}],"author":[{"embeddable":true,"href":"https:\/\/wp.ufpel.edu.br\/confins\/wp-json\/wp\/v2\/users\/716"}],"replies":[{"embeddable":true,"href":"https:\/\/wp.ufpel.edu.br\/confins\/wp-json\/wp\/v2\/comments?post=33"}],"version-history":[{"count":6,"href":"https:\/\/wp.ufpel.edu.br\/confins\/wp-json\/wp\/v2\/pages\/33\/revisions"}],"predecessor-version":[{"id":396,"href":"https:\/\/wp.ufpel.edu.br\/confins\/wp-json\/wp\/v2\/pages\/33\/revisions\/396"}],"wp:attachment":[{"href":"https:\/\/wp.ufpel.edu.br\/confins\/wp-json\/wp\/v2\/media?parent=33"}],"curies":[{"name":"wp","href":"https:\/\/api.w.org\/{rel}","templated":true}]}}