{"id":31,"date":"2023-12-05T10:15:55","date_gmt":"2023-12-05T13:15:55","guid":{"rendered":"https:\/\/wp.ufpel.edu.br\/confins\/?page_id=31"},"modified":"2023-12-21T09:10:17","modified_gmt":"2023-12-21T12:10:17","slug":"as-margens","status":"publish","type":"page","link":"https:\/\/wp.ufpel.edu.br\/confins\/as-margens\/","title":{"rendered":"as margens"},"content":{"rendered":"<p><a href=\"https:\/\/wp.ufpel.edu.br\/confins\/files\/2023\/12\/2024.jpg\"><img loading=\"lazy\" decoding=\"async\" class=\"alignnone wp-image-350 size-full\" src=\"https:\/\/wp.ufpel.edu.br\/confins\/files\/2023\/12\/2024.jpg\" alt=\"\" width=\"960\" height=\"540\" srcset=\"https:\/\/wp.ufpel.edu.br\/confins\/files\/2023\/12\/2024.jpg 960w, https:\/\/wp.ufpel.edu.br\/confins\/files\/2023\/12\/2024-400x225.jpg 400w, https:\/\/wp.ufpel.edu.br\/confins\/files\/2023\/12\/2024-768x432.jpg 768w\" sizes=\"auto, (max-width: 767px) 89vw, (max-width: 1000px) 54vw, (max-width: 1071px) 543px, 580px\" \/><\/a><\/p>\n<p><span style=\"color: #33cccc;\"><strong><span class=\"hg x_xh0\"><span class=\"hw\" role=\"text\">margem <\/span><\/span><\/strong><\/span><span class=\"sg\"><span class=\"se1 x_xd0\"><span class=\"se2Group x_xd0\"><span class=\"posg x_xdh\" role=\"text\"><span class=\"pos\">s.<\/span><\/span><\/span><\/span><\/span><span class=\"sg\"><span class=\"se1 x_xd0\"><span class=\"se2Group x_xd0\"><span class=\"posg x_xdh\" role=\"text\"><span class=\"gg\" role=\"text\"><span class=\"sy\"><em>f<\/em>. <\/span><\/span><\/span><\/span><\/span><\/span><\/p>\n<p><span class=\"sg\"><span class=\"se1 x_xd0\"><span class=\"se2Group x_xd0\"><span class=\"se2 x_xd1 hasSn\"><span class=\"x_xdh x_xdt\"><span class=\"sn\">1 <\/span><span class=\"msDict t_first\"><span class=\"df\" role=\"text\">espa\u00e7o situado no contorno externo imediato de algo; borda, limite externo, periferia (freq. us. no pl.) <\/span><span class=\"eg\" role=\"text\"><span class=\"ex\"><span class=\"gp\">&lt;<\/span>as <span class=\"rf\">m.<\/span> de um bosque<span class=\"gp\">&gt; <\/span><\/span><span class=\"ex\"><span class=\"lbl\">| <\/span><span class=\"gp\">&lt;<\/span>o glaucoma suprime as imagens que se localizam \u00e0 <span class=\"rf\">m.<\/span> do campo visual<span class=\"gp\">&gt; <\/span><\/span><\/span><\/span><\/span><\/span><\/span><\/span><\/span><\/p>\n<p><span class=\"sg\"><span class=\"se1 x_xd0\"><span class=\"se2Group x_xd0\"><span class=\"se2 x_xd1 hasSn\"><span class=\"x_xdh x_xdt\"><span class=\"sn\">2 <\/span><span class=\"msDict t_first\"><span class=\"df\" role=\"text\">faixa de terras emersas ou firmes que ladeiam um rio, lago ou lagoa; beira, borda <\/span><span class=\"eg\" role=\"text\"><span class=\"ex\"><span class=\"gp\">&lt;<\/span>o hotel situa-se \u00e0 <span class=\"rf\">m.<\/span> do lago<span class=\"gp\">&gt; <\/span><\/span><\/span><\/span><\/span><\/span><\/span><\/span><\/span><\/p>\n<p><span class=\"sg\"><span class=\"se1 x_xd0\"><span class=\"se2Group x_xd0\"><span class=\"se2 x_xd1 hasSn\"><span class=\"x_xdh x_xdt\"><span class=\"sn\">3 <\/span><span class=\"msDict t_first\"><span class=\"lg\" role=\"text\"><span class=\"sj\">anatomia geral <\/span><\/span><span class=\"df\" role=\"text\">borda externa de certos \u00f3rg\u00e3os ou orif\u00edcios <\/span><span class=\"eg\" role=\"text\"><span class=\"ex\"><span class=\"gp\">&lt;<\/span>a <span class=\"rf\">m.<\/span> do \u00e2nus<span class=\"gp\">&gt; <\/span><\/span><\/span><\/span><\/span><\/span><\/span><\/span><\/span><\/p>\n<p><span class=\"sg\"><span class=\"se1 x_xd0\"><span class=\"se2Group x_xd0\"><span class=\"se2 x_xd1 hasSn\"><span class=\"x_xdh x_xdt\"><span class=\"sn\">4 <\/span><span class=\"msDict t_first\"><span class=\"lg\" role=\"text\"><span class=\"sj\">artes gr\u00e1ficas <\/span><\/span><span class=\"df\" role=\"text\">espa\u00e7o em branco em volta das p\u00e1ginas de um impresso <\/span><\/span><\/span><\/span><\/span><\/span><\/span><\/p>\n<p><span class=\"sg\"><span class=\"se1 x_xd0\"><span class=\"se2Group x_xd0\"><span class=\"se2 x_xd1 hasSn\"><span class=\"x_xdh x_xdt\"><span class=\"sn\">5 <\/span><span class=\"msDict t_first\"><span class=\"lg\" role=\"text\"><span class=\"sj\">morfologia bot\u00e2nica <\/span><\/span><span class=\"df\" role=\"text\">m.q. <span class=\"italic\"><span class=\"sc\">bordo <\/span><\/span><\/span><\/span><\/span><\/span><\/span><\/span><\/span><\/p>\n<p><span class=\"sg\"><span class=\"se1 x_xd0\"><span class=\"se2Group x_xd0\"><span class=\"se2 x_xd1 hasSn\"><span class=\"x_xdh x_xdt\"><span class=\"sn\">6 <\/span><span class=\"msDict t_first\"><span class=\"df\" role=\"text\">faixa estreita de terra lavrada entre dois regos <\/span><\/span><\/span><\/span><\/span><\/span><\/span><\/p>\n<p><span class=\"sg\"><span class=\"se1 x_xd0\"><span class=\"se2Group x_xd0\"><span class=\"se2 x_xd1 hasSn\"><span class=\"x_xdh x_xdt\"><span class=\"sn\">7 <\/span><span class=\"msDict t_first\"><span class=\"lg\" role=\"text\"><span class=\"reg\">figurado <\/span><\/span><span class=\"df\" role=\"text\">limite, fronteira (freq. us. no pl.) <\/span><span class=\"eg\" role=\"text\"><span class=\"ex\"><span class=\"gp\">&lt;<\/span>a crise deixou-o \u00e0s margens de um esgotamento<span class=\"gp\">&gt; <\/span><\/span><\/span><\/span><\/span><\/span><\/span><\/span><\/span><\/p>\n<p><span class=\"sg\"><span class=\"se1 x_xd0\"><span class=\"se2Group x_xd0\"><span class=\"se2 x_xd1 hasSn\"><span class=\"x_xdh\"><span class=\"sn\">8 <\/span><span class=\"msDict t_first\"><span class=\"lg\" role=\"text\"><span class=\"reg\">figurado <\/span><\/span><span class=\"df\" role=\"text\">medida ou grau de diferen\u00e7a <\/span><span class=\"eg\" role=\"text\"><span class=\"ex\"><span class=\"gp\">&lt;<\/span>sua vit\u00f3ria nas elei\u00e7\u00f5es foi por ampla <span class=\"rf\">m.<\/span><span class=\"gp\">&gt; <\/span><\/span><\/span><\/span><\/span><span class=\"se3 x_xd2 hasSn\"><span class=\"sn\">8.1 <\/span><span class=\"msDict t_core\"><span class=\"lg\" role=\"text\"><span class=\"reg\">figurado <\/span><\/span><span class=\"df\" role=\"text\">grau de diferen\u00e7a em rela\u00e7\u00e3o a medida, padr\u00e3o ou limite estabelecido <\/span><span class=\"eg\" role=\"text\"><span class=\"ex\"><span class=\"gp\">&lt;<\/span><span class=\"rf\">m.<\/span> de erro<span class=\"gp\">&gt; <\/span><\/span><\/span><\/span><\/span><\/span><\/span><\/span><\/span><\/p>\n<p><span class=\"sg\"><span class=\"se1 x_xd0\"><span class=\"se2Group x_xd0\"><span class=\"se2 x_xd1 hasSn\"><span class=\"x_xdh x_xdt\"><span class=\"sn\">9 <\/span><span class=\"msDict t_first\"><span class=\"lg\" role=\"text\"><span class=\"sj\">economia <\/span><\/span><span class=\"df\" role=\"text\">dep\u00f3sito de garantia que o comprador deposita em opera\u00e7\u00f5es efetuadas na bolsa de valores <\/span><\/span><\/span><\/span><\/span><\/span><\/span><\/p>\n<p><span class=\"sg\"><span class=\"se1 x_xd0\"><span class=\"se2Group x_xd0\"><span class=\"se2 x_xd1 hasSn\"><span class=\"x_xdh x_xdt\"><span class=\"sn\">10 <\/span><span class=\"msDict t_first\"><span class=\"lg\" role=\"text\"><span class=\"reg\">figurado <\/span><\/span><span class=\"df\" role=\"text\">ensejo, oportunidade; motivo, pretexto <\/span><span class=\"eg\" role=\"text\"><span class=\"ex\"><span class=\"gp\">&lt;<\/span>a ambiguidade de suas palavras deu <span class=\"rf\">m.<\/span> a deturpa\u00e7\u00f5es<span class=\"gp\">&gt; <\/span><\/span><\/span><\/span><\/span><\/span><\/span><\/span><\/span><\/p>\n<p><strong><span class=\"subEntryBlock x_xo0 t_phrases\"><span class=\"lbl x_xoLblBlk\">Locu\u00e7\u00f5es<\/span><\/span><\/strong><\/p>\n<p><span class=\"subEntryBlock x_xo0 t_phrases\"><span id=\"00782380_0\" class=\"subEntry x_xo1\"><span class=\"l x_xoh\" role=\"text\">m. continental <\/span><span class=\"se1 x_xo2\"><span class=\"se2 x_xo3 hasSn\"><span class=\"sn\">1 <\/span><span class=\"lg\"><span class=\"sj\">geologia <\/span><\/span><span class=\"msDict t_first\"><span class=\"df\" role=\"text\">regi\u00e3o compreendida entre a costa e o alto-mar, abrangendo a plataforma continental e o talude continental <\/span><\/span><\/span><\/span><\/span><\/span><\/p>\n<p><span class=\"subEntryBlock x_xo0 t_phrases\"><span id=\"00782380_1\" class=\"subEntry x_xo1\"><span class=\"l x_xoh\" role=\"text\">m. direita <\/span><span class=\"se1 x_xo2\"><span class=\"se2 x_xo3 hasSn\"><span class=\"sn\">1 <\/span><span class=\"lg\"><span class=\"sj\">geografia <\/span><\/span><span class=\"msDict t_first\"><span class=\"df\" role=\"text\">margem de um rio situada \u00e0 direita, tomando-se como orienta\u00e7\u00e3o o sentido da corrente <\/span><\/span><\/span><\/span><\/span><\/span><\/p>\n<p><span class=\"subEntryBlock x_xo0 t_phrases\"><span id=\"00782380_2\" class=\"subEntry x_xo1\"><span class=\"l x_xoh\" role=\"text\">m. esquerda <\/span><span class=\"se1 x_xo2\"><span class=\"se2 x_xo3 hasSn\"><span class=\"sn\">1 <\/span><span class=\"lg\"><span class=\"sj\">geografia <\/span><\/span><span class=\"msDict t_first\"><span class=\"df\" role=\"text\">margem de um rio situada \u00e0 esquerda, tomando-se como orienta\u00e7\u00e3o o sentido da corrente <\/span><\/span><\/span><\/span><\/span><\/span><\/p>\n<p><span class=\"subEntryBlock x_xo0 t_phrases\"><span id=\"00782380_3\" class=\"subEntry x_xo1\"><span class=\"l x_xoh\" role=\"text\">m. litor\u00e2nea <\/span><span class=\"se1 x_xo2\"><span class=\"se2 x_xo3 hasSn\"><span class=\"sn\">1 <\/span><span class=\"lg\"><span class=\"sj\">geografia <\/span><\/span><span class=\"msDict t_first\"><span class=\"df\" role=\"text\">faixa de terras cont\u00edguas ao mar; litoral <\/span><\/span><\/span><\/span><\/span><\/span><\/p>\n<p><span class=\"subEntryBlock x_xo0 t_phrases\"><span id=\"00782380_4\" class=\"subEntry x_xo1\"><span class=\"l x_xoh\" role=\"text\">\u00e0 m. <\/span><span class=\"se1 x_xo2\"><span class=\"se2 x_xo3 hasSn\"><span class=\"sn\">1 <\/span><span class=\"msDict t_first\"><span class=\"lg\" role=\"text\"><span class=\"reg\">figurado <\/span><\/span><span class=\"df\" role=\"text\">de lado; de fora <\/span><span class=\"eg\" role=\"text\"><span class=\"ex\"><span class=\"gp\">&lt;<\/span>p\u00f4r \u00e0 <span class=\"rf\">m.<\/span><span class=\"gp\">&gt; <\/span><\/span><\/span><\/span><\/span><\/span><\/span><\/span><\/p>\n<p><span class=\"subEntryBlock x_xo0 t_phrases\"><span id=\"00782380_5\" class=\"subEntry x_xo1\"><span class=\"l x_xoh\" role=\"text\">\u00e0 m. de <\/span><span class=\"se1 x_xo2\"><span class=\"msDict t_core\"><span class=\"lg\" role=\"text\"><span class=\"reg\">figurado <\/span><\/span><\/span><span class=\"se2 x_xo3 hasSn\"><span class=\"sn\">1 <\/span><span class=\"msDict t_first\"><span class=\"df\" role=\"text\">\u00e0 parte; sem participa\u00e7\u00e3o em; fora do \u00e2mbito de <\/span><span class=\"eg\" role=\"text\"><span class=\"ex\"><span class=\"gp\">&lt;<\/span>indiv\u00edduos que vivem <\/span><\/span><\/span><\/span><\/span><\/span><\/span><span class=\"subEntryBlock x_xo0 t_phrases\"><span id=\"00782380_5\" class=\"subEntry x_xo1\"><span class=\"se1 x_xo2\"><span class=\"se2 x_xo3 hasSn\"><span class=\"msDict t_first\"><span class=\"eg\" role=\"text\"><span class=\"ex\">\u00e0 <span class=\"rf\">m.<\/span> da lei<span class=\"gp\">&gt; <\/span><\/span><\/span><\/span><\/span><span class=\"se2 x_xo3 hasSn\"><span class=\"sn\">2 <\/span><span class=\"msDict t_first\"><span class=\"df\" role=\"text\">a respeito de <\/span><span class=\"eg\" role=\"text\"><span class=\"ex\"><span class=\"gp\">&lt;<\/span>\u00e0 <span class=\"rf\">m.<\/span> do que ficou dito, declaro n\u00e3o ter envolvimento no assunto<span class=\"gp\">&gt; <\/span><\/span><\/span><\/span><\/span><span class=\"se2 x_xo3 hasSn\"><span class=\"sn\">3 <\/span><span class=\"msDict t_first\"><span class=\"df\" role=\"text\">sem entrar no m\u00e9rito de <\/span><span class=\"eg\" role=\"text\"><span class=\"ex\"><span class=\"gp\">&lt;<\/span>\u00e0 <span class=\"rf\">m.<\/span> de quaisquer outras considera\u00e7\u00f5es<span class=\"gp\">&gt; <\/span><\/span><\/span><\/span><\/span><span class=\"se2 x_xo3 hasSn\"><span class=\"sn\">4 <\/span><span class=\"msDict t_first\"><span class=\"df\" role=\"text\">a t\u00edtulo de coment\u00e1rio <\/span><span class=\"eg\" role=\"text\"><span class=\"ex\"><span class=\"gp\">&lt;<\/span>nota inserida \u00e0 <span class=\"rf\">m.<\/span> da introdu\u00e7\u00e3o<span class=\"gp\">&gt; <\/span><\/span><\/span><\/span><\/span><\/span><\/span><\/span><\/p>\n<p><span class=\"subEntryBlock x_xo0 t_phrases\"><span id=\"00782380_6\" class=\"subEntry x_xo1\"><span class=\"l x_xoh\" role=\"text\">dar m. a <\/span><span class=\"se1 x_xo2\"><span class=\"se2 x_xo3 hasSn\"><span class=\"sn\">1 <\/span><span class=\"msDict t_first\"><span class=\"df\" role=\"text\">favorecer, propiciar <\/span><span class=\"eg\" role=\"text\"><span class=\"ex\"><span class=\"gp\">&lt;<\/span>sua atitude deu <span class=\"rf\">m.<\/span> a coment\u00e1rios ferinos<span class=\"gp\">&gt; <\/span><\/span><\/span><\/span><\/span><\/span><\/span><\/span><\/p>\n<p><span class=\"subEntryBlock x_xo0 t_phrases\"><span id=\"00782380_7\" class=\"subEntry x_xo1\"><span class=\"l x_xoh\" role=\"text\">deixar \u00e0 m. <\/span><span class=\"se1 x_xo2\"><span class=\"se2 x_xo3 hasSn\"><span class=\"sn\">1 <\/span><span class=\"msDict t_first\"><span class=\"df\" role=\"text\">p\u00f4r de lado; abandonar; desprezar <\/span><\/span><\/span><\/span><\/span><\/span><\/p>\n<p><span class=\"etym x_xo0\" role=\"text\"><strong><span class=\"general-text x_xoLblBlk t_label\">Etimologia <\/span><\/strong><span class=\"x_xopt x_xo1\"><span class=\"dg\"><span class=\"gp\">(<\/span><span class=\"date\">sXV<\/span><span class=\"gp\">) <\/span><\/span><span class=\"la\">lat. <\/span><span class=\"ff\">margo,\u012dnis<\/span> &#8216;borda, margem etc.&#8217;<\/span><\/span><\/p>\n<p><span class=\"thesBlock x_xo0\"><strong><span class=\"gp x_xoLblBlk t_label\">Sin\u00f4nimos\/Variantes <\/span><\/strong><span class=\"synBlock x_xo1\"><span class=\"msThes t_core\"><span class=\"synList\"><span class=\"synGroup\"><span class=\"xrg\">ver sinon\u00edmia de <span class=\"xr\">limite.<\/span><\/span><\/span><\/span><\/span><\/span><\/span><\/p>\n<p><a href=\"https:\/\/wp.ufpel.edu.br\/confins\/files\/2023\/12\/2024-1.jpg\"><img loading=\"lazy\" decoding=\"async\" class=\"alignnone wp-image-353 size-full\" src=\"https:\/\/wp.ufpel.edu.br\/confins\/files\/2023\/12\/2024-1.jpg\" alt=\"\" width=\"960\" height=\"540\" srcset=\"https:\/\/wp.ufpel.edu.br\/confins\/files\/2023\/12\/2024-1.jpg 960w, https:\/\/wp.ufpel.edu.br\/confins\/files\/2023\/12\/2024-1-400x225.jpg 400w, https:\/\/wp.ufpel.edu.br\/confins\/files\/2023\/12\/2024-1-768x432.jpg 768w\" sizes=\"auto, (max-width: 767px) 89vw, (max-width: 1000px) 54vw, (max-width: 1071px) 543px, 580px\" \/><\/a><\/p>\n<p>&nbsp;<\/p>\n","protected":false},"excerpt":{"rendered":"<p>margem s.f. 1 espa\u00e7o situado no contorno externo imediato de algo; borda, limite externo, periferia (freq. us. no pl.) &lt;as m. de um bosque&gt; | &lt;o glaucoma suprime as imagens que se localizam \u00e0 m. do campo visual&gt; 2 faixa de terras emersas ou firmes que ladeiam um rio, lago ou lagoa; beira, borda &lt;o &hellip; <\/p>\n<p class=\"link-more\"><a href=\"https:\/\/wp.ufpel.edu.br\/confins\/as-margens\/\" class=\"more-link\">Continue lendo<span class=\"screen-reader-text\"> &#8220;as margens&#8221;<\/span><\/a><\/p>\n","protected":false},"author":716,"featured_media":0,"parent":0,"menu_order":0,"comment_status":"closed","ping_status":"closed","template":"","meta":{"footnotes":""},"class_list":["post-31","page","type-page","status-publish","hentry"],"_links":{"self":[{"href":"https:\/\/wp.ufpel.edu.br\/confins\/wp-json\/wp\/v2\/pages\/31","targetHints":{"allow":["GET"]}}],"collection":[{"href":"https:\/\/wp.ufpel.edu.br\/confins\/wp-json\/wp\/v2\/pages"}],"about":[{"href":"https:\/\/wp.ufpel.edu.br\/confins\/wp-json\/wp\/v2\/types\/page"}],"author":[{"embeddable":true,"href":"https:\/\/wp.ufpel.edu.br\/confins\/wp-json\/wp\/v2\/users\/716"}],"replies":[{"embeddable":true,"href":"https:\/\/wp.ufpel.edu.br\/confins\/wp-json\/wp\/v2\/comments?post=31"}],"version-history":[{"count":11,"href":"https:\/\/wp.ufpel.edu.br\/confins\/wp-json\/wp\/v2\/pages\/31\/revisions"}],"predecessor-version":[{"id":381,"href":"https:\/\/wp.ufpel.edu.br\/confins\/wp-json\/wp\/v2\/pages\/31\/revisions\/381"}],"wp:attachment":[{"href":"https:\/\/wp.ufpel.edu.br\/confins\/wp-json\/wp\/v2\/media?parent=31"}],"curies":[{"name":"wp","href":"https:\/\/api.w.org\/{rel}","templated":true}]}}