{"id":287,"date":"2023-12-20T15:53:47","date_gmt":"2023-12-20T18:53:47","guid":{"rendered":"https:\/\/wp.ufpel.edu.br\/confins\/?page_id=287"},"modified":"2023-12-22T08:15:01","modified_gmt":"2023-12-22T11:15:01","slug":"referencias","status":"publish","type":"page","link":"https:\/\/wp.ufpel.edu.br\/confins\/referencias\/","title":{"rendered":"refer\u00eancias"},"content":{"rendered":"<p><span style=\"font-weight: 400;\">BODANZKY , Jorge e MACIEL, Fabiano (dir.) Transamaz\u00f4nica &#8211; Uma Estrada para o Passado (S\u00e9rie Documental). Produ\u00e7\u00e3o: HBO Latin America Originals e Ocean Films. Roteiro: Fabiano Maciel, Thiago Iacocca e Nuno Godolphim. Brasil, 2019.<\/span><\/p>\n<p><span style=\"font-weight: 400;\">BOLOGNESI, Luiz (dir.). A \u00daltima Floresta. Dire\u00e7\u00e3o: Luiz Bolognesi. Produ\u00e7\u00e3o: Luiz Bolognesi, Caio Gullane, Fabiano Gullane, La\u00eds Bodanzky. Roteiro: Luiz Bolognesi, e Davi Kopenawa Yanomami. Brasil, 2021.<\/span><\/p>\n<p><span style=\"font-weight: 400;\">BOND\u00cdA, Jorge Larossa. Notas sobre a experi\u00eancia e o saber da experi\u00eancia. Revista Brasileira de Educa\u00e7\u00e3o, n. 19, 2002. Dispon\u00edvel em:<\/span><a href=\"https:\/\/www.scielo.br\/j\/rbedu\/a\/Ycc5QDzZKcYVspCNspZVDxC\/?lang=pt&amp;format=pdf\"><span style=\"font-weight: 400;\"> https:\/\/www.scielo.br\/j\/rbedu\/a\/Ycc5QDzZKcYVspCNspZVDxC\/?lang=pt&amp;format=pdf<\/span><\/a><\/p>\n<p><span style=\"font-weight: 400;\">BRASIL. Decreto N\u00ba 6.040, de 7 de Fevereiro de 2007. <\/span><i><span style=\"font-weight: 400;\">Pol\u00edtica Nacional de Desenvolvimento Sustent\u00e1vel dos Povos e Comunidades Tradicionais &#8211; PNPCT<\/span><\/i><span style=\"font-weight: 400;\">. Presid\u00eancia da Rep\u00fablica, Casa Civil, Subchefia para Assuntos Jur\u00eddicos. dispon\u00edvel em:<\/span><a href=\"http:\/\/www.planalto.gov.br\/ccivil_03\/_ato2007-2010\/2007\/decreto\/d6040.htm\"><span style=\"font-weight: 400;\"> http:\/\/www.planalto.gov.br\/ccivil_03\/_ato2007-2010\/2007\/decreto\/d6040.htm<\/span><\/a><\/p>\n<p><span style=\"font-weight: 400;\">CARERI, Francesco. Caminhar e parar. S\u00e3o Paulo: Gustavo Gili , 2017.<\/span><\/p>\n<p><span style=\"font-weight: 400;\">CARERI, Francesco. Walkscapes: o caminhar como pr\u00e1tica est\u00e9tica. S\u00e3o Paulo: Gustavo Gili, 2014.<\/span><\/p>\n<p><span style=\"font-weight: 400;\">CONVEN\u00c7\u00c3O DA DIVERSIDADE BIOL\u00d3GICA. 1992. Dispon\u00edvel em:<\/span><a href=\"https:\/\/www.gov.br\/mma\/pt-br\/textoconvenoportugus.pdf\"><span style=\"font-weight: 400;\"> https:\/\/www.gov.br\/mma\/pt-br\/textoconvenoportugus.pdf<\/span><\/a><span style=\"font-weight: 400;\">\u00a0<\/span><\/p>\n<p><span style=\"font-weight: 400;\">CUNHA, Manuela Carneiro da; MAGALH\u00c3ES, S\u00f4nia Barbosa; ADAMS, Cristina (orgs). <\/span><i><span style=\"font-weight: 400;\">Povos tradicionais e biodiversidade no Brasil: contribui\u00e7\u00f5es dos povos ind\u00edgenas, quilombolas e comunidades tradicionais para a biodiversidade, pol\u00edticas e amea\u00e7as<\/span><\/i><span style=\"font-weight: 400;\">. S\u00e3o Paulo: SBPC, 2022.\u00a0<\/span><\/p>\n<p><span style=\"font-weight: 400;\">DE CERTEAU, Michel. A inven\u00e7\u00e3o do cotidiano. Vol. 1. Artes de fazer. Rio de Janeiro: Vozes, 2014.<\/span><\/p>\n<p><span style=\"font-weight: 400;\">DELEUZE, Gilles &amp; GUATTARI, Felix. Mil Plat\u00f4s: capitalismo e esquizofrenia. Vol. 1. Rio de Janeiro: Editora 34, 1997.<\/span><\/p>\n<p><span style=\"font-weight: 400;\">DERRIDA, J. Da hospitalidade. Tradu\u00e7\u00e3o de Antonio Romane. S\u00e3o Paulo: Escuta, 2003.<\/span><\/p>\n<p><span style=\"font-weight: 400;\">DETONI, Luana Pavan; ROCHA, Eduardo. O fio de Ariadne. Uma experi\u00eancia cartogr\u00e1fica das cidades pequenas. <\/span><i><span style=\"font-weight: 400;\">Arquitextos<\/span><\/i><span style=\"font-weight: 400;\">, S\u00e3o Paulo, ano 22, n. 258.02, Vitruvius, nov. 2021 &lt;<\/span><a href=\"https:\/\/vitruvius.com.br\/revistas\/read\/arquitextos\/22.258\/8316\"><span style=\"font-weight: 400;\">https:\/\/vitruvius.com.br\/revistas\/read\/arquitextos\/22.258\/8316<\/span><\/a><span style=\"font-weight: 400;\">&gt;.<\/span><\/p>\n<p><span style=\"font-weight: 400;\">DIAGN\u00d3STICO DAS CI\u00caNCIAS HUMANAS, SOCIAIS APLICADAS, LINGU\u00cdSTICA, LETRAS E ARTES (CHSSALLA) no Brasil. Bras\u00edlia, DF: Centro de Gest\u00e3o e Estudos Estrat\u00e9gicos, 2020.<\/span><\/p>\n<p><span style=\"font-weight: 400;\">FERRERO, Giovanni. Rieducazione alla speranza. Patrick Geddes planner in India 1914-1924. Jaca Book, Milano, 1998.<\/span><\/p>\n<p><span style=\"font-weight: 400;\">FREIRE, P. A educa\u00e7\u00e3o na cidade. S\u00e3o Paulo: Cortez, 1991.\u00a0<\/span><\/p>\n<p><span style=\"font-weight: 400;\">FREIRE, P. Educa\u00e7\u00e3o como pr\u00e1tica da liberdade. 2. ed. Rio de Janeiro: Paz e Terra, 1969.\u00a0<\/span><\/p>\n<p><span style=\"font-weight: 400;\">JACQUES, Paola Berenstein.<\/span><a href=\"https:\/\/repositorio.ufba.br\/bitstream\/ri\/7894\/3\/Elogio_aos_Errantes_RI.pdf\"><span style=\"font-weight: 400;\"> Elogio aos errantes<\/span><\/a><span style=\"font-weight: 400;\">. Salvador: EDUFBA, 2012.<\/span><\/p>\n<p><span style=\"font-weight: 400;\">INSTITUTO BRASILEIRO DE GEOGRAFIA E ESTAT\u00cdSTICA (IBGE). Cidades. 2017. Dispon\u00edvel em:<\/span><a href=\"https:\/\/cidades.ibge.gov.br\/\"><span style=\"font-weight: 400;\"> https:\/\/cidades.ibge.gov.br\/<\/span><\/a><\/p>\n<p><span style=\"font-weight: 400;\">MARTIN-BARBERO, Jesus. A comunica\u00e7\u00e3o na educa\u00e7\u00e3o. S\u00e3o Paulo: Contexto, 2014.<\/span><\/p>\n<p><span style=\"font-weight: 400;\">MART\u00cdN-BARBERO, Jesus. Of\u00edcio de cart\u00f3grafo.\u00a0 S\u00e3o Paulo: Loyola, 2004.<\/span><\/p>\n<p><span style=\"font-weight: 400;\">PAESE, Celma; ROCHA, Eduardo (editores). Caminhografia Urbana I e II. <\/span><i><span style=\"font-weight: 400;\">PIXO &#8211; revista de arquitetura, cidade e contemporaneidade, V. 11 e V.12<\/span><\/i><span style=\"font-weight: 400;\">, 2019\/2020. Dispon\u00edvel em:<\/span><a href=\"https:\/\/periodicos.ufpel.edu.br\/ojs2\/index.php\/pixo\/issue\/archive\"><span style=\"font-weight: 400;\"> https:\/\/periodicos.ufpel.edu.br\/ojs2\/index.php\/pixo\/issue\/archive<\/span><\/a><\/p>\n<p><span style=\"font-weight: 400;\">PASSOS, E; KASTRUP, V; ESC\u00d3SSIA, L.(Orgs.). Pistas do M\u00e9todo da Cartografia: Pesquisa-interven\u00e7\u00e3o e Produ\u00e7\u00e3o de Subjetividade. Porto Alegre: Editora Sulina, 2009.<\/span><\/p>\n<p><span style=\"font-weight: 400;\">PASSOS, E; KASTRUP, V; TEDESCO, S. (Orgs.) Pistas do M\u00e9todo da Cartografia: A experi\u00eancia da pesquisa e o plano comum. Porto Alegre: Editora Sulina, 2014.<\/span><\/p>\n<p><span style=\"font-weight: 400;\">ROCHA, Eduardo; AZEVEDO, Laura Novo de, ALLEMAND, Debora; HYPOLITO, B\u00e1rbara de B\u00e1rbara; TOMIELLO, Fernanda. Cross-cult desenho urbano\/urban design: Pelotas (BR), Oxford (UK). Pelotas: PROGRAU, 2017.<\/span><\/p>\n<p><span style=\"font-weight: 400;\">ROCHA, Eduardo; MACHADO, Valentina.<\/span><a href=\"http:\/\/enanparq2020.com.br\/wp-content\/uploads\/2021\/03\/VI-ENANPARQ_ANAIS-SESSOESLIVRES_%2024MAR21.pdf\"><span style=\"font-weight: 400;\"> Caminhografia dos Encontros na Cidade<\/span><\/a><span style=\"font-weight: 400;\">. In: VI ENANPARQ, 2021, Bras\u00edlia. Anais do VI ENANPARQ. Bras\u00edlia: UNB, 2021. v.1. p.302 \u2013 307.<\/span><\/p>\n<p>ROCHA, Eduardo; SANTOS, Ta\u00eds Beltrame dos. (2023). <a href=\"https:\/\/vitruvius.com.br\/revistas\/read\/arquitextos\/24.281\/8923\"><strong><span style=\"color: #33cccc;\">Como \u00e9 a Caminhografia Urbana?<\/span><\/strong>\u00a0<\/a>Registrar, jogar e criar na cidade. Arquitextos, 281, ano 24, S\u00e3o Paulo, out. 2023.<\/p>\n<p><span style=\"font-weight: 400;\">VIANNA, L. P. De invis\u00edveis a protagonistas: popula\u00e7\u00f5es tradicionais e unidades de conserva\u00e7\u00e3o. S\u00e3o Paulo: Annablume, Fapesp, 2008.<\/span><\/p>\n<p>&nbsp;<\/p>\n","protected":false},"excerpt":{"rendered":"<p>BODANZKY , Jorge e MACIEL, Fabiano (dir.) Transamaz\u00f4nica &#8211; Uma Estrada para o Passado (S\u00e9rie Documental). Produ\u00e7\u00e3o: HBO Latin America Originals e Ocean Films. Roteiro: Fabiano Maciel, Thiago Iacocca e Nuno Godolphim. Brasil, 2019. BOLOGNESI, Luiz (dir.). A \u00daltima Floresta. Dire\u00e7\u00e3o: Luiz Bolognesi. Produ\u00e7\u00e3o: Luiz Bolognesi, Caio Gullane, Fabiano Gullane, La\u00eds Bodanzky. Roteiro: Luiz Bolognesi, &hellip; <\/p>\n<p class=\"link-more\"><a href=\"https:\/\/wp.ufpel.edu.br\/confins\/referencias\/\" class=\"more-link\">Continue lendo<span class=\"screen-reader-text\"> &#8220;refer\u00eancias&#8221;<\/span><\/a><\/p>\n","protected":false},"author":716,"featured_media":0,"parent":0,"menu_order":0,"comment_status":"closed","ping_status":"closed","template":"","meta":{"footnotes":""},"class_list":["post-287","page","type-page","status-publish","hentry"],"_links":{"self":[{"href":"https:\/\/wp.ufpel.edu.br\/confins\/wp-json\/wp\/v2\/pages\/287","targetHints":{"allow":["GET"]}}],"collection":[{"href":"https:\/\/wp.ufpel.edu.br\/confins\/wp-json\/wp\/v2\/pages"}],"about":[{"href":"https:\/\/wp.ufpel.edu.br\/confins\/wp-json\/wp\/v2\/types\/page"}],"author":[{"embeddable":true,"href":"https:\/\/wp.ufpel.edu.br\/confins\/wp-json\/wp\/v2\/users\/716"}],"replies":[{"embeddable":true,"href":"https:\/\/wp.ufpel.edu.br\/confins\/wp-json\/wp\/v2\/comments?post=287"}],"version-history":[{"count":3,"href":"https:\/\/wp.ufpel.edu.br\/confins\/wp-json\/wp\/v2\/pages\/287\/revisions"}],"predecessor-version":[{"id":392,"href":"https:\/\/wp.ufpel.edu.br\/confins\/wp-json\/wp\/v2\/pages\/287\/revisions\/392"}],"wp:attachment":[{"href":"https:\/\/wp.ufpel.edu.br\/confins\/wp-json\/wp\/v2\/media?parent=287"}],"curies":[{"name":"wp","href":"https:\/\/api.w.org\/{rel}","templated":true}]}}