{"id":283,"date":"2023-12-20T15:52:59","date_gmt":"2023-12-20T18:52:59","guid":{"rendered":"https:\/\/wp.ufpel.edu.br\/confins\/?page_id=283"},"modified":"2023-12-21T07:17:57","modified_gmt":"2023-12-21T10:17:57","slug":"cooperacao-internacional","status":"publish","type":"page","link":"https:\/\/wp.ufpel.edu.br\/confins\/cooperacao-internacional\/","title":{"rendered":"coopera\u00e7\u00e3o internacional"},"content":{"rendered":"<p><span style=\"color: #33cccc;\"><b>Perspectivas concretas de colabora\u00e7\u00f5es internacionais durante a execu\u00e7\u00e3o do projeto<\/b><\/span><\/p>\n<p><span style=\"font-weight: 400;\">As perspectivas concretas de colabora\u00e7\u00e3o internacional durante a execu\u00e7\u00e3o do projeto incluem bolsas, reuni\u00f5es online, participa\u00e7\u00e3o em miss\u00f5es e expertise em produtos tecnol\u00f3gicos. Al\u00e9m disso, o projeto tem como antecedente a parceria em diversos trabalhos de pesquisa anteriores com o <strong><span style=\"color: #000000;\">Instituto de Investigaciones Geogr\u00e1ficas de la Patagonia\/Universidad Nacional de la Patagonia San Juan Bosco (UNPSJB)<\/span><\/strong>. Tamb\u00e9m, contando com consultorias internacionais da <span style=\"color: #000000;\"><strong>Universit\u00e0 degli Studi Roma Tre (UNIROMA3)<\/strong> e da <strong>Heriot-Watt University (HW)<\/strong><\/span> &#8211; consultoria internacional.<\/span><br \/>\n<b style=\"font-size: 1rem;\"><\/b><\/p>\n<p><span style=\"color: #33cccc;\"><b style=\"font-size: 1rem;\">Colabora\u00e7\u00f5es ou parcerias j\u00e1 estabelecidas no \u00e2mbito internacional para o <\/b><b>desenvolvimento da proposta<\/b><\/span><\/p>\n<p><strong>Instituto de Investigaciones Geogr\u00e1ficas de la Patagonia\/Universidad Nacional de la Patagonia San Juan Bosco (UNPSJB)<\/strong><\/p>\n<p><a href=\"http:\/\/www.fhcs.unp.edu.ar\/igeopat\/\"><span style=\"font-weight: 400;\">\u00a0http:\/\/www.fhcs.unp.edu.ar\/igeopat\/<\/span><\/a><\/p>\n<p><span style=\"font-weight: 400;\">Consultoria e acompanhamento por membros do grupo das a\u00e7\u00f5es realizadas durante o processo de pesquisa. O Instituto de Investigaciones Geogr\u00e1ficas de las Patagonia Criado em 2001, atualmente com 4 sedes: Comodoro Rivadavia, Esquel, Trelew e Puerto Madryn, na Patagonia Central Argentina. Tem como objetivos: promover investiga\u00e7\u00f5es te\u00f3rico conceituais e emp\u00edricas aplicadas e que busquem maximizar os benef\u00edcios econ\u00f4micos, sociais e ambientais\u00a0 das informa\u00e7\u00f5es geogr\u00e1ficas. Contando com in\u00fameros doutores, mestres e graduados; que nos \u00faltimos anos vem produzindo uma s\u00e9rie de pesquisas, amplamente divulgadas em livros e artigos cient\u00edficos. Participam do instituto pesquisadores e bolsistas da UNPSJB &#8211; CONICET e AGENCIAr<\/span><\/p>\n<p><strong>Laboratorio Circo\/Universit\u00e0 degli Studi Roma Tre (UNIROMA3)<\/strong><\/p>\n<p><a href=\"https:\/\/laboratoriocirco.wordpress.com\/2018\/04\/07\/laboratorio\/\"><span style=\"font-weight: 400;\">https:\/\/laboratoriocirco.wordpress.com\/2018\/04\/07\/laboratorio\/<\/span><\/a><\/p>\n<p><span style=\"font-weight: 400;\">Consultoria e acompanhamento por membros do grupo das a\u00e7\u00f5es realizadas durante o processo de pesquisa. Coordenado pelo Prof. Dr. Francesco Careri, vem projetando e avaliando a cidade e suas arquiteturas em diferentes escalas e propostas desta natureza. As pesquisas do grupo buscam tr\u00eas n\u00edveis de reverbera\u00e7\u00e3o: com o departamento de arquitetura, chamado a contribuir ativamente nas transforma\u00e7\u00f5es locais; a cidade de Roma por sua localiza\u00e7\u00e3o, tamanho, fonte voca\u00e7\u00f5es, etc. vista com uma encruzilhada de culturas e; a comunidade cient\u00edfica mais aberta, buscando fazer parte da cidade.<\/span><\/p>\n<p><span style=\"color: #33cccc;\"><b style=\"font-size: 1rem;\">Envolvimento no projeto<\/b><\/span><\/p>\n<p><span style=\"font-weight: 400;\">As atividades da pesquisa ocorrer\u00e3o paralelamente nas tr\u00eas sedes de pesquisa e com intera\u00e7\u00f5es <\/span><i><span style=\"font-weight: 400;\">in loco<\/span><\/i><span style=\"font-weight: 400;\">, durante as caminhografias e no processo de cria\u00e7\u00e3o do App CaminhoVivo: <\/span><\/p>\n<p><strong style=\"font-size: 1rem;\">Universidade Federal de Pelotas (UFPel), Faculdade de Arquitetura e Urbanismo\/Programa de Pos-graduacao em Arquitetura e Urbanismo, Laborat\u00f3rio de Urbanismo<\/strong><\/p>\n<p><span style=\"font-weight: 400;\">Sede e executora principal do projeto, respons\u00e1vel pela organiza\u00e7\u00e3o geral dos dados e implementa\u00e7\u00e3o das etapas. Compet\u00eancia em caminhografias urbanas, mapeamentos e cria\u00e7\u00f5es no campo da arte.<\/span><\/p>\n<p><strong style=\"font-size: 1rem;\">Universidade Federal do Sul e do Sudeste do Par\u00e1 (UNIFESSPA), Curso de Licenciatura em Artes Visuais<\/strong><\/p>\n<p><span style=\"font-weight: 400;\">Integrante do projeto, com o intuito de ampliar os casos para outros interiores do Brasil, em especial regi\u00e3o norte, como tamb\u00e9m implementar e fomentar pesquisa e interc\u00e2mbios para essa jovem universidade brasileira com outros grupos j\u00e1 consolidados internacionalmente. <\/span><\/p>\n<p><strong style=\"font-size: 1rem;\">Universidad Nacional de la Patagonia San Juan Bosco (UNPSJB),Instituto de Investigaciones Geogr\u00e1ficas de la Patagonia Universidad Nacional de la Patagonia (IGEOPAT)<\/strong><\/p>\n<p><span style=\"font-weight: 400;\">Parceiro internacional, compet\u00eancia em cartografias sociais, estudos de desenvolvimento urbano e rural e cria\u00e7\u00e3o de Apps e novas tecnologias aplicadas a intera\u00e7\u00f5es com comunidades.\u00a0<\/span><\/p>\n<p><span style=\"color: #33cccc;\"><b style=\"font-size: 1rem;\">Relev\u00e2ncia da coopera\u00e7\u00e3o internacional proposta<\/b><\/span><\/p>\n<p><span style=\"font-weight: 400;\">O projeto pretende dar continuidade ao projeto App+SA\u00daDE: Sistema georreferenciado e comunit\u00e1rio para a gest\u00e3o, mobilidade e acessibilidade \u00e0 sa\u00fade, desenvolvido com aux\u00edlio do CNPq (Edital Ci\u00eancias Sociais, 2014) e; mais recentemente, durante a pandemia de COVID-19, o App Sa\u00fade na Vizinhan\u00e7a. Ambos os projetos foram desenvolvidos pelos grupos da UFPel (Brasil) e UNPSJB (Argentina), sempre com objetivos sociais e ambientais envolvidos em suas concep\u00e7\u00f5es.\u00a0<\/span><\/p>\n<p><span style=\"font-weight: 400;\">O App+Sa\u00fade (<\/span><a href=\"https:\/\/comunidad.socialab.com\/challenges\/empconciencia\/idea\/33558\"><span style=\"font-weight: 400;\">https:\/\/comunidad.socialab.com\/challenges\/empconciencia\/idea\/33558<\/span><\/a><span style=\"font-weight: 400;\">), tinha \u00e9 <\/span><span style=\"font-weight: 400;\">organizado em tr\u00eas componentes: o primeiro, um sistema georreferenciado de monitoramento que organiza os dados sanit\u00e1rios do lugar, facilitando consultas, preven\u00e7\u00e3o e progn\u00f3sticos de eventos; o segundo, o aplicativo para smartphone, de uso restrito aos agentes de sa\u00fade e outro aberto a comunidade, que permitir\u00e1 melhorar os dados geogr\u00e1ficos para monitoramento; e, finalmente, um dispositivo metodol\u00f3gico de transfer\u00eancia de cartografia social, incorporando elementos sociais, culturais, temporais e conjeturais no mapeamento geral. Este app, foi o antecedente principal para a cria\u00e7\u00e3o do app VisitAR, utilizada atualmente pela prov\u00edncia de Chubut <\/span><a href=\"https:\/\/www.youtube.com\/watch?v=iSTz2O5L1vo\"><span style=\"font-weight: 400;\">https:\/\/www.youtube.com\/watch?v=iSTz2O5L1vo<\/span><\/a><span style=\"font-weight: 400;\">\u00a0<\/span><\/p>\n<p><span style=\"font-weight: 400;\">O App Sa\u00fade na Vizinhan\u00e7a (<\/span><a href=\"https:\/\/wp.ufpel.edu.br\/appsaude\/\"><span style=\"font-weight: 400;\">https:\/\/wp.ufpel.edu.br\/appsaude\/<\/span><\/a><span style=\"font-weight: 400;\">), tem o intuito localizar as unidades b\u00e1sicas de sa\u00fade e trocar informa\u00e7\u00f5es sobre a pandemia de COVID-19, promovendo a integra\u00e7\u00e3o das comunidades, usu\u00e1rios e o sistema de sa\u00fade p\u00fablica.<\/span><\/p>\n<p><span style=\"font-weight: 400;\">Esses projetos v\u00eam rendendo uma s\u00e9rie de interc\u00e2mbios, como est\u00e1gios p\u00f3s-doutorais da UNPSJB no PROGRAU\/UFPel, miss\u00f5es de pesquisa em ambas as universidades e artigos, publica\u00e7\u00f5es em anais de eventos e cap\u00edtulos de livros.\u00a0<\/span><\/p>\n<p><span style=\"font-weight: 400;\">Tal coopera\u00e7\u00e3o internacional UFPel+UNPSJB+UNIFESSPA ir\u00e1 ampliar e consolidar consideravelmente a rede de pesquisadores e comunidades envolvidas.<\/span><\/p>\n","protected":false},"excerpt":{"rendered":"<p>Perspectivas concretas de colabora\u00e7\u00f5es internacionais durante a execu\u00e7\u00e3o do projeto As perspectivas concretas de colabora\u00e7\u00e3o internacional durante a execu\u00e7\u00e3o do projeto incluem bolsas, reuni\u00f5es online, participa\u00e7\u00e3o em miss\u00f5es e expertise em produtos tecnol\u00f3gicos. Al\u00e9m disso, o projeto tem como antecedente a parceria em diversos trabalhos de pesquisa anteriores com o Instituto de Investigaciones Geogr\u00e1ficas de &hellip; <\/p>\n<p class=\"link-more\"><a href=\"https:\/\/wp.ufpel.edu.br\/confins\/cooperacao-internacional\/\" class=\"more-link\">Continue lendo<span class=\"screen-reader-text\"> &#8220;coopera\u00e7\u00e3o internacional&#8221;<\/span><\/a><\/p>\n","protected":false},"author":716,"featured_media":0,"parent":0,"menu_order":0,"comment_status":"closed","ping_status":"closed","template":"","meta":{"footnotes":""},"class_list":["post-283","page","type-page","status-publish","hentry"],"_links":{"self":[{"href":"https:\/\/wp.ufpel.edu.br\/confins\/wp-json\/wp\/v2\/pages\/283","targetHints":{"allow":["GET"]}}],"collection":[{"href":"https:\/\/wp.ufpel.edu.br\/confins\/wp-json\/wp\/v2\/pages"}],"about":[{"href":"https:\/\/wp.ufpel.edu.br\/confins\/wp-json\/wp\/v2\/types\/page"}],"author":[{"embeddable":true,"href":"https:\/\/wp.ufpel.edu.br\/confins\/wp-json\/wp\/v2\/users\/716"}],"replies":[{"embeddable":true,"href":"https:\/\/wp.ufpel.edu.br\/confins\/wp-json\/wp\/v2\/comments?post=283"}],"version-history":[{"count":4,"href":"https:\/\/wp.ufpel.edu.br\/confins\/wp-json\/wp\/v2\/pages\/283\/revisions"}],"predecessor-version":[{"id":317,"href":"https:\/\/wp.ufpel.edu.br\/confins\/wp-json\/wp\/v2\/pages\/283\/revisions\/317"}],"wp:attachment":[{"href":"https:\/\/wp.ufpel.edu.br\/confins\/wp-json\/wp\/v2\/media?parent=283"}],"curies":[{"name":"wp","href":"https:\/\/api.w.org\/{rel}","templated":true}]}}