{"id":273,"date":"2023-12-20T15:50:48","date_gmt":"2023-12-20T18:50:48","guid":{"rendered":"https:\/\/wp.ufpel.edu.br\/confins\/?page_id=273"},"modified":"2023-12-20T15:56:29","modified_gmt":"2023-12-20T18:56:29","slug":"objetivos-e-metologia","status":"publish","type":"page","link":"https:\/\/wp.ufpel.edu.br\/confins\/objetivos-e-metologia\/","title":{"rendered":"objetivos"},"content":{"rendered":"<p><b>Objetivo Geral<\/b><br \/>\n<b><\/b><\/p>\n<p><span style=\"color: #33cccc;\"><b>Criar <\/b><\/span><span style=\"font-weight: 400;\">pistas de pol\u00edticas p\u00fablicas para e com povos e comunidades tradicionais que habitam as cidades do interior da Am\u00e9rica do Sul, nas margens das \u00e1guas, a partir das rela\u00e7\u00f5es culturais, econ\u00f4micas e produtivas dessas comunidades com o R\u00edo (Marab\u00e1), a Lagoa (Pelotas) e o Mar (Comodoro Rivadavia), a fim de promover essa discuss\u00e3o ampliada para casos do Brasil e Argentina, com o desenvolvimento do App CaminhoVivo.<\/span><\/p>\n<p><b>Objetivos Espec\u00edficos<\/b><\/p>\n<p><span style=\"color: #33cccc;\"><b>Experimentar <\/b><\/span><span style=\"font-weight: 400;\">a caminhografia urbana como m\u00e9todo de registro, jogo e cria\u00e7\u00e3o com\/nas cidades.<\/span><\/p>\n<p><span style=\"color: #33cccc;\"><b>Mapear<\/b><\/span><span style=\"font-weight: 400;\"> as comunidades tradicionais que vivem em \u00e1reas urbanas, nas margens das \u00e1guas, nas cidades de Marab\u00e1\/BR, Pelotas\/BR e Comodoro Rivadavia\/AR.<\/span><\/p>\n<p><span style=\"color: #33cccc;\"><b>Realizar<\/b><\/span><span style=\"font-weight: 400;\"> atividades de integra\u00e7\u00e3o e troca entre diferentes regi\u00f5es e interiores do Brasil\/Argentina, em espec\u00edfico comunidades tradicionais que habitam as margens das \u00e1guas em Marab\u00e1\/BR, Pelotas\/BR e Comodoro Rivadavia\/AR.<\/span><\/p>\n<p><span style=\"color: #33cccc;\"><b>Criar<\/b><\/span><span style=\"font-weight: 400;\"> o App CaminhoVivo para uso em comunidades perif\u00e9ricas e tradicionais, com abordagem colaborativa, a fim de respeitar e valorizar o conhecimento local e envolvendo ativamente os membros da comunidade em todas as fases do desenvolvimento e implementa\u00e7\u00e3o do aplicativo.<\/span><\/p>\n<p><span style=\"color: #33cccc;\"><b>Estimular<\/b><\/span><span style=\"font-weight: 400;\"> a rede de estudos entre universidades e institui\u00e7\u00f5es, desde a\u00e7\u00f5es conjuntas de pesquisa, ensino e extens\u00e3o.<\/span><\/p>\n<p><span style=\"color: #33cccc;\"><b>Divulgar e interagir<\/b><\/span><span style=\"font-weight: 400;\"> entre as\u00a0 comunidades brasileiras\/argentinas e agentes e funcion\u00e1rios p\u00fablicos locais; e colabora\u00e7\u00e3o com os outros pesquisadores aprovados no \u00e2mbito desta Chamada.\u00a0\u00a0<\/span><\/p>\n<p><span style=\"color: #33cccc;\"><b>Promover<\/b><\/span><span style=\"font-weight: 400;\"> mostras, workshops organizados em conjunto com os governos locais, exposi\u00e7\u00f5es, di\u00e1logos com estudantes, pesquisadores e comunidades sobre os resultados das caminhografias.<\/span><\/p>\n","protected":false},"excerpt":{"rendered":"<p>Objetivo Geral Criar pistas de pol\u00edticas p\u00fablicas para e com povos e comunidades tradicionais que habitam as cidades do interior da Am\u00e9rica do Sul, nas margens das \u00e1guas, a partir das rela\u00e7\u00f5es culturais, econ\u00f4micas e produtivas dessas comunidades com o R\u00edo (Marab\u00e1), a Lagoa (Pelotas) e o Mar (Comodoro Rivadavia), a fim de promover essa &hellip; <\/p>\n<p class=\"link-more\"><a href=\"https:\/\/wp.ufpel.edu.br\/confins\/objetivos-e-metologia\/\" class=\"more-link\">Continue lendo<span class=\"screen-reader-text\"> &#8220;objetivos&#8221;<\/span><\/a><\/p>\n","protected":false},"author":716,"featured_media":0,"parent":0,"menu_order":0,"comment_status":"closed","ping_status":"closed","template":"","meta":{"footnotes":""},"class_list":["post-273","page","type-page","status-publish","hentry"],"_links":{"self":[{"href":"https:\/\/wp.ufpel.edu.br\/confins\/wp-json\/wp\/v2\/pages\/273","targetHints":{"allow":["GET"]}}],"collection":[{"href":"https:\/\/wp.ufpel.edu.br\/confins\/wp-json\/wp\/v2\/pages"}],"about":[{"href":"https:\/\/wp.ufpel.edu.br\/confins\/wp-json\/wp\/v2\/types\/page"}],"author":[{"embeddable":true,"href":"https:\/\/wp.ufpel.edu.br\/confins\/wp-json\/wp\/v2\/users\/716"}],"replies":[{"embeddable":true,"href":"https:\/\/wp.ufpel.edu.br\/confins\/wp-json\/wp\/v2\/comments?post=273"}],"version-history":[{"count":5,"href":"https:\/\/wp.ufpel.edu.br\/confins\/wp-json\/wp\/v2\/pages\/273\/revisions"}],"predecessor-version":[{"id":295,"href":"https:\/\/wp.ufpel.edu.br\/confins\/wp-json\/wp\/v2\/pages\/273\/revisions\/295"}],"wp:attachment":[{"href":"https:\/\/wp.ufpel.edu.br\/confins\/wp-json\/wp\/v2\/media?parent=273"}],"curies":[{"name":"wp","href":"https:\/\/api.w.org\/{rel}","templated":true}]}}