{"id":272,"date":"2023-12-20T15:50:48","date_gmt":"2023-12-20T18:50:48","guid":{"rendered":"https:\/\/wp.ufpel.edu.br\/confins\/?page_id=272"},"modified":"2023-12-22T08:44:57","modified_gmt":"2023-12-22T11:44:57","slug":"plano-de-divulgacao","status":"publish","type":"page","link":"https:\/\/wp.ufpel.edu.br\/confins\/plano-de-divulgacao\/","title":{"rendered":"plano de divulga\u00e7\u00e3o"},"content":{"rendered":"<p><span style=\"color: #33cccc;\"><b>Para p\u00fablico em geral<\/b><\/span><\/p>\n<p><strong>1o. ano\u00a0<\/strong><\/p>\n<p><span style=\"font-weight: 400;\">Website da pesquisa com as informa\u00e7\u00f5es de todo o processo e a\u00e7\u00f5es (em plataforma WordPress institucional da UFPel).<\/span><\/p>\n<p><span style=\"font-weight: 400;\">Perfil Instagram.<\/span><\/p>\n<p><strong>2o. ano e 3o. ano<\/strong><\/p>\n<p><span style=\"font-weight: 400;\">1 exposi\u00e7\u00e3o em meio digital e em espa\u00e7o cultural pr\u00f3ximo \u00e0s comunidades.<\/span><\/p>\n<p><span style=\"font-weight: 400;\">1 livro (e-book) com o processo metodol\u00f3gico e principais resultados da pesquisa.<\/span><\/p>\n<p><span style=\"color: #33cccc;\"><b>Para as comunidades tradicionais e agentes p\u00fablicos<\/b><\/span><\/p>\n<p><strong>1o. ano<\/strong><\/p>\n<p><span style=\"font-weight: 400;\">Website da pesquisa com as informa\u00e7\u00f5es de todo o processo e a\u00e7\u00f5es (em plataforma WordPress institucional da UFPel).<\/span><\/p>\n<p><span style=\"font-weight: 400;\">Perfil Instagram.<\/span><\/p>\n<p><span style=\"font-weight: 400;\">Semin\u00e1rio I: EXPERIMENTAR.<\/span><\/p>\n<p><strong>2o. ano e 3o. ano<\/strong><\/p>\n<p><span style=\"font-weight: 400;\">Produ\u00e7\u00e3o de material did\u00e1tico impresso e digital espec\u00edfico.<\/span><\/p>\n<p><span style=\"font-weight: 400;\">1 exposi\u00e7\u00e3o itinerante em meio f\u00edsico, pelas comunidades envolvidas e agentes p\u00fablicos.<\/span><\/p>\n<p><span style=\"font-weight: 400;\">Semin\u00e1rio II: CRIAR.<\/span><\/p>\n<p><span style=\"font-weight: 400;\">Disponibiliza\u00e7\u00e3o gratuita do App CaminhoVivo.<\/span><\/p>\n<p><span style=\"color: #33cccc;\"><b>Para os pesquisadores e acad\u00eamicos<\/b><\/span><\/p>\n<p><strong>1o. ano<\/strong><\/p>\n<p><span style=\"font-weight: 400;\">Participa\u00e7\u00e3o em 2 eventos internacionais e 1 evento internacional, da \u00e1rea de Arquitetura e Urbanismo e\/ou \u00e1reas correlatas.<\/span><\/p>\n<p><span style=\"font-weight: 400;\">Publica\u00e7\u00e3o de 2 artigos em peri\u00f3dicos classificados na plataforma qualis CAPES, sobre referencial te\u00f3rico e\/ou metodol\u00f3gico desenvolvido.<\/span><\/p>\n<p><strong>2o. ano e 3o. ano<\/strong><\/p>\n<p><span style=\"font-weight: 400;\">Participa\u00e7\u00e3o em 2 eventos internacionais e 1 evento internacional, da \u00e1rea de Arquitetura e Urbanismo e\/ou \u00e1reas correlatas.<\/span><\/p>\n<p><span style=\"font-weight: 400;\">Publica\u00e7\u00e3o de 2 artigos em peri\u00f3dicos classificados na plataforma qualis CAPES, sobre os resultados finais da pesquisa.<\/span><\/p>\n<p><span style=\"font-weight: 400;\">Disponibiliza\u00e7\u00e3o gratuita do App CaminhoVivo.<\/span><\/p>\n","protected":false},"excerpt":{"rendered":"<p>Para p\u00fablico em geral 1o. ano\u00a0 Website da pesquisa com as informa\u00e7\u00f5es de todo o processo e a\u00e7\u00f5es (em plataforma WordPress institucional da UFPel). Perfil Instagram. 2o. ano e 3o. ano 1 exposi\u00e7\u00e3o em meio digital e em espa\u00e7o cultural pr\u00f3ximo \u00e0s comunidades. 1 livro (e-book) com o processo metodol\u00f3gico e principais resultados da pesquisa. &hellip; <\/p>\n<p class=\"link-more\"><a href=\"https:\/\/wp.ufpel.edu.br\/confins\/plano-de-divulgacao\/\" class=\"more-link\">Continue lendo<span class=\"screen-reader-text\"> &#8220;plano de divulga\u00e7\u00e3o&#8221;<\/span><\/a><\/p>\n","protected":false},"author":716,"featured_media":0,"parent":0,"menu_order":0,"comment_status":"closed","ping_status":"closed","template":"","meta":{"footnotes":""},"class_list":["post-272","page","type-page","status-publish","hentry"],"_links":{"self":[{"href":"https:\/\/wp.ufpel.edu.br\/confins\/wp-json\/wp\/v2\/pages\/272","targetHints":{"allow":["GET"]}}],"collection":[{"href":"https:\/\/wp.ufpel.edu.br\/confins\/wp-json\/wp\/v2\/pages"}],"about":[{"href":"https:\/\/wp.ufpel.edu.br\/confins\/wp-json\/wp\/v2\/types\/page"}],"author":[{"embeddable":true,"href":"https:\/\/wp.ufpel.edu.br\/confins\/wp-json\/wp\/v2\/users\/716"}],"replies":[{"embeddable":true,"href":"https:\/\/wp.ufpel.edu.br\/confins\/wp-json\/wp\/v2\/comments?post=272"}],"version-history":[{"count":4,"href":"https:\/\/wp.ufpel.edu.br\/confins\/wp-json\/wp\/v2\/pages\/272\/revisions"}],"predecessor-version":[{"id":393,"href":"https:\/\/wp.ufpel.edu.br\/confins\/wp-json\/wp\/v2\/pages\/272\/revisions\/393"}],"wp:attachment":[{"href":"https:\/\/wp.ufpel.edu.br\/confins\/wp-json\/wp\/v2\/media?parent=272"}],"curies":[{"name":"wp","href":"https:\/\/api.w.org\/{rel}","templated":true}]}}