{"id":240,"date":"2023-12-20T15:21:54","date_gmt":"2023-12-20T18:21:54","guid":{"rendered":"https:\/\/wp.ufpel.edu.br\/confins\/?page_id=240"},"modified":"2023-12-20T15:27:35","modified_gmt":"2023-12-20T18:27:35","slug":"logo-do-projeto","status":"publish","type":"page","link":"https:\/\/wp.ufpel.edu.br\/confins\/logo-do-projeto\/","title":{"rendered":"logo do projeto"},"content":{"rendered":"<p><a href=\"https:\/\/drive.google.com\/drive\/folders\/1agyFMTG32xthcX_q1VgkgiUl4KFy-hXm?usp=sharing\"><img loading=\"lazy\" decoding=\"async\" class=\"alignnone wp-image-160 size-thumbnail\" src=\"https:\/\/wp.ufpel.edu.br\/confins\/files\/2023\/12\/cropped-cropped-Maraba\u0301BR-PelotasBRComodoro-RivadaviaAR-1-200x200.jpg\" alt=\"\" width=\"200\" height=\"200\" srcset=\"https:\/\/wp.ufpel.edu.br\/confins\/files\/2023\/12\/cropped-cropped-Maraba\u0301BR-PelotasBRComodoro-RivadaviaAR-1-200x200.jpg 200w, https:\/\/wp.ufpel.edu.br\/confins\/files\/2023\/12\/cropped-cropped-Maraba\u0301BR-PelotasBRComodoro-RivadaviaAR-1-100x100.jpg 100w, https:\/\/wp.ufpel.edu.br\/confins\/files\/2023\/12\/cropped-cropped-Maraba\u0301BR-PelotasBRComodoro-RivadaviaAR-1.jpg 250w\" sizes=\"auto, (max-width: 200px) 100vw, 200px\" \/><\/a><\/p>\n<p>O logo do projeto foi desenvolvido pela Bolsista de Inicia\u00e7\u00e3o Cient\u00edfica:<br \/>\nAlissa Xavier Alves<\/p>\n<p><strong>Logo do projeto dispon\u00edvel em: <span style=\"color: #33cccc;\"><a style=\"color: #33cccc;\" href=\"https:\/\/drive.google.com\/drive\/folders\/1agyFMTG32xthcX_q1VgkgiUl4KFy-hXm?usp=sharing\">https:\/\/drive.google.com\/drive\/folders\/1agyFMTG32xthcX_q1VgkgiUl4KFy-hXm?usp=sharing<\/a><\/span><\/strong><\/p>\n","protected":false},"excerpt":{"rendered":"<p>O logo do projeto foi desenvolvido pela Bolsista de Inicia\u00e7\u00e3o Cient\u00edfica: Alissa Xavier Alves Logo do projeto dispon\u00edvel em: https:\/\/drive.google.com\/drive\/folders\/1agyFMTG32xthcX_q1VgkgiUl4KFy-hXm?usp=sharing<\/p>\n","protected":false},"author":716,"featured_media":0,"parent":0,"menu_order":0,"comment_status":"closed","ping_status":"closed","template":"","meta":{"footnotes":""},"class_list":["post-240","page","type-page","status-publish","hentry"],"_links":{"self":[{"href":"https:\/\/wp.ufpel.edu.br\/confins\/wp-json\/wp\/v2\/pages\/240","targetHints":{"allow":["GET"]}}],"collection":[{"href":"https:\/\/wp.ufpel.edu.br\/confins\/wp-json\/wp\/v2\/pages"}],"about":[{"href":"https:\/\/wp.ufpel.edu.br\/confins\/wp-json\/wp\/v2\/types\/page"}],"author":[{"embeddable":true,"href":"https:\/\/wp.ufpel.edu.br\/confins\/wp-json\/wp\/v2\/users\/716"}],"replies":[{"embeddable":true,"href":"https:\/\/wp.ufpel.edu.br\/confins\/wp-json\/wp\/v2\/comments?post=240"}],"version-history":[{"count":8,"href":"https:\/\/wp.ufpel.edu.br\/confins\/wp-json\/wp\/v2\/pages\/240\/revisions"}],"predecessor-version":[{"id":250,"href":"https:\/\/wp.ufpel.edu.br\/confins\/wp-json\/wp\/v2\/pages\/240\/revisions\/250"}],"wp:attachment":[{"href":"https:\/\/wp.ufpel.edu.br\/confins\/wp-json\/wp\/v2\/media?parent=240"}],"curies":[{"name":"wp","href":"https:\/\/api.w.org\/{rel}","templated":true}]}}