{"id":17,"date":"2023-12-05T10:10:29","date_gmt":"2023-12-05T13:10:29","guid":{"rendered":"https:\/\/wp.ufpel.edu.br\/confins\/?page_id=17"},"modified":"2023-12-21T08:00:50","modified_gmt":"2023-12-21T11:00:50","slug":"produzir","status":"publish","type":"page","link":"https:\/\/wp.ufpel.edu.br\/confins\/produzir\/","title":{"rendered":"produzir (2026)"},"content":{"rendered":"<p><strong>Metas e indicadores<\/strong><\/p>\n<ol>\n<li style=\"list-style-type: none;\">\n<ol>\n<li style=\"font-weight: 400;\" aria-level=\"1\"><span style=\"font-weight: 400;\">SEMIN\u00c1RIO II entre grupos de pesquisa (Pelotas, Marab\u00e1 e Comodoro Rivadavia,\u00a0 com convidados internacionais), apresenta\u00e7\u00e3o de resultados (<\/span><i><span style=\"font-weight: 400;\">online<\/span><\/i><span style=\"font-weight: 400;\">). Indicador 1: grava\u00e7\u00e3o e transcri\u00e7\u00e3o das reuni\u00f5es; relat\u00f3rio do 2o. ano de pesquisa.<\/span><\/li>\n<li style=\"font-weight: 400;\" aria-level=\"1\"><span style=\"font-weight: 400;\">Disponibiliza\u00e7\u00e3o gratuita do App CaminhoVivo em lojas de aplicativos. ndicador 2: disponibiliza\u00e7\u00e3o do App CaminhoVivo gratuitamente nas vers\u00f5es IOS e Android.<\/span><\/li>\n<li style=\"font-weight: 400;\" aria-level=\"1\"><span style=\"font-weight: 400;\">Organiza\u00e7\u00e3o e montagem de exposi\u00e7\u00e3o itinerante (Pelotas, Marab\u00e1 e Comodoro Rivadavia).\u00a0 Indicador 3: impress\u00e3o e organiza\u00e7\u00e3o do material da exposi\u00e7\u00e3o.\u00a0\u00a0<\/span><\/li>\n<li style=\"font-weight: 400;\" aria-level=\"1\"><span style=\"font-weight: 400;\">Exposi\u00e7\u00e3o virtual no perfil do Instagram. Indicador 4: cria\u00e7\u00e3o sequ\u00eancia de imagens para a exposi\u00e7\u00e3o virtual.\u00a0\u00a0<\/span><\/li>\n<li style=\"font-weight: 400;\" aria-level=\"1\"><span style=\"font-weight: 400;\">Organiza\u00e7\u00e3o e publica\u00e7\u00e3o de material did\u00e1tico para distribui\u00e7\u00e3o nas comunidades tradicionais e agentes de poder de pol\u00edticas p\u00fablicas urbanas e culturais. Indicador 5: material impresso em papel.\u00a0<\/span><\/li>\n<li style=\"font-weight: 400;\" aria-level=\"1\"><span style=\"font-weight: 400;\">Organiza\u00e7\u00e3o e publica\u00e7\u00e3o de livro (e-book) e artigos em peri\u00f3dicos. Indicador 6: editora\u00e7\u00e3o de livro de 200 p\u00e1ginas sobre o processo da pesquisa e envio de artigos para peri\u00f3dicos com classifica\u00e7\u00e3o QUALIS\/CAPES.\u00a0<\/span><\/li>\n<li style=\"font-weight: 400;\" aria-level=\"1\"><span style=\"font-weight: 400;\">Reuni\u00e3o final de avalia\u00e7\u00e3o e encaminhamento do projeto (online). Indicador 7: grava\u00e7\u00e3o e transcri\u00e7\u00e3o da reuni\u00e3o final da pesquisa; relat\u00f3rio final da pesquisa.<\/span><\/li>\n<\/ol>\n<\/li>\n<\/ol>\n","protected":false},"excerpt":{"rendered":"<p>Metas e indicadores SEMIN\u00c1RIO II entre grupos de pesquisa (Pelotas, Marab\u00e1 e Comodoro Rivadavia,\u00a0 com convidados internacionais), apresenta\u00e7\u00e3o de resultados (online). Indicador 1: grava\u00e7\u00e3o e transcri\u00e7\u00e3o das reuni\u00f5es; relat\u00f3rio do 2o. ano de pesquisa. Disponibiliza\u00e7\u00e3o gratuita do App CaminhoVivo em lojas de aplicativos. ndicador 2: disponibiliza\u00e7\u00e3o do App CaminhoVivo gratuitamente nas vers\u00f5es IOS e Android. &hellip; <\/p>\n<p class=\"link-more\"><a href=\"https:\/\/wp.ufpel.edu.br\/confins\/produzir\/\" class=\"more-link\">Continue lendo<span class=\"screen-reader-text\"> &#8220;produzir (2026)&#8221;<\/span><\/a><\/p>\n","protected":false},"author":716,"featured_media":0,"parent":0,"menu_order":0,"comment_status":"closed","ping_status":"closed","template":"","meta":{"footnotes":""},"class_list":["post-17","page","type-page","status-publish","hentry"],"_links":{"self":[{"href":"https:\/\/wp.ufpel.edu.br\/confins\/wp-json\/wp\/v2\/pages\/17","targetHints":{"allow":["GET"]}}],"collection":[{"href":"https:\/\/wp.ufpel.edu.br\/confins\/wp-json\/wp\/v2\/pages"}],"about":[{"href":"https:\/\/wp.ufpel.edu.br\/confins\/wp-json\/wp\/v2\/types\/page"}],"author":[{"embeddable":true,"href":"https:\/\/wp.ufpel.edu.br\/confins\/wp-json\/wp\/v2\/users\/716"}],"replies":[{"embeddable":true,"href":"https:\/\/wp.ufpel.edu.br\/confins\/wp-json\/wp\/v2\/comments?post=17"}],"version-history":[{"count":12,"href":"https:\/\/wp.ufpel.edu.br\/confins\/wp-json\/wp\/v2\/pages\/17\/revisions"}],"predecessor-version":[{"id":346,"href":"https:\/\/wp.ufpel.edu.br\/confins\/wp-json\/wp\/v2\/pages\/17\/revisions\/346"}],"wp:attachment":[{"href":"https:\/\/wp.ufpel.edu.br\/confins\/wp-json\/wp\/v2\/media?parent=17"}],"curies":[{"name":"wp","href":"https:\/\/api.w.org\/{rel}","templated":true}]}}