{"id":15,"date":"2023-12-05T10:10:29","date_gmt":"2023-12-05T13:10:29","guid":{"rendered":"https:\/\/wp.ufpel.edu.br\/confins\/?page_id=15"},"modified":"2024-04-23T07:20:33","modified_gmt":"2024-04-23T10:20:33","slug":"encontrar","status":"publish","type":"page","link":"https:\/\/wp.ufpel.edu.br\/confins\/encontrar\/","title":{"rendered":"encontrar (2024)"},"content":{"rendered":"<p><strong>Metas e indicadores<\/strong><\/p>\n<ol>\n<li style=\"list-style-type: none;\">\n<ol>\n<li><span style=\"font-weight: 400;\">Revis\u00e3o bibliogr\u00e1fica e de experi\u00eancias. Indicador 1: fichas de revis\u00e3o das refer\u00eancias organizadas em arquivos.<\/span><\/li>\n<li><strong><span style=\"color: #33cccc;\">Cria\u00e7\u00e3o e manuten\u00e7\u00e3o de <i>website<\/i> da pesquisa para registro de todo o processo da pesquisa. Indicador 2: website na WordPress da UFPel.<\/span><\/strong><\/li>\n<li><span style=\"font-weight: 400;\">Desenho e prot\u00f3tipo do App CaminhoVivo. Indicador 3: desenvolvimento do App CaminhoVivo.<\/span><\/li>\n<li><strong><span style=\"color: #33cccc;\">Cria\u00e7\u00e3o e manuten\u00e7\u00e3o de perfil do projeto no Instagram para exposi\u00e7\u00e3o dos procedimentos e resultados. Indicador 4: conta no Instagram.<\/span><\/strong><\/li>\n<li><span style=\"font-weight: 400;\">Levantamentos e mapeamentos preliminares. Indicador 5: cria\u00e7\u00e3o de mapas e tabelas de levantamento.<\/span><\/li>\n<li><span style=\"font-weight: 400;\">Levantamento com gestores p\u00fablicos (legislativo, executivo, conselhos, etc.) sobre pol\u00edticas p\u00fablicas existentes que envolvem as margens estudadas. Indicador 6: entrevistas, gravadas e transcritas.\u00a0<\/span><\/li>\n<li><span style=\"font-weight: 400;\">Encontros com lideran\u00e7as das comunidades. Indicador 7: reuni\u00f5es realizadas e relat\u00f3rios escritos.\u00a0<\/span><\/li>\n<li><span style=\"color: #33cccc;\"><strong>Miss\u00e3o 1: Caminhografia preliminar em Pelotas, com teste do App CaminhoVivo. Indicador 8: registro de no m\u00ednimo 2 caminhadas nas margens de Pelotas (fotografias, v\u00eddeos e transcri\u00e7\u00f5es), no App CaminhoVivo.<\/strong><\/span><\/li>\n<li><strong><span style=\"color: #33cccc;\">Miss\u00e3o 2: Caminhografia preliminar em Marab\u00e1, com teste do App CaminhoVivo. Indicador 9: registro de no m\u00ednimo 2 caminhadas nas margens de Marab\u00e1 (fotografias, v\u00eddeos e transcri\u00e7\u00f5es), no App CaminhoVivo.<\/span><\/strong><\/li>\n<li><span style=\"font-weight: 400;\">Miss\u00e3o 3: Caminhografia preliminar em Comodoro Rivadavia (com a participa\u00e7\u00e3o de bolsistas SWE e PDE), com teste do App CaminhoVivo. Indicador 10: registro de no m\u00ednimo 2 caminhadas nas margens de Comodoro Rivadavia (fotografias, v\u00eddeos e transcri\u00e7\u00f5es), no App CaminhoVivo.<\/span><\/li>\n<li><span style=\"font-weight: 400;\">SEMIN\u00c1RIO I entre grupos de pesquisa (Pelotas, Marab\u00e1 e Comodoro Rivadavia, com convidados internacionais), sobre resultados do 1o. ano: ENCONTRAR e planejamento do 2o. ano: CRIAR, (<\/span><i><span style=\"font-weight: 400;\">online<\/span><\/i><span style=\"font-weight: 400;\">), com avalia\u00e7\u00e3o do App CaminhoVivo. Indicador 11: grava\u00e7\u00e3o e transcri\u00e7\u00e3o das reuni\u00f5es; relat\u00f3rio do 1o. ano de pesquisa.<\/span><\/li>\n<\/ol>\n<\/li>\n<\/ol>\n","protected":false},"excerpt":{"rendered":"<p>Metas e indicadores Revis\u00e3o bibliogr\u00e1fica e de experi\u00eancias. Indicador 1: fichas de revis\u00e3o das refer\u00eancias organizadas em arquivos. Cria\u00e7\u00e3o e manuten\u00e7\u00e3o de website da pesquisa para registro de todo o processo da pesquisa. Indicador 2: website na WordPress da UFPel. Desenho e prot\u00f3tipo do App CaminhoVivo. Indicador 3: desenvolvimento do App CaminhoVivo. Cria\u00e7\u00e3o e manuten\u00e7\u00e3o &hellip; <\/p>\n<p class=\"link-more\"><a href=\"https:\/\/wp.ufpel.edu.br\/confins\/encontrar\/\" class=\"more-link\">Continue lendo<span class=\"screen-reader-text\"> &#8220;encontrar (2024)&#8221;<\/span><\/a><\/p>\n","protected":false},"author":716,"featured_media":0,"parent":0,"menu_order":0,"comment_status":"closed","ping_status":"closed","template":"","meta":{"footnotes":""},"class_list":["post-15","page","type-page","status-publish","hentry"],"_links":{"self":[{"href":"https:\/\/wp.ufpel.edu.br\/confins\/wp-json\/wp\/v2\/pages\/15","targetHints":{"allow":["GET"]}}],"collection":[{"href":"https:\/\/wp.ufpel.edu.br\/confins\/wp-json\/wp\/v2\/pages"}],"about":[{"href":"https:\/\/wp.ufpel.edu.br\/confins\/wp-json\/wp\/v2\/types\/page"}],"author":[{"embeddable":true,"href":"https:\/\/wp.ufpel.edu.br\/confins\/wp-json\/wp\/v2\/users\/716"}],"replies":[{"embeddable":true,"href":"https:\/\/wp.ufpel.edu.br\/confins\/wp-json\/wp\/v2\/comments?post=15"}],"version-history":[{"count":8,"href":"https:\/\/wp.ufpel.edu.br\/confins\/wp-json\/wp\/v2\/pages\/15\/revisions"}],"predecessor-version":[{"id":493,"href":"https:\/\/wp.ufpel.edu.br\/confins\/wp-json\/wp\/v2\/pages\/15\/revisions\/493"}],"wp:attachment":[{"href":"https:\/\/wp.ufpel.edu.br\/confins\/wp-json\/wp\/v2\/media?parent=15"}],"curies":[{"name":"wp","href":"https:\/\/api.w.org\/{rel}","templated":true}]}}