{"id":136,"date":"2023-12-20T10:29:35","date_gmt":"2023-12-20T13:29:35","guid":{"rendered":"https:\/\/wp.ufpel.edu.br\/confins\/?page_id=136"},"modified":"2024-02-13T09:40:56","modified_gmt":"2024-02-13T12:40:56","slug":"a-equipe","status":"publish","type":"page","link":"https:\/\/wp.ufpel.edu.br\/confins\/a-equipe\/","title":{"rendered":"a equipe"},"content":{"rendered":"<p><a href=\"https:\/\/lattes.cnpq.br\/6927803856702261\" target=\"_blank\" rel=\"noopener\"><img loading=\"lazy\" decoding=\"async\" class=\"alignnone wp-image-214\" src=\"https:\/\/wp.ufpel.edu.br\/confins\/files\/2023\/12\/17-200x200.jpg\" alt=\"\" width=\"150\" height=\"150\" srcset=\"https:\/\/wp.ufpel.edu.br\/confins\/files\/2023\/12\/17-200x200.jpg 200w, https:\/\/wp.ufpel.edu.br\/confins\/files\/2023\/12\/17-100x100.jpg 100w, https:\/\/wp.ufpel.edu.br\/confins\/files\/2023\/12\/17.jpg 250w\" sizes=\"auto, (max-width: 150px) 100vw, 150px\" \/><\/a><\/p>\n<p><a href=\"https:\/\/lattes.cnpq.br\/6927803856702261\" target=\"_blank\" rel=\"noopener\"><span style=\"color: #33cccc;\"><strong>Eduardo Rocha<\/strong><\/span><\/a><br \/>\nCoordenador Geral<br \/>\n<span style=\"font-weight: 400;\">(Doutor em Arquitetura-UFPel)<\/span><\/p>\n<p><a href=\"http:\/\/lattes.cnpq.br\/4375817269121969\" target=\"_blank\" rel=\"noopener\"><img loading=\"lazy\" decoding=\"async\" class=\"alignnone wp-image-217\" src=\"https:\/\/wp.ufpel.edu.br\/confins\/files\/2023\/12\/20-200x200.jpg\" alt=\"\" width=\"150\" height=\"150\" srcset=\"https:\/\/wp.ufpel.edu.br\/confins\/files\/2023\/12\/20-200x200.jpg 200w, https:\/\/wp.ufpel.edu.br\/confins\/files\/2023\/12\/20-100x100.jpg 100w, https:\/\/wp.ufpel.edu.br\/confins\/files\/2023\/12\/20.jpg 250w\" sizes=\"auto, (max-width: 150px) 100vw, 150px\" \/><\/a><\/p>\n<p><a href=\"http:\/\/lattes.cnpq.br\/4375817269121969\" target=\"_blank\" rel=\"noopener\"><span style=\"color: #33cccc;\"><strong>Eduarda Gon\u00e7alves<\/strong><\/span><\/a><br \/>\nCoordenadora Pelotas (BR)<br \/>\n<span style=\"font-weight: 400;\">(Doutora em Artes &#8211; UFPel)<\/span><\/p>\n<p><a href=\"http:\/\/lattes.cnpq.br\/9139447923408621\" target=\"_blank\" rel=\"noopener\"><img loading=\"lazy\" decoding=\"async\" class=\"alignnone wp-image-215\" src=\"https:\/\/wp.ufpel.edu.br\/confins\/files\/2023\/12\/18-200x200.jpg\" alt=\"\" width=\"150\" height=\"150\" srcset=\"https:\/\/wp.ufpel.edu.br\/confins\/files\/2023\/12\/18-200x200.jpg 200w, https:\/\/wp.ufpel.edu.br\/confins\/files\/2023\/12\/18-100x100.jpg 100w, https:\/\/wp.ufpel.edu.br\/confins\/files\/2023\/12\/18.jpg 250w\" sizes=\"auto, (max-width: 150px) 100vw, 150px\" \/><\/a><\/p>\n<p><a href=\"http:\/\/lattes.cnpq.br\/9139447923408621\" target=\"_blank\" rel=\"noopener\"><span style=\"color: #33cccc;\"><strong>Silvia Helena dos Santos Cardoso<\/strong><\/span><\/a><br \/>\nCoordenadora Marab\u00e1 (BR)<br \/>\n<span style=\"font-weight: 400;\">(Doutora em Artes-UNIFESSPA)<\/span><\/p>\n<p><a href=\"https:\/\/www.conicet.gov.ar\/new_scp\/detalle.php?keywords=&amp;id=33702&amp;datos_academicos=yes\"><img loading=\"lazy\" decoding=\"async\" class=\"alignnone wp-image-216\" src=\"https:\/\/wp.ufpel.edu.br\/confins\/files\/2023\/12\/19-200x200.jpg\" alt=\"\" width=\"150\" height=\"150\" data-wp-editing=\"1\" srcset=\"https:\/\/wp.ufpel.edu.br\/confins\/files\/2023\/12\/19-200x200.jpg 200w, https:\/\/wp.ufpel.edu.br\/confins\/files\/2023\/12\/19-100x100.jpg 100w, https:\/\/wp.ufpel.edu.br\/confins\/files\/2023\/12\/19.jpg 250w\" sizes=\"auto, (max-width: 150px) 100vw, 150px\" \/><\/a><\/p>\n<p><a href=\"https:\/\/www.conicet.gov.ar\/new_scp\/detalle.php?keywords=&amp;id=33702&amp;datos_academicos=yes\" target=\"_blank\" rel=\"noopener\"><span style=\"color: #33cccc;\"><strong>Juan Manuel Diez Tetamanti<\/strong><\/span><\/a><br \/>\nCoordenador Comodoro Rivadavia (AR)<br \/>\n<span style=\"font-weight: 400;\">(Doutor em Geografia-UNPSJB-Argentina)<\/span><\/p>\n<p><span style=\"color: #33cccc;\"><b>Abra\u00e3o Levi dos Santos Mascarenhas<\/b><span style=\"font-weight: 400;\">\u00a0<\/span><\/span><br \/>\n<span style=\"font-weight: 400;\">(Doutor em Geografia-UNIFESSPA)<\/span><\/p>\n<p><span style=\"color: #33cccc;\"><b>Adriana Portella<\/b><\/span><br \/>\n<span style=\"font-weight: 400;\">(Doutora em Desenho Urbano &#8211; Heriot-Watt-UK)<\/span><\/p>\n<p><span style=\"color: #33cccc;\"><b>Adriane Vieira Ferrarini<\/b><\/span><br \/>\n<span style=\"font-weight: 400;\">(Doutora em Sociologia &#8211; UFPel)<\/span><\/p>\n<p><span style=\"color: #33cccc;\"><b>Adriene Coelho Ferreira Jerozolimski<\/b><\/span><br \/>\n<span style=\"font-weight: 400;\">(Doutoranda em Educa\u00e7\u00e3o &#8211; UFPel)<\/span><\/p>\n<p><span style=\"color: #33cccc;\"><b>Alberto Daniel V\u00e1zquez<\/b><\/span><br \/>\n<span style=\"font-weight: 400;\">(Doutor em Geografia- UNPSJB)<\/span><\/p>\n<p><span style=\"color: #33cccc;\"><b>Aline Nascimento dos Santos<\/b><\/span><br \/>\n<span style=\"font-weight: 400;\"> (Graduanda em Arquitetura e Urbanismo-UFPel)<\/span><\/p>\n<p><span style=\"color: #33cccc;\"><b>Alissa Xavier Alves<\/b><\/span><span style=\"font-weight: 400;\">\u00a0<\/span><br \/>\n<span style=\"font-weight: 400;\">(Graduanda em Arquitetura e Urbanismo-UFPel)<\/span><\/p>\n<p><b><span style=\"color: #33cccc;\">Andrea Paola Fondevila Salcedo\u00a0<\/span>\u00a0<\/b><br \/>\n<span style=\"font-weight: 400;\">(Bi\u00f3loga &#8211; UNPSJB)<\/span><\/p>\n<p><span style=\"color: #33cccc;\"><b>Armando de Queiroz Santos Junior<\/b><\/span><br \/>\n<span style=\"font-weight: 400;\"> (Doutor em Artes-UNIFESSPA)<\/span><\/p>\n<p><span style=\"color: #33cccc;\"><b>Barbara Calixto dos Santos\u00a0<\/b><\/span><br \/>\n<span style=\"font-weight: 400;\">(Graduanda Bac. Artes Visuais-UFPel)<\/span><\/p>\n<p><span style=\"color: #33cccc;\"><b>Barbara Larruscahim da Costa<\/b><\/span><br \/>\n<span style=\"font-weight: 400;\">(Mestranda em Artes-UFPel)<\/span><\/p>\n<p><span style=\"color: #33cccc;\"><b>Bianca de Oliveira Lempek De-Zotti<\/b><\/span><br \/>\n<span style=\"font-weight: 400;\">(Graduada em Letras, Graduanda Lic. Artes Visuais-UFPel)<\/span><\/p>\n<p><span style=\"color: #33cccc;\"><b>Carolina Gutierrez<\/b><\/span><br \/>\n<span style=\"font-weight: 400;\">(Graduanda em Geografia &#8211; UNPSJB)<\/span><\/p>\n<p><span style=\"color: #33cccc;\"><b>Carolina Mesquita Clasen<\/b><span style=\"font-weight: 400;\">\u00a0<\/span><\/span><br \/>\n<span style=\"font-weight: 400;\">(Doutoranda em Arquitetura e Urbanismo-USP)<\/span><\/p>\n<p><span style=\"color: #33cccc;\"><b>Caroline Leal Bonilha<\/b><\/span><br \/>\n<span style=\"font-weight: 400;\">(Doutora em Educa\u00e7\u00e3o Ambiental-UFPel)<\/span><\/p>\n<p><span style=\"color: #33cccc;\"><b>Celma Paese<\/b><span style=\"font-weight: 400;\">\u00a0<\/span><\/span><br \/>\n<span style=\"font-weight: 400;\">(Doutora em Arquitetura-UFRGS)<\/span><\/p>\n<p><span style=\"color: #33cccc;\"><b>Daniela Mendes Cidade\u00a0<\/b><\/span><br \/>\n<span style=\"font-weight: 400;\">(Doutora em Arquitetura-UFRGS)<\/span><\/p>\n<p><span style=\"color: #33cccc;\"><b>Donner Pontes Matos<\/b><span style=\"font-weight: 400;\">\u00a0<\/span><\/span><br \/>\n<span style=\"font-weight: 400;\">(Engenheiro Florestal\/Graduando em Direito-UNIFESSPA)<\/span><\/p>\n<p><span style=\"color: #33cccc;\"><b>Eduardo Silva da Silva<\/b><\/span><span style=\"font-weight: 400;\">\u00a0<\/span><br \/>\n<span style=\"font-weight: 400;\">(Graduando em Arquitetura e Urbanismo-UFPel)<\/span><\/p>\n<p><span style=\"color: #33cccc;\"><b>Eug\u00eania Cibelle Bezerra Pereira<\/b><\/span><br \/>\n<span style=\"font-weight: 400;\">(Graduanda em Linc. em Artes Visuais\/UNIFESSPA)<\/span><\/p>\n<p><span style=\"color: #33cccc;\"><b>Fabricio Baeza<\/b><\/span><br \/>\n<span style=\"font-weight: 400;\">(Mestre em Planejamento Urbano &#8211; UNPSJB)<\/span><\/p>\n<p><span style=\"color: #33cccc;\"><b>Fernando Fu\u00e3o\u00a0<\/b><\/span><br \/>\n<span style=\"font-weight: 400;\">(Doutor em Arquitetura-UFRGS)<\/span><\/p>\n<p><span style=\"color: #33cccc;\"><b>Fernando de Jesus de Azevedo da Rocha<\/b><\/span><br \/>\n<span style=\"font-weight: 400;\">(Mestrando em Artes-UFPel)<\/span><\/p>\n<p><span style=\"color: #33cccc;\"><b>Florencia Nair Carbonell Silletta<\/b><\/span><br \/>\n<span style=\"font-weight: 400;\">(Lic. em Geografia &#8211; UNPSJB)<\/span><\/p>\n<p><span style=\"color: #33cccc;\"><b>Francesco Careri\u00a0<\/b><\/span><br \/>\n<span style=\"font-weight: 400;\">(Doutor em Hist\u00f3ria-UNIROMA3-It\u00e1lia)<\/span><\/p>\n<p><span style=\"color: #33cccc;\"><b>Gabriele Vargas da Silva Moreira<\/b><\/span><br \/>\n<span style=\"font-weight: 400;\">(Mestra em Arquitetura e Urbanismo-UFPel)<\/span><\/p>\n<p><span style=\"color: #33cccc;\"><b>Gabrieli dos Santos da Silveira<\/b><\/span><br \/>\n<span style=\"font-weight: 400;\">(Mestranda em Artes Visuais-UFPel)<\/span><\/p>\n<p><b><span style=\"color: #33cccc;\">Gianluca Mascali Perseu<\/span> <\/b><span style=\"font-weight: 400;\">\u00a0<\/span><br \/>\n<span style=\"font-weight: 400;\">(Mestre em Planejamento Urbano e Regional-UFRGS)<\/span><\/p>\n<p><span style=\"color: #33cccc;\"><b>Hayde\u00e9 Beatriz Escudero<\/b><\/span><br \/>\n<span style=\"font-weight: 400;\">(Doutora em Comunica\u00e7\u00e3o &#8211; UNPSJB)<\/span><\/p>\n<p><b><span style=\"color: #33cccc;\">Helene Gomes Sacco<\/span>\u00a0<\/b><br \/>\n<span style=\"font-weight: 400;\">(Doutora em Artes-UFPel)<\/span><\/p>\n<p><b><span style=\"color: #33cccc;\">Isabella Khauam Maricatto<\/span>\u00a0<\/b><br \/>\n<span style=\"font-weight: 400;\">(Mestra em Arquitetura e Urbanismo-UFPel)<\/span><\/p>\n<p><span style=\"color: #33cccc;\"><b>Itair Almeida Rodrigues\u00a0<\/b><\/span><br \/>\n<span style=\"font-weight: 400;\">(Graduando Lic. em Artes Visuais-UNIFESSPA)<\/span><\/p>\n<p><b><span style=\"color: #33cccc;\">Jordana da Silva Berchon<\/span>\u00a0<\/b><br \/>\n<span style=\"font-weight: 400;\">(Mestranda em Arquitetura e Urbanismo-UFPel)<\/span><\/p>\n<p><span style=\"color: #33cccc;\"><b>La\u00eds Becker Ferreira<\/b><\/span><span style=\"font-weight: 400;\">\u00a0<\/span><br \/>\n<span style=\"font-weight: 400;\">(Mestra em Arquitetura e Urbanismo-UFPel)<\/span><\/p>\n<p><b><span style=\"color: #33cccc;\">Lauer Alves dos Santos<\/span>\u00a0<\/b><br \/>\n<span style=\"font-weight: 400;\">(Doutor em Artes-UFPel)<\/span><\/p>\n<p><span style=\"color: #33cccc;\"><b>Lelis Ail\u00edn Feu<\/b><\/span><br \/>\n<span style=\"font-weight: 400;\">(Doutor em Geografia &#8211; UNPSJB)<\/span><\/p>\n<p><b><span style=\"color: #33cccc;\">Lorena Maia Resende<\/span>\u00a0<\/b><br \/>\n<span style=\"font-weight: 400;\">(Doutoranda em Arquitetura e Urbanismo-UFRJ)<\/span><\/p>\n<p><span style=\"color: #33cccc;\"><b>Louise Prado Alfonso\u00a0<\/b><\/span><br \/>\n<span style=\"font-weight: 400;\">(Doutora em Antropologia-UFPel)<\/span><\/p>\n<p><span style=\"color: #33cccc;\"><b>Lucas Pinto Corr\u00eaa<\/b><\/span><br \/>\n<span style=\"font-weight: 400;\">(Graduando Lic. em Artes Visuais-UFPel)<\/span><\/p>\n<p><span style=\"color: #33cccc;\"><b>Luana Pavan Detoni\u00a0<\/b><\/span><br \/>\n<span style=\"font-weight: 400;\">(Doutoranda em Planejamento Urbanos e Regional-UFRGS)<\/span><\/p>\n<p><span style=\"color: #33cccc;\"><b>Lucas Almeida Wilm<\/b><\/span><span style=\"font-weight: 400;\">\u00a0<\/span><br \/>\n<span style=\"font-weight: 400;\">(Graduando Lic. em Artes Visuais-UNIFESSPA)<\/span><\/p>\n<p><span style=\"color: #33cccc;\"><b>Maria In\u00e1cia Rosa<\/b><\/span><br \/>\n<span style=\"font-weight: 400;\">(Graduanda Bac. Artes Visuais-UFPel)<\/span><\/p>\n<p><span style=\"color: #33cccc;\"><b>Maur\u00edcio Couto Polidori<\/b><span style=\"font-weight: 400;\">\u00a0<\/span><\/span><br \/>\n<span style=\"font-weight: 400;\">(Doutor em Ecologia-UFPel)<\/span><\/p>\n<p><span style=\"color: #33cccc;\"><b>Monique Grechi\u00a0<\/b><\/span><br \/>\n<span style=\"font-weight: 400;\">(Mestre em Patrim\u00f4nio Urbano e Turismo Global-UFPel)\u00a0<\/span><\/p>\n<p><span style=\"color: #33cccc;\"><b>Nat\u00e1lia Hilgert de Souza Carnevali <\/b><\/span><br \/>\n<span style=\"font-weight: 400;\">(Doutora em Biologia-UNIFESSPA)<\/span><\/p>\n<p><span style=\"color: #33cccc;\"><b>Otavio Gigante Viana\u00a0<\/b><\/span><br \/>\n<span style=\"font-weight: 400;\">(Mestrando em Arquitetura e Urbanismo-UFPel)<\/span><\/p>\n<p><span style=\"color: #33cccc;\"><b>Pablo Daniel Gran\u00e9<\/b><\/span><br \/>\n<span style=\"font-weight: 400;\">(Mestre em Estudos Socioterritoriais &#8211; UNPSJB)<\/span><\/p>\n<p><span style=\"color: #33cccc;\"><b>Paula Pedreira del Fiol <\/b><span style=\"font-weight: 400;\">\u00a0<\/span><\/span><br \/>\n<span style=\"font-weight: 400;\">(Mestra em Arquitetura e Urbanismo-UFPel)<\/span><\/p>\n<p><b><span style=\"color: #33cccc;\">Paulo Edison Belo Reyes<\/span>\u00a0<\/b><br \/>\n<span style=\"font-weight: 400;\">(Doutor em Comunica\u00e7\u00e3o-UFRGS)<\/span><\/p>\n<p><span style=\"color: #33cccc;\"><b>Pedro Elias Parente da Silveira<\/b><\/span><br \/>\n<span style=\"font-weight: 400;\">(Mestrando em Artes-UFPel)<\/span><\/p>\n<p><span style=\"color: #33cccc;\"><b>Pedro Mergulh\u00e3o<\/b><\/span><br \/>\n<span style=\"font-weight: 400;\">(Doutor em Arquitetura-UNIFAP)<\/span><\/p>\n<p><span style=\"color: #33cccc;\"><b>Pierre Moreira dos Santos<\/b><span style=\"font-weight: 400;\">\u00a0<\/span><\/span><br \/>\n<span style=\"font-weight: 400;\">(Cientista Social\/Lic. em Letras-Portgugu\u00eas\/Espanhol &#8211; UFPel)<\/span><\/p>\n<p><span style=\"color: #33cccc;\"><b>Rafael Maciel dos Santos\u00a0<\/b><\/span><br \/>\n<span style=\"font-weight: 400;\">(Graduando Lic. Artes Visuais-UNIFESSPA)<\/span><\/p>\n<p><span style=\"color: #33cccc;\"><b>Rafael da Silva Gon\u00e7alves\u00a0<\/b><\/span><br \/>\n<span style=\"font-weight: 400;\">(Graduando Bac. Artes Visuais-UFPel)<\/span><\/p>\n<p><span style=\"color: #33cccc;\"><b>Renata Braga Zschornack<\/b><span style=\"font-weight: 400;\">\u00a0<\/span><\/span><br \/>\n<span style=\"font-weight: 400;\">(Mestranda em Arquitetura e Urbanismo-UFPel)<\/span><\/p>\n<p><span style=\"color: #33cccc;\"><b>Romina Sotelo<\/b><\/span><br \/>\n<span style=\"font-weight: 400;\">(Lic. em Geografia &#8211; UNPSJB)<\/span><\/p>\n<p><span style=\"color: #33cccc;\"><b>Silvana Ver\u00f3nica Maidana<\/b><\/span><br \/>\n<span style=\"font-weight: 400;\">(T\u00e9cnica em sistemas de Informa\u00e7\u00e3o Geogr\u00e1fica &#8211; UNPSJB)<\/span><\/p>\n<p><span style=\"color: #33cccc;\"><b>Suen Rosa Pedroso Leitzke\u00a0<\/b><\/span><br \/>\n<span style=\"font-weight: 400;\">(Graduanda em Arquitetura e Urbanismo-UFPel)<\/span><\/p>\n<p><span style=\"color: #33cccc;\"><b>Taciana An\u00e7a Evaristo Mendes Cardoso<\/b><\/span><br \/>\n<span style=\"font-weight: 400;\">(Graduanda em Arquitetura e Urbanismo-UFPel)<\/span><\/p>\n<p><span style=\"color: #33cccc;\"><b>Tais Beltrame dos Santos\u00a0<\/b><\/span><br \/>\n<span style=\"font-weight: 400;\">(Doutoranda em Arquitetura-UFRGS)<\/span><\/p>\n<p><span style=\"color: #33cccc;\"><b>Valentina Machado\u00a0<\/b><\/span><br \/>\n<span style=\"font-weight: 400;\">(Doutoranda em Antropologia-UFPel)<\/span><\/p>\n<p><b><span style=\"color: #33cccc;\">Vanessa Forneck<\/span>\u00a0<\/b><br \/>\n<span style=\"font-weight: 400;\">(Doutoranda em Arquitetura e Urbanismo-USP)<\/span><\/p>\n","protected":false},"excerpt":{"rendered":"<p>Eduardo Rocha Coordenador Geral (Doutor em Arquitetura-UFPel) Eduarda Gon\u00e7alves Coordenadora Pelotas (BR) (Doutora em Artes &#8211; UFPel) Silvia Helena dos Santos Cardoso Coordenadora Marab\u00e1 (BR) (Doutora em Artes-UNIFESSPA) Juan Manuel Diez Tetamanti Coordenador Comodoro Rivadavia (AR) (Doutor em Geografia-UNPSJB-Argentina) Abra\u00e3o Levi dos Santos Mascarenhas\u00a0 (Doutor em Geografia-UNIFESSPA) Adriana Portella (Doutora em Desenho Urbano &#8211; Heriot-Watt-UK) &hellip; <\/p>\n<p class=\"link-more\"><a href=\"https:\/\/wp.ufpel.edu.br\/confins\/a-equipe\/\" class=\"more-link\">Continue lendo<span class=\"screen-reader-text\"> &#8220;a equipe&#8221;<\/span><\/a><\/p>\n","protected":false},"author":716,"featured_media":0,"parent":0,"menu_order":0,"comment_status":"closed","ping_status":"closed","template":"","meta":{"footnotes":""},"class_list":["post-136","page","type-page","status-publish","hentry"],"_links":{"self":[{"href":"https:\/\/wp.ufpel.edu.br\/confins\/wp-json\/wp\/v2\/pages\/136","targetHints":{"allow":["GET"]}}],"collection":[{"href":"https:\/\/wp.ufpel.edu.br\/confins\/wp-json\/wp\/v2\/pages"}],"about":[{"href":"https:\/\/wp.ufpel.edu.br\/confins\/wp-json\/wp\/v2\/types\/page"}],"author":[{"embeddable":true,"href":"https:\/\/wp.ufpel.edu.br\/confins\/wp-json\/wp\/v2\/users\/716"}],"replies":[{"embeddable":true,"href":"https:\/\/wp.ufpel.edu.br\/confins\/wp-json\/wp\/v2\/comments?post=136"}],"version-history":[{"count":28,"href":"https:\/\/wp.ufpel.edu.br\/confins\/wp-json\/wp\/v2\/pages\/136\/revisions"}],"predecessor-version":[{"id":438,"href":"https:\/\/wp.ufpel.edu.br\/confins\/wp-json\/wp\/v2\/pages\/136\/revisions\/438"}],"wp:attachment":[{"href":"https:\/\/wp.ufpel.edu.br\/confins\/wp-json\/wp\/v2\/media?parent=136"}],"curies":[{"name":"wp","href":"https:\/\/api.w.org\/{rel}","templated":true}]}}