{"id":13,"date":"2023-12-05T10:10:29","date_gmt":"2023-12-05T13:10:29","guid":{"rendered":"https:\/\/wp.ufpel.edu.br\/confins\/?page_id=13"},"modified":"2023-12-21T11:11:47","modified_gmt":"2023-12-21T14:11:47","slug":"contato","status":"publish","type":"page","link":"https:\/\/wp.ufpel.edu.br\/confins\/contato\/","title":{"rendered":"contato"},"content":{"rendered":"<p><strong>e-mail: <span style=\"color: #33cccc;\"><a style=\"color: #33cccc;\" href=\"confinscartografias@gmail.com\">confinscartografias@gmail.com<\/a><\/span><\/strong><\/p>\n<p><span style=\"color: #33cccc;\"><strong>Pelotas\/Rio Grande do Sul\/Brasil<\/strong><\/span><\/p>\n<p>Universidade Federal de Pelotas (UFPel)<br \/>\nLaborat\u00f3rio de Urbanismo<br \/>\nFaculdade de Arquitetura e Urbanismo<br \/>\nRua Benjamim Constant, 1350 &#8211; Pelotas &#8211; RS &#8211; Brasil<\/p>\n<p><span style=\"color: #33cccc;\"><strong>Marab\u00e1\/Par\u00e1\/Brasil<\/strong><\/span><\/p>\n<p>Universidade Federal do Sul e Sudeste do Par\u00e1 (UNIFESSPA)<br \/>\nCurso de Licenciatura em Artes Visuais<br \/>\nAv. dos Ip\u00eas S\/N &#8211; Marab\u00e1 -Par\u00e1 &#8211; Brasil<\/p>\n<p><span style=\"color: #33cccc;\"><strong>Comodoro Rivadavia\/Chubut\/Argentina<\/strong><\/span><\/p>\n<p>Universidad Nacional de la Patagonia San Juan Bosco (UNPSJB)<br \/>\nGrupo de Investigaci\u00f3n Geograf\u00eda, Acci\u00f3n y Territorio<br \/>\nCiudad Universitaria Km 4, 9005 &#8211; Comodoro Rivadavia &#8211; Chubut &#8211; Argentina<\/p>\n","protected":false},"excerpt":{"rendered":"<p>e-mail: confinscartografias@gmail.com Pelotas\/Rio Grande do Sul\/Brasil Universidade Federal de Pelotas (UFPel) Laborat\u00f3rio de Urbanismo Faculdade de Arquitetura e Urbanismo Rua Benjamim Constant, 1350 &#8211; Pelotas &#8211; RS &#8211; Brasil Marab\u00e1\/Par\u00e1\/Brasil Universidade Federal do Sul e Sudeste do Par\u00e1 (UNIFESSPA) Curso de Licenciatura em Artes Visuais Av. dos Ip\u00eas S\/N &#8211; Marab\u00e1 -Par\u00e1 &#8211; Brasil Comodoro &hellip; <\/p>\n<p class=\"link-more\"><a href=\"https:\/\/wp.ufpel.edu.br\/confins\/contato\/\" class=\"more-link\">Continue lendo<span class=\"screen-reader-text\"> &#8220;contato&#8221;<\/span><\/a><\/p>\n","protected":false},"author":716,"featured_media":0,"parent":0,"menu_order":0,"comment_status":"closed","ping_status":"closed","template":"","meta":{"footnotes":""},"class_list":["post-13","page","type-page","status-publish","hentry"],"_links":{"self":[{"href":"https:\/\/wp.ufpel.edu.br\/confins\/wp-json\/wp\/v2\/pages\/13","targetHints":{"allow":["GET"]}}],"collection":[{"href":"https:\/\/wp.ufpel.edu.br\/confins\/wp-json\/wp\/v2\/pages"}],"about":[{"href":"https:\/\/wp.ufpel.edu.br\/confins\/wp-json\/wp\/v2\/types\/page"}],"author":[{"embeddable":true,"href":"https:\/\/wp.ufpel.edu.br\/confins\/wp-json\/wp\/v2\/users\/716"}],"replies":[{"embeddable":true,"href":"https:\/\/wp.ufpel.edu.br\/confins\/wp-json\/wp\/v2\/comments?post=13"}],"version-history":[{"count":12,"href":"https:\/\/wp.ufpel.edu.br\/confins\/wp-json\/wp\/v2\/pages\/13\/revisions"}],"predecessor-version":[{"id":382,"href":"https:\/\/wp.ufpel.edu.br\/confins\/wp-json\/wp\/v2\/pages\/13\/revisions\/382"}],"wp:attachment":[{"href":"https:\/\/wp.ufpel.edu.br\/confins\/wp-json\/wp\/v2\/media?parent=13"}],"curies":[{"name":"wp","href":"https:\/\/api.w.org\/{rel}","templated":true}]}}