{"id":69,"date":"2021-09-05T13:41:21","date_gmt":"2021-09-05T16:41:21","guid":{"rendered":"https:\/\/wp.ufpel.edu.br\/conexaosuldesign\/?page_id=69"},"modified":"2023-05-16T16:01:03","modified_gmt":"2023-05-16T19:01:03","slug":"conferencias","status":"publish","type":"page","link":"https:\/\/wp.ufpel.edu.br\/conexaosuldesign\/programacao\/conferencias\/","title":{"rendered":"Confer\u00eancias"},"content":{"rendered":"<div id=\"pl-69\"  class=\"panel-layout\" ><div id=\"pg-69-0\"  class=\"panel-grid panel-no-style\" ><div id=\"pgc-69-0-0\"  class=\"panel-grid-cell\" ><div id=\"panel-69-0-0-0\" class=\"so-panel widget widget_media_image panel-first-child panel-last-child\" data-index=\"0\" ><img loading=\"lazy\" decoding=\"async\" width=\"120\" height=\"120\" src=\"https:\/\/wp.ufpel.edu.br\/conexaosuldesign\/files\/2021\/09\/Giulia_pb-200x200.png\" class=\"image wp-image-127  attachment-120x120 size-120x120\" alt=\"Giulia Fuzinatto\" style=\"max-width: 100%; height: auto;\" srcset=\"https:\/\/wp.ufpel.edu.br\/conexaosuldesign\/files\/2021\/09\/Giulia_pb-200x200.png 200w, https:\/\/wp.ufpel.edu.br\/conexaosuldesign\/files\/2021\/09\/Giulia_pb-400x400.png 400w, https:\/\/wp.ufpel.edu.br\/conexaosuldesign\/files\/2021\/09\/Giulia_pb.png 500w\" sizes=\"auto, (max-width: 120px) 100vw, 120px\" \/><\/div><\/div><div id=\"pgc-69-0-1\"  class=\"panel-grid-cell\" ><div id=\"panel-69-0-1-0\" class=\"so-panel widget widget_sow-editor panel-first-child panel-last-child\" data-index=\"1\" ><div\n\t\t\t\n\t\t\tclass=\"so-widget-sow-editor so-widget-sow-editor-base\"\n\t\t\t\n\t\t>\n<div class=\"siteorigin-widget-tinymce textwidget\">\n\t<p>\t<span style=\"color: #05cb6b;\"><strong>24\/09 \u2013 14h<\/strong><\/span><strong><br \/>\n<span style=\"color: #235287; font-size: 18pt;\">Giulia Fusinato<\/span><\/strong><\/p>\n<p><strong>P\u00f3s gradua\u00e7\u00e3o e o mercado do UX\/UI design na It\u00e1lia<\/strong><\/p>\n<p><a href=\"https:\/\/www.youtube.com\/watch?v=rN2dT67FKj8\" target=\"_blank\" rel=\"noopener\" class=\"botao\">Clique aqui para assistir<\/a><\/p>\n<p><strong>Biografia:<\/strong><br \/>\nGiulia Fusinato, 24 anos, \u00e9 bacharel em design digital pela UFPEL (2019) e master em design de Intera\u00e7\u00e3o pela Domus Academy (2021) em Mil\u00e3o. Teve experi\u00eancia de trabalho como UX\/UI designer no Brasil, B\u00e9lgica e hoje trabalha como Business Process Delivery Analyst na empresa Accenture na It\u00e1lia.<\/p>\n<\/div>\n<\/div><\/div><\/div><\/div><div id=\"pg-69-1\"  class=\"panel-grid panel-no-style\" ><div id=\"pgc-69-1-0\"  class=\"panel-grid-cell\" ><div id=\"panel-69-1-0-0\" class=\"so-panel widget widget_sow-editor panel-first-child panel-last-child\" data-index=\"2\" ><div\n\t\t\t\n\t\t\tclass=\"so-widget-sow-editor so-widget-sow-editor-base\"\n\t\t\t\n\t\t>\n<div class=\"siteorigin-widget-tinymce textwidget\">\n\t<hr>\n<\/div>\n<\/div><\/div><\/div><\/div><div id=\"pg-69-2\"  class=\"panel-grid panel-no-style\" ><div id=\"pgc-69-2-0\"  class=\"panel-grid-cell\" ><div id=\"panel-69-2-0-0\" class=\"so-panel widget widget_media_image panel-first-child panel-last-child\" data-index=\"3\" ><img loading=\"lazy\" decoding=\"async\" width=\"120\" height=\"120\" src=\"https:\/\/wp.ufpel.edu.br\/conexaosuldesign\/files\/2021\/09\/Gustavo_pb-200x200.png\" class=\"image wp-image-138  attachment-120x120 size-120x120\" alt=\"Gustavo Piqueira\" style=\"max-width: 100%; height: auto;\" srcset=\"https:\/\/wp.ufpel.edu.br\/conexaosuldesign\/files\/2021\/09\/Gustavo_pb-200x200.png 200w, https:\/\/wp.ufpel.edu.br\/conexaosuldesign\/files\/2021\/09\/Gustavo_pb-400x400.png 400w, https:\/\/wp.ufpel.edu.br\/conexaosuldesign\/files\/2021\/09\/Gustavo_pb.png 500w\" sizes=\"auto, (max-width: 120px) 100vw, 120px\" \/><\/div><\/div><div id=\"pgc-69-2-1\"  class=\"panel-grid-cell\" ><div id=\"panel-69-2-1-0\" class=\"so-panel widget widget_sow-editor panel-first-child panel-last-child\" data-index=\"4\" ><div\n\t\t\t\n\t\t\tclass=\"so-widget-sow-editor so-widget-sow-editor-base\"\n\t\t\t\n\t\t>\n<div class=\"siteorigin-widget-tinymce textwidget\">\n\t<p>\t<span style=\"color: #05cb6b;\"><strong>27\/09 \u2013 19h<\/strong><\/span><br \/>\n<strong><span style=\"color: #235287; font-size: 18pt;\">Gustavo Piqueira<\/span><\/strong><\/p>\n<p><strong>Limites da Linguagem<\/strong><\/p>\n<p><a href=\"https:\/\/www.youtube.com\/watch?v=NgIv0J1HwOw\" target=\"_blank\" rel=\"noopener\" class=\"botao\">Clique aqui para assistir<\/a><\/p>\n<p>Na busca por expandir o olhar do designer para al\u00e9m dos restritos territ\u00f3rios habitualmente acessados pela atividade, Gustavo Piqueira ir\u00e1 mostrar alguns dos projetos em que se utiliza da linguagem visual como elemento de articula\u00e7\u00e3o narrativa, como a narrativa-metamorfose \u201cBibi\u201d; \u201cDe Novo\u201d e \u201cO\u201d, dois exerc\u00edcios de desconstru\u00e7\u00e3o da forma do livro; o radical experimento liter\u00e1rio-postal-urbano \u201cValfrido?\u201d; o conjunto narrativo de jantar \u201cLululux\u201d; os quadrinhos experimentais \u201cDomex\u201d e \u201cAr Condicionado\u201d, al\u00e9m de alguns outros projetos que v\u00eam desenvolvendo para testar quais as suas possibilidade de atua\u00e7\u00e3o como designer gr\u00e1fico para al\u00e9m das demandas do chamado \u201cmercado\u201d.<\/p>\n<p><strong>Biografia:<\/strong><br \/>\nGustavo Piqueira \u00e9 designer, ilustrador, pesquisador e escritor, com mais de 40 livros publicados nos quais mistura livremente texto e imagem, fic\u00e7\u00e3o e n\u00e3o fic\u00e7\u00e3o, design, hist\u00f3ria e tudo mais que encontrar pelo caminho. Seus textos e ilustra\u00e7\u00f5es j\u00e1 receberam pr\u00eamios diversos e, \u00e0 frente de sua Casa Rex, \u00e9 um dos mais premiados designers gr\u00e1ficos do Brasil, com mais de 500 pr\u00eamios recebidos.<\/p>\n<\/div>\n<\/div><\/div><\/div><\/div><div id=\"pg-69-3\"  class=\"panel-grid panel-no-style\" ><div id=\"pgc-69-3-0\"  class=\"panel-grid-cell\" ><div id=\"panel-69-3-0-0\" class=\"so-panel widget widget_sow-editor panel-first-child panel-last-child\" data-index=\"5\" ><div\n\t\t\t\n\t\t\tclass=\"so-widget-sow-editor so-widget-sow-editor-base\"\n\t\t\t\n\t\t>\n<div class=\"siteorigin-widget-tinymce textwidget\">\n\t<hr>\n<\/div>\n<\/div><\/div><\/div><\/div><div id=\"pg-69-4\"  class=\"panel-grid panel-no-style\" ><div id=\"pgc-69-4-0\"  class=\"panel-grid-cell\" ><div id=\"panel-69-4-0-0\" class=\"so-panel widget widget_media_image panel-first-child panel-last-child\" data-index=\"6\" ><img loading=\"lazy\" decoding=\"async\" width=\"120\" height=\"120\" src=\"https:\/\/wp.ufpel.edu.br\/conexaosuldesign\/files\/2021\/09\/Arthur-200x200.png\" class=\"image wp-image-141  attachment-120x120 size-120x120\" alt=\"Arthur Theil\" style=\"max-width: 100%; height: auto;\" srcset=\"https:\/\/wp.ufpel.edu.br\/conexaosuldesign\/files\/2021\/09\/Arthur-200x200.png 200w, https:\/\/wp.ufpel.edu.br\/conexaosuldesign\/files\/2021\/09\/Arthur-400x400.png 400w, https:\/\/wp.ufpel.edu.br\/conexaosuldesign\/files\/2021\/09\/Arthur.png 500w\" sizes=\"auto, (max-width: 120px) 100vw, 120px\" \/><\/div><\/div><div id=\"pgc-69-4-1\"  class=\"panel-grid-cell\" ><div id=\"panel-69-4-1-0\" class=\"so-panel widget widget_sow-editor panel-first-child panel-last-child\" data-index=\"7\" ><div\n\t\t\t\n\t\t\tclass=\"so-widget-sow-editor so-widget-sow-editor-base\"\n\t\t\t\n\t\t>\n<div class=\"siteorigin-widget-tinymce textwidget\">\n\t<p>\t<span style=\"color: #05cb6b;\"><strong>04\/10 \u2013 17h<\/strong><\/span><br \/>\n<strong><span style=\"color: #235287; font-size: 18pt;\">Arthur Theil<\/span><\/strong><\/p>\n<p><strong>Design de intera\u00e7\u00e3o t\u00e1til e tang\u00edvel: minha experi\u00eancia com a popula\u00e7\u00e3o surdocega<\/strong><\/p>\n<p><a href=\"https:\/\/www.youtube.com\/watch?v=HPJCQ_JNY7M\" target=\"_blank\" rel=\"noopener\" class=\"botao\">Clique aqui para assistir<\/a><\/p>\n<p><strong>Biografia:<\/strong><br \/>\nProfessor do Departamento de M\u00eddias Digitais na Birmingham City University (Inglaterra), onde leciona UX Design e Design Centrado no Usu\u00e1rio. Realizou P\u00f3s-Doutorado em Design de Intera\u00e7\u00e3o Tang\u00edvel na Universidade de Offenburg (Alemanha) e Doutorado em Intera\u00e7\u00e3o Humano-Computador na Universidade de Reading (Inglaterra). Possui especializa\u00e7\u00e3o em Design de Experi\u00eancia pela Central Saint Martins (Inglaterra) e gradua\u00e7\u00e3o em Design Digital pelo Centro de Artes da Universidade Federal de Pelotas. As suas atividades de pesquisa exploram o uso do design de intera\u00e7\u00e3o tang\u00edvel e intelig\u00eancia artificial para promover acessibilidade f\u00edsica e digital. Suas \u00e1reas de interesse envolvem design sensorial, inclusivo e adapt\u00e1vel.<\/p>\n<\/div>\n<\/div><\/div><\/div><\/div><div id=\"pg-69-5\"  class=\"panel-grid panel-no-style\" ><div id=\"pgc-69-5-0\"  class=\"panel-grid-cell\" ><div id=\"panel-69-5-0-0\" class=\"so-panel widget widget_sow-editor panel-first-child panel-last-child\" data-index=\"8\" ><div\n\t\t\t\n\t\t\tclass=\"so-widget-sow-editor so-widget-sow-editor-base\"\n\t\t\t\n\t\t>\n<div class=\"siteorigin-widget-tinymce textwidget\">\n\t<hr>\n<\/div>\n<\/div><\/div><\/div><\/div><div id=\"pg-69-6\"  class=\"panel-grid panel-no-style\" ><div id=\"pgc-69-6-0\"  class=\"panel-grid-cell\" ><div id=\"panel-69-6-0-0\" class=\"so-panel widget widget_media_image panel-first-child panel-last-child\" data-index=\"9\" ><img loading=\"lazy\" decoding=\"async\" width=\"120\" height=\"120\" src=\"https:\/\/wp.ufpel.edu.br\/conexaosuldesign\/files\/2021\/09\/Lanna2-200x200.png\" class=\"image wp-image-391  attachment-120x120 size-120x120\" alt=\"\" style=\"max-width: 100%; height: auto;\" srcset=\"https:\/\/wp.ufpel.edu.br\/conexaosuldesign\/files\/2021\/09\/Lanna2-200x200.png 200w, https:\/\/wp.ufpel.edu.br\/conexaosuldesign\/files\/2021\/09\/Lanna2-400x400.png 400w, https:\/\/wp.ufpel.edu.br\/conexaosuldesign\/files\/2021\/09\/Lanna2.png 500w\" sizes=\"auto, (max-width: 120px) 100vw, 120px\" \/><\/div><\/div><div id=\"pgc-69-6-1\"  class=\"panel-grid-cell\" ><div id=\"panel-69-6-1-0\" class=\"so-panel widget widget_sow-editor panel-first-child panel-last-child\" data-index=\"10\" ><div\n\t\t\t\n\t\t\tclass=\"so-widget-sow-editor so-widget-sow-editor-base\"\n\t\t\t\n\t\t>\n<div class=\"siteorigin-widget-tinymce textwidget\">\n\t<p>\t<span style=\"color: #05cb6b;\"><strong>15\/10 \u2013 18h<\/strong><\/span><br \/>\n<strong><span style=\"color: #235287; font-size: 18pt;\">Lanna Collares<\/span><\/strong><\/p>\n<p><strong>Deep involvement: carreira \u00e9 caminho<\/strong><\/p>\n<p><a href=\"https:\/\/www.youtube.com\/watch?v=pBV63ixs08Y\" target=\"_blank\" rel=\"noopener\" class=\"botao\">Clique aqui para assistir<\/a><\/p>\n<p><strong>Biografia:<\/strong><br \/>\nLanna Collares \u00e9 egressa do curso de Design Gr\u00e1fico da UFPEL e atualmente \u00e9 Diretora de Opera\u00e7\u00f5es na Ogilvy Uruguai, s\u00f3cia da Herself Latam, MBA em Marketing e organizadora do livro Aquelas Cartas. Passou pelas ag\u00eancias W3haus, 3yz e Paim.<\/p>\n<\/div>\n<\/div><\/div><\/div><\/div><\/div>","protected":false},"excerpt":{"rendered":"<p> [&hellip;]<\/p>\n","protected":false},"author":928,"featured_media":0,"parent":66,"menu_order":0,"comment_status":"closed","ping_status":"closed","template":"","meta":{"footnotes":""},"class_list":["post-69","page","type-page","status-publish","hentry","post"],"_links":{"self":[{"href":"https:\/\/wp.ufpel.edu.br\/conexaosuldesign\/wp-json\/wp\/v2\/pages\/69","targetHints":{"allow":["GET"]}}],"collection":[{"href":"https:\/\/wp.ufpel.edu.br\/conexaosuldesign\/wp-json\/wp\/v2\/pages"}],"about":[{"href":"https:\/\/wp.ufpel.edu.br\/conexaosuldesign\/wp-json\/wp\/v2\/types\/page"}],"author":[{"embeddable":true,"href":"https:\/\/wp.ufpel.edu.br\/conexaosuldesign\/wp-json\/wp\/v2\/users\/928"}],"replies":[{"embeddable":true,"href":"https:\/\/wp.ufpel.edu.br\/conexaosuldesign\/wp-json\/wp\/v2\/comments?post=69"}],"version-history":[{"count":61,"href":"https:\/\/wp.ufpel.edu.br\/conexaosuldesign\/wp-json\/wp\/v2\/pages\/69\/revisions"}],"predecessor-version":[{"id":481,"href":"https:\/\/wp.ufpel.edu.br\/conexaosuldesign\/wp-json\/wp\/v2\/pages\/69\/revisions\/481"}],"up":[{"embeddable":true,"href":"https:\/\/wp.ufpel.edu.br\/conexaosuldesign\/wp-json\/wp\/v2\/pages\/66"}],"wp:attachment":[{"href":"https:\/\/wp.ufpel.edu.br\/conexaosuldesign\/wp-json\/wp\/v2\/media?parent=69"}],"curies":[{"name":"wp","href":"https:\/\/api.w.org\/{rel}","templated":true}]}}