{"id":66,"date":"2021-09-05T13:41:05","date_gmt":"2021-09-05T16:41:05","guid":{"rendered":"https:\/\/wp.ufpel.edu.br\/conexaosuldesign\/?page_id=66"},"modified":"2021-09-28T11:40:26","modified_gmt":"2021-09-28T14:40:26","slug":"programacao","status":"publish","type":"page","link":"https:\/\/wp.ufpel.edu.br\/conexaosuldesign\/programacao\/","title":{"rendered":"Programa\u00e7\u00e3o Geral"},"content":{"rendered":"<div id=\"pl-66\"  class=\"panel-layout\" ><div id=\"pg-66-0\"  class=\"panel-grid panel-no-style\" ><div id=\"pgc-66-0-0\"  class=\"panel-grid-cell\" ><div id=\"panel-66-0-0-0\" class=\"so-panel widget widget_sow-accordion panel-first-child panel-last-child\" data-index=\"0\" ><div\n\t\t\t\n\t\t\tclass=\"so-widget-sow-accordion so-widget-sow-accordion-default-c745a88e1726-66\"\n\t\t\t\n\t\t><div>\n\t<div class=\"sow-accordion\">\n\t\t\t<div class=\"sow-accordion-panel\n\t\t\t\t\"\n\t\t\tdata-anchor-id=\"1a-semana-21-a-24-setembro-2021\">\n\t\t\t\t<div class=\"sow-accordion-panel-header-container\" role=\"heading\" aria-level=\"2\">\n\t\t\t\t\t<div class=\"sow-accordion-panel-header\" tabindex=\"0\" role=\"button\" id=\"accordion-label-1%c2%aa-semana-%e2%80%94-21-a-24-setembro-2021\" aria-controls=\"accordion-content-1%c2%aa-semana-%e2%80%94-21-a-24-setembro-2021\" aria-expanded=\"false\">\n\t\t\t\t\t\t<div class=\"sow-accordion-title sow-accordion-title-icon-left\">\n\t\t\t\t\t\t\t\t\t\t\t\t\t\t1\u00aa Semana \u2014 21 a 24 \/ setembro \/ 2021\t\t\t\t\t\t\t\t\t\t\t\t\t<\/div>\n\t\t\t\t\t\t<div class=\"sow-accordion-open-close-button\">\n\t\t\t\t\t\t\t<div class=\"sow-accordion-open-button\">\n\t\t\t\t\t\t\t\t<span class=\"sow-icon-ionicons\" data-sow-icon=\"&#xf218;\"\n\t\t \n\t\taria-hidden=\"true\"><\/span>\t\t\t\t\t\t\t<\/div>\n\t\t\t\t\t\t\t<div class=\"sow-accordion-close-button\">\n\t\t\t\t\t\t\t\t<span class=\"sow-icon-ionicons\" data-sow-icon=\"&#xf209;\"\n\t\t \n\t\taria-hidden=\"true\"><\/span>\t\t\t\t\t\t\t<\/div>\n\t\t\t\t\t\t<\/div>\n\t\t\t\t\t<\/div>\n\t\t\t\t<\/div>\n\n\t\t\t<div\n\t\t\t\tclass=\"sow-accordion-panel-content\"\n\t\t\t\trole=\"region\"\n\t\t\t\taria-labelledby=\"accordion-label-1%c2%aa-semana-%e2%80%94-21-a-24-setembro-2021\"\n\t\t\t\tid=\"accordion-content-1%c2%aa-semana-%e2%80%94-21-a-24-setembro-2021\"\n\t\t\t\tstyle=\"display: none;\"\t\t\t>\n\t\t\t\t<div class=\"sow-accordion-panel-border\">\n\t\t\t\t\t<h2 style=\"color: #30935d;\"><strong>23\/09\/2021 (quinta-feira)<\/strong><\/h2>\n<p><span style=\"color: #30935d;\"><strong>19h - <\/strong><\/span><strong>Oficina:<br \/>\n<span style=\"font-size: 18pt; color: #235287;\">Linkedin para um perfil 10\/10<br \/>\n<\/span><\/strong>Ministrante: Ana Julia Carrara<\/p>\n<p><strong>Nova turma: <span style=\"color: #30935d;\">11\/10 \u2013 19h<\/span><\/strong><\/p>\n<p><a href=\"https:\/\/wp.ufpel.edu.br\/conexaosuldesign\/programacao\/oficinas\/\">Clique aqui para saber mais<\/a><\/p>\n<hr \/>\n<h2 style=\"color: #30935d;\"><strong>24\/09\/2021 (sexta-feira)<\/strong><\/h2>\n<p><span style=\"color: #30935d;\"><strong>14h - <\/strong><\/span><strong>Confer\u00eancia:<br \/>\n<span style=\"font-size: 18pt; color: #235287;\">Giulia Fusinato<br \/>\n<\/span><\/strong>\"<em>P\u00f3s gradua\u00e7\u00e3o e o mercado do UX\/UI design na It\u00e1lia<\/em>\"<br \/>\n<a href=\"https:\/\/wp.ufpel.edu.br\/conexaosuldesign\/programacao\/conferencias\/\">Clique aqui para saber mais<\/a><\/p>\n<p><span style=\"color: #30935d;\"><strong>17h - <\/strong><\/span><strong>Oficina:<br \/>\n<span style=\"font-size: 18pt; color: #235287;\">Paint Tool Sai<br \/>\n<\/span><\/strong>Ministrante: Eduarda Moreira<br \/>\n<a href=\"https:\/\/wp.ufpel.edu.br\/conexaosuldesign\/programacao\/oficinas\/\">Clique aqui para saber mais<\/a><\/p>\n\t\t\t\t<\/div>\n\t\t\t<\/div>\n\t\t<\/div>\n\t\t\t<div class=\"sow-accordion-panel\n\t\t\t\t\"\n\t\t\tdata-anchor-id=\"2a-semana-27-setembro-a-1o-outubro-2021\">\n\t\t\t\t<div class=\"sow-accordion-panel-header-container\" role=\"heading\" aria-level=\"2\">\n\t\t\t\t\t<div class=\"sow-accordion-panel-header\" tabindex=\"0\" role=\"button\" id=\"accordion-label-2%c2%aa-semana-%e2%80%94-27-setembro-a-1%c2%ba-outubro-2021\" aria-controls=\"accordion-content-2%c2%aa-semana-%e2%80%94-27-setembro-a-1%c2%ba-outubro-2021\" aria-expanded=\"false\">\n\t\t\t\t\t\t<div class=\"sow-accordion-title sow-accordion-title-icon-left\">\n\t\t\t\t\t\t\t\t\t\t\t\t\t\t2\u00aa Semana \u2014 27 \/ setembro a 1\u00ba \/ outubro \/ 2021\t\t\t\t\t\t\t\t\t\t\t\t\t<\/div>\n\t\t\t\t\t\t<div class=\"sow-accordion-open-close-button\">\n\t\t\t\t\t\t\t<div class=\"sow-accordion-open-button\">\n\t\t\t\t\t\t\t\t<span class=\"sow-icon-ionicons\" data-sow-icon=\"&#xf218;\"\n\t\t \n\t\taria-hidden=\"true\"><\/span>\t\t\t\t\t\t\t<\/div>\n\t\t\t\t\t\t\t<div class=\"sow-accordion-close-button\">\n\t\t\t\t\t\t\t\t<span class=\"sow-icon-ionicons\" data-sow-icon=\"&#xf209;\"\n\t\t \n\t\taria-hidden=\"true\"><\/span>\t\t\t\t\t\t\t<\/div>\n\t\t\t\t\t\t<\/div>\n\t\t\t\t\t<\/div>\n\t\t\t\t<\/div>\n\n\t\t\t<div\n\t\t\t\tclass=\"sow-accordion-panel-content\"\n\t\t\t\trole=\"region\"\n\t\t\t\taria-labelledby=\"accordion-label-2%c2%aa-semana-%e2%80%94-27-setembro-a-1%c2%ba-outubro-2021\"\n\t\t\t\tid=\"accordion-content-2%c2%aa-semana-%e2%80%94-27-setembro-a-1%c2%ba-outubro-2021\"\n\t\t\t\tstyle=\"display: none;\"\t\t\t>\n\t\t\t\t<div class=\"sow-accordion-panel-border\">\n\t\t\t\t\t<h2 style=\"color: #30935d;\"><strong>27\/09\/2021 (segunda-feira)<\/strong><\/h2>\n<p><span style=\"color: #30935d;\"><strong>19h - <\/strong><\/span><strong>Confer\u00eancia:<br \/>\n<span style=\"font-size: 18pt; color: #235287;\">Gustavo Piqueira<\/span><\/strong><br \/>\n\"<em>Limites da Linguagem<\/em>\"<br \/>\n<a href=\"https:\/\/wp.ufpel.edu.br\/conexaosuldesign\/programacao\/conferencias\/\">Clique aqui para saber mais<\/a><\/p>\n<hr \/>\n<h2 style=\"color: #30935d;\"><strong>28\/09\/2021 (ter\u00e7a-feira)<\/strong><\/h2>\n<p><span style=\"color: #30935d;\"><strong>19h - <\/strong><\/span><strong>Oficina:<br \/>\n<span style=\"font-size: 18pt; color: #235287;\">Photoshop Introdut\u00f3rio<\/span><\/strong><br \/>\nMinistrantes: Rafael e N\u00e1thaly<br \/>\n<a href=\"https:\/\/wp.ufpel.edu.br\/conexaosuldesign\/programacao\/oficinas\/\">Clique aqui para saber mais<\/a><\/p>\n<hr \/>\n<h2 style=\"color: #30935d;\"><strong>29\/09\/2021 (quarta-feira)<\/strong><\/h2>\n<p><span style=\"color: #30935d;\"><strong>14h30 - <\/strong><\/span><strong>Oficina:<br \/>\n<span style=\"font-size: 18pt; color: #235287;\">Illustrator B\u00e1sico<\/span><\/strong><br \/>\nMinistrantes: Amanda Paccanaro e Luiza Kohn<br \/>\n<strong>Nova turma:\u00a0<span style=\"color: #30935d;\">05\/10 \u2013 19h30<\/span><\/strong><br \/>\n<a href=\"https:\/\/wp.ufpel.edu.br\/conexaosuldesign\/programacao\/oficinas\/\">Clique aqui para saber mais<\/a><\/p>\n<p><span style=\"color: #30935d;\"><strong>19h - <\/strong><\/span><strong>Oficina:<br \/>\n<span style=\"font-size: 18pt; color: #235287;\">Criatividade e incentivo do estilo pr\u00f3prio no mundo da ilustra\u00e7\u00e3o<\/span><\/strong><br \/>\nMinistrante: Rafaella Alvetti<br \/>\n<a href=\"https:\/\/wp.ufpel.edu.br\/conexaosuldesign\/programacao\/oficinas\/\">Clique aqui para saber mais<\/a><\/p>\n<hr \/>\n<h2 style=\"color: #30935d;\"><strong>01\/10\/2021 (sexta-feira)<\/strong><\/h2>\n<p><span style=\"color: #30935d;\"><strong>9h30 - <\/strong><\/span><strong>Oficina:<br \/>\n<span style=\"font-size: 18pt; color: #235287;\">Como criar marcas? Metodologia de cria\u00e7\u00e3o para Identidades Visuais<\/span><\/strong><br \/>\nMinistrante: F\u00e1bio Henrique Cunha<br \/>\n<strong>Nova turma: <span style=\"color: #30935d;\">01\/10 \u2013 19h<\/span><\/strong><br \/>\n<a href=\"https:\/\/wp.ufpel.edu.br\/conexaosuldesign\/programacao\/oficinas\/\">Clique aqui para saber mais<\/a><\/p>\n\t\t\t\t<\/div>\n\t\t\t<\/div>\n\t\t<\/div>\n\t\t\t<div class=\"sow-accordion-panel\n\t\t\t\t\"\n\t\t\tdata-anchor-id=\"3a-semana-04-a-08-outubro-2021\">\n\t\t\t\t<div class=\"sow-accordion-panel-header-container\" role=\"heading\" aria-level=\"2\">\n\t\t\t\t\t<div class=\"sow-accordion-panel-header\" tabindex=\"0\" role=\"button\" id=\"accordion-label-3%c2%aa-semana-%e2%80%94-04-a-08-outubro-2021\" aria-controls=\"accordion-content-3%c2%aa-semana-%e2%80%94-04-a-08-outubro-2021\" aria-expanded=\"false\">\n\t\t\t\t\t\t<div class=\"sow-accordion-title sow-accordion-title-icon-left\">\n\t\t\t\t\t\t\t\t\t\t\t\t\t\t3\u00aa Semana \u2014 04 a 08 \/ outubro \/ 2021\t\t\t\t\t\t\t\t\t\t\t\t\t<\/div>\n\t\t\t\t\t\t<div class=\"sow-accordion-open-close-button\">\n\t\t\t\t\t\t\t<div class=\"sow-accordion-open-button\">\n\t\t\t\t\t\t\t\t<span class=\"sow-icon-ionicons\" data-sow-icon=\"&#xf218;\"\n\t\t \n\t\taria-hidden=\"true\"><\/span>\t\t\t\t\t\t\t<\/div>\n\t\t\t\t\t\t\t<div class=\"sow-accordion-close-button\">\n\t\t\t\t\t\t\t\t<span class=\"sow-icon-ionicons\" data-sow-icon=\"&#xf209;\"\n\t\t \n\t\taria-hidden=\"true\"><\/span>\t\t\t\t\t\t\t<\/div>\n\t\t\t\t\t\t<\/div>\n\t\t\t\t\t<\/div>\n\t\t\t\t<\/div>\n\n\t\t\t<div\n\t\t\t\tclass=\"sow-accordion-panel-content\"\n\t\t\t\trole=\"region\"\n\t\t\t\taria-labelledby=\"accordion-label-3%c2%aa-semana-%e2%80%94-04-a-08-outubro-2021\"\n\t\t\t\tid=\"accordion-content-3%c2%aa-semana-%e2%80%94-04-a-08-outubro-2021\"\n\t\t\t\tstyle=\"display: none;\"\t\t\t>\n\t\t\t\t<div class=\"sow-accordion-panel-border\">\n\t\t\t\t\t<h2 style=\"color: #30935d;\"><strong>04\/10\/2021 (segunda-feira)<\/strong><\/h2>\n<p><span style=\"color: #30935d;\"><strong>17h - <\/strong><\/span><strong>Confer\u00eancia:<br \/>\n<span style=\"font-size: 18pt; color: #235287;\">Arthur Theil<\/span><\/strong><br \/>\n\"<em>Design de intera\u00e7\u00e3o t\u00e1til e tang\u00edvel: minha experi\u00eancia com a popula\u00e7\u00e3o surdocega<\/em>\"<br \/>\n<a href=\"https:\/\/wp.ufpel.edu.br\/conexaosuldesign\/programacao\/conferencias\/\">Clique aqui para saber mais<\/a><\/p>\n<p><span style=\"color: #30935d;\"><strong>19h - <\/strong><\/span><strong>Oficina:<br \/>\n<span style=\"font-size: 18pt; color: #235287;\">Design de Personagens e Gera\u00e7\u00e3o de Ideias<\/span><\/strong><br \/>\nMinistrante: Pedro de Oliveira Ferrer<br \/>\n<strong>Continua\u00e7\u00e3o: <span style=\"color: #30935d;\">06\/10 \u2013 19h<\/span>, <span style=\"color: #30935d;\">08\/10 \u2013 19h<\/span><\/strong><br \/>\n<a href=\"https:\/\/wp.ufpel.edu.br\/conexaosuldesign\/programacao\/oficinas\/\">Clique aqui para saber mais<\/a><\/p>\n<hr \/>\n<h2 style=\"color: #30935d;\"><strong>05\/10\/2021 (ter\u00e7a-feira)<\/strong><\/h2>\n<p><span style=\"color: #30935d;\"><strong>19h30 - <\/strong><\/span><strong>Oficina:<br \/>\n<span style=\"font-size: 18pt; color: #235287;\">Illustrator B\u00e1sico<\/span><\/strong><br \/>\nMinistrantes: Amanda Paccanaro e Luiza Kohn<br \/>\n<a href=\"https:\/\/wp.ufpel.edu.br\/conexaosuldesign\/programacao\/oficinas\/\">Clique aqui para saber mais<\/a><\/p>\n<h2 style=\"color: #30935d;\"><strong>07\/10\/2021 (quinta-feira)<\/strong><\/h2>\n<p><span style=\"color: #30935d;\"><strong>19h - <\/strong><\/span><strong>Oficina:<br \/>\n<span style=\"font-size: 18pt; color: #235287;\">InDesign para se virar nos 30 - Introdut\u00f3rio<\/span><\/strong><br \/>\nMinistrante: Ana Julia Carrara<br \/>\n<a href=\"https:\/\/wp.ufpel.edu.br\/conexaosuldesign\/programacao\/oficinas\/\">Clique aqui para saber mais<\/a><\/p>\n\t\t\t\t<\/div>\n\t\t\t<\/div>\n\t\t<\/div>\n\t\t\t<div class=\"sow-accordion-panel\n\t\t\t\t\"\n\t\t\tdata-anchor-id=\"4a-semana-11-a-15-outubro-2021\">\n\t\t\t\t<div class=\"sow-accordion-panel-header-container\" role=\"heading\" aria-level=\"2\">\n\t\t\t\t\t<div class=\"sow-accordion-panel-header\" tabindex=\"0\" role=\"button\" id=\"accordion-label-4%c2%aa-semana-%e2%80%94-11-a-15-outubro-2021\" aria-controls=\"accordion-content-4%c2%aa-semana-%e2%80%94-11-a-15-outubro-2021\" aria-expanded=\"false\">\n\t\t\t\t\t\t<div class=\"sow-accordion-title sow-accordion-title-icon-left\">\n\t\t\t\t\t\t\t\t\t\t\t\t\t\t4\u00aa Semana \u2014 11 a 15 \/ outubro \/ 2021\t\t\t\t\t\t\t\t\t\t\t\t\t<\/div>\n\t\t\t\t\t\t<div class=\"sow-accordion-open-close-button\">\n\t\t\t\t\t\t\t<div class=\"sow-accordion-open-button\">\n\t\t\t\t\t\t\t\t<span class=\"sow-icon-ionicons\" data-sow-icon=\"&#xf218;\"\n\t\t \n\t\taria-hidden=\"true\"><\/span>\t\t\t\t\t\t\t<\/div>\n\t\t\t\t\t\t\t<div class=\"sow-accordion-close-button\">\n\t\t\t\t\t\t\t\t<span class=\"sow-icon-ionicons\" data-sow-icon=\"&#xf209;\"\n\t\t \n\t\taria-hidden=\"true\"><\/span>\t\t\t\t\t\t\t<\/div>\n\t\t\t\t\t\t<\/div>\n\t\t\t\t\t<\/div>\n\t\t\t\t<\/div>\n\n\t\t\t<div\n\t\t\t\tclass=\"sow-accordion-panel-content\"\n\t\t\t\trole=\"region\"\n\t\t\t\taria-labelledby=\"accordion-label-4%c2%aa-semana-%e2%80%94-11-a-15-outubro-2021\"\n\t\t\t\tid=\"accordion-content-4%c2%aa-semana-%e2%80%94-11-a-15-outubro-2021\"\n\t\t\t\tstyle=\"display: none;\"\t\t\t>\n\t\t\t\t<div class=\"sow-accordion-panel-border\">\n\t\t\t\t\t<h2 style=\"color: #30935d;\"><strong>11\/10\/2021 (segunda-feira)<\/strong><\/h2>\n<h2><span style=\"color: #30935d;\"><strong>19h - <\/strong><\/span><strong>Oficina:<br \/>\n<span style=\"font-size: 18pt; color: #235287;\">Linkedin para um perfil 10\/10<br \/>\n<\/span><\/strong><span style=\"font-size: 12pt;\">Ministrante: Ana Julia Carrara<\/span><\/h2>\n<p><a href=\"https:\/\/wp.ufpel.edu.br\/conexaosuldesign\/programacao\/oficinas\/\">Clique aqui para saber mais<\/a><\/p>\n<h2 style=\"color: #30935d;\"><strong>13\/10\/2021 (quarta-feira)<\/strong><\/h2>\n<p><span style=\"color: #30935d;\"><strong>19h - <\/strong><\/span><strong>Oficina:<br \/>\n<span style=\"font-size: 18pt; color: #235287;\">XD\/Figma \u2013 Introdut\u00f3rio<\/span><\/strong><br \/>\nMinistrante: Rafa Souto e Gaby<br \/>\n<a href=\"https:\/\/wp.ufpel.edu.br\/conexaosuldesign\/programacao\/oficinas\/\">Clique aqui para saber mais<\/a><\/p>\n<h2 style=\"color: #30935d;\"><strong>14\/10\/2021 (quinta-feira)<\/strong><\/h2>\n<p><span style=\"color: #30935d;\"><strong>14h - <\/strong><\/span><strong>Oficina:<br \/>\n<span style=\"font-size: 18pt; color: #235287;\">Ilustra\u00e7\u00e3o Digital no Photoshop<\/span><\/strong><br \/>\nMinistrante: Miguel Martins<br \/>\n<a href=\"https:\/\/wp.ufpel.edu.br\/conexaosuldesign\/programacao\/oficinas\/\">Clique aqui para saber mais<\/a><\/p>\n<hr \/>\n<h2 style=\"color: #30935d;\"><strong>15\/10\/2021 (sexta-feira)<\/strong><\/h2>\n<p><span style=\"color: #30935d;\"><strong>18h - <\/strong><\/span><strong>Confer\u00eancia:<br \/>\n<span style=\"font-size: 18pt; color: #235287;\">Lanna Collares<\/span><\/strong><br \/>\n\"<em>Deep involvement: carreira \u00e9 caminho<\/em>\"<br \/>\n<a href=\"https:\/\/wp.ufpel.edu.br\/conexaosuldesign\/programacao\/conferencias\/\">Clique aqui para saber mais<\/a><\/p>\n\t\t\t\t<\/div>\n\t\t\t<\/div>\n\t\t<\/div>\n\t\t<\/div>\n<\/div>\n<\/div><\/div><\/div><\/div><\/div>","protected":false},"excerpt":{"rendered":"<p> [&hellip;]<\/p>\n","protected":false},"author":928,"featured_media":0,"parent":0,"menu_order":0,"comment_status":"closed","ping_status":"closed","template":"","meta":{"footnotes":""},"class_list":["post-66","page","type-page","status-publish","hentry","post"],"_links":{"self":[{"href":"https:\/\/wp.ufpel.edu.br\/conexaosuldesign\/wp-json\/wp\/v2\/pages\/66","targetHints":{"allow":["GET"]}}],"collection":[{"href":"https:\/\/wp.ufpel.edu.br\/conexaosuldesign\/wp-json\/wp\/v2\/pages"}],"about":[{"href":"https:\/\/wp.ufpel.edu.br\/conexaosuldesign\/wp-json\/wp\/v2\/types\/page"}],"author":[{"embeddable":true,"href":"https:\/\/wp.ufpel.edu.br\/conexaosuldesign\/wp-json\/wp\/v2\/users\/928"}],"replies":[{"embeddable":true,"href":"https:\/\/wp.ufpel.edu.br\/conexaosuldesign\/wp-json\/wp\/v2\/comments?post=66"}],"version-history":[{"count":53,"href":"https:\/\/wp.ufpel.edu.br\/conexaosuldesign\/wp-json\/wp\/v2\/pages\/66\/revisions"}],"predecessor-version":[{"id":394,"href":"https:\/\/wp.ufpel.edu.br\/conexaosuldesign\/wp-json\/wp\/v2\/pages\/66\/revisions\/394"}],"wp:attachment":[{"href":"https:\/\/wp.ufpel.edu.br\/conexaosuldesign\/wp-json\/wp\/v2\/media?parent=66"}],"curies":[{"name":"wp","href":"https:\/\/api.w.org\/{rel}","templated":true}]}}