{"id":38,"date":"2020-07-08T11:06:20","date_gmt":"2020-07-08T14:06:20","guid":{"rendered":"https:\/\/wp.ufpel.edu.br\/conexaoarte\/?page_id=38"},"modified":"2020-09-01T16:16:22","modified_gmt":"2020-09-01T19:16:22","slug":"teatro-do-oprimido-na-comunidade","status":"publish","type":"page","link":"https:\/\/wp.ufpel.edu.br\/conexaoarte\/projetos-acoes\/teatro-do-oprimido-na-comunidade\/","title":{"rendered":"Teatro do oprimido na comunidade"},"content":{"rendered":"<p>O projeto se prop\u00f5e a desenvolver atividades com a metodologia do Teatro do Oprimido na Comunidade de Pelotas e regi\u00e3o.<\/p>\n<p>No per\u00edodo de pandemia, com a necessidade de distanciamento social, utiliza o recurso de lives para debater tem\u00e1ticas sobre o combate as opress\u00f5es e a atualidade de atividades com o Teatro do Oprimido,na p\u00e1gina do projeto no <a href=\"https:\/\/www.facebook.com\/tocoufpel\" target=\"_blank\" rel=\"noopener noreferrer\">Facebook<\/a>. O TOCO tamb\u00e9m mant\u00e9m um <a href=\"http:\/\/www.instagram.com\/tocoteatrodooprimido\" target=\"_blank\" rel=\"noopener noreferrer\">perfil no Instagram<\/a>.<\/p>\n<p>24\/08\/2020 &#8211; <a href=\"https:\/\/www.facebook.com\/tocoufpel\/videos\/302044464458743\/\" target=\"_blank\" rel=\"noopener noreferrer\">Live com a participa\u00e7\u00e3o de <strong>S\u00e1 Pretto<\/strong><\/a>, graduado em Teatro pela UFPEL,<strong> curinga de Teatro do Oprimido e performer do coletivo Ruidosa Alma<\/strong>.<\/p>\n<p>10\/08\/2020 &#8211; <a href=\"https:\/\/www.facebook.com\/tocoufpel\/videos\/2702415493342681\/\" target=\"_blank\" rel=\"noopener noreferrer\">Live com as participa\u00e7\u00f5es de <strong>Ism\u00e1iler Borges <\/strong>e <strong>Marina Zo\u00e9<\/strong><\/a><strong>,<\/strong> com a tem\u00e1tica <strong>Teatro do Oprimido e pesquisa<\/strong>.<\/p>\n<p>31\/07\/2020 &#8211;<a href=\"https:\/\/www.facebook.com\/setoca20\/videos\/334212867582204\/\" target=\"_blank\" rel=\"noopener noreferrer\"><strong> Mesa redonda Teatro do Oprimido: caminhos e saberes solid\u00e1rios<\/strong>, com as participa\u00e7\u00f5es de <strong>C\u00e9li Pal\u00e1cios (RJ)<\/strong>, <strong>Fabiane Tejada (RS)<\/strong> e <strong>Licko Turle (BA)<\/strong> \u2013 <strong>Media\u00e7\u00e3o: Mateus Gon\u00e7alves (RJ)<\/strong> \/ <\/a><span class=\"text_exposed_show\">Apresenta\u00e7\u00e3o &#8211; UMA TERT\u00daLIA NO CARIRI: Cap\u00edtulo I.<\/span><\/p>\n<p><strong>Pr\u00f3ximas transmiss\u00f5es (sempre \u00e0s 19h):<\/strong><\/p>\n<p>7\/09\/2020;<\/p>\n<p>14\/09\/2020;<\/p>\n<p>21\/09\/2020<\/p>\n<p><img decoding=\"async\" src=\"https:\/\/wp.ufpel.edu.br\/conexaoarte\/files\/2020\/09\/CONEXAO-ARTE-LOGOS-CA-UFPEL.png\" alt=\"null\" \/><\/p>\n","protected":false},"excerpt":{"rendered":"<p>O projeto se prop\u00f5e a desenvolver atividades com a metodologia do Teatro do Oprimido na Comunidade de Pelotas e regi\u00e3o. No per\u00edodo de pandemia, com [&hellip;]<\/p>\n","protected":false},"author":1040,"featured_media":0,"parent":210,"menu_order":6,"comment_status":"closed","ping_status":"closed","template":"","meta":{"footnotes":""},"class_list":["post-38","page","type-page","status-publish","hentry","post"],"jetpack_sharing_enabled":true,"_links":{"self":[{"href":"https:\/\/wp.ufpel.edu.br\/conexaoarte\/wp-json\/wp\/v2\/pages\/38","targetHints":{"allow":["GET"]}}],"collection":[{"href":"https:\/\/wp.ufpel.edu.br\/conexaoarte\/wp-json\/wp\/v2\/pages"}],"about":[{"href":"https:\/\/wp.ufpel.edu.br\/conexaoarte\/wp-json\/wp\/v2\/types\/page"}],"author":[{"embeddable":true,"href":"https:\/\/wp.ufpel.edu.br\/conexaoarte\/wp-json\/wp\/v2\/users\/1040"}],"replies":[{"embeddable":true,"href":"https:\/\/wp.ufpel.edu.br\/conexaoarte\/wp-json\/wp\/v2\/comments?post=38"}],"version-history":[{"count":13,"href":"https:\/\/wp.ufpel.edu.br\/conexaoarte\/wp-json\/wp\/v2\/pages\/38\/revisions"}],"predecessor-version":[{"id":450,"href":"https:\/\/wp.ufpel.edu.br\/conexaoarte\/wp-json\/wp\/v2\/pages\/38\/revisions\/450"}],"up":[{"embeddable":true,"href":"https:\/\/wp.ufpel.edu.br\/conexaoarte\/wp-json\/wp\/v2\/pages\/210"}],"wp:attachment":[{"href":"https:\/\/wp.ufpel.edu.br\/conexaoarte\/wp-json\/wp\/v2\/media?parent=38"}],"curies":[{"name":"wp","href":"https:\/\/api.w.org\/{rel}","templated":true}]}}