{"id":24,"date":"2020-07-08T11:52:55","date_gmt":"2020-07-08T14:52:55","guid":{"rendered":"https:\/\/wp.ufpel.edu.br\/conexaoarte\/?page_id=24"},"modified":"2020-09-01T15:01:23","modified_gmt":"2020-09-01T18:01:23","slug":"cine-ufpel","status":"publish","type":"page","link":"https:\/\/wp.ufpel.edu.br\/conexaoarte\/projetos-acoes\/cine-ufpel\/","title":{"rendered":"Cine UFPEL"},"content":{"rendered":"<p>Sess\u00f5es online de curtas-metragens universit\u00e1rios, com debate, exibidos pela p\u00e1gina do facebook do Cine UFPel.<\/p>\n<p><a href=\"http:\/\/www.facebook.com\/cineufpel\">www.facebook.com\/cineufpel<\/a><\/p>\n<p>As sess\u00f5es do Cine UFPEL s\u00e3o realizadas quintas-feiras \u00e0s 18h, quinzenalmente.<\/p>\n<p>&nbsp;<\/p>\n<p>Exibi\u00e7\u00f5es e debates realizados em 2020:<\/p>\n<p>&nbsp;<\/p>\n<p><img decoding=\"async\" src=\"https:\/\/wp.ufpel.edu.br\/conexaoarte\/files\/2020\/09\/CONEXAO-ARTE-LOGOS-CA-UFPEL.png\" alt=\"null\" \/>&nbsp;<\/p>\n","protected":false},"excerpt":{"rendered":"<p>Sess\u00f5es online de curtas-metragens universit\u00e1rios, com debate, exibidos pela p\u00e1gina do facebook do Cine UFPel. www.facebook.com\/cineufpel As sess\u00f5es do Cine UFPEL s\u00e3o realizadas quintas-feiras \u00e0s [&hellip;]<\/p>\n","protected":false},"author":1040,"featured_media":239,"parent":210,"menu_order":3,"comment_status":"closed","ping_status":"closed","template":"","meta":{"footnotes":""},"class_list":["post-24","page","type-page","status-publish","has-post-thumbnail","hentry","post","post-with-thumbnail","post-with-thumbnail-large"],"jetpack_sharing_enabled":true,"_links":{"self":[{"href":"https:\/\/wp.ufpel.edu.br\/conexaoarte\/wp-json\/wp\/v2\/pages\/24","targetHints":{"allow":["GET"]}}],"collection":[{"href":"https:\/\/wp.ufpel.edu.br\/conexaoarte\/wp-json\/wp\/v2\/pages"}],"about":[{"href":"https:\/\/wp.ufpel.edu.br\/conexaoarte\/wp-json\/wp\/v2\/types\/page"}],"author":[{"embeddable":true,"href":"https:\/\/wp.ufpel.edu.br\/conexaoarte\/wp-json\/wp\/v2\/users\/1040"}],"replies":[{"embeddable":true,"href":"https:\/\/wp.ufpel.edu.br\/conexaoarte\/wp-json\/wp\/v2\/comments?post=24"}],"version-history":[{"count":6,"href":"https:\/\/wp.ufpel.edu.br\/conexaoarte\/wp-json\/wp\/v2\/pages\/24\/revisions"}],"predecessor-version":[{"id":437,"href":"https:\/\/wp.ufpel.edu.br\/conexaoarte\/wp-json\/wp\/v2\/pages\/24\/revisions\/437"}],"up":[{"embeddable":true,"href":"https:\/\/wp.ufpel.edu.br\/conexaoarte\/wp-json\/wp\/v2\/pages\/210"}],"wp:featuredmedia":[{"embeddable":true,"href":"https:\/\/wp.ufpel.edu.br\/conexaoarte\/wp-json\/wp\/v2\/media\/239"}],"wp:attachment":[{"href":"https:\/\/wp.ufpel.edu.br\/conexaoarte\/wp-json\/wp\/v2\/media?parent=24"}],"curies":[{"name":"wp","href":"https:\/\/api.w.org\/{rel}","templated":true}]}}