{"id":817,"date":"2015-10-19T10:31:56","date_gmt":"2015-10-19T12:31:56","guid":{"rendered":"https:\/\/wp.ufpel.edu.br\/conectar\/?page_id=817"},"modified":"2025-03-17T11:57:13","modified_gmt":"2025-03-17T14:57:13","slug":"equipe-gestora","status":"publish","type":"page","link":"https:\/\/wp.ufpel.edu.br\/conectar\/equipe-gestora\/","title":{"rendered":"Equipe Gestora"},"content":{"rendered":"<div id=\"pl-817\"  class=\"panel-layout\" ><div id=\"pg-817-0\"  class=\"panel-grid panel-no-style\" ><div id=\"pgc-817-0-0\"  class=\"panel-grid-cell\" ><div id=\"panel-817-0-0-0\" class=\"so-panel widget widget_sow-editor panel-first-child panel-last-child\" data-index=\"0\" ><div\n\t\t\t\n\t\t\tclass=\"so-widget-sow-editor so-widget-sow-editor-base\"\n\t\t\t\n\t\t>\n<div class=\"siteorigin-widget-tinymce textwidget\">\n\t<p>A equipe gestora da Conectar \u00e9 respons\u00e1vel por fazer cumprir as decis\u00f5es, diretrizes e normas estabelecidas pelo Comit\u00ea Gestor, al\u00e9m de propor a\u00e7\u00f5es de est\u00edmulo ao surgimento de novos neg\u00f3cios e promo\u00e7\u00e3o de empreendedorismo, bem como propor a\u00e7\u00f5es com impacto em ensino, pesquisa, extens\u00e3o e inova\u00e7\u00e3o advindas das intera\u00e7\u00f5es e oportunidades identificadas no ambiente da incubadora.<\/p>\n<\/div>\n<\/div><\/div><\/div><\/div><div id=\"pg-817-1\"  class=\"panel-grid panel-no-style\" ><div id=\"pgc-817-1-0\"  class=\"panel-grid-cell\" ><div id=\"panel-817-1-0-0\" class=\"so-panel widget widget_sow-image panel-first-child\" data-index=\"1\" ><div\n\t\t\t\n\t\t\tclass=\"so-widget-sow-image so-widget-sow-image-default-ac6551510b31-817\"\n\t\t\t\n\t\t>\n<div class=\"sow-image-container\">\n\t\t\t<a href=\"https:\/\/institucional.ufpel.edu.br\/servidores\/id\/35904\"\n\t\t\ttarget=\"_blank\" rel=\"noopener noreferrer\" \t\t>\n\t\t\t<img \n\tsrc=\"https:\/\/wp.ufpel.edu.br\/conectar\/files\/2025\/03\/marrques.jpg\" width=\"212\" height=\"237\" sizes=\"(max-width: 212px) 100vw, 212px\" title=\"Coordenador: Prof. Felipe Marques\" alt=\"\" \t\tclass=\"so-widget-image\"\/>\n\t\t\t<\/a><\/div>\n\n<h3 class=\"widget-title\">Coordenador: Prof. Felipe Marques<\/h3><\/div><\/div><div id=\"panel-817-1-0-1\" class=\"so-panel widget widget_sow-image panel-last-child\" data-index=\"2\" ><div\n\t\t\t\n\t\t\tclass=\"so-widget-sow-image so-widget-sow-image-default-ac6551510b31-817\"\n\t\t\t\n\t\t>\n<div class=\"sow-image-container\">\n\t\t\t<a href=\"https:\/\/institucional.ufpel.edu.br\/servidores\/id\/145821\"\n\t\t\ttarget=\"_blank\" rel=\"noopener noreferrer\" \t\t>\n\t\t\t<img \n\tsrc=\"https:\/\/wp.ufpel.edu.br\/conectar\/files\/2025\/03\/f520f02b-12b5-426a-b2db-4fca58ee9f28-200x200.jpeg\" width=\"200\" height=\"200\" sizes=\"(max-width: 200px) 100vw, 200px\" title=\"Apoio: Charles Cunha Bolsista BDI\" alt=\"\" \t\tclass=\"so-widget-image\"\/>\n\t\t\t<\/a><\/div>\n\n<h3 class=\"widget-title\">Apoio: Charles Cunha Bolsista BDI<\/h3><\/div><\/div><\/div><div id=\"pgc-817-1-1\"  class=\"panel-grid-cell\" ><div id=\"panel-817-1-1-0\" class=\"so-panel widget widget_sow-image panel-first-child panel-last-child\" data-index=\"3\" ><div\n\t\t\t\n\t\t\tclass=\"so-widget-sow-image so-widget-sow-image-default-ac6551510b31-817\"\n\t\t\t\n\t\t>\n<div class=\"sow-image-container\">\n\t\t\t<a href=\"https:\/\/institucional.ufpel.edu.br\/servidores\/id\/145821\"\n\t\t\ttarget=\"_blank\" rel=\"noopener noreferrer\" \t\t>\n\t\t\t<img \n\tsrc=\"https:\/\/wp.ufpel.edu.br\/conectar\/files\/2025\/03\/adalice-200x200.png\" width=\"200\" height=\"200\" srcset=\"https:\/\/wp.ufpel.edu.br\/conectar\/files\/2025\/03\/adalice-200x200.png 200w, https:\/\/wp.ufpel.edu.br\/conectar\/files\/2025\/03\/adalice-400x400.png 400w, https:\/\/wp.ufpel.edu.br\/conectar\/files\/2025\/03\/adalice-768x768.png 768w, https:\/\/wp.ufpel.edu.br\/conectar\/files\/2025\/03\/adalice.png 864w\" sizes=\"(max-width: 200px) 100vw, 200px\" title=\"Apoio: Adm. Adalice Kosby\" alt=\"\" \t\tclass=\"so-widget-image\"\/>\n\t\t\t<\/a><\/div>\n\n<h3 class=\"widget-title\">Apoio: Adm. Adalice Kosby<\/h3><\/div><\/div><\/div><\/div><\/div>","protected":false},"excerpt":{"rendered":"<p> [&hellip;]<\/p>\n","protected":false},"author":515,"featured_media":0,"parent":0,"menu_order":0,"comment_status":"closed","ping_status":"closed","template":"","meta":{"jetpack_post_was_ever_published":false,"footnotes":""},"class_list":["post-817","page","type-page","status-publish","hentry","post"],"jetpack_shortlink":"https:\/\/wp.me\/P6RUlR-db","jetpack_sharing_enabled":true,"_links":{"self":[{"href":"https:\/\/wp.ufpel.edu.br\/conectar\/wp-json\/wp\/v2\/pages\/817","targetHints":{"allow":["GET"]}}],"collection":[{"href":"https:\/\/wp.ufpel.edu.br\/conectar\/wp-json\/wp\/v2\/pages"}],"about":[{"href":"https:\/\/wp.ufpel.edu.br\/conectar\/wp-json\/wp\/v2\/types\/page"}],"author":[{"embeddable":true,"href":"https:\/\/wp.ufpel.edu.br\/conectar\/wp-json\/wp\/v2\/users\/515"}],"replies":[{"embeddable":true,"href":"https:\/\/wp.ufpel.edu.br\/conectar\/wp-json\/wp\/v2\/comments?post=817"}],"version-history":[{"count":25,"href":"https:\/\/wp.ufpel.edu.br\/conectar\/wp-json\/wp\/v2\/pages\/817\/revisions"}],"predecessor-version":[{"id":3991,"href":"https:\/\/wp.ufpel.edu.br\/conectar\/wp-json\/wp\/v2\/pages\/817\/revisions\/3991"}],"wp:attachment":[{"href":"https:\/\/wp.ufpel.edu.br\/conectar\/wp-json\/wp\/v2\/media?parent=817"}],"curies":[{"name":"wp","href":"https:\/\/api.w.org\/{rel}","templated":true}]}}