{"id":809,"date":"2015-10-19T10:16:49","date_gmt":"2015-10-19T12:16:49","guid":{"rendered":"https:\/\/wp.ufpel.edu.br\/conectar\/?page_id=809"},"modified":"2025-03-17T12:03:46","modified_gmt":"2025-03-17T15:03:46","slug":"comite-gestor","status":"publish","type":"page","link":"https:\/\/wp.ufpel.edu.br\/conectar\/comite-gestor\/","title":{"rendered":"Comit\u00ea Gestor"},"content":{"rendered":"<div id=\"pl-809\"  class=\"panel-layout\" ><div id=\"pg-809-0\"  class=\"panel-grid panel-no-style\" ><div id=\"pgc-809-0-0\"  class=\"panel-grid-cell\" ><div id=\"panel-809-0-0-0\" class=\"so-panel widget widget_sow-editor panel-first-child panel-last-child\" data-index=\"0\" ><div\n\t\t\t\n\t\t\tclass=\"so-widget-sow-editor so-widget-sow-editor-base\"\n\t\t\t\n\t\t>\n<div class=\"siteorigin-widget-tinymce textwidget\">\n\t<p>O Comit\u00ea Gestor da Conectar \u00e9 o \u00f3rg\u00e3o respons\u00e1vel por elaborar o regimento interno de funcionamento da Incubadora, elaborar o processo de sele\u00e7\u00e3o, avaliar as empresas para troca de fase e indicar o Coordenador da Incubadora. Este Comit\u00ea tem mandato de 2 (dois)\u00a0anos, permitindo-se recondu\u00e7\u00f5es.<\/p>\n<\/div>\n<\/div><\/div><\/div><\/div><div id=\"pg-809-1\"  class=\"panel-grid panel-no-style\" ><div id=\"pgc-809-1-0\"  class=\"panel-grid-cell\" ><div id=\"panel-809-1-0-0\" class=\"so-panel widget widget_sow-image panel-first-child panel-last-child\" data-index=\"1\" ><div\n\t\t\t\n\t\t\tclass=\"so-widget-sow-image so-widget-sow-image-default-ac6551510b31-809\"\n\t\t\t\n\t\t>\n<div class=\"sow-image-container\">\n\t\t\t<a href=\"https:\/\/institucional.ufpel.edu.br\/servidores\/id\/6024\"\n\t\t\ttarget=\"_blank\" rel=\"noopener noreferrer\" \t\t>\n\t\t\t<img \n\tsrc=\"https:\/\/wp.ufpel.edu.br\/conectar\/files\/2025\/03\/campos-200x200.jpg\" width=\"200\" height=\"200\" srcset=\"https:\/\/wp.ufpel.edu.br\/conectar\/files\/2025\/03\/campos-200x200.jpg 200w, https:\/\/wp.ufpel.edu.br\/conectar\/files\/2025\/03\/campos-400x400.jpg 400w, https:\/\/wp.ufpel.edu.br\/conectar\/files\/2025\/03\/campos.jpg 485w\" sizes=\"(max-width: 200px) 100vw, 200px\" title=\"Vinicius Campos\" alt=\"\" \t\tclass=\"so-widget-image\"\/>\n\t\t\t<\/a><\/div>\n\n<h3 class=\"widget-title\">Vinicius Campos<\/h3><\/div><\/div><\/div><div id=\"pgc-809-1-1\"  class=\"panel-grid-cell\" ><div id=\"panel-809-1-1-0\" class=\"so-panel widget widget_sow-image panel-first-child panel-last-child\" data-index=\"2\" ><div\n\t\t\t\n\t\t\tclass=\"so-widget-sow-image so-widget-sow-image-default-ac6551510b31-809\"\n\t\t\t\n\t\t>\n<div class=\"sow-image-container\">\n\t\t\t<a href=\"https:\/\/institucional.ufpel.edu.br\/servidores\/id\/35904\"\n\t\t\ttarget=\"_blank\" rel=\"noopener noreferrer\" \t\t>\n\t\t\t<img \n\tsrc=\"https:\/\/wp.ufpel.edu.br\/conectar\/files\/2025\/03\/marrques-200x200.jpg\" width=\"200\" height=\"200\" sizes=\"(max-width: 200px) 100vw, 200px\" title=\"Prof.Felipe Marques\" alt=\"\" \t\tclass=\"so-widget-image\"\/>\n\t\t\t<\/a><\/div>\n\n<h3 class=\"widget-title\">Prof.Felipe Marques<\/h3><\/div><\/div><\/div><div id=\"pgc-809-1-2\"  class=\"panel-grid-cell panel-grid-cell-empty panel-grid-cell-mobile-last\" ><\/div><div id=\"pgc-809-1-3\"  class=\"panel-grid-cell panel-grid-cell-empty\" ><\/div><\/div><\/div>","protected":false},"excerpt":{"rendered":"<p> [&hellip;]<\/p>\n","protected":false},"author":515,"featured_media":0,"parent":0,"menu_order":0,"comment_status":"closed","ping_status":"closed","template":"","meta":{"jetpack_post_was_ever_published":false,"footnotes":""},"class_list":["post-809","page","type-page","status-publish","hentry","post"],"jetpack_shortlink":"https:\/\/wp.me\/P6RUlR-d3","jetpack_sharing_enabled":true,"_links":{"self":[{"href":"https:\/\/wp.ufpel.edu.br\/conectar\/wp-json\/wp\/v2\/pages\/809","targetHints":{"allow":["GET"]}}],"collection":[{"href":"https:\/\/wp.ufpel.edu.br\/conectar\/wp-json\/wp\/v2\/pages"}],"about":[{"href":"https:\/\/wp.ufpel.edu.br\/conectar\/wp-json\/wp\/v2\/types\/page"}],"author":[{"embeddable":true,"href":"https:\/\/wp.ufpel.edu.br\/conectar\/wp-json\/wp\/v2\/users\/515"}],"replies":[{"embeddable":true,"href":"https:\/\/wp.ufpel.edu.br\/conectar\/wp-json\/wp\/v2\/comments?post=809"}],"version-history":[{"count":29,"href":"https:\/\/wp.ufpel.edu.br\/conectar\/wp-json\/wp\/v2\/pages\/809\/revisions"}],"predecessor-version":[{"id":4002,"href":"https:\/\/wp.ufpel.edu.br\/conectar\/wp-json\/wp\/v2\/pages\/809\/revisions\/4002"}],"wp:attachment":[{"href":"https:\/\/wp.ufpel.edu.br\/conectar\/wp-json\/wp\/v2\/media?parent=809"}],"curies":[{"name":"wp","href":"https:\/\/api.w.org\/{rel}","templated":true}]}}