{"id":3661,"date":"2021-05-04T17:55:51","date_gmt":"2021-05-04T20:55:51","guid":{"rendered":"https:\/\/wp.ufpel.edu.br\/conectar\/?page_id=3661"},"modified":"2026-03-06T14:31:19","modified_gmt":"2026-03-06T17:31:19","slug":"noticias","status":"publish","type":"page","link":"https:\/\/wp.ufpel.edu.br\/conectar\/noticias\/","title":{"rendered":"Not\u00edcias"},"content":{"rendered":"<div id=\"pl-3661\"  class=\"panel-layout\" ><div id=\"pg-3661-0\"  class=\"panel-grid panel-no-style\" ><div id=\"pgc-3661-0-0\"  class=\"panel-grid-cell\" >\n\t\t<div id=\"panel-3661-0-0-0\" class=\"so-panel widget widget_recent-posts widget_recent_entries panel-first-child panel-last-child\" data-index=\"0\" >\n\t\t<h3 class=\"widget-title\">\u00daltimas Not\u00edcias<\/h3>\n\t\t<ul>\n\t\t\t\t\t\t\t\t\t\t\t<li>\n\t\t\t\t\t<a href=\"https:\/\/wp.ufpel.edu.br\/conectar\/2026\/03\/16\/incubadora-conectar-conquista-certificacao-cerne-1\/\">Incubadora Conectar conquista certifica\u00e7\u00e3o CERNE 1.<\/a>\n\t\t\t\t\t\t\t\t\t\t\t<span class=\"post-date\">16\/03\/2026<\/span>\n\t\t\t\t\t\t\t\t\t<\/li>\n\t\t\t\t\t\t\t\t\t\t\t<li>\n\t\t\t\t\t<a href=\"https:\/\/wp.ufpel.edu.br\/conectar\/2026\/03\/16\/empresa-incubada-na-conectar-promove-evento-de-inovacao-no-pelotas-parque-tecnologico\/\">Empresa  incubada na Conectar promove evento de inova\u00e7\u00e3o no Pelotas Parque Tecnol\u00f3gico.<\/a>\n\t\t\t\t\t\t\t\t\t\t\t<span class=\"post-date\">16\/03\/2026<\/span>\n\t\t\t\t\t\t\t\t\t<\/li>\n\t\t\t\t\t\t\t\t\t\t\t<li>\n\t\t\t\t\t<a href=\"https:\/\/wp.ufpel.edu.br\/conectar\/2026\/03\/06\/edital-de-selecao-de-novos-projetos-e-empresas-2026\/\">Edital de Sele\u00e7\u00e3o de Novos Projetos e Empresas 2026<\/a>\n\t\t\t\t\t\t\t\t\t\t\t<span class=\"post-date\">06\/03\/2026<\/span>\n\t\t\t\t\t\t\t\t\t<\/li>\n\t\t\t\t\t\t\t\t\t\t\t<li>\n\t\t\t\t\t<a href=\"https:\/\/wp.ufpel.edu.br\/conectar\/2026\/01\/21\/empresas-da-conectar-sao-selecionadas-para-segunda-faze-do-edital-centelha\/\">Empresas da CONECTAR s\u00e3o selecionadas para segunda faze do edital  Centelha.<\/a>\n\t\t\t\t\t\t\t\t\t\t\t<span class=\"post-date\">21\/01\/2026<\/span>\n\t\t\t\t\t\t\t\t\t<\/li>\n\t\t\t\t\t\t\t\t\t\t\t<li>\n\t\t\t\t\t<a href=\"https:\/\/wp.ufpel.edu.br\/conectar\/2025\/11\/14\/conectar-ufpel-gradua-empresa-incubada\/\">Conectar-UFPel gradua empresa incubada<\/a>\n\t\t\t\t\t\t\t\t\t\t\t<span class=\"post-date\">14\/11\/2025<\/span>\n\t\t\t\t\t\t\t\t\t<\/li>\n\t\t\t\t\t<\/ul>\n\n\t\t<\/div><\/div><\/div><div id=\"pg-3661-1\"  class=\"panel-grid panel-no-style\" ><div id=\"pgc-3661-1-0\"  class=\"panel-grid-cell\" ><div id=\"panel-3661-1-0-0\" class=\"so-panel widget widget_siteorigin-panels-postloop panel-first-child panel-last-child\" data-index=\"1\" ><h3 class=\"widget-title\">Not\u00edcias<\/h3>\n\t<div id=\"vantage-grid-loop\" class=\"vantage-grid-loop grid-loop-columns-4\">\n\t\t\t\t\t<article class=\"grid-post post-4731 post type-post status-publish format-standard has-post-thumbnail hentry category-noticias post-with-thumbnail post-with-thumbnail-large\">\n\n\t\t\t\t\t\t\t\t\t<a class=\"grid-thumbnail\" href=\"https:\/\/wp.ufpel.edu.br\/conectar\/2026\/03\/16\/incubadora-conectar-conquista-certificacao-cerne-1\/\">\n\t\t\t\t\t\t<img loading=\"lazy\" decoding=\"async\" width=\"436\" height=\"272\" src=\"https:\/\/wp.ufpel.edu.br\/conectar\/files\/2026\/03\/unnamed-436x272.jpg\" class=\"attachment-vantage-grid-loop size-vantage-grid-loop wp-post-image\" alt=\"\" \/>\t\t\t\t\t<\/a>\n\t\t\t\t\n\t\t\t\t<h3><a href=\"https:\/\/wp.ufpel.edu.br\/conectar\/2026\/03\/16\/incubadora-conectar-conquista-certificacao-cerne-1\/\">Incubadora Conectar conquista certifica\u00e7\u00e3o CERNE 1.<\/a><\/h3>\n\t\t\t\t<div class=\"excerpt\"><p> [&hellip;]<\/p>\n<\/div>\n\t\t\t\t\t\t\t\t\t\t\t<\/article>\n\t\t\t\t\t\t<article class=\"grid-post post-4725 post type-post status-publish format-standard has-post-thumbnail hentry category-noticias post-with-thumbnail post-with-thumbnail-large\">\n\n\t\t\t\t\t\t\t\t\t<a class=\"grid-thumbnail\" href=\"https:\/\/wp.ufpel.edu.br\/conectar\/2026\/03\/16\/empresa-incubada-na-conectar-promove-evento-de-inovacao-no-pelotas-parque-tecnologico\/\">\n\t\t\t\t\t\t<img loading=\"lazy\" decoding=\"async\" width=\"436\" height=\"272\" src=\"https:\/\/wp.ufpel.edu.br\/conectar\/files\/2026\/03\/20260114-Evento-Startup-Hunt-Day-Save-the-Date-819x1024-1-436x272.jpg\" class=\"attachment-vantage-grid-loop size-vantage-grid-loop wp-post-image\" alt=\"\" \/>\t\t\t\t\t<\/a>\n\t\t\t\t\n\t\t\t\t<h3><a href=\"https:\/\/wp.ufpel.edu.br\/conectar\/2026\/03\/16\/empresa-incubada-na-conectar-promove-evento-de-inovacao-no-pelotas-parque-tecnologico\/\">Empresa  incubada na Conectar promove evento de inova\u00e7\u00e3o no Pelotas Parque Tecnol\u00f3gico.<\/a><\/h3>\n\t\t\t\t<div class=\"excerpt\"><p> [&hellip;]<\/p>\n<\/div>\n\t\t\t\t\t\t\t\t\t\t\t<\/article>\n\t\t\t\t\t\t<article class=\"grid-post post-4715 post type-post status-publish format-standard has-post-thumbnail hentry category-editais category-edital-aberto category-noticias category-selecao_empresas post-with-thumbnail post-with-thumbnail-large\">\n\n\t\t\t\t\t\t\t\t\t<a class=\"grid-thumbnail\" href=\"https:\/\/wp.ufpel.edu.br\/conectar\/2026\/03\/06\/edital-de-selecao-de-novos-projetos-e-empresas-2026\/\">\n\t\t\t\t\t\t<img loading=\"lazy\" decoding=\"async\" width=\"436\" height=\"272\" src=\"https:\/\/wp.ufpel.edu.br\/conectar\/files\/2023\/02\/Post-para-instagram-atencao-simples-amarelo-436x272.png\" class=\"attachment-vantage-grid-loop size-vantage-grid-loop wp-post-image\" alt=\"\" \/>\t\t\t\t\t<\/a>\n\t\t\t\t\n\t\t\t\t<h3><a href=\"https:\/\/wp.ufpel.edu.br\/conectar\/2026\/03\/06\/edital-de-selecao-de-novos-projetos-e-empresas-2026\/\">Edital de Sele\u00e7\u00e3o de Novos Projetos e Empresas 2026<\/a><\/h3>\n\t\t\t\t<div class=\"excerpt\"><p> [&hellip;]<\/p>\n<\/div>\n\t\t\t\t\t\t\t\t\t\t\t<\/article>\n\t\t\t\t\t\t<article class=\"grid-post post-4632 post type-post status-publish format-standard has-post-thumbnail hentry category-noticias post-with-thumbnail post-with-thumbnail-large\">\n\n\t\t\t\t\t\t\t\t\t<a class=\"grid-thumbnail\" href=\"https:\/\/wp.ufpel.edu.br\/conectar\/2026\/01\/21\/empresas-da-conectar-sao-selecionadas-para-segunda-faze-do-edital-centelha\/\">\n\t\t\t\t\t\t<img loading=\"lazy\" decoding=\"async\" width=\"436\" height=\"272\" src=\"https:\/\/wp.ufpel.edu.br\/conectar\/files\/2026\/01\/Captura-de-tela-2026-01-22-101652-436x272.png\" class=\"attachment-vantage-grid-loop size-vantage-grid-loop wp-post-image\" alt=\"\" \/>\t\t\t\t\t<\/a>\n\t\t\t\t\n\t\t\t\t<h3><a href=\"https:\/\/wp.ufpel.edu.br\/conectar\/2026\/01\/21\/empresas-da-conectar-sao-selecionadas-para-segunda-faze-do-edital-centelha\/\">Empresas da CONECTAR s\u00e3o selecionadas para segunda faze do edital  Centelha.<\/a><\/h3>\n\t\t\t\t<div class=\"excerpt\"><p> [&hellip;]<\/p>\n<\/div>\n\t\t\t\t\t\t\t\t\t\t\t<\/article>\n\t\t\t\t\t\t\t<div class=\"clear\"><\/div>\n\t\t\t\t\t\t\t<article class=\"grid-post post-4609 post type-post status-publish format-standard has-post-thumbnail hentry category-noticias post-with-thumbnail post-with-thumbnail-large\">\n\n\t\t\t\t\t\t\t\t\t<a class=\"grid-thumbnail\" href=\"https:\/\/wp.ufpel.edu.br\/conectar\/2025\/11\/14\/conectar-ufpel-gradua-empresa-incubada\/\">\n\t\t\t\t\t\t<img loading=\"lazy\" decoding=\"async\" width=\"436\" height=\"272\" src=\"https:\/\/wp.ufpel.edu.br\/conectar\/files\/2025\/11\/conectar.graduacao-436x272.jpg\" class=\"attachment-vantage-grid-loop size-vantage-grid-loop wp-post-image\" alt=\"\" \/>\t\t\t\t\t<\/a>\n\t\t\t\t\n\t\t\t\t<h3><a href=\"https:\/\/wp.ufpel.edu.br\/conectar\/2025\/11\/14\/conectar-ufpel-gradua-empresa-incubada\/\">Conectar-UFPel gradua empresa incubada<\/a><\/h3>\n\t\t\t\t<div class=\"excerpt\"><p> [&hellip;]<\/p>\n<\/div>\n\t\t\t\t\t\t\t\t\t\t\t<\/article>\n\t\t\t\t\t\t<article class=\"grid-post post-4588 post type-post status-publish format-standard has-post-thumbnail hentry category-noticias post-with-thumbnail post-with-thumbnail-large\">\n\n\t\t\t\t\t\t\t\t\t<a class=\"grid-thumbnail\" href=\"https:\/\/wp.ufpel.edu.br\/conectar\/2025\/10\/13\/conectar-presente-na-99o-expofeira-de-pelotas-de-2025\/\">\n\t\t\t\t\t\t<img loading=\"lazy\" decoding=\"async\" width=\"436\" height=\"272\" src=\"https:\/\/wp.ufpel.edu.br\/conectar\/files\/2025\/10\/22494644-636f-4614-bb87-07a8f7a4e236-436x272.jpeg\" class=\"attachment-vantage-grid-loop size-vantage-grid-loop wp-post-image\" alt=\"\" \/>\t\t\t\t\t<\/a>\n\t\t\t\t\n\t\t\t\t<h3><a href=\"https:\/\/wp.ufpel.edu.br\/conectar\/2025\/10\/13\/conectar-presente-na-99o-expofeira-de-pelotas-de-2025\/\">Conectar presente na 99\u00ba Expofeira de Pelotas de 2025.<\/a><\/h3>\n\t\t\t\t<div class=\"excerpt\"><p> [&hellip;]<\/p>\n<\/div>\n\t\t\t\t\t\t\t\t\t\t\t<\/article>\n\t\t\t\t\t\t<article class=\"grid-post post-4351 post type-post status-publish format-standard has-post-thumbnail hentry category-noticias post-with-thumbnail post-with-thumbnail-large\">\n\n\t\t\t\t\t\t\t\t\t<a class=\"grid-thumbnail\" href=\"https:\/\/wp.ufpel.edu.br\/conectar\/2025\/06\/10\/empresas-da-conectar-participam-de-programa-rampa-scale-up\/\">\n\t\t\t\t\t\t<img loading=\"lazy\" decoding=\"async\" width=\"436\" height=\"272\" src=\"https:\/\/wp.ufpel.edu.br\/conectar\/files\/2025\/06\/Captura-de-tela-2025-06-10-105454-436x272.png\" class=\"attachment-vantage-grid-loop size-vantage-grid-loop wp-post-image\" alt=\"\" \/>\t\t\t\t\t<\/a>\n\t\t\t\t\n\t\t\t\t<h3><a href=\"https:\/\/wp.ufpel.edu.br\/conectar\/2025\/06\/10\/empresas-da-conectar-participam-de-programa-rampa-scale-up\/\">Empresas da CONECTAR participam de programa  Rampa Scale Up<\/a><\/h3>\n\t\t\t\t<div class=\"excerpt\"><p> [&hellip;]<\/p>\n<\/div>\n\t\t\t\t\t\t\t\t\t\t\t<\/article>\n\t\t\t\t\t\t<article class=\"grid-post post-4296 post type-post status-publish format-standard has-post-thumbnail hentry category-noticias post-with-thumbnail post-with-thumbnail-large\">\n\n\t\t\t\t\t\t\t\t\t<a class=\"grid-thumbnail\" href=\"https:\/\/wp.ufpel.edu.br\/conectar\/2025\/05\/13\/empresas-da-conectar-sao-contemplados-com-bolsa-do-progama-de-manuntacao-de-talentos-tecnologico-emergencia-climatica\/\">\n\t\t\t\t\t\t<img loading=\"lazy\" decoding=\"async\" width=\"436\" height=\"272\" src=\"https:\/\/wp.ufpel.edu.br\/conectar\/files\/2025\/05\/Captura-de-tela-2025-05-13-101658af-436x272.png\" class=\"attachment-vantage-grid-loop size-vantage-grid-loop wp-post-image\" alt=\"\" \/>\t\t\t\t\t<\/a>\n\t\t\t\t\n\t\t\t\t<h3><a href=\"https:\/\/wp.ufpel.edu.br\/conectar\/2025\/05\/13\/empresas-da-conectar-sao-contemplados-com-bolsa-do-progama-de-manuntacao-de-talentos-tecnologico-emergencia-climatica\/\">Empresas da CONECTAR  s\u00e3o contempladas com  bolsas do Progama de manuten\u00e7\u00e3o de talentos tecnol\u00f3gico- EMERG\u00caNCIA CLIM\u00c1TICA<\/a><\/h3>\n\t\t\t\t<div class=\"excerpt\"><p> [&hellip;]<\/p>\n<\/div>\n\t\t\t\t\t\t\t\t\t\t\t<\/article>\n\t\t\t\t\t\t\t<div class=\"clear\"><\/div>\n\t\t\t\t\t\t\t<article class=\"grid-post post-4263 post type-post status-publish format-standard has-post-thumbnail hentry category-noticias tag-conectar-ufpel tag-ufpeloficial post-with-thumbnail post-with-thumbnail-large\">\n\n\t\t\t\t\t\t\t\t\t<a class=\"grid-thumbnail\" href=\"https:\/\/wp.ufpel.edu.br\/conectar\/2025\/04\/11\/empresas-da-conectar-no-maior-evento-de-inovacao-do-rs\/\">\n\t\t\t\t\t\t<img loading=\"lazy\" decoding=\"async\" width=\"436\" height=\"272\" src=\"https:\/\/wp.ufpel.edu.br\/conectar\/files\/2025\/04\/13b1dccf-bf7e-4b41-80e2-7431ac8f69d4-436x272.jpeg\" class=\"attachment-vantage-grid-loop size-vantage-grid-loop wp-post-image\" alt=\"\" \/>\t\t\t\t\t<\/a>\n\t\t\t\t\n\t\t\t\t<h3><a href=\"https:\/\/wp.ufpel.edu.br\/conectar\/2025\/04\/11\/empresas-da-conectar-no-maior-evento-de-inovacao-do-rs\/\">Empresas da CONECTAR no maior evento de inova\u00e7\u00e3o do RS<\/a><\/h3>\n\t\t\t\t<div class=\"excerpt\"><p> [&hellip;]<\/p>\n<\/div>\n\t\t\t\t\t\t\t\t\t\t\t<\/article>\n\t\t\t\t\t\t<article class=\"grid-post post-4240 post type-post status-publish format-standard has-post-thumbnail hentry category-noticias post-with-thumbnail post-with-thumbnail-large\">\n\n\t\t\t\t\t\t\t\t\t<a class=\"grid-thumbnail\" href=\"https:\/\/wp.ufpel.edu.br\/conectar\/2025\/04\/07\/empresas-da-conectar-ficam-entre-as-15-finalistas-do-programa-de-aceleracao-brde-labs\/\">\n\t\t\t\t\t\t<img loading=\"lazy\" decoding=\"async\" width=\"436\" height=\"272\" src=\"https:\/\/wp.ufpel.edu.br\/conectar\/files\/2025\/04\/b5bc0bd7-6e9c-46e3-b8b4-2c76135a56cd-e1744031927646-436x272.jpeg\" class=\"attachment-vantage-grid-loop size-vantage-grid-loop wp-post-image\" alt=\"\" \/>\t\t\t\t\t<\/a>\n\t\t\t\t\n\t\t\t\t<h3><a href=\"https:\/\/wp.ufpel.edu.br\/conectar\/2025\/04\/07\/empresas-da-conectar-ficam-entre-as-15-finalistas-do-programa-de-aceleracao-brde-labs\/\">Empresas da Conectar ficam  entre as 15 finalistas do programa de acelera\u00e7\u00e3o  do BRDE LABS.<\/a><\/h3>\n\t\t\t\t<div class=\"excerpt\"><p> [&hellip;]<\/p>\n<\/div>\n\t\t\t\t\t\t\t\t\t\t\t<\/article>\n\t\t\t\t<\/div>\n\n\t\t\t<nav id=\"nav-below\" class=\"site-navigation paging-navigation\">\n\t\t\t<h2 class=\"assistive-text\">Navega\u00e7\u00e3o de posts<\/h2>\n\n\t\t\t<div class='pagination'><span aria-current=\"page\" class=\"page-numbers current\">1<\/span>\n<a class=\"page-numbers\" href=\"https:\/\/wp.ufpel.edu.br\/conectar\/wp-json\/wp\/v2\/pages\/3661\/page\/2\/\">2<\/a>\n<a class=\"page-numbers\" href=\"https:\/\/wp.ufpel.edu.br\/conectar\/wp-json\/wp\/v2\/pages\/3661\/page\/3\/\">3<\/a>\n<a class=\"page-numbers\" href=\"https:\/\/wp.ufpel.edu.br\/conectar\/wp-json\/wp\/v2\/pages\/3661\/page\/4\/\">4<\/a>\n<a class=\"page-numbers\" href=\"https:\/\/wp.ufpel.edu.br\/conectar\/wp-json\/wp\/v2\/pages\/3661\/page\/5\/\">5<\/a>\n<a class=\"page-numbers\" href=\"https:\/\/wp.ufpel.edu.br\/conectar\/wp-json\/wp\/v2\/pages\/3661\/page\/6\/\">6<\/a>\n<span class=\"page-numbers dots\">&hellip;<\/span>\n<a class=\"page-numbers\" href=\"https:\/\/wp.ufpel.edu.br\/conectar\/wp-json\/wp\/v2\/pages\/3661\/page\/39\/\">39<\/a>\n<a class=\"next page-numbers\" href=\"https:\/\/wp.ufpel.edu.br\/conectar\/wp-json\/wp\/v2\/pages\/3661\/page\/2\/\">Pr\u00f3ximo &raquo;<\/a><\/div>\n\n\t\t<\/nav><!-- #nav-below -->\n\t\t<\/div><\/div><\/div><\/div>","protected":false},"excerpt":{"rendered":"","protected":false},"author":515,"featured_media":0,"parent":0,"menu_order":0,"comment_status":"closed","ping_status":"closed","template":"","meta":{"jetpack_post_was_ever_published":false,"footnotes":""},"class_list":["post-3661","page","type-page","status-publish","hentry","post","post-with-thumbnail","post-with-thumbnail-large"],"jetpack_shortlink":"https:\/\/wp.me\/P6RUlR-X3","jetpack_sharing_enabled":true,"_links":{"self":[{"href":"https:\/\/wp.ufpel.edu.br\/conectar\/wp-json\/wp\/v2\/pages\/3661","targetHints":{"allow":["GET"]}}],"collection":[{"href":"https:\/\/wp.ufpel.edu.br\/conectar\/wp-json\/wp\/v2\/pages"}],"about":[{"href":"https:\/\/wp.ufpel.edu.br\/conectar\/wp-json\/wp\/v2\/types\/page"}],"author":[{"embeddable":true,"href":"https:\/\/wp.ufpel.edu.br\/conectar\/wp-json\/wp\/v2\/users\/515"}],"replies":[{"embeddable":true,"href":"https:\/\/wp.ufpel.edu.br\/conectar\/wp-json\/wp\/v2\/comments?post=3661"}],"version-history":[{"count":3,"href":"https:\/\/wp.ufpel.edu.br\/conectar\/wp-json\/wp\/v2\/pages\/3661\/revisions"}],"predecessor-version":[{"id":4714,"href":"https:\/\/wp.ufpel.edu.br\/conectar\/wp-json\/wp\/v2\/pages\/3661\/revisions\/4714"}],"wp:attachment":[{"href":"https:\/\/wp.ufpel.edu.br\/conectar\/wp-json\/wp\/v2\/media?parent=3661"}],"curies":[{"name":"wp","href":"https:\/\/api.w.org\/{rel}","templated":true}]}}