{"id":3179,"date":"2021-04-14T16:03:45","date_gmt":"2021-04-14T19:03:45","guid":{"rendered":"https:\/\/wp.ufpel.edu.br\/conectar\/?page_id=3179"},"modified":"2021-04-26T13:15:05","modified_gmt":"2021-04-26T16:15:05","slug":"quero-incubar","status":"publish","type":"page","link":"https:\/\/wp.ufpel.edu.br\/conectar\/quero-incubar\/","title":{"rendered":"Quero Incubar"},"content":{"rendered":"<div id=\"pl-3179\"  class=\"panel-layout\" ><div id=\"pg-3179-0\"  class=\"panel-grid panel-no-style\" ><div id=\"pgc-3179-0-0\"  class=\"panel-grid-cell\" ><div id=\"panel-3179-0-0-0\" class=\"so-panel widget widget_sow-headline panel-first-child\" data-index=\"0\" ><div\n\t\t\t\n\t\t\tclass=\"so-widget-sow-headline so-widget-sow-headline-default-e787bf999adf-3179\"\n\t\t\t\n\t\t><div class=\"sow-headline-container \">\n\t\t\t\t\t\t\t<h1 class=\"sow-headline\">\n\t\t\t\t\t\t<b>O que \u00e9 incuba\u00e7\u00e3o?<\/b><b><\/b>\t\t\t\t\t\t<\/h1>\n\t\t\t\t\t\t\t\t\t\t\t<div class=\"decoration\">\n\t\t\t\t\t\t<div class=\"decoration-inside\"><\/div>\n\t\t\t\t\t<\/div>\n\t\t\t\t\t<\/div>\n<\/div><\/div><div id=\"panel-3179-0-0-1\" class=\"so-panel widget widget_sow-editor panel-last-child\" data-index=\"1\" ><div\n\t\t\t\n\t\t\tclass=\"so-widget-sow-editor so-widget-sow-editor-base\"\n\t\t\t\n\t\t>\n<div class=\"siteorigin-widget-tinymce textwidget\">\n\t<p>Incuba\u00e7\u00e3o e empreendedorismo s\u00e3o termos cada vez mais utilizados no mercado de trabalho. Mesmo apresentando um grande crescimento nos \u00faltimos anos, a incuba\u00e7\u00e3o \u00e9 um processo que ainda \u00e9 desconhecido por muitos profissionais. E voc\u00ea? Sabe o que \u00e9 a incuba\u00e7\u00e3o, seu real significado e, fundamentalmente, qual o seu papel na forma\u00e7\u00e3o de um empreendedor capacitado para encarar as dificuldades e desafios do competitivo mercado de trabalho?<\/p>\n<p>A incuba\u00e7\u00e3o \u00e9 uma estrutura criada para estimular a cria\u00e7\u00e3o e o desenvolvimento de micro e pequenas empresas industriais ou de presta\u00e7\u00e3o de servi\u00e7os, empresas de base tecnol\u00f3gica ou de manufaturas leves, por meio da forma\u00e7\u00e3o complementar do empreendedor em seus aspectos t\u00e9cnicos e gerenciais.<\/p>\n<p>As empresas incubadas contribuem para o desenvolvimento socioecon\u00f4mico, na medida em que s\u00e3o potencialmente capazes de induzir ao surgimento de unidades produtivas que geram grande parte da produ\u00e7\u00e3o industrial e criam a maior parte de postos de trabalho no pa\u00eds, a custos bem reduzidos por emprego gerado. H\u00e1 incubadoras de empresas geridas por \u00f3rg\u00e3os governamentais, universidades, associa\u00e7\u00f5es empresariais e funda\u00e7\u00f5es.<\/p>\n<\/div>\n<\/div><\/div><\/div><\/div><div id=\"pg-3179-1\"  class=\"panel-grid panel-no-style\" ><div id=\"pgc-3179-1-0\"  class=\"panel-grid-cell\" ><div id=\"panel-3179-1-0-0\" class=\"so-panel widget widget_sow-headline panel-first-child\" data-index=\"2\" ><div\n\t\t\t\n\t\t\tclass=\"so-widget-sow-headline so-widget-sow-headline-default-e787bf999adf-3179\"\n\t\t\t\n\t\t><div class=\"sow-headline-container \">\n\t\t\t\t\t\t\t<h1 class=\"sow-headline\">\n\t\t\t\t\t\t<b>Como se incubar?<\/b><b><\/b>\t\t\t\t\t\t<\/h1>\n\t\t\t\t\t\t\t\t\t\t\t<div class=\"decoration\">\n\t\t\t\t\t\t<div class=\"decoration-inside\"><\/div>\n\t\t\t\t\t<\/div>\n\t\t\t\t\t<\/div>\n<\/div><\/div><div id=\"panel-3179-1-0-1\" class=\"so-panel widget widget_sow-editor\" data-index=\"3\" ><div\n\t\t\t\n\t\t\tclass=\"so-widget-sow-editor so-widget-sow-editor-base\"\n\t\t\t\n\t\t>\n<div class=\"siteorigin-widget-tinymce textwidget\">\n\t<p>Apesar de possuir uma s\u00e9rie de vantagens, uma empresa incubada precisa respeitar regras e obriga\u00e7\u00f5es para garantir os benef\u00edcios a que tem direito. Quando um projeto voltado ao empreendedorismo \u00e9 aprovado e passa a tornar-se uma empresa incubada da Conectar, este projeto dever\u00e1 respeitar todas as condi\u00e7\u00f5es estabelecidas pelo edital da Institui\u00e7\u00e3o.<\/p>\n<p>Saiba como funciona o processo de incuba\u00e7\u00e3o!<\/p>\n<\/div>\n<\/div><\/div><div id=\"panel-3179-1-0-2\" class=\"so-panel widget widget_sow-image panel-last-child\" data-index=\"4\" ><div\n\t\t\t\n\t\t\tclass=\"so-widget-sow-image so-widget-sow-image-default-8b5b6f678277-3179\"\n\t\t\t\n\t\t>\n<div class=\"sow-image-container\">\n\t\t<img \n\tsrc=\"https:\/\/wp.ufpel.edu.br\/conectar\/files\/2021\/04\/como-incubar-empresas.png\" width=\"1424\" height=\"674\" srcset=\"https:\/\/wp.ufpel.edu.br\/conectar\/files\/2021\/04\/como-incubar-empresas.png 1424w, https:\/\/wp.ufpel.edu.br\/conectar\/files\/2021\/04\/como-incubar-empresas-400x189.png 400w, https:\/\/wp.ufpel.edu.br\/conectar\/files\/2021\/04\/como-incubar-empresas-1024x485.png 1024w, https:\/\/wp.ufpel.edu.br\/conectar\/files\/2021\/04\/como-incubar-empresas-768x364.png 768w\" sizes=\"(max-width: 1424px) 100vw, 1424px\" alt=\"\" \t\tclass=\"so-widget-image\"\/>\n\t<\/div>\n\n<\/div><\/div><\/div><\/div><div id=\"pg-3179-2\"  class=\"panel-grid panel-no-style\" ><div id=\"pgc-3179-2-0\"  class=\"panel-grid-cell\" ><div id=\"panel-3179-2-0-0\" class=\"so-panel widget widget_sow-headline panel-first-child\" data-index=\"5\" ><div\n\t\t\t\n\t\t\tclass=\"so-widget-sow-headline so-widget-sow-headline-default-e787bf999adf-3179\"\n\t\t\t\n\t\t><div class=\"sow-headline-container \">\n\t\t\t\t\t\t\t<h1 class=\"sow-headline\">\n\t\t\t\t\t\t<b>Per\u00edodos de Incuba\u00e7\u00e3o<\/b><b><\/b>\t\t\t\t\t\t<\/h1>\n\t\t\t\t\t\t\t\t\t\t\t<div class=\"decoration\">\n\t\t\t\t\t\t<div class=\"decoration-inside\"><\/div>\n\t\t\t\t\t<\/div>\n\t\t\t\t\t<\/div>\n<\/div><\/div><div id=\"panel-3179-2-0-1\" class=\"so-panel widget widget_sow-editor panel-last-child\" data-index=\"6\" ><div\n\t\t\t\n\t\t\tclass=\"so-widget-sow-editor so-widget-sow-editor-base\"\n\t\t\t\n\t\t>\n<div class=\"siteorigin-widget-tinymce textwidget\">\n\t<p>O per\u00edodo de incuba\u00e7\u00e3o na Conectar\u00a0 compreende as fases de pr\u00e9-incuba\u00e7\u00e3o \u2013 6 meses, podendo ser reduzido em qualquer tempo mediante avalia\u00e7\u00e3o da Coordena\u00e7\u00e3o da Incubadora e Comit\u00ea Gestor \u2013 e de incuba\u00e7\u00e3o \u2013 at\u00e9 24 meses, podendo ser prorrogado por igual per\u00edodo, \u00e0s vistas das especificidades dos projetos.<\/p>\n<p>Terminado o per\u00edodo de incuba\u00e7\u00e3o, a empresa estabelece uma nova forma de rela\u00e7\u00e3o com a Incubadora, chamada de p\u00f3s-incuba\u00e7\u00e3o, na qual conta com o apoio das institui\u00e7\u00f5es parceiras, num processo gradual de desligamento.<\/p>\n<\/div>\n<\/div><\/div><\/div><\/div><div id=\"pg-3179-3\"  class=\"panel-grid panel-no-style\" ><div id=\"pgc-3179-3-0\"  class=\"panel-grid-cell\" ><div id=\"panel-3179-3-0-0\" class=\"so-panel widget widget_sow-headline panel-first-child\" data-index=\"7\" ><div\n\t\t\t\n\t\t\tclass=\"so-widget-sow-headline so-widget-sow-headline-default-e787bf999adf-3179\"\n\t\t\t\n\t\t><div class=\"sow-headline-container \">\n\t\t\t\t\t\t\t<h1 class=\"sow-headline\">\n\t\t\t\t\t\t<b>Vantagens de ser uma empresa incubada da Conectar<\/b><b><\/b>\t\t\t\t\t\t<\/h1>\n\t\t\t\t\t\t\t\t\t\t\t<div class=\"decoration\">\n\t\t\t\t\t\t<div class=\"decoration-inside\"><\/div>\n\t\t\t\t\t<\/div>\n\t\t\t\t\t<\/div>\n<\/div><\/div><div id=\"panel-3179-3-0-1\" class=\"so-panel widget widget_sow-editor panel-last-child\" data-index=\"8\" ><div\n\t\t\t\n\t\t\tclass=\"so-widget-sow-editor so-widget-sow-editor-base\"\n\t\t\t\n\t\t>\n<div class=\"siteorigin-widget-tinymce textwidget\">\n\t<p>Na Conectar voc\u00ea e sua empresa podem obter muitas vantagens, necess\u00e1rias para quem est\u00e1 come\u00e7ando um neg\u00f3cio e sente falta de \u201cguias\u201d com experi\u00eancia profissional. Conhe\u00e7a na lista abaixo os benef\u00edcios de ser uma empresa incubada pela Conectar.<\/p>\n<p>Espa\u00e7o f\u00edsico adaptado para alojar micro e pequenas empresas: a estrutura conta com uma sala de reuni\u00f5es, quadro de anota\u00e7\u00f5es e\u00a0<em>datashow<\/em>\u00a0para apresenta\u00e7\u00f5es -, recep\u00e7\u00e3o, ar condicionado, excelente localiza\u00e7\u00e3o, copa, banheiros e contato direto com a dire\u00e7\u00e3o da Conectar;<\/p>\n<p>O ambiente composto por diversas empresas incubadas propicia um ambiente extremamente favor\u00e1vel ao conhecimento, troca de ideias e aprendizado m\u00fatuo, al\u00e9m de palestras e treinamentos de apoio oferecidos pela dire\u00e7\u00e3o da Conectar;<\/p>\n<p>Assessoria para a gest\u00e3o t\u00e9cnica e empresarial;<\/p>\n<p>A proximidade com a dire\u00e7\u00e3o da Conectar oferece a oportunidade a cada uma das empresas incubadas de dirimir d\u00favidas e obter orienta\u00e7\u00e3o nas mais diversas quest\u00f5es ligadas ao empreendedorismo;<\/p>\n<p>Infraestrutura e servi\u00e7os compartilhados;<\/p>\n<p>A Conectar oferece a todas as suas empresas incubadas servi\u00e7os agregados, como salas de reuni\u00e3o, telefone, acesso \u00e0 internet durante todo o dia, al\u00e9m do suporte em inform\u00e1tica;<\/p>\n<p>Acesso a mecanismos de financiamento;<\/p>\n<p>O fato de ser uma empresa incubada favorece na busca de mecanismos de financiamento. Nesse sentido, a Conectar oferece todo o suporte necess\u00e1rio, al\u00e9m de informar continuamente sobre a exist\u00eancia desses mecanismos;<\/p>\n<p>O cont\u00ednuo aux\u00edlio e orienta\u00e7\u00e3o garante maior seguran\u00e7a \u00e0s novas empresas no que diz respeito aos investimentos e aos processos de inova\u00e7\u00e3o que a organiza\u00e7\u00e3o est\u00e1 propondo-se a fazer;<\/p>\n<p>Processos de acompanhamento, avalia\u00e7\u00e3o e orienta\u00e7\u00e3o;<\/p>\n<p>A Conectar oferece total acompanhamento e orienta\u00e7\u00e3o a todas as suas incubadas. S\u00e3o palestras e cursos constantes que visam a aprimorar o conhecimento geral de mercado e de novas tend\u00eancias que possam resultar em retornos comerciais a cada uma das empresas incubadas.<\/p>\n<\/div>\n<\/div><\/div><\/div><\/div><div id=\"pg-3179-4\"  class=\"panel-grid panel-no-style\" ><div id=\"pgc-3179-4-0\"  class=\"panel-grid-cell\" ><div id=\"panel-3179-4-0-0\" class=\"so-panel widget widget_sow-headline panel-first-child\" data-index=\"9\" ><div\n\t\t\t\n\t\t\tclass=\"so-widget-sow-headline so-widget-sow-headline-default-e787bf999adf-3179\"\n\t\t\t\n\t\t><div class=\"sow-headline-container \">\n\t\t\t\t\t\t\t<h1 class=\"sow-headline\">\n\t\t\t\t\t\t<b>Vantagens para os empreendedores<\/b><b><\/b>\t\t\t\t\t\t<\/h1>\n\t\t\t\t\t\t\t\t\t\t\t<div class=\"decoration\">\n\t\t\t\t\t\t<div class=\"decoration-inside\"><\/div>\n\t\t\t\t\t<\/div>\n\t\t\t\t\t<\/div>\n<\/div><\/div><div id=\"panel-3179-4-0-1\" class=\"so-panel widget widget_sow-editor panel-last-child\" data-index=\"10\" ><div\n\t\t\t\n\t\t\tclass=\"so-widget-sow-editor so-widget-sow-editor-base\"\n\t\t\t\n\t\t>\n<div class=\"siteorigin-widget-tinymce textwidget\">\n\t<p>N\u00e3o \u00e9 s\u00f3 a empresa que ganha com a incuba\u00e7\u00e3o. O profissional empreendedor tamb\u00e9m recebe uma s\u00e9rie de benef\u00edcios por estar ligado a Conectar.<\/p>\n<p>Assist\u00eancia para aproximar o conhecimento te\u00f3rico do pr\u00e1tico;<\/p>\n<p>Constante apoio prestado ao empreendedor quando o assunto diz respeito a d\u00favidas e orienta\u00e7\u00f5es em termos de tend\u00eancia de mercado, p\u00fablico-alvo, qualidade dos produtos, marketing e todas as quest\u00f5es que envolvem o bom funcionamento da organiza\u00e7\u00e3o;<\/p>\n<p>Acesso a mercados e redes de rela\u00e7\u00f5es;<\/p>\n<p>Uma empresa incubada na Conectar est\u00e1 automaticamente ligada a UFPel e, em vista disso, acaba envolvida por uma rede de contatos e relacionamentos que podem trazer, tanto no presente como no futuro, importantes neg\u00f3cios para a empresa e para o pr\u00f3prio relacionamento pessoal do empreendedor.<\/p>\n<p>Criar cultura de gest\u00e3o, inova\u00e7\u00e3o e planejamento;<\/p>\n<p>Incentivar pr\u00e1ticas gerenciais para a competitividade.<\/p>\n<\/div>\n<\/div><\/div><\/div><\/div><\/div>","protected":false},"excerpt":{"rendered":"<p> [&hellip;]<\/p>\n","protected":false},"author":515,"featured_media":0,"parent":0,"menu_order":0,"comment_status":"closed","ping_status":"closed","template":"","meta":{"jetpack_post_was_ever_published":false,"footnotes":""},"class_list":["post-3179","page","type-page","status-publish","hentry","post"],"jetpack_shortlink":"https:\/\/wp.me\/P6RUlR-Ph","jetpack_sharing_enabled":true,"_links":{"self":[{"href":"https:\/\/wp.ufpel.edu.br\/conectar\/wp-json\/wp\/v2\/pages\/3179","targetHints":{"allow":["GET"]}}],"collection":[{"href":"https:\/\/wp.ufpel.edu.br\/conectar\/wp-json\/wp\/v2\/pages"}],"about":[{"href":"https:\/\/wp.ufpel.edu.br\/conectar\/wp-json\/wp\/v2\/types\/page"}],"author":[{"embeddable":true,"href":"https:\/\/wp.ufpel.edu.br\/conectar\/wp-json\/wp\/v2\/users\/515"}],"replies":[{"embeddable":true,"href":"https:\/\/wp.ufpel.edu.br\/conectar\/wp-json\/wp\/v2\/comments?post=3179"}],"version-history":[{"count":6,"href":"https:\/\/wp.ufpel.edu.br\/conectar\/wp-json\/wp\/v2\/pages\/3179\/revisions"}],"predecessor-version":[{"id":3240,"href":"https:\/\/wp.ufpel.edu.br\/conectar\/wp-json\/wp\/v2\/pages\/3179\/revisions\/3240"}],"wp:attachment":[{"href":"https:\/\/wp.ufpel.edu.br\/conectar\/wp-json\/wp\/v2\/media?parent=3179"}],"curies":[{"name":"wp","href":"https:\/\/api.w.org\/{rel}","templated":true}]}}