{"id":2690,"date":"2019-07-12T11:58:53","date_gmt":"2019-07-12T14:58:53","guid":{"rendered":"https:\/\/wp.ufpel.edu.br\/conectar\/?page_id=2690"},"modified":"2019-07-24T18:15:35","modified_gmt":"2019-07-24T21:15:35","slug":"pbei","status":"publish","type":"page","link":"https:\/\/wp.ufpel.edu.br\/conectar\/pbei\/","title":{"rendered":"Programa de Bolsa para Empreendedorismo Inovador"},"content":{"rendered":"<h4><span style=\"color: #000080\"><strong>Editais Abertos<\/strong><\/span><\/h4>\n<table style=\"border-collapse: collapse;width: 100%\" border=\"1\">\n<tbody>\n<tr style=\"height: 24px\">\n<td style=\"width: 35.3919%;text-align: center;vertical-align: middle;height: 24px\"><a href=\"https:\/\/wp.ufpel.edu.br\/conectar\/edital-pbei-2019\/\">Edital 02\/2019 &#8211; NEIE\/CIT\/PRPPGI<\/a><\/td>\n<td style=\"width: 64.6081%;height: 24px\">O objetivo desta iniciativa \u00e9 oferecer aos alunos bolsistas a possibilidade de participa\u00e7\u00e3o em atividades de pesquisa e desenvolvimento em empresas vinculadas \u00e0 Conectar, a incubadora de base tecnol\u00f3gica da UFPel, seja na modalidade de incuba\u00e7\u00e3o ou p\u00f3s-incuba\u00e7\u00e3o e tamb\u00e9m empresas que possuam contratos, acordos ou termos de coopera\u00e7\u00e3o com a UFPel que visam desenvolvimento tecnol\u00f3gico e inova\u00e7\u00e3o.<\/p>\n<h3><strong><span style=\"color: #000080\">Prazos<\/span><\/strong><\/h3>\n<p class=\"Item_Nivel2\"><span style=\"color: #000080\"><strong>Inscri\u00e7\u00e3o:<\/strong><\/span> <strong>de 12\u00a0a 19\u00a0de julho de 2019<\/strong>.<\/p>\n<p class=\"Item_Nivel2\"><strong><span style=\"color: #000080\">Divulga\u00e7\u00e3o dos resultados:<\/span><\/strong> a partir de <strong>23 de julho de 2019<\/strong>.<\/p>\n<p class=\"Item_Nivel2\">Os <strong>pesquisadores CONTEMPLADOS<\/strong> com as quotas dever\u00e3o indicar o bolsista e entregar a <strong>documenta\u00e7\u00e3o exigida<\/strong> at\u00e9 o dia <strong>29 de julho de 2019<\/strong>.<\/p>\n<\/td>\n<\/tr>\n<\/tbody>\n<\/table>\n<p>&nbsp;<\/p>\n<h4><span style=\"color: #000080\"><strong>Resultados do 02\/2019 &#8211; NEIE\/CIT\/PRPPGI<\/strong><\/span><\/h4>\n<table style=\"border-collapse: collapse;width: 100%\" border=\"1\">\n<tbody>\n<tr style=\"height: 24px\">\n<td style=\"text-align: center;height: 24px;width: 53.9192%\" data-sheets-value=\"{&quot;1&quot;:2,&quot;2&quot;:&quot;Pesquisador&quot;}\"><strong>Pesquisador<\/strong><\/td>\n<td style=\"text-align: center;height: 24px;width: 18.4086%\" data-sheets-value=\"{&quot;1&quot;:2,&quot;2&quot;:&quot;Pontua\u00e7\u00e3o&quot;}\"><strong>Pontua\u00e7\u00e3o<\/strong><\/td>\n<td style=\"text-align: center;height: 24px;width: 27.5534%\" data-sheets-value=\"{&quot;1&quot;:2,&quot;2&quot;:&quot;Situa\u00e7\u00e3o&quot;}\"><strong>Situa\u00e7\u00e3o<\/strong><\/td>\n<\/tr>\n<tr style=\"height: 24px\">\n<td style=\"height: 24px;width: 53.9192%\" data-sheets-value=\"{&quot;1&quot;:2,&quot;2&quot;:&quot;Gabriel Valim Cardoso&quot;}\">Gabriel Valim Cardoso<\/td>\n<td style=\"text-align: center;height: 24px;width: 18.4086%\" data-sheets-value=\"{&quot;1&quot;:3,&quot;3&quot;:154.8}\" data-sheets-numberformat=\"{&quot;1&quot;:2,&quot;2&quot;:&quot;0.00&quot;,&quot;3&quot;:1}\" data-sheets-formula=\"=Pontuacoes_PBEI!R[0]C[41]\">154.80<\/td>\n<td style=\"text-align: center;height: 24px;width: 27.5534%\" data-sheets-value=\"{&quot;1&quot;:2,&quot;2&quot;:&quot;Suplente&quot;}\">SUPLENTE<\/td>\n<\/tr>\n<tr style=\"height: 24px\">\n<td style=\"height: 24px;width: 53.9192%\" data-sheets-value=\"{&quot;1&quot;:2,&quot;2&quot;:&quot;Gerson Geraldo Homrich Cavalheiro&quot;}\">Gerson Geraldo Homrich Cavalheiro<\/td>\n<td style=\"text-align: center;height: 24px;width: 18.4086%\" data-sheets-value=\"{&quot;1&quot;:3,&quot;3&quot;:431.95000000000005}\" data-sheets-numberformat=\"{&quot;1&quot;:2,&quot;2&quot;:&quot;0.00&quot;,&quot;3&quot;:1}\" data-sheets-formula=\"=Pontuacoes_PBEI!R[0]C[41]\">431.95<\/td>\n<td style=\"text-align: center;height: 24px;width: 27.5534%\" data-sheets-value=\"{&quot;1&quot;:2,&quot;2&quot;:&quot;Aprovado&quot;}\">APROVADO<\/td>\n<\/tr>\n<tr style=\"height: 24px\">\n<td style=\"height: 24px;width: 53.9192%\" data-sheets-value=\"{&quot;1&quot;:2,&quot;2&quot;:&quot;Josiane de Oliveira Feij\u00f3&quot;}\">Josiane de Oliveira Feij\u00f3<\/td>\n<td style=\"text-align: center;height: 24px;width: 18.4086%\" data-sheets-value=\"{&quot;1&quot;:3,&quot;3&quot;:393.3}\" data-sheets-numberformat=\"{&quot;1&quot;:2,&quot;2&quot;:&quot;0.00&quot;,&quot;3&quot;:1}\" data-sheets-formula=\"=Pontuacoes_PBEI!R[5]C[41]\">393.30<\/td>\n<td style=\"text-align: center;height: 24px;width: 27.5534%\" data-sheets-value=\"{&quot;1&quot;:2,&quot;2&quot;:&quot;Aprovado&quot;}\">APROVADO<\/td>\n<\/tr>\n<tr style=\"height: 24px\">\n<td style=\"height: 24px;width: 53.9192%\" data-sheets-value=\"{&quot;1&quot;:2,&quot;2&quot;:&quot;Larissa Astrogildo de Freitas&quot;}\">Larissa Astrogildo de Freitas<\/td>\n<td style=\"text-align: center;height: 24px;width: 18.4086%\" data-sheets-value=\"{&quot;1&quot;:3,&quot;3&quot;:27.150000000000002}\" data-sheets-numberformat=\"{&quot;1&quot;:2,&quot;2&quot;:&quot;0.00&quot;,&quot;3&quot;:1}\" data-sheets-formula=\"=Pontuacoes_PBEI!R[-1]C[41]\">27.15<\/td>\n<td style=\"text-align: center;height: 24px;width: 27.5534%\" data-sheets-value=\"{&quot;1&quot;:2,&quot;2&quot;:&quot;Suplente&quot;}\">SUPLENTE<\/td>\n<\/tr>\n<tr style=\"height: 24px\">\n<td style=\"height: 24px;width: 53.9192%\" data-sheets-value=\"{&quot;1&quot;:2,&quot;2&quot;:&quot;Marilton Sanchotene de Aguiar&quot;}\">Marilton Sanchotene de Aguiar<\/td>\n<td style=\"text-align: center;height: 24px;width: 18.4086%\" data-sheets-value=\"{&quot;1&quot;:3,&quot;3&quot;:164.1}\" data-sheets-numberformat=\"{&quot;1&quot;:2,&quot;2&quot;:&quot;0.00&quot;,&quot;3&quot;:1}\" data-sheets-formula=\"=Pontuacoes_PBEI!R[-1]C[41]\">164.10<\/td>\n<td style=\"text-align: center;height: 24px;width: 27.5534%\" data-sheets-value=\"{&quot;1&quot;:2,&quot;2&quot;:&quot;Aprovado&quot;}\">APROVADO<\/td>\n<\/tr>\n<tr style=\"height: 24px\">\n<td style=\"height: 24px;width: 53.9192%\" data-sheets-value=\"{&quot;1&quot;:2,&quot;2&quot;:&quot;Maur\u00edcio de Oliveira&quot;}\">Maur\u00edcio de Oliveira<\/td>\n<td style=\"text-align: center;height: 24px;width: 18.4086%\" data-sheets-value=\"{&quot;1&quot;:3,&quot;3&quot;:1436.9}\" data-sheets-numberformat=\"{&quot;1&quot;:2,&quot;2&quot;:&quot;0.00&quot;,&quot;3&quot;:1}\" data-sheets-formula=\"=Pontuacoes_PBEI!R[3]C[41]\">1436.90<\/td>\n<td style=\"text-align: center;height: 24px;width: 27.5534%\" data-sheets-value=\"{&quot;1&quot;:2,&quot;2&quot;:&quot;Cancelado&quot;}\">CANCELADO<\/td>\n<\/tr>\n<tr style=\"height: 24px\">\n<td style=\"height: 24px;width: 53.9192%\" data-sheets-value=\"{&quot;1&quot;:2,&quot;2&quot;:&quot;Odir Antonio Dellagostin&quot;}\">Odir Antonio Dellagostin<\/td>\n<td style=\"text-align: center;height: 24px;width: 18.4086%\" data-sheets-value=\"{&quot;1&quot;:3,&quot;3&quot;:2216}\" data-sheets-numberformat=\"{&quot;1&quot;:2,&quot;2&quot;:&quot;0.00&quot;,&quot;3&quot;:1}\" data-sheets-formula=\"=Pontuacoes_PBEI!R[3]C[41]\">2216.00<\/td>\n<td style=\"text-align: center;height: 24px;width: 27.5534%\" data-sheets-value=\"{&quot;1&quot;:2,&quot;2&quot;:&quot;Aprovado&quot;}\">APROVADO<\/td>\n<\/tr>\n<tr style=\"height: 24px\">\n<td style=\"height: 24px;width: 53.9192%\" data-sheets-value=\"{&quot;1&quot;:2,&quot;2&quot;:&quot;Paulo Roberto Ferreira J\u00fanior&quot;}\">Paulo Roberto Ferreira J\u00fanior<\/td>\n<td style=\"text-align: center;height: 24px;width: 18.4086%\" data-sheets-value=\"{&quot;1&quot;:3,&quot;3&quot;:155.4}\" data-sheets-numberformat=\"{&quot;1&quot;:2,&quot;2&quot;:&quot;0.00&quot;,&quot;3&quot;:1}\" data-sheets-formula=\"=Pontuacoes_PBEI!R[-3]C[41]\">155.40<\/td>\n<td style=\"text-align: center;height: 24px;width: 27.5534%\" data-sheets-value=\"{&quot;1&quot;:2,&quot;2&quot;:&quot;Suplente&quot;}\">SUPLENTE<\/td>\n<\/tr>\n<tr style=\"height: 24px\">\n<td style=\"height: 24px;width: 53.9192%\" data-sheets-value=\"{&quot;1&quot;:2,&quot;2&quot;:&quot;Ricardo Matsumura de Ara\u00fajo&quot;}\">Ricardo Matsumura de Ara\u00fajo<\/td>\n<td style=\"text-align: center;height: 24px;width: 18.4086%\" data-sheets-value=\"{&quot;1&quot;:3,&quot;3&quot;:332.85}\" data-sheets-numberformat=\"{&quot;1&quot;:2,&quot;2&quot;:&quot;0.00&quot;,&quot;3&quot;:1}\" data-sheets-formula=\"=Pontuacoes_PBEI!R[-3]C[41]\">332.85<\/td>\n<td style=\"text-align: center;height: 24px;width: 27.5534%\" data-sheets-value=\"{&quot;1&quot;:2,&quot;2&quot;:&quot;Aprovado&quot;}\">APROVADO<\/td>\n<\/tr>\n<tr style=\"height: 24px\">\n<td style=\"height: 24px;width: 53.9192%\" data-sheets-value=\"{&quot;1&quot;:2,&quot;2&quot;:&quot;Tiago Thompsen Primo&quot;}\">Tiago Thompsen Primo<\/td>\n<td style=\"text-align: center;height: 24px;width: 18.4086%\" data-sheets-value=\"{&quot;1&quot;:3,&quot;3&quot;:286.9}\" data-sheets-numberformat=\"{&quot;1&quot;:2,&quot;2&quot;:&quot;0.00&quot;,&quot;3&quot;:1}\" data-sheets-formula=\"=Pontuacoes_PBEI!R[-3]C[41]\">286.90<\/td>\n<td style=\"text-align: center;height: 24px;width: 27.5534%\" data-sheets-value=\"{&quot;1&quot;:2,&quot;2&quot;:&quot;Cancelado&quot;}\">CANCELADO<\/td>\n<\/tr>\n<\/tbody>\n<\/table>\n<p><strong>Observa\u00e7\u00f5es<\/strong>:<\/p>\n<ul>\n<li>O <strong>pesquisador aprovado<\/strong> deve <strong>indicar<\/strong> o\u00a0 <strong>bolsista<\/strong> considerando as normas contidas do Edital, utilizando a ferramenta de indica\u00e7\u00e3o, dentro do m\u00f3dulo \u201cbolsas &gt; cadastro &gt; indica\u00e7\u00e3o de bolsista\u201d no Cobalto, onde tamb\u00e9m deve ser inclu\u00eddo o plano de trabalho. Caso o m\u00f3dulo n\u00e3o apare\u00e7a, o docente deve sair do sistema e entrar novamente para que o novo m\u00f3dulo carregue. Al\u00e9m disso, deve enviar para o e-mail cpesqufpel@gmail.com os seguintes dados do(a) bolsista selecionado(a): Nome completo, n\u00famero do RG, n\u00famero do CPF, banco, ag\u00eancia e conta banc\u00e1ria. <strong>A indica\u00e7\u00e3o e o envio do e-mail devem ocorrer at\u00e9 o dia 29\/07\/2019<\/strong>.<\/li>\n<\/ul>\n<p>&nbsp;<\/p>\n<ul>\n<li>O <strong>bolsista<\/strong> deve previamente <strong>cadastrar<\/strong> sua <strong>conta banc\u00e1ria<\/strong> no sistema <strong>Cobalto<\/strong>, dentro da op\u00e7\u00e3o \u201cPerfil\u201d, situada no canto direito superior da tela. Somente poder\u00e3o ser\u00a0 indicados estudantes com conta banc\u00e1ria cadastrada.<\/li>\n<\/ul>\n<p>&nbsp;<\/p>\n<ul>\n<li><strong>Sita\u00e7\u00f5es de cancelamento<\/strong> foram atribu\u00eddas aos pedidos que <strong>n\u00e3o atenderam <\/strong>o<strong> item 3 do Edital<\/strong>.<\/li>\n<\/ul>\n<p>&nbsp;<\/p>\n<ul>\n<li>Os <strong>suplentes<\/strong> poder\u00e3o ser chamados caso algum pesquisador aprovado n\u00e3o implemente a bolsa dentro do prazo, observando-se os requisitos do item 7 do Edital.<\/li>\n<\/ul>\n<p>&nbsp;<\/p>\n","protected":false},"excerpt":{"rendered":"<p> [&hellip;]<\/p>\n","protected":false},"author":515,"featured_media":0,"parent":0,"menu_order":0,"comment_status":"closed","ping_status":"closed","template":"","meta":{"jetpack_post_was_ever_published":false,"footnotes":""},"class_list":["post-2690","page","type-page","status-publish","hentry","post"],"jetpack_shortlink":"https:\/\/wp.me\/P6RUlR-Ho","jetpack_sharing_enabled":true,"_links":{"self":[{"href":"https:\/\/wp.ufpel.edu.br\/conectar\/wp-json\/wp\/v2\/pages\/2690","targetHints":{"allow":["GET"]}}],"collection":[{"href":"https:\/\/wp.ufpel.edu.br\/conectar\/wp-json\/wp\/v2\/pages"}],"about":[{"href":"https:\/\/wp.ufpel.edu.br\/conectar\/wp-json\/wp\/v2\/types\/page"}],"author":[{"embeddable":true,"href":"https:\/\/wp.ufpel.edu.br\/conectar\/wp-json\/wp\/v2\/users\/515"}],"replies":[{"embeddable":true,"href":"https:\/\/wp.ufpel.edu.br\/conectar\/wp-json\/wp\/v2\/comments?post=2690"}],"version-history":[{"count":6,"href":"https:\/\/wp.ufpel.edu.br\/conectar\/wp-json\/wp\/v2\/pages\/2690\/revisions"}],"predecessor-version":[{"id":2735,"href":"https:\/\/wp.ufpel.edu.br\/conectar\/wp-json\/wp\/v2\/pages\/2690\/revisions\/2735"}],"wp:attachment":[{"href":"https:\/\/wp.ufpel.edu.br\/conectar\/wp-json\/wp\/v2\/media?parent=2690"}],"curies":[{"name":"wp","href":"https:\/\/api.w.org\/{rel}","templated":true}]}}