{"id":2677,"date":"2019-07-05T17:22:36","date_gmt":"2019-07-05T20:22:36","guid":{"rendered":"https:\/\/wp.ufpel.edu.br\/conectar\/?page_id=2677"},"modified":"2019-07-05T17:22:36","modified_gmt":"2019-07-05T20:22:36","slug":"edital2019","status":"publish","type":"page","link":"https:\/\/wp.ufpel.edu.br\/conectar\/edital2019\/","title":{"rendered":"Edital para Sele\u00e7\u00e3o de Novos Projetos &#8211; 2019"},"content":{"rendered":"<p><span style=\"color: #000080\"><strong><span style=\"font-size: 14pt\">Cronograma do Processo Seletivo<\/span><\/strong><\/span><\/p>\n<table style=\"border-collapse: collapse;width: 100%\" border=\"1\">\n<tbody>\n<tr style=\"height: 24px\">\n<td style=\"width: 13.3808%;text-align: center;height: 24px\"><strong>Data<\/strong><\/td>\n<td style=\"width: 16.3499%;text-align: center;height: 24px\"><strong>Hora<\/strong><\/td>\n<td style=\"width: 70.2692%;text-align: center;height: 24px\"><strong>Atividade<\/strong><\/td>\n<\/tr>\n<tr style=\"height: 24px\">\n<td style=\"width: 13.3808%;height: 72px;text-align: center\" rowspan=\"3\">24\/04<\/td>\n<td style=\"width: 16.3499%;height: 24px;text-align: center\">14:00<\/td>\n<td style=\"width: 70.2692%;height: 24px\">Oficina Jur\u00eddica *<\/td>\n<\/tr>\n<tr style=\"height: 24px\">\n<td style=\"width: 16.3499%;height: 24px;text-align: center\">15:00<\/td>\n<td style=\"width: 70.2692%;height: 24px\">Autoavalia\u00e7\u00e3o das Caracter\u00edsticas do Comportamento Empreendedor *<\/td>\n<\/tr>\n<tr style=\"height: 24px\">\n<td style=\"width: 16.3499%;height: 24px;text-align: center\">16:00<\/td>\n<td style=\"width: 70.2692%;height: 24px\">Oficina de Pitch<\/td>\n<\/tr>\n<tr style=\"height: 24px\">\n<td style=\"width: 13.3808%;height: 24px;text-align: center\">25\/04<\/td>\n<td style=\"width: 16.3499%;height: 24px;text-align: center\">8:30 \u00e0s 13:00<\/td>\n<td style=\"width: 70.2692%;height: 24px\">Apresenta\u00e7\u00e3o do Pitches, conforme o hor\u00e1rio previsto no quadro de propostas homologadas (abaixo)<\/td>\n<\/tr>\n<\/tbody>\n<\/table>\n<p>*\u00a0 Conforme os itens 7.2 e 7.3 do edital, a Oficina Jur\u00eddica e a Autoavalia\u00e7\u00e3o s\u00e3o atividades obrigat\u00f3rias para todos os membros da equipe do projeto. O n\u00e3o cumprimento deste requisisto implica na desclassifica\u00e7\u00e3o da proposta.<\/p>\n<p><span style=\"color: #000080\"><strong>Observa\u00e7\u00e3o<\/strong>: As atividades ocorrer\u00e3o na sala de treinamentos 2 do Pelotas Parques Tecnol\u00f3gico.<\/span><\/p>\n<p>&nbsp;<\/p>\n<p>Abaixo est\u00e3o listados os projetos homologados, inscritos no processo seletivo do <a href=\"https:\/\/wp.me\/a6RUlR-CQ\">Edital N\u00ba. 1\/2019 Processo N\u00ba 23110.003504\/2019\u00ad58<\/a> para as modalidades de pr\u00e9-incuba\u00e7\u00e3o e incuba\u00e7\u00e3o. Projetos inscritos que n\u00e3o est\u00e3o listados no quadro, n\u00e3o foram homologados devido a falta de documenta\u00e7\u00e3o ou por n\u00e3o estarem de acordo com o objetivo da incubadora.<\/p>\n<table style=\"border-collapse: collapse;width: 100%\" border=\"1\">\n<tbody>\n<tr>\n<td style=\"width: 100%;background-color: #060078;text-align: center\" colspan=\"2\"><span style=\"color: #ffffff\"><strong>Inscri\u00e7\u00f5es<\/strong><\/span><span style=\"color: #ffffff\"><strong> Homologadas para a Modalidade de Pr\u00e9-Incuba\u00e7\u00e3o<\/strong><\/span><\/td>\n<\/tr>\n<tr>\n<td style=\"width: 75.0594%;text-align: center\"><strong>Projeto<\/strong><\/td>\n<td style=\"width: 24.9406%;text-align: center\"><strong>Hor\u00e1rio de Apresenta\u00e7\u00e3o do Pitch<\/strong><\/td>\n<\/tr>\n<tr>\n<td style=\"width: 75.0594%\">\n<p><strong>Eritrina: Solu\u00e7\u00f5es Ambientais<\/strong><\/p>\n<p><strong>Respons\u00e1vel<\/strong>: Jo\u00e3o Henrique Figueredo de Oliveira<\/td>\n<td style=\"width: 24.9406%;text-align: center\"><strong>8:30<\/strong><\/td>\n<\/tr>\n<tr>\n<td style=\"width: 75.0594%\">\n<p><strong>iMarketing<\/strong><\/p>\n<p><strong>Respons\u00e1vel<\/strong>: \u00c1lan Correa de Avila<\/td>\n<td style=\"width: 24.9406%;text-align: center\"><strong>8:50<\/strong><\/td>\n<\/tr>\n<tr>\n<td style=\"width: 75.0594%\">\n<p><strong>Grads<\/strong><\/p>\n<p><strong>Respons\u00e1vel<\/strong>: Luiz Guilherme Martinho Sampaio Ito<\/td>\n<td style=\"width: 24.9406%;text-align: center\"><strong>9:10<\/strong><\/td>\n<\/tr>\n<tr>\n<td style=\"width: 75.0594%\">\n<p><strong>Vida F\u00e1cil App<\/strong><\/p>\n<p><strong>Respons\u00e1vel<\/strong>: Gabriel Vitolla dos Santos<\/td>\n<td style=\"width: 24.9406%;text-align: center\"><strong>9:30<\/strong><\/td>\n<\/tr>\n<tr>\n<td style=\"width: 75.0594%\">\n<p><strong>Hospedei.com<\/strong><\/p>\n<p><strong>Respons\u00e1vel<\/strong>: Mariana Guerra Gomes de Pinho<\/td>\n<td style=\"width: 24.9406%;text-align: center\"><strong>9:50<\/strong><\/td>\n<\/tr>\n<tr>\n<td style=\"width: 75.0594%\">\n<p><strong>Genesis &#8211; Desenvolvimento de Gen\u00e9tica<\/strong><\/p>\n<p><strong>Respons\u00e1vel<\/strong>: Liamara Bahr Thurow<\/td>\n<td style=\"width: 24.9406%;text-align: center\"><strong>10:10<\/strong><\/td>\n<\/tr>\n<tr>\n<td style=\"width: 75.0594%\">\n<p><strong>3D | The Makers<\/strong><\/p>\n<p><strong>Respons\u00e1vel<\/strong>: Emanoel Angelo Borges de Jesus<\/td>\n<td style=\"width: 24.9406%;text-align: center\"><strong>10:30<\/strong><\/td>\n<\/tr>\n<tr>\n<td style=\"width: 75.0594%\">\n<p><strong>Saber<\/strong><strong>es Daqui<\/strong><\/p>\n<p><strong>Respons\u00e1vel<\/strong>: Clarissa Corr\u00eaa Henning<\/td>\n<td style=\"width: 24.9406%;text-align: center\"><strong>10:50<\/strong><\/td>\n<\/tr>\n<tr>\n<td style=\"width: 75.0594%\">\n<p><strong>Aplicativo \u2013 My Vet<\/strong><\/p>\n<p><strong>Respons\u00e1vel<\/strong>: Leon Devereau Borges<\/td>\n<td style=\"width: 24.9406%;text-align: center\"><strong>11:10<\/strong><\/td>\n<\/tr>\n<tr>\n<td style=\"width: 75.0594%\">\n<p><strong>Marki Sports<\/strong><\/p>\n<p><strong>Respons\u00e1vel<\/strong>: Andr\u00e9 Silveira<\/td>\n<td style=\"width: 24.9406%;text-align: center\"><strong>12:10<\/strong><\/td>\n<\/tr>\n<tr>\n<td style=\"width: 100%;background-color: #060078\" colspan=\"2\">\n<p style=\"text-align: center\"><span style=\"color: #ffffff\"><strong>Inscri\u00e7\u00f5es Homologadas para a Modalidade de Incuba\u00e7\u00e3o<\/strong><\/span><\/p>\n<\/td>\n<\/tr>\n<tr>\n<td style=\"width: 75.0594%;text-align: center\"><strong>Projeto<\/strong><\/td>\n<td style=\"width: 24.9406%;text-align: center\"><strong>Hor\u00e1rio de Apresenta\u00e7\u00e3o do Pitch<\/strong><\/td>\n<\/tr>\n<tr>\n<td style=\"width: 75.0594%\">\n<p><strong>Unieloo &#8211; Agenciamento de Servi\u00e7os para Estudantes<\/strong><\/p>\n<p><strong>Respons\u00e1vel<\/strong>: N\u00edcolas Duprat<\/td>\n<td style=\"width: 24.9406%;text-align: center\"><strong>11:30<\/strong><\/td>\n<\/tr>\n<tr>\n<td style=\"width: 75.0594%\">\n<p><strong>Elixir AI<\/strong><\/p>\n<p><strong>Respons\u00e1vel<\/strong>: V\u00edtor Resing Plentz<\/td>\n<td style=\"width: 24.9406%;text-align: center\"><strong>11:50<\/strong><\/td>\n<\/tr>\n<\/tbody>\n<\/table>\n<p>&nbsp;<\/p>\n<p>&nbsp;<\/p>\n<p><strong><a href=\"https:\/\/wp.me\/a6RUlR-CQ\">Edital para Sele\u00e7\u00e3o de Novos Projetos &#8211; 2019<\/a><\/strong><\/p>\n<p>&nbsp;<\/p>\n<p><strong>Formul\u00e1rios<\/strong><\/p>\n<p><a href=\"https:\/\/goo.gl\/forms\/PzSIgsTwSMzVQOky1\">Cadastro do Empreendedor<\/a><\/p>\n<p><a href=\"https:\/\/goo.gl\/forms\/PLdLeoTuH8ZibYhj2\">Cadastro da Proposta na Modalidade Pr\u00e9-Incuba\u00e7\u00e3o<\/a><\/p>\n<p><a href=\"https:\/\/goo.gl\/forms\/CO7vSzNkMLrAxN0u2\">Cadastro da Proposta na Modalidade Incuba\u00e7\u00e3o<\/a><\/p>\n<p>&nbsp;<\/p>\n<p><strong>Observa\u00e7\u00f5es Importantes<\/strong><\/p>\n<ul>\n<li>Fique atento aos prazos estabelecidos no cronograma do edital!<\/li>\n<li>As c\u00f3pias dos documentos exigidos no item 7.1.2 do <a href=\"https:\/\/wp.me\/a6RUlR-CQ\">Edital<\/a> devem ser encaminhadas para o e-mail\u00a0<a href=\"mailto:conectar@ufpel.edu.br\"><strong>conectar@ufpel.edu.br<\/strong><\/a>, <strong>at\u00e9 o dia 22 de abril de 2019<\/strong>, e o <strong>assunto do e-mail<\/strong> deve ser o seguinte:&#8221;<strong>[Edital 01\/2019] Documentos para o Processo Seletivo da Conectar<\/strong>&#8220;.<\/li>\n<li>Os documentos originais devem ser apresentados durante a segunda etapa da sele\u00e7\u00e3o, a <strong>Avalia\u00e7\u00e3o do Perfil Empreendedor<\/strong>.<\/li>\n<li>O <strong>cadastro da proposta<\/strong> e <strong>da equipe<\/strong> dever\u00e1 acontecer at\u00e9 o dia <strong>22 de abril de 2019<\/strong>.<\/li>\n<li>O <strong>formul\u00e1rio de cadastro do empreendedor<\/strong> deve ser <strong>preenchido<\/strong> para <strong>cada membro da equipe<\/strong> do projeto.<\/li>\n<\/ul>\n","protected":false},"excerpt":{"rendered":"<p> [&hellip;]<\/p>\n","protected":false},"author":515,"featured_media":0,"parent":0,"menu_order":0,"comment_status":"closed","ping_status":"closed","template":"","meta":{"jetpack_post_was_ever_published":false,"footnotes":""},"class_list":["post-2677","page","type-page","status-publish","hentry","post"],"jetpack_shortlink":"https:\/\/wp.me\/P6RUlR-Hb","jetpack_sharing_enabled":true,"_links":{"self":[{"href":"https:\/\/wp.ufpel.edu.br\/conectar\/wp-json\/wp\/v2\/pages\/2677","targetHints":{"allow":["GET"]}}],"collection":[{"href":"https:\/\/wp.ufpel.edu.br\/conectar\/wp-json\/wp\/v2\/pages"}],"about":[{"href":"https:\/\/wp.ufpel.edu.br\/conectar\/wp-json\/wp\/v2\/types\/page"}],"author":[{"embeddable":true,"href":"https:\/\/wp.ufpel.edu.br\/conectar\/wp-json\/wp\/v2\/users\/515"}],"replies":[{"embeddable":true,"href":"https:\/\/wp.ufpel.edu.br\/conectar\/wp-json\/wp\/v2\/comments?post=2677"}],"version-history":[{"count":1,"href":"https:\/\/wp.ufpel.edu.br\/conectar\/wp-json\/wp\/v2\/pages\/2677\/revisions"}],"predecessor-version":[{"id":2687,"href":"https:\/\/wp.ufpel.edu.br\/conectar\/wp-json\/wp\/v2\/pages\/2677\/revisions\/2687"}],"wp:attachment":[{"href":"https:\/\/wp.ufpel.edu.br\/conectar\/wp-json\/wp\/v2\/media?parent=2677"}],"curies":[{"name":"wp","href":"https:\/\/api.w.org\/{rel}","templated":true}]}}