{"id":166,"date":"2014-10-23T18:57:10","date_gmt":"2014-10-23T20:57:10","guid":{"rendered":"http:\/\/localhost\/wordpress\/?page_id=31"},"modified":"2021-05-04T17:52:26","modified_gmt":"2021-05-04T20:52:26","slug":"sobre","status":"publish","type":"page","link":"https:\/\/wp.ufpel.edu.br\/conectar\/sobre\/","title":{"rendered":"Sobre a Conectar"},"content":{"rendered":"<div id=\"pl-166\"  class=\"panel-layout\" ><div id=\"pg-166-0\"  class=\"panel-grid panel-no-style\" ><div id=\"pgc-166-0-0\"  class=\"panel-grid-cell\" ><div id=\"panel-166-0-0-0\" class=\"so-panel widget widget_sow-headline panel-first-child\" data-index=\"0\" ><div\n\t\t\t\n\t\t\tclass=\"so-widget-sow-headline so-widget-sow-headline-default-9c36829385c3-166\"\n\t\t\t\n\t\t><div class=\"sow-headline-container \">\n\t\t\t\t\t\t\t<h1 class=\"sow-headline\">\n\t\t\t\t\t\t<b>Quem somos<\/b><b><\/b>\t\t\t\t\t\t<\/h1>\n\t\t\t\t\t\t\t\t\t\t\t<div class=\"decoration\">\n\t\t\t\t\t\t<div class=\"decoration-inside\"><\/div>\n\t\t\t\t\t<\/div>\n\t\t\t\t\t<\/div>\n<\/div><\/div><div id=\"panel-166-0-0-1\" class=\"so-panel widget widget_sow-editor panel-last-child\" data-index=\"1\" ><div\n\t\t\t\n\t\t\tclass=\"so-widget-sow-editor so-widget-sow-editor-base\"\n\t\t\t\n\t\t>\n<div class=\"siteorigin-widget-tinymce textwidget\">\n\t<p style=\"text-align: justify\"><span style=\"font-weight: 400\">A Conectar \u00e9 uma incubadora de empresas vinculada \u00e0 Universidade Federal de Pelotas, e tem como prop\u00f3sito estimular e operacionalizar a vis\u00e3o empreendedora da comunidade acad\u00eamica e da sociedade em geral, apoiando projetos, dando suporte e assessorias, oferecendo infraestrutura, transformando-os em empreendimentos competitivos e prontos para atuarem no mercado. Atualmente a incubadora situa-se no Parque Tecnol\u00f3gico de Pelotas.<\/span><\/p>\n<\/div>\n<\/div><\/div><\/div><\/div><div id=\"pg-166-1\"  class=\"panel-grid panel-has-style\" ><div class=\"siteorigin-panels-stretch panel-row-style panel-row-style-for-166-1\" data-stretch-type=\"full\" ><div id=\"pgc-166-1-0\"  class=\"panel-grid-cell\" ><div id=\"panel-166-1-0-0\" class=\"so-panel widget widget_sow-headline panel-first-child\" data-index=\"2\" ><div\n\t\t\t\n\t\t\tclass=\"so-widget-sow-headline so-widget-sow-headline-default-9c36829385c3-166\"\n\t\t\t\n\t\t><div class=\"sow-headline-container \">\n\t\t\t\t\t\t\t<h1 class=\"sow-headline\">\n\t\t\t\t\t\t<b>Hist\u00f3rico<\/b><b><\/b>\t\t\t\t\t\t<\/h1>\n\t\t\t\t\t\t\t\t\t\t\t<div class=\"decoration\">\n\t\t\t\t\t\t<div class=\"decoration-inside\"><\/div>\n\t\t\t\t\t<\/div>\n\t\t\t\t\t<\/div>\n<\/div><\/div><div id=\"panel-166-1-0-1\" class=\"so-panel widget widget_sow-editor panel-last-child\" data-index=\"3\" ><div\n\t\t\t\n\t\t\tclass=\"so-widget-sow-editor so-widget-sow-editor-base\"\n\t\t\t\n\t\t>\n<div class=\"siteorigin-widget-tinymce textwidget\">\n\t<p style=\"text-align: justify\"><span style=\"font-weight: 400\">O Programa de Incuba\u00e7\u00e3o de Empresas da Universidade \u00e9 um programa de ensino, pesquisa e extens\u00e3o destinado a examinar, alojar e apoiar projetos de inova\u00e7\u00e3o nas modalidades pr\u00e9-incuba\u00e7\u00e3o, incuba\u00e7\u00e3o, gradua\u00e7\u00e3o e p\u00f3s-incuba\u00e7\u00e3o de empresas de base tecnol\u00f3gica.<\/span><\/p>\n<p style=\"text-align: justify\"><span style=\"font-weight: 400\">A Incubadora Base Tecnol\u00f3gica \u00e9 um ambiente formado para abrigar empresas cujos processos, produtos ou servi\u00e7os s\u00e3o gerados a partir de resultado de pesquisas b\u00e1sicas ou aplicadas nos quais a ci\u00eancia e a tecnologia geram inova\u00e7\u00e3o e representam valor agregado;<\/span><\/p>\n<p style=\"text-align: justify\"><span style=\"font-weight: 400\">A Conectar \u00e9 a primeira Incubadora Base Tecnol\u00f3gica da UFPel, cuja exist\u00eancia est\u00e1 regulamentada pela resolu\u00e7\u00e3o N\u00b0 11 de 08 de agosto de 2015.<\/span><\/p>\n<p style=\"text-align: justify\"><span style=\"font-weight: 400\">A Conectar, via conv\u00eanio com a Funda\u00e7\u00e3o de apoio Delfim Mendes Silveira, viabiliza a operacionaliza\u00e7\u00e3o de processos de pr\u00e9-incuba\u00e7\u00e3o e p\u00f3s-incuba\u00e7\u00e3o, desde a sua origem em janeiro de 2015.<\/span><\/p>\n<\/div>\n<\/div><\/div><\/div><\/div><\/div><div id=\"pg-166-2\"  class=\"panel-grid panel-no-style\" ><div id=\"pgc-166-2-0\"  class=\"panel-grid-cell\" ><div id=\"panel-166-2-0-0\" class=\"so-panel widget widget_sow-headline panel-first-child\" data-index=\"4\" ><div\n\t\t\t\n\t\t\tclass=\"so-widget-sow-headline so-widget-sow-headline-default-9c36829385c3-166\"\n\t\t\t\n\t\t><div class=\"sow-headline-container \">\n\t\t\t\t\t\t\t<h1 class=\"sow-headline\">\n\t\t\t\t\t\t<b>Concep\u00e7\u00e3o<\/b><b><\/b>\t\t\t\t\t\t<\/h1>\n\t\t\t\t\t\t\t\t\t\t\t<div class=\"decoration\">\n\t\t\t\t\t\t<div class=\"decoration-inside\"><\/div>\n\t\t\t\t\t<\/div>\n\t\t\t\t\t<\/div>\n<\/div><\/div><div id=\"panel-166-2-0-1\" class=\"so-panel widget widget_sow-editor panel-last-child\" data-index=\"5\" ><div\n\t\t\t\n\t\t\tclass=\"so-widget-sow-editor so-widget-sow-editor-base\"\n\t\t\t\n\t\t>\n<div class=\"siteorigin-widget-tinymce textwidget\">\n\t<p><strong><span style=\"font-size: 14pt\">Miss\u00e3o<\/span><\/strong><br \/>\nMelhorar a vida das pessoas, fomentando a cultura empreendedora, conectando a comunidade e a universidade em prol do desenvolvimento regional.<\/p>\n<p><strong><span style=\"font-size: 14pt\">Vis\u00e3o<\/span><\/strong><br \/>\nSer um ambiente de neg\u00f3cios inovadores de sucesso, aut\u00f4nomo, autossustent\u00e1vel e contribuindo\u00a0 com a comunidade regional.<\/p>\n<p><strong><span style=\"font-size: 14pt\">Valores<\/span><\/strong><br \/>\n<strong><em>Integridade:<\/em><\/strong> Honestidade, \u00e9tica e transpar\u00eancia direcionam todas as nossas a\u00e7\u00f5es. Agimos com integridade, respeitamos as leis, os princ\u00edpios morais e as regras do bem proceder referendadas e aceitas pela coletividade, e comunicamos nossas pol\u00edticas e resultados de forma clara.<br \/>\n<strong><em>Comprometimento:<\/em><\/strong> Constru\u00edmos uma gest\u00e3o baseada no progresso cont\u00ednuo, estimulando a intera\u00e7\u00e3o, o esfor\u00e7o e a contribui\u00e7\u00e3o de todos para que os esfor\u00e7os sejam alcan\u00e7ados.<br \/>\n<strong><em>Confian\u00e7a: <\/em><\/strong>Constru\u00edmos rela\u00e7\u00f5es de prote\u00e7\u00e3o, acolhimento e apoio baseadas na considera\u00e7\u00e3o pessoal e profissional, oferecendo respaldo e seguran\u00e7a a todos aqueles com quem nos vinculamos.<br \/>\n<em><strong>Respeito:<\/strong> <\/em>Mantemos uma atitude prudente que nos oriente ao crescimento com esp\u00edrito de autocr\u00edtica e conscientiza\u00e7\u00e3o de nossas virtudes e debilidades.<\/p>\n<\/div>\n<\/div><\/div><\/div><\/div><\/div>","protected":false},"excerpt":{"rendered":"<p> [&hellip;]<\/p>\n","protected":false},"author":515,"featured_media":0,"parent":0,"menu_order":0,"comment_status":"closed","ping_status":"closed","template":"","meta":{"jetpack_post_was_ever_published":false,"footnotes":""},"class_list":["post-166","page","type-page","status-publish","hentry","post"],"jetpack_shortlink":"https:\/\/wp.me\/P6RUlR-2G","jetpack_sharing_enabled":true,"_links":{"self":[{"href":"https:\/\/wp.ufpel.edu.br\/conectar\/wp-json\/wp\/v2\/pages\/166","targetHints":{"allow":["GET"]}}],"collection":[{"href":"https:\/\/wp.ufpel.edu.br\/conectar\/wp-json\/wp\/v2\/pages"}],"about":[{"href":"https:\/\/wp.ufpel.edu.br\/conectar\/wp-json\/wp\/v2\/types\/page"}],"author":[{"embeddable":true,"href":"https:\/\/wp.ufpel.edu.br\/conectar\/wp-json\/wp\/v2\/users\/515"}],"replies":[{"embeddable":true,"href":"https:\/\/wp.ufpel.edu.br\/conectar\/wp-json\/wp\/v2\/comments?post=166"}],"version-history":[{"count":19,"href":"https:\/\/wp.ufpel.edu.br\/conectar\/wp-json\/wp\/v2\/pages\/166\/revisions"}],"predecessor-version":[{"id":3215,"href":"https:\/\/wp.ufpel.edu.br\/conectar\/wp-json\/wp\/v2\/pages\/166\/revisions\/3215"}],"wp:attachment":[{"href":"https:\/\/wp.ufpel.edu.br\/conectar\/wp-json\/wp\/v2\/media?parent=166"}],"curies":[{"name":"wp","href":"https:\/\/api.w.org\/{rel}","templated":true}]}}