{"id":87,"date":"2025-10-01T23:49:24","date_gmt":"2025-10-02T02:49:24","guid":{"rendered":"https:\/\/wp.ufpel.edu.br\/conalis\/?page_id=87"},"modified":"2025-10-02T20:02:22","modified_gmt":"2025-10-02T23:02:22","slug":"redes-sociais","status":"publish","type":"page","link":"https:\/\/wp.ufpel.edu.br\/conalis\/redes-sociais\/","title":{"rendered":"REDES SOCIAIS"},"content":{"rendered":"<h2 class=\"p1\"><b>Acompanhe o Concurso Nacional de Literatura Surda nas redes sociais!<\/b><b><\/b><\/h2>\n<p class=\"p3\">Estamos nas redes sociais para deixar tudo mais f\u00e1cil, visual e acess\u00edvel para voc\u00ea que vai participar ou quer saber mais sobre o <span class=\"s1\"><b>Primeiro Concurso Nacional de Literatura Surda.<\/b><\/span><\/p>\n<p class=\"p1\"><b>YouTube<\/b><b><\/b><\/p>\n<p class=\"p3\">L\u00e1 voc\u00ea encontra v\u00eddeos explicativos, tutoriais em Libras, transmiss\u00f5es ao vivo (lives), forma\u00e7\u00f5es para professores(as) e novidades sobre o concurso.<\/p>\n<p class=\"p3\">Inscreva-se no canal e ative o sininho!<\/p>\n<p><a href=\"https:\/\/www.youtube.com\/@conalis2025\"><b>YouTube<\/b><\/a><\/p>\n<p>&nbsp;<\/p>\n<p class=\"p1\"><b>Instagram<\/b><b><\/b><\/p>\n<p class=\"p3\">Publicamos avisos r\u00e1pidos, cards com informa\u00e7\u00f5es importantes, lembretes de prazos e bastidores do concurso.<\/p>\n<p class=\"p3\">Siga, curta e compartilhe!<\/p>\n<p><a href=\"https:\/\/www.instagram.com\/concursoliteraturasurda\/\"><strong>Instagram<\/strong><\/a><\/p>\n<p>&nbsp;<\/p>\n<p class=\"p3\">Nossas redes sociais s\u00e3o o principal canal de comunica\u00e7\u00e3o com estudantes, professores(as) e escolas.<\/p>\n<p class=\"p3\">Fique de olho para n\u00e3o perder nada!<\/p>\n<p class=\"p1\">\n","protected":false},"excerpt":{"rendered":"<p>Acompanhe o Concurso Nacional de Literatura Surda nas redes sociais! Estamos nas redes sociais para deixar tudo mais f\u00e1cil, visual e acess\u00edvel para voc\u00ea que vai participar ou quer saber mais sobre o Primeiro Concurso Nacional de Literatura Surda. YouTube L\u00e1 voc\u00ea encontra v\u00eddeos explicativos, tutoriais em Libras, transmiss\u00f5es ao vivo (lives), forma\u00e7\u00f5es para professores(as) [&hellip;]<\/p>\n","protected":false},"author":935,"featured_media":0,"parent":0,"menu_order":5,"comment_status":"closed","ping_status":"closed","template":"","meta":{"footnotes":""},"class_list":["post-87","page","type-page","status-publish","hentry"],"_links":{"self":[{"href":"https:\/\/wp.ufpel.edu.br\/conalis\/wp-json\/wp\/v2\/pages\/87","targetHints":{"allow":["GET"]}}],"collection":[{"href":"https:\/\/wp.ufpel.edu.br\/conalis\/wp-json\/wp\/v2\/pages"}],"about":[{"href":"https:\/\/wp.ufpel.edu.br\/conalis\/wp-json\/wp\/v2\/types\/page"}],"author":[{"embeddable":true,"href":"https:\/\/wp.ufpel.edu.br\/conalis\/wp-json\/wp\/v2\/users\/935"}],"replies":[{"embeddable":true,"href":"https:\/\/wp.ufpel.edu.br\/conalis\/wp-json\/wp\/v2\/comments?post=87"}],"version-history":[{"count":2,"href":"https:\/\/wp.ufpel.edu.br\/conalis\/wp-json\/wp\/v2\/pages\/87\/revisions"}],"predecessor-version":[{"id":98,"href":"https:\/\/wp.ufpel.edu.br\/conalis\/wp-json\/wp\/v2\/pages\/87\/revisions\/98"}],"wp:attachment":[{"href":"https:\/\/wp.ufpel.edu.br\/conalis\/wp-json\/wp\/v2\/media?parent=87"}],"curies":[{"name":"wp","href":"https:\/\/api.w.org\/{rel}","templated":true}]}}