{"id":83,"date":"2025-10-01T23:41:38","date_gmt":"2025-10-02T02:41:38","guid":{"rendered":"https:\/\/wp.ufpel.edu.br\/conalis\/?page_id=83"},"modified":"2025-10-02T20:27:16","modified_gmt":"2025-10-02T23:27:16","slug":"youtube-conalis2025","status":"publish","type":"page","link":"https:\/\/wp.ufpel.edu.br\/conalis\/redes-sociais\/youtube-conalis2025\/","title":{"rendered":"Youtube"},"content":{"rendered":"<p class=\"p1\"><strong>YouTube do Concurso Nacional de Literatura Surda<\/strong><b><\/b><\/p>\n<p class=\"p3\">O nosso canal no YouTube foi criado especialmente para apoiar, informar e inspirar todas as pessoas que desejam participar do <span class=\"s1\"><b>Primeiro Concurso Nacional de Literatura Surda.<\/b><\/span><\/p>\n<p class=\"p3\">Por l\u00e1 voc\u00ea vai encontrar:<\/p>\n<ul>\n<li class=\"p1\"><b>V\u00eddeos com informa\u00e7\u00f5es importantes<\/b><span class=\"s2\"> sobre o edital<\/span><\/li>\n<li class=\"p3\"><span class=\"s1\"><b>Lives ao vivo<\/b><\/span> com explica\u00e7\u00f5es e tira-d\u00favidas<\/li>\n<li class=\"p3\"><b>Forma\u00e7\u00f5es em Libras<\/b><span style=\"text-align: justify;\"> para professores(as) e estudantes<\/span><\/li>\n<li class=\"p3\"><b style=\"text-align: justify;\">Novidades e atualiza\u00e7\u00f5es<\/b><span class=\"s2\" style=\"text-align: justify;\"> do concurso<\/span><\/li>\n<li class=\"p3\"><b>Materiais de apoio<\/b><span style=\"text-align: justify;\"> para ajudar na cria\u00e7\u00e3o dos v\u00eddeos em Libras<\/span><\/li>\n<li class=\"p3\"><b style=\"text-align: justify;\">Se inscreva no canal, ative o sininho e acompanhe tudo de perto!<\/b><\/li>\n<\/ul>\n<p class=\"p3\">\u00c9 mais um espa\u00e7o visual e acess\u00edvel para fortalecer a Literatura Surda no Brasil.<\/p>\n<p>Link: https:\/\/www.youtube.com\/@conalis2025<\/p>\n<p>&nbsp;<\/p>\n","protected":false},"excerpt":{"rendered":"<p>YouTube do Concurso Nacional de Literatura Surda O nosso canal no YouTube foi criado especialmente para apoiar, informar e inspirar todas as pessoas que desejam participar do Primeiro Concurso Nacional de Literatura Surda. Por l\u00e1 voc\u00ea vai encontrar: V\u00eddeos com informa\u00e7\u00f5es importantes sobre o edital Lives ao vivo com explica\u00e7\u00f5es e tira-d\u00favidas Forma\u00e7\u00f5es em Libras [&hellip;]<\/p>\n","protected":false},"author":935,"featured_media":0,"parent":87,"menu_order":5,"comment_status":"closed","ping_status":"closed","template":"","meta":{"footnotes":""},"class_list":["post-83","page","type-page","status-publish","hentry"],"_links":{"self":[{"href":"https:\/\/wp.ufpel.edu.br\/conalis\/wp-json\/wp\/v2\/pages\/83","targetHints":{"allow":["GET"]}}],"collection":[{"href":"https:\/\/wp.ufpel.edu.br\/conalis\/wp-json\/wp\/v2\/pages"}],"about":[{"href":"https:\/\/wp.ufpel.edu.br\/conalis\/wp-json\/wp\/v2\/types\/page"}],"author":[{"embeddable":true,"href":"https:\/\/wp.ufpel.edu.br\/conalis\/wp-json\/wp\/v2\/users\/935"}],"replies":[{"embeddable":true,"href":"https:\/\/wp.ufpel.edu.br\/conalis\/wp-json\/wp\/v2\/comments?post=83"}],"version-history":[{"count":3,"href":"https:\/\/wp.ufpel.edu.br\/conalis\/wp-json\/wp\/v2\/pages\/83\/revisions"}],"predecessor-version":[{"id":109,"href":"https:\/\/wp.ufpel.edu.br\/conalis\/wp-json\/wp\/v2\/pages\/83\/revisions\/109"}],"up":[{"embeddable":true,"href":"https:\/\/wp.ufpel.edu.br\/conalis\/wp-json\/wp\/v2\/pages\/87"}],"wp:attachment":[{"href":"https:\/\/wp.ufpel.edu.br\/conalis\/wp-json\/wp\/v2\/media?parent=83"}],"curies":[{"name":"wp","href":"https:\/\/api.w.org\/{rel}","templated":true}]}}