{"id":50,"date":"2025-07-20T19:53:04","date_gmt":"2025-07-20T22:53:04","guid":{"rendered":"https:\/\/wp.ufpel.edu.br\/conalis\/?page_id=50"},"modified":"2025-10-06T19:59:00","modified_gmt":"2025-10-06T22:59:00","slug":"objetivo-do-concurso","status":"publish","type":"page","link":"https:\/\/wp.ufpel.edu.br\/conalis\/sobre-o-concurso-2\/objetivo-do-concurso\/","title":{"rendered":"Objetivo"},"content":{"rendered":"<p><span class=\"a_GcMg font-feature-liga-off font-feature-clig-off font-feature-calt-off text-decoration-none text-strikethrough-none\">O 1\u00ba Concurso Nacional de Literatura Surda: Narrando hist\u00f3rias em L\u00edngua de Sinais\/Libras tem como objetivo valorizar a produ\u00e7\u00e3o liter\u00e1ria em Libras, promovendo a express\u00e3o criativa, a identidade e a cultura surda na educa\u00e7\u00e3o b\u00e1sica. O concurso estimula estudantes surdos e com defici\u00eancias auditivas sinalizantes a desenvolverem narrativas visuais e liter\u00e1rias autorais, fortalecendo o uso da Libras como l\u00edngua de instru\u00e7\u00e3o e cria\u00e7\u00e3o art\u00edstica.<\/span><\/p>\n<p>O concurso tem como foco:<\/p>\n<ul>\n<li>Incentivar a produ\u00e7\u00e3o de narrativas visuais em Libras, por meio de hist\u00f3rias, poesias, contos e express\u00f5es art\u00edsticas;<\/li>\n<li>Promover o uso da Libras como l\u00edngua de cria\u00e7\u00e3o, ensino e comunica\u00e7\u00e3o;<\/li>\n<li>Apoiar a educa\u00e7\u00e3o bil\u00edngue de surdos, respeitando a Libras como primeira l\u00edngua dos estudantes;<\/li>\n<li>Reconhecer e premiar o talento dos alunos surdos da educa\u00e7\u00e3o b\u00e1sica, destacando suas produ\u00e7\u00f5es culturais;<\/li>\n<li>Divulgar e dar visibilidade \u00e0 identidade lingu\u00edstica e cultural da comunidade surda no contexto educacional.<\/li>\n<\/ul>\n<p>O concurso \u00e9 uma oportunidade para que estudantes surdos, professores e escolas possam fortalecer pr\u00e1ticas pedag\u00f3gicas mais acess\u00edveis, inclusivas e bil\u00edngues, refor\u00e7ando o orgulho surdo e incentivando o crescimento da literatura em Libras.<\/p>\n","protected":false},"excerpt":{"rendered":"<p>O 1\u00ba Concurso Nacional de Literatura Surda: Narrando hist\u00f3rias em L\u00edngua de Sinais\/Libras tem como objetivo valorizar a produ\u00e7\u00e3o liter\u00e1ria em Libras, promovendo a express\u00e3o criativa, a identidade e a cultura surda na educa\u00e7\u00e3o b\u00e1sica. O concurso estimula estudantes surdos e com defici\u00eancias auditivas sinalizantes a desenvolverem narrativas visuais e liter\u00e1rias autorais, fortalecendo o uso [&hellip;]<\/p>\n","protected":false},"author":935,"featured_media":0,"parent":32,"menu_order":0,"comment_status":"closed","ping_status":"closed","template":"","meta":{"footnotes":""},"class_list":["post-50","page","type-page","status-publish","hentry"],"_links":{"self":[{"href":"https:\/\/wp.ufpel.edu.br\/conalis\/wp-json\/wp\/v2\/pages\/50","targetHints":{"allow":["GET"]}}],"collection":[{"href":"https:\/\/wp.ufpel.edu.br\/conalis\/wp-json\/wp\/v2\/pages"}],"about":[{"href":"https:\/\/wp.ufpel.edu.br\/conalis\/wp-json\/wp\/v2\/types\/page"}],"author":[{"embeddable":true,"href":"https:\/\/wp.ufpel.edu.br\/conalis\/wp-json\/wp\/v2\/users\/935"}],"replies":[{"embeddable":true,"href":"https:\/\/wp.ufpel.edu.br\/conalis\/wp-json\/wp\/v2\/comments?post=50"}],"version-history":[{"count":4,"href":"https:\/\/wp.ufpel.edu.br\/conalis\/wp-json\/wp\/v2\/pages\/50\/revisions"}],"predecessor-version":[{"id":149,"href":"https:\/\/wp.ufpel.edu.br\/conalis\/wp-json\/wp\/v2\/pages\/50\/revisions\/149"}],"up":[{"embeddable":true,"href":"https:\/\/wp.ufpel.edu.br\/conalis\/wp-json\/wp\/v2\/pages\/32"}],"wp:attachment":[{"href":"https:\/\/wp.ufpel.edu.br\/conalis\/wp-json\/wp\/v2\/media?parent=50"}],"curies":[{"name":"wp","href":"https:\/\/api.w.org\/{rel}","templated":true}]}}