{"id":41,"date":"2025-07-20T19:45:29","date_gmt":"2025-07-20T22:45:29","guid":{"rendered":"https:\/\/wp.ufpel.edu.br\/conalis\/?page_id=41"},"modified":"2025-10-27T19:35:48","modified_gmt":"2025-10-27T22:35:48","slug":"edital-e-inscricao","status":"publish","type":"page","link":"https:\/\/wp.ufpel.edu.br\/conalis\/edital-e-inscricao\/","title":{"rendered":"EDITAL CONCURSO"},"content":{"rendered":"<p><img class=\"alignnone wp-image-110 aligncenter\"  src=\"data:image\/svg+xml,%3Csvg xmlns=\"http:\/\/www.w3.org\/2000\/svg\" viewBox=\"0 0 1 1\"%3E%3C\/svg%3E\" data-src=\"https:\/\/wp.ufpel.edu.br\/conalis\/files\/2025\/10\/Narrando-histo\u0301rias-em-Li\u0301ngua-de-SinaisLibras-286x400.png\" class=\"lazy-load\" loading=\"lazy\" decoding=\"async\" alt=\"\" width=\"137\" height=\"191\" \/><\/p>\n<p class=\"p1\"><strong>EDITAL<\/strong><\/p>\n<p><a href=\"https:\/\/wp.ufpel.edu.br\/conalis\/edital-e-inscricao\/edital\/edital-libras\/\">Libras<\/a><\/p>\n<p class=\"p1\"><a href=\"https:\/\/wp.ufpel.edu.br\/conalis\/edital-e-inscricao\/edital\/edital-portugues\/\">Portugu\u00eas<\/a><\/p>\n<p>&nbsp;<\/p>\n<p><strong>INSCRI\u00c7\u00c3O<\/strong><\/p>\n<p><a href=\"https:\/\/wp.ufpel.edu.br\/conalis\/edital-e-inscricao\/inscricao\/estudante\/\">Estudante<\/a><\/p>\n<p><a href=\"https:\/\/wp.ufpel.edu.br\/conalis\/edital-e-inscricao\/inscricao\/docente\/\">Docente<\/a><\/p>\n<p>&nbsp;<\/p>\n<p><strong>FICHA DE CADASTRO &#8211; PERFIL<\/strong><\/p>\n<p><a href=\"https:\/\/wp.ufpel.edu.br\/conalis\/edital-e-inscricao\/formulario-perfil\/estudante-2\/\">Estudante<\/a><\/p>\n<p><a href=\"https:\/\/wp.ufpel.edu.br\/conalis\/edital-e-inscricao\/formulario-perfil\/docente-2\/\">Docente<\/a><\/p>\n<p>&nbsp;<\/p>\n<p><strong>AUTORIZA\u00c7\u00c3O DE USO DE IMAGEM E V\u00cdDEO<\/strong><\/p>\n<p>PDF &#8211; <a href=\"https:\/\/wp.ufpel.edu.br\/conalis\/files\/2025\/10\/Autorizac%CC%A7a%CC%83o_de_Uso_de_Imagem_e_Video.pdf\">Autoriza\u00e7\u00e3o<\/a><\/p>\n<p>&nbsp;<\/p>\n","protected":false},"excerpt":{"rendered":"<p>EDITAL Libras Portugu\u00eas &nbsp; INSCRI\u00c7\u00c3O Estudante Docente &nbsp; FICHA DE CADASTRO &#8211; PERFIL Estudante Docente &nbsp; AUTORIZA\u00c7\u00c3O DE USO DE IMAGEM E V\u00cdDEO PDF &#8211; Autoriza\u00e7\u00e3o &nbsp;<\/p>\n","protected":false},"author":935,"featured_media":0,"parent":0,"menu_order":2,"comment_status":"closed","ping_status":"closed","template":"","meta":{"footnotes":""},"class_list":["post-41","page","type-page","status-publish","hentry"],"_links":{"self":[{"href":"https:\/\/wp.ufpel.edu.br\/conalis\/wp-json\/wp\/v2\/pages\/41","targetHints":{"allow":["GET"]}}],"collection":[{"href":"https:\/\/wp.ufpel.edu.br\/conalis\/wp-json\/wp\/v2\/pages"}],"about":[{"href":"https:\/\/wp.ufpel.edu.br\/conalis\/wp-json\/wp\/v2\/types\/page"}],"author":[{"embeddable":true,"href":"https:\/\/wp.ufpel.edu.br\/conalis\/wp-json\/wp\/v2\/users\/935"}],"replies":[{"embeddable":true,"href":"https:\/\/wp.ufpel.edu.br\/conalis\/wp-json\/wp\/v2\/comments?post=41"}],"version-history":[{"count":3,"href":"https:\/\/wp.ufpel.edu.br\/conalis\/wp-json\/wp\/v2\/pages\/41\/revisions"}],"predecessor-version":[{"id":196,"href":"https:\/\/wp.ufpel.edu.br\/conalis\/wp-json\/wp\/v2\/pages\/41\/revisions\/196"}],"wp:attachment":[{"href":"https:\/\/wp.ufpel.edu.br\/conalis\/wp-json\/wp\/v2\/media?parent=41"}],"curies":[{"name":"wp","href":"https:\/\/api.w.org\/{rel}","templated":true}]}}