{"id":150,"date":"2025-10-06T20:00:00","date_gmt":"2025-10-06T23:00:00","guid":{"rendered":"https:\/\/wp.ufpel.edu.br\/conalis\/?page_id=150"},"modified":"2025-10-06T20:00:00","modified_gmt":"2025-10-06T23:00:00","slug":"como-participar","status":"publish","type":"page","link":"https:\/\/wp.ufpel.edu.br\/conalis\/sobre-o-concurso-2\/como-participar\/","title":{"rendered":"Como participar?"},"content":{"rendered":"<p class=\"cvGsUA direction-ltr align-justify para-style-body\"><span class=\"a_GcMg font-feature-liga-off font-feature-clig-off font-feature-calt-off text-decoration-none text-strikethrough-none\">Cada estudante deve criar um v\u00eddeo com sua hist\u00f3ria em Libras \u2014 pode ser uma narrativa autoral, um conto recontado ou uma experi\u00eancia pessoal.<\/span><\/p>\n<p class=\"cvGsUA direction-ltr align-justify para-style-body\"><span class=\"a_GcMg font-feature-liga-off font-feature-clig-off font-feature-calt-off text-decoration-none text-strikethrough-none\">Esse v\u00eddeo pode ser feito de forma individual, mas \u00e9 necess\u00e1rio o acompanhamento de um(a) professor(a) bil\u00edngue, que ir\u00e1 orientar o processo criativo, apoiar na organiza\u00e7\u00e3o da narrativa e ajudar na produ\u00e7\u00e3o da grava\u00e7\u00e3o.<\/span><\/p>\n<p class=\"cvGsUA direction-ltr align-justify para-style-body\"><span class=\"a_GcMg font-feature-liga-off font-feature-clig-off font-feature-calt-off text-decoration-none text-strikethrough-none\">Professores(as) bil\u00edngues s\u00e3o parte fundamental do concurso e tamb\u00e9m ser\u00e3o reconhecidos com certificado, medalha e premia\u00e7\u00e3o, caso seus estudantes estejam entre os(as) finalistas.<\/span><\/p>\n<p class=\"cvGsUA direction-ltr align-justify para-style-body\"><span class=\"a_GcMg font-feature-liga-off font-feature-clig-off font-feature-calt-off text-decoration-none text-strikethrough-none\">Os v\u00eddeos podem ser gravados com celular ou c\u00e2mera.<\/span><\/p>\n<p class=\"cvGsUA direction-ltr align-justify para-style-body\"><span class=\"a_GcMg font-feature-liga-off font-feature-clig-off font-feature-calt-off text-decoration-none text-strikethrough-none\">Tutoriais com explica\u00e7\u00f5es em Libras estar\u00e3o dispon\u00edveis no site oficial.<\/span><\/p>\n<p class=\"cvGsUA direction-ltr align-justify para-style-body\"><span class=\"a_GcMg font-feature-liga-off font-feature-clig-off font-feature-calt-off text-decoration-none text-strikethrough-none\">Em caso de d\u00favidas, acompanhe tamb\u00e9m nossas redes sociais (Instagram e YouTube), onde ser\u00e3o postados v\u00eddeos e avisos com orienta\u00e7\u00f5es importantes.<\/span><\/p>\n","protected":false},"excerpt":{"rendered":"<p>Cada estudante deve criar um v\u00eddeo com sua hist\u00f3ria em Libras \u2014 pode ser uma narrativa autoral, um conto recontado ou uma experi\u00eancia pessoal. Esse v\u00eddeo pode ser feito de forma individual, mas \u00e9 necess\u00e1rio o acompanhamento de um(a) professor(a) bil\u00edngue, que ir\u00e1 orientar o processo criativo, apoiar na organiza\u00e7\u00e3o da narrativa e ajudar na [&hellip;]<\/p>\n","protected":false},"author":935,"featured_media":0,"parent":32,"menu_order":4,"comment_status":"closed","ping_status":"closed","template":"","meta":{"footnotes":""},"class_list":["post-150","page","type-page","status-publish","hentry"],"_links":{"self":[{"href":"https:\/\/wp.ufpel.edu.br\/conalis\/wp-json\/wp\/v2\/pages\/150","targetHints":{"allow":["GET"]}}],"collection":[{"href":"https:\/\/wp.ufpel.edu.br\/conalis\/wp-json\/wp\/v2\/pages"}],"about":[{"href":"https:\/\/wp.ufpel.edu.br\/conalis\/wp-json\/wp\/v2\/types\/page"}],"author":[{"embeddable":true,"href":"https:\/\/wp.ufpel.edu.br\/conalis\/wp-json\/wp\/v2\/users\/935"}],"replies":[{"embeddable":true,"href":"https:\/\/wp.ufpel.edu.br\/conalis\/wp-json\/wp\/v2\/comments?post=150"}],"version-history":[{"count":1,"href":"https:\/\/wp.ufpel.edu.br\/conalis\/wp-json\/wp\/v2\/pages\/150\/revisions"}],"predecessor-version":[{"id":151,"href":"https:\/\/wp.ufpel.edu.br\/conalis\/wp-json\/wp\/v2\/pages\/150\/revisions\/151"}],"up":[{"embeddable":true,"href":"https:\/\/wp.ufpel.edu.br\/conalis\/wp-json\/wp\/v2\/pages\/32"}],"wp:attachment":[{"href":"https:\/\/wp.ufpel.edu.br\/conalis\/wp-json\/wp\/v2\/media?parent=150"}],"curies":[{"name":"wp","href":"https:\/\/api.w.org\/{rel}","templated":true}]}}