{"id":15,"date":"2025-07-20T19:23:25","date_gmt":"2025-07-20T22:23:25","guid":{"rendered":"https:\/\/wp.ufpel.edu.br\/conalis\/?page_id=15"},"modified":"2025-10-02T20:02:07","modified_gmt":"2025-10-02T23:02:07","slug":"quem-somos","status":"publish","type":"page","link":"https:\/\/wp.ufpel.edu.br\/conalis\/quem-somos\/","title":{"rendered":"QUEM SOMOS"},"content":{"rendered":"<p><img class=\"alignnone wp-image-80\" src=\"https:\/\/wp.ufpel.edu.br\/conalis\/files\/2025\/09\/Captura-de-Tela-2025-09-27-a\u0300s-14.51.46-400x400.png\" alt=\"Professor Fabiano\" width=\"200\" height=\"199\" srcset=\"https:\/\/wp.ufpel.edu.br\/conalis\/files\/2025\/09\/Captura-de-Tela-2025-09-27-a\u0300s-14.51.46-400x400.png 400w, https:\/\/wp.ufpel.edu.br\/conalis\/files\/2025\/09\/Captura-de-Tela-2025-09-27-a\u0300s-14.51.46-200x200.png 200w, https:\/\/wp.ufpel.edu.br\/conalis\/files\/2025\/09\/Captura-de-Tela-2025-09-27-a\u0300s-14.51.46.png 734w\" sizes=\"(max-width: 200px) 100vw, 200px\" \/><\/p>\n<p><strong>Professor Dr. Fabiano Souto Rosa<br \/>\n<\/strong>Coordenador de Projeto de Extens\u00e3o<br \/>\nP\u00f3s doutorado em Linguistica pela Universidade Federal de Santa Catarina (UFSC). Doutor e Mestre em Educa\u00e7\u00e3o pela Universidade Federal de Pelotas (UFPel). Graduado em Licenciatura em Pedagogia pela Universidade Luterana do Brasil (ULBRA). Professor e pesquisador do curso de Letras Libras \/ Literatura Surda da \u00c1rea de Libras do Centro de Letras e Comunica\u00e7\u00e3o da UFPel.<\/p>\n<p>&nbsp;<\/p>\n<p><img class=\"alignnone wp-image-79\" src=\"https:\/\/wp.ufpel.edu.br\/conalis\/files\/2025\/09\/Captura-de-Tela-2025-09-27-a\u0300s-14.51.51-371x400.png\" alt=\"\" width=\"200\" height=\"215\" srcset=\"https:\/\/wp.ufpel.edu.br\/conalis\/files\/2025\/09\/Captura-de-Tela-2025-09-27-a\u0300s-14.51.51-371x400.png 371w, https:\/\/wp.ufpel.edu.br\/conalis\/files\/2025\/09\/Captura-de-Tela-2025-09-27-a\u0300s-14.51.51.png 700w\" sizes=\"(max-width: 200px) 100vw, 200px\" \/><\/p>\n<p><strong>Professora Dra. Bruna da Silva Branco<br \/>\n<\/strong>Adjunto-Coordenadora de Projeto de Extens\u00e3o<br \/>\nProfessora da Universidade Federal de Pelotas (UFPel), vinculada ao curso de Letras Libras\/Literatura Surda, na \u00e1rea de Libras, no Centro de Letras e Comunica\u00e7\u00e3o (CLC). Doutora e Mestra em Educa\u00e7\u00e3o pela Universidade Federal do Rio Grande do Sul (UFRGS). Possui especializa\u00e7\u00e3o em Doc\u00eancia da L\u00edngua Brasileira de Sinais (Libras) pela Universidade Tuiuti do Paran\u00e1 (UTP) e gradua\u00e7\u00e3o em Letras Libras pela Universidade Federal de Santa Catarina (UFSC). Atua nas \u00e1reas de Literatura Surda, Educa\u00e7\u00e3o, Libras e Pol\u00edticas de A\u00e7\u00f5es Afirmativas, com ampla experi\u00eancia no ensino, na pesquisa e em a\u00e7\u00f5es voltadas \u00e0 comunidade surda.<\/p>\n","protected":false},"excerpt":{"rendered":"<p>Professor Dr. Fabiano Souto Rosa Coordenador de Projeto de Extens\u00e3o P\u00f3s doutorado em Linguistica pela Universidade Federal de Santa Catarina (UFSC). Doutor e Mestre em Educa\u00e7\u00e3o pela Universidade Federal de Pelotas (UFPel). Graduado em Licenciatura em Pedagogia pela Universidade Luterana do Brasil (ULBRA). Professor e pesquisador do curso de Letras Libras \/ Literatura Surda da [&hellip;]<\/p>\n","protected":false},"author":935,"featured_media":0,"parent":0,"menu_order":3,"comment_status":"closed","ping_status":"closed","template":"","meta":{"footnotes":""},"class_list":["post-15","page","type-page","status-publish","hentry"],"_links":{"self":[{"href":"https:\/\/wp.ufpel.edu.br\/conalis\/wp-json\/wp\/v2\/pages\/15","targetHints":{"allow":["GET"]}}],"collection":[{"href":"https:\/\/wp.ufpel.edu.br\/conalis\/wp-json\/wp\/v2\/pages"}],"about":[{"href":"https:\/\/wp.ufpel.edu.br\/conalis\/wp-json\/wp\/v2\/types\/page"}],"author":[{"embeddable":true,"href":"https:\/\/wp.ufpel.edu.br\/conalis\/wp-json\/wp\/v2\/users\/935"}],"replies":[{"embeddable":true,"href":"https:\/\/wp.ufpel.edu.br\/conalis\/wp-json\/wp\/v2\/comments?post=15"}],"version-history":[{"count":3,"href":"https:\/\/wp.ufpel.edu.br\/conalis\/wp-json\/wp\/v2\/pages\/15\/revisions"}],"predecessor-version":[{"id":97,"href":"https:\/\/wp.ufpel.edu.br\/conalis\/wp-json\/wp\/v2\/pages\/15\/revisions\/97"}],"wp:attachment":[{"href":"https:\/\/wp.ufpel.edu.br\/conalis\/wp-json\/wp\/v2\/media?parent=15"}],"curies":[{"name":"wp","href":"https:\/\/api.w.org\/{rel}","templated":true}]}}