{"id":95,"date":"2019-02-04T21:45:35","date_gmt":"2019-02-04T23:45:35","guid":{"rendered":"https:\/\/wp.ufpel.edu.br\/computacao\/?page_id=95"},"modified":"2019-10-29T15:12:53","modified_gmt":"2019-10-29T18:12:53","slug":"pet","status":"publish","type":"page","link":"https:\/\/wp.ufpel.edu.br\/computacao\/graduacao\/pet\/","title":{"rendered":"Programa de Educa\u00e7\u00e3o Tutorial (PET)"},"content":{"rendered":"<p>O Programa de Educa\u00e7\u00e3o Tutorial (PET) \u00e9 parte de um programa do Governo Federal de est\u00edmulo \u00e0s atividades de pesquisa, ensino e extens\u00e3o em cursos de gradua\u00e7\u00e3o.\u00a0Os objetivos do programa incluem a melhoria do ensino de gradua\u00e7\u00e3o, a forma\u00e7\u00e3o acad\u00eamica do aluno, a\u00a0interdisciplinaridade, e o planejamento e execu\u00e7\u00e3o de atividades acad\u00eamicas diversificadas. Os integrantes contam com bolsa de aux\u00edlio.<\/p>\n<p>O Programa de Educa\u00e7\u00e3o Tutorial da Computa\u00e7\u00e3o (PET-Computa\u00e7\u00e3o) foi criado em 2009 e inclui doze estudantes dos cursos de Ci\u00eancia da Computa\u00e7\u00e3o e Engenharia de Computa\u00e7\u00e3o, com tutoria de um docente da \u00e1rea. Os\u00a0 membros possuem um tempo m\u00e1ximo de v\u00ednculo: ao bolsista de gradua\u00e7\u00e3o \u00e9 permitida a perman\u00eancia at\u00e9 a conclus\u00e3o da sua gradua\u00e7\u00e3o e, ao tutor, por um per\u00edodo de, no m\u00e1ximo, seis anos.<\/p>\n<p><a href=\"https:\/\/wp.ufpel.edu.br\/petcomp\/\" target=\"_blank\" rel=\"noopener noreferrer\">Mais informa\u00e7\u00f5es no site do PET-Computa\u00e7\u00e3o<\/a>.<\/p>\n","protected":false},"excerpt":{"rendered":"<p>O Programa de Educa\u00e7\u00e3o Tutorial (PET) \u00e9 parte de um programa do Governo Federal de est\u00edmulo \u00e0s atividades de pesquisa, ensino e extens\u00e3o em cursos de gradua\u00e7\u00e3o.\u00a0Os objetivos do programa incluem a melhoria do&#46;&#46;&#46;<\/p>\n","protected":false},"author":881,"featured_media":0,"parent":64,"menu_order":0,"comment_status":"closed","ping_status":"closed","template":"","meta":{"jetpack_post_was_ever_published":false,"footnotes":""},"class_list":["post-95","page","type-page","status-publish","hentry"],"jetpack_sharing_enabled":true,"jetpack_shortlink":"https:\/\/wp.me\/PaGhNl-1x","_links":{"self":[{"href":"https:\/\/wp.ufpel.edu.br\/computacao\/wp-json\/wp\/v2\/pages\/95","targetHints":{"allow":["GET"]}}],"collection":[{"href":"https:\/\/wp.ufpel.edu.br\/computacao\/wp-json\/wp\/v2\/pages"}],"about":[{"href":"https:\/\/wp.ufpel.edu.br\/computacao\/wp-json\/wp\/v2\/types\/page"}],"author":[{"embeddable":true,"href":"https:\/\/wp.ufpel.edu.br\/computacao\/wp-json\/wp\/v2\/users\/881"}],"replies":[{"embeddable":true,"href":"https:\/\/wp.ufpel.edu.br\/computacao\/wp-json\/wp\/v2\/comments?post=95"}],"version-history":[{"count":4,"href":"https:\/\/wp.ufpel.edu.br\/computacao\/wp-json\/wp\/v2\/pages\/95\/revisions"}],"predecessor-version":[{"id":5599,"href":"https:\/\/wp.ufpel.edu.br\/computacao\/wp-json\/wp\/v2\/pages\/95\/revisions\/5599"}],"up":[{"embeddable":true,"href":"https:\/\/wp.ufpel.edu.br\/computacao\/wp-json\/wp\/v2\/pages\/64"}],"wp:attachment":[{"href":"https:\/\/wp.ufpel.edu.br\/computacao\/wp-json\/wp\/v2\/media?parent=95"}],"curies":[{"name":"wp","href":"https:\/\/api.w.org\/{rel}","templated":true}]}}