{"id":8907,"date":"2026-03-09T11:15:23","date_gmt":"2026-03-09T14:15:23","guid":{"rendered":"https:\/\/wp.ufpel.edu.br\/computacao\/?page_id=8907"},"modified":"2026-03-28T18:37:45","modified_gmt":"2026-03-28T21:37:45","slug":"edital-de-classificacao-para-bolsas-de-mestrado-e-doutorado-2026-1","status":"publish","type":"page","link":"https:\/\/wp.ufpel.edu.br\/computacao\/edital-de-classificacao-para-bolsas-de-mestrado-e-doutorado-2026-1\/","title":{"rendered":"Edital de classifica\u00e7\u00e3o para bolsas de mestrado e doutorado 2026\/1"},"content":{"rendered":"\n<p><strong>Edital<\/strong><\/p>\n\n\n\n<ul class=\"wp-block-list\">\n<li><a href=\"https:\/\/wp.ufpel.edu.br\/computacao\/files\/2026\/03\/edital-de-bolsas-2026-01.pdf\">Edital 01\/2026<\/a>  <\/li>\n<\/ul>\n\n\n\n<p><strong>Formul\u00e1rio de Inscri\u00e7\u00e3o<\/strong><\/p>\n\n\n\n<ul class=\"wp-block-list\">\n<li><mark style=\"background-color:rgba(0, 0, 0, 0)\" class=\"has-inline-color has-vivid-red-color\"><strong>Inscri\u00e7\u00f5es encerradas<\/strong><\/mark><\/li>\n<\/ul>\n\n\n\n<p><strong>Resultado<\/strong><\/p>\n\n\n\n<ul class=\"wp-block-list\">\n<li><a href=\"https:\/\/wp.ufpel.edu.br\/computacao\/files\/2026\/03\/bolsas-2026-02-resultado-final.pdf\" data-type=\"link\" data-id=\"https:\/\/wp.ufpel.edu.br\/computacao\/files\/2026\/03\/bolsas-2026-02-resultado-final.pdf\">Resultado da Classifica\u00e7\u00e3o para Aloca\u00e7\u00e3o de Bolsas 2026\/1<\/a><\/li>\n<\/ul>\n\n\n\n<p><\/p>\n","protected":false},"excerpt":{"rendered":"<p>Edital Formul\u00e1rio de Inscri\u00e7\u00e3o Resultado<\/p>\n","protected":false},"author":881,"featured_media":0,"parent":0,"menu_order":0,"comment_status":"closed","ping_status":"closed","template":"","meta":{"jetpack_post_was_ever_published":false,"footnotes":""},"class_list":["post-8907","page","type-page","status-publish","hentry"],"jetpack_sharing_enabled":true,"jetpack_shortlink":"https:\/\/wp.me\/PaGhNl-2jF","_links":{"self":[{"href":"https:\/\/wp.ufpel.edu.br\/computacao\/wp-json\/wp\/v2\/pages\/8907","targetHints":{"allow":["GET"]}}],"collection":[{"href":"https:\/\/wp.ufpel.edu.br\/computacao\/wp-json\/wp\/v2\/pages"}],"about":[{"href":"https:\/\/wp.ufpel.edu.br\/computacao\/wp-json\/wp\/v2\/types\/page"}],"author":[{"embeddable":true,"href":"https:\/\/wp.ufpel.edu.br\/computacao\/wp-json\/wp\/v2\/users\/881"}],"replies":[{"embeddable":true,"href":"https:\/\/wp.ufpel.edu.br\/computacao\/wp-json\/wp\/v2\/comments?post=8907"}],"version-history":[{"count":3,"href":"https:\/\/wp.ufpel.edu.br\/computacao\/wp-json\/wp\/v2\/pages\/8907\/revisions"}],"predecessor-version":[{"id":8938,"href":"https:\/\/wp.ufpel.edu.br\/computacao\/wp-json\/wp\/v2\/pages\/8907\/revisions\/8938"}],"wp:attachment":[{"href":"https:\/\/wp.ufpel.edu.br\/computacao\/wp-json\/wp\/v2\/media?parent=8907"}],"curies":[{"name":"wp","href":"https:\/\/api.w.org\/{rel}","templated":true}]}}