{"id":89,"date":"2019-02-04T21:32:30","date_gmt":"2019-02-04T23:32:30","guid":{"rendered":"https:\/\/wp.ufpel.edu.br\/computacao\/?page_id=89"},"modified":"2026-03-23T16:11:04","modified_gmt":"2026-03-23T19:11:04","slug":"servidores","status":"publish","type":"page","link":"https:\/\/wp.ufpel.edu.br\/computacao\/sobre-a-computacao-ufpel\/servidores\/","title":{"rendered":"Docentes e T\u00e9cnico-Administrativos"},"content":{"rendered":"<div class=\"professor\">\n\n<strong>Servidores t\u00e9cnico-administrativos<\/strong>:\n<ul>\n \t<li>Secretaria Engenharia de Computa\u00e7\u00e3o:\u00a0<a href=\"https:\/\/institucional.ufpel.edu.br\/servidores\/id\/32250\">Isabel Fagundes Cabral<\/a><\/li>\n \t<li>Secretaria Ci\u00eancia da Computa\u00e7\u00e3o:\u00a0<a href=\"https:\/\/institucional.ufpel.edu.br\/servidores\/id\/134395\">Paloma Pirez Valerio<\/a><\/li>\n \t<li>Secretaria PPGC:\u00a0<a href=\"https:\/\/institucional.ufpel.edu.br\/servidores\/id\/30466\">Regina Maria Barbosa Rocha<\/a><\/li>\n \t<li>N\u00facleo de Recursos Computacionais (NRC):\n<ul>\n \t<li><a href=\"https:\/\/institucional.ufpel.edu.br\/servidores\/id\/228538\">Andriel Weber Jardim<\/a><\/li>\n \t<li><a href=\"https:\/\/institucional.ufpel.edu.br\/servidores\/id\/139696\">Patr\u00edcia Teixeira Davet<\/a><\/li>\n \t<li><a href=\"https:\/\/institucional.ufpel.edu.br\/servidores\/id\/36980\">Vilnei Marins de Freitas das Neves<\/a><\/li>\n<\/ul>\n<\/li>\n<\/ul>\n<strong>Docentes<\/strong>:\n<ul>\n \t<li><a href=\"http:\/\/lattes.cnpq.br\/8861113953470000\">Adenauer Correa Yamin<\/a><\/li>\n \t<li><a href=\"http:\/\/lattes.cnpq.br\/6944075685926454\"><span class=\"il\">Alan<\/span>\u00a0Carlos Junior Rossetto<\/a><\/li>\n \t<li><a href=\"http:\/\/lattes.cnpq.br\/1435405686437314\">Ana Marilza Pernas<\/a><\/li>\n \t<li><a href=\"http:\/\/lattes.cnpq.br\/7694477998106229\">Anderson Priebe Ferrugem<\/a><\/li>\n \t<li><a href=\"http:\/\/lattes.cnpq.br\/3277487290886063\">Andr\u00e9 Rauber Du Bois<\/a><\/li>\n \t<li><a href=\"http:\/\/lattes.cnpq.br\/3018584734507443\">Bernardo Barancelli Schwedersky<\/a><\/li>\n \t<li><a href=\"http:\/\/lattes.cnpq.br\/3048630293482453\">Brenda Salenave Santana<\/a><\/li>\n \t<li><a href=\"https:\/\/wp.ufpel.edu.br\/zatt\/\">Bruno Zatt<\/a><\/li>\n \t<li><a href=\"http:\/\/lattes.cnpq.br\/2054259785006041\">Felipe de Souza Marques<\/a><\/li>\n \t<li><a href=\"http:\/\/lattes.cnpq.br\/1542351302502326\">Gerson Geraldo H. Cavalheiro<\/a><\/li>\n \t<li><a href=\"http:\/\/lattes.cnpq.br\/8796491947184490\">Giancarlo Lucca<\/a><\/li>\n \t<li><a href=\"https:\/\/wp.ufpel.edu.br\/gcorrea\/\">Guilherme Ribeiro Corr\u00eaa<\/a><\/li>\n \t<li><a href=\"http:\/\/lattes.cnpq.br\/5706816490232270\">Guilherme Netto<\/a><\/li>\n \t<li><a href=\"http:\/\/lattes.cnpq.br\/5546692436888264\">Julio Carlos Balzano de Mattos<\/a><\/li>\n \t<li><a href=\"https:\/\/wp.ufpel.edu.br\/larissa\/\">Larissa Astrogildo de Freitas<\/a><\/li>\n \t<li><a href=\"http:\/\/lattes.cnpq.br\/1423810014480514\">Leomar Soares da Rosa Junior<\/a><\/li>\n \t<li><a href=\"http:\/\/lattes.cnpq.br\/9175591364526313\">Lisane Brisolara de Brisolara<\/a><\/li>\n \t<li><a href=\"http:\/\/lattes.cnpq.br\/1097468139544018\">Luciana Foss<\/a><\/li>\n \t<li><a href=\"https:\/\/wp.ufpel.edu.br\/agostini\">Luciano Volcan Agostini<\/a><\/li>\n \t<li><a href=\"http:\/\/lattes.cnpq.br\/5741927083446578\">Marcelo Schiavon Porto<\/a><\/li>\n \t<li><a href=\"http:\/\/marilton.info\">Marilton Sanchotene de Aguiar<\/a><\/li>\n \t<li><a href=\"http:\/\/lattes.cnpq.br\/0481478169272902\">Paulo R. Ferreira Jr.<\/a><\/li>\n \t<li><a href=\"http:\/\/lattes.cnpq.br\/7812211160354490\">Rafael Burlamaqui Amaral<\/a><\/li>\n \t<li><a href=\"http:\/\/lattes.cnpq.br\/7939385198461157\">Rafael Iankowski Soares<\/a><\/li>\n \t<li><a href=\"https:\/\/rafaeltorchelsen.wordpress.com\">Rafael Piccin Torchelsen<\/a><\/li>\n \t<li><a href=\"http:\/\/lattes.cnpq.br\/3283691152621834\">Renata Hax Sander Reiser<\/a><\/li>\n \t<li><a href=\"http:\/\/lattes.cnpq.br\/2502796658601825\">Simone Andr\u00e9 da Costa Cavalheiro<\/a><\/li>\n \t<li><a href=\"http:\/\/lattes.cnpq.br\/4903908392101557\">Tatiana Aires Tavares<\/a><!-- \/wp:post-content --><\/li>\n \t<li><a href=\"https:\/\/wp.ufpel.edu.br\/ulisses\/\">Ulisses Brisolara Correa<\/a><\/li>\n<\/ul>\n<strong>Aposentados<\/strong>\n<ul>\n \t<li><a href=\"http:\/\/lattes.cnpq.br\/1780551044716915\">Eliane da Silva Alcoforado Diniz<\/a><\/li>\n<\/ul>\n<\/div>\n<!-- wp:paragraph -->\n\n<!-- \/wp:paragraph -->","protected":false},"excerpt":{"rendered":"<p>Servidores t\u00e9cnico-administrativos: Secretaria Engenharia de Computa\u00e7\u00e3o:\u00a0Isabel Fagundes Cabral Secretaria Ci\u00eancia da Computa\u00e7\u00e3o:\u00a0Paloma Pirez Valerio Secretaria PPGC:\u00a0Regina Maria Barbosa Rocha N\u00facleo de Recursos Computacionais (NRC): Andriel Weber Jardim Patr\u00edcia Teixeira Davet Vilnei Marins de Freitas&#46;&#46;&#46;<\/p>\n","protected":false},"author":881,"featured_media":0,"parent":18,"menu_order":0,"comment_status":"closed","ping_status":"closed","template":"","meta":{"jetpack_post_was_ever_published":false,"footnotes":""},"class_list":["post-89","page","type-page","status-publish","hentry"],"jetpack_sharing_enabled":true,"jetpack_shortlink":"https:\/\/wp.me\/PaGhNl-1r","_links":{"self":[{"href":"https:\/\/wp.ufpel.edu.br\/computacao\/wp-json\/wp\/v2\/pages\/89","targetHints":{"allow":["GET"]}}],"collection":[{"href":"https:\/\/wp.ufpel.edu.br\/computacao\/wp-json\/wp\/v2\/pages"}],"about":[{"href":"https:\/\/wp.ufpel.edu.br\/computacao\/wp-json\/wp\/v2\/types\/page"}],"author":[{"embeddable":true,"href":"https:\/\/wp.ufpel.edu.br\/computacao\/wp-json\/wp\/v2\/users\/881"}],"replies":[{"embeddable":true,"href":"https:\/\/wp.ufpel.edu.br\/computacao\/wp-json\/wp\/v2\/comments?post=89"}],"version-history":[{"count":3,"href":"https:\/\/wp.ufpel.edu.br\/computacao\/wp-json\/wp\/v2\/pages\/89\/revisions"}],"predecessor-version":[{"id":8936,"href":"https:\/\/wp.ufpel.edu.br\/computacao\/wp-json\/wp\/v2\/pages\/89\/revisions\/8936"}],"up":[{"embeddable":true,"href":"https:\/\/wp.ufpel.edu.br\/computacao\/wp-json\/wp\/v2\/pages\/18"}],"wp:attachment":[{"href":"https:\/\/wp.ufpel.edu.br\/computacao\/wp-json\/wp\/v2\/media?parent=89"}],"curies":[{"name":"wp","href":"https:\/\/api.w.org\/{rel}","templated":true}]}}