{"id":8842,"date":"2025-12-09T11:56:17","date_gmt":"2025-12-09T14:56:17","guid":{"rendered":"https:\/\/wp.ufpel.edu.br\/computacao\/?page_id=8842"},"modified":"2026-03-09T17:05:22","modified_gmt":"2026-03-09T20:05:22","slug":"selecao-de-aluno-regular-2026-1","status":"publish","type":"page","link":"https:\/\/wp.ufpel.edu.br\/computacao\/selecao-de-aluno-regular-2026-1\/","title":{"rendered":"Sele\u00e7\u00e3o de aluno regular 2026\/1"},"content":{"rendered":"\n<p><strong>Edital<\/strong><\/p>\n\n\n\n<ul class=\"wp-block-list\">\n<li><a href=\"https:\/\/wp.ufpel.edu.br\/computacao\/files\/2025\/12\/Edital-253-2025-Selecao-de-Estudante-Regular-PPGC-2026-01.pdf\">Edital N\u00ba 253\/2025 \u2013 Sele\u00e7\u00e3o de Estudante Regular 2026\/1 \u2013 Mestrado e Doutorado em Computa\u00e7\u00e3o<\/a><\/li>\n<\/ul>\n\n\n\n<p><strong>Formul\u00e1rio de inscri\u00e7\u00e3o<\/strong><\/p>\n\n\n\n<ul class=\"wp-block-list\">\n<li><mark style=\"background-color:rgba(0, 0, 0, 0)\" class=\"has-inline-color has-vivid-red-color\"><strong>Encerrado<\/strong><\/mark><\/li>\n<\/ul>\n\n\n\n<p><strong>Outros Formul\u00e1rios<\/strong><\/p>\n\n\n\n<ul class=\"wp-block-list\">\n<li><a href=\"https:\/\/wp.ufpel.edu.br\/computacao\/files\/2025\/12\/autodeclaracao-pessoa-negra.pdf\" data-type=\"link\" data-id=\"https:\/\/wp.ufpel.edu.br\/computacao\/files\/2025\/12\/autodeclaracao-pessoa-negra.pdf\">Formul\u00e1rio de autodeclara\u00e7\u00e3o de pessoa negra <\/a><\/li>\n\n\n\n<li><a href=\"https:\/\/wp.ufpel.edu.br\/computacao\/files\/2025\/12\/Autodeclaracao_Deficiencia.pdf\" data-type=\"link\" data-id=\"https:\/\/wp.ufpel.edu.br\/computacao\/files\/2025\/12\/Autodeclaracao_Deficiencia.pdf\">Formul\u00e1rio de autodeclara\u00e7\u00e3o de defici\u00eancia<\/a><\/li>\n\n\n\n<li><a href=\"https:\/\/wp.ufpel.edu.br\/computacao\/files\/2022\/12\/Autodeclaracao_de_Identidade_de_Genero.pdf\" target=\"_blank\" rel=\"noreferrer noopener\">Formul\u00e1rio de autodeclara\u00e7\u00e3o de Identidade de G\u00eanero<\/a>&nbsp;<\/li>\n<\/ul>\n\n\n\n<p><strong>Processo Seletivo<\/strong><\/p>\n\n\n\n<ul class=\"wp-block-list\">\n<li><a href=\"https:\/\/wp.ufpel.edu.br\/computacao\/files\/2026\/02\/homologacao-inscricoes-preliminar.pdf\" data-type=\"link\" data-id=\"https:\/\/wp.ufpel.edu.br\/computacao\/files\/2026\/02\/homologacao-inscricoes-preliminar.pdf\">Inscri\u00e7\u00f5es Homologadas (Lista Preliminar)<\/a><\/li>\n\n\n\n<li><a href=\"https:\/\/wp.ufpel.edu.br\/computacao\/files\/2026\/02\/homologacao-inscricoes-final.pdf\" data-type=\"link\" data-id=\"https:\/\/wp.ufpel.edu.br\/computacao\/files\/2026\/02\/homologacao-inscricoes-final.pdf\">Inscri\u00e7\u00f5es Homologadas (Lista Final)<\/a><\/li>\n\n\n\n<li><a href=\"https:\/\/wp.ufpel.edu.br\/computacao\/files\/2026\/02\/entrevistas-selecao-doutorado-2026-01.pdf\" data-type=\"link\" data-id=\"https:\/\/wp.ufpel.edu.br\/computacao\/files\/2026\/02\/entrevistas-selecao-doutorado-2026-01.pdf\">Calend\u00e1rio de Entrevistas para os Candidatos ao Doutorado <\/a>(O Link para a entrevista ser\u00e1 enviado para o e-mail cadastrado na inscri\u00e7\u00e3o)<\/li>\n\n\n\n<li><a href=\"https:\/\/wp.ufpel.edu.br\/computacao\/files\/2026\/03\/resultado-preliminar-selecao-2026-01.pdf\">Resultado Preliminar do Processo Seletivo<\/a><\/li>\n\n\n\n<li><a href=\"https:\/\/wp.ufpel.edu.br\/computacao\/files\/2026\/03\/resultado-final-selecao-2026-01.pdf\">Resultado Final do Processo Seletivo ap\u00f3s per\u00edodo de recursos<\/a><\/li>\n<\/ul>\n\n\n\n<p><\/p>\n","protected":false},"excerpt":{"rendered":"<p>Edital Formul\u00e1rio de inscri\u00e7\u00e3o Outros Formul\u00e1rios Processo Seletivo<\/p>\n","protected":false},"author":881,"featured_media":0,"parent":0,"menu_order":0,"comment_status":"closed","ping_status":"closed","template":"","meta":{"jetpack_post_was_ever_published":false,"footnotes":""},"class_list":["post-8842","page","type-page","status-publish","hentry"],"jetpack_sharing_enabled":true,"jetpack_shortlink":"https:\/\/wp.me\/PaGhNl-2iC","_links":{"self":[{"href":"https:\/\/wp.ufpel.edu.br\/computacao\/wp-json\/wp\/v2\/pages\/8842","targetHints":{"allow":["GET"]}}],"collection":[{"href":"https:\/\/wp.ufpel.edu.br\/computacao\/wp-json\/wp\/v2\/pages"}],"about":[{"href":"https:\/\/wp.ufpel.edu.br\/computacao\/wp-json\/wp\/v2\/types\/page"}],"author":[{"embeddable":true,"href":"https:\/\/wp.ufpel.edu.br\/computacao\/wp-json\/wp\/v2\/users\/881"}],"replies":[{"embeddable":true,"href":"https:\/\/wp.ufpel.edu.br\/computacao\/wp-json\/wp\/v2\/comments?post=8842"}],"version-history":[{"count":3,"href":"https:\/\/wp.ufpel.edu.br\/computacao\/wp-json\/wp\/v2\/pages\/8842\/revisions"}],"predecessor-version":[{"id":8915,"href":"https:\/\/wp.ufpel.edu.br\/computacao\/wp-json\/wp\/v2\/pages\/8842\/revisions\/8915"}],"wp:attachment":[{"href":"https:\/\/wp.ufpel.edu.br\/computacao\/wp-json\/wp\/v2\/media?parent=8842"}],"curies":[{"name":"wp","href":"https:\/\/api.w.org\/{rel}","templated":true}]}}