{"id":8621,"date":"2025-08-04T11:55:43","date_gmt":"2025-08-04T14:55:43","guid":{"rendered":"https:\/\/wp.ufpel.edu.br\/computacao\/?page_id=8621"},"modified":"2025-09-10T14:10:43","modified_gmt":"2025-09-10T17:10:43","slug":"edital-de-classificacao-para-alocacao-de-bolsas-2025-2","status":"publish","type":"page","link":"https:\/\/wp.ufpel.edu.br\/computacao\/edital-de-classificacao-para-alocacao-de-bolsas-2025-2\/","title":{"rendered":"Edital de Classifica\u00e7\u00e3o para Aloca\u00e7\u00e3o de Bolsas 2025\/2"},"content":{"rendered":"\n<p><strong>Edital<\/strong><\/p>\n\n\n\n<p><a href=\"https:\/\/wp.ufpel.edu.br\/computacao\/files\/2025\/08\/editalDeBolsas202502.pdf\" data-type=\"attachment\" data-id=\"8624\">Edital Interno PPGC N\u00ba 02\/2025 \u2013 Classifica\u00e7\u00e3o para Aloca\u00e7\u00e3o de Bolsas 2025\/2<\/a><\/p>\n\n\n\n<p><strong>Formul\u00e1rio de inscri\u00e7\u00e3o<\/strong><\/p>\n\n\n\n<p><a href=\"https:\/\/forms.gle\/LoSPVWXPq7mhCmM6A\">Candidatura \u00e0s Bolsas de Mestrado e Doutorado no PPGC-UFPel (2025\/1)<\/a><\/p>\n\n\n\n<p><strong>Resultado<\/strong><\/p>\n\n\n\n<p><a href=\"https:\/\/wp.ufpel.edu.br\/computacao\/files\/2025\/08\/resultado-edital-bolsas.pdf\">Classifica\u00e7\u00e3o para aloca\u00e7\u00e3o de bolsas em 2025\/2<\/a><\/p>\n\n\n\n<p><a href=\"https:\/\/wp.ufpel.edu.br\/computacao\/files\/2025\/09\/bolsas-apos-recurso.pdf\" data-type=\"link\" data-id=\"https:\/\/wp.ufpel.edu.br\/computacao\/files\/2025\/09\/bolsas-apos-recurso.pdf\">Classifica\u00e7\u00e3o FINAL para aloca\u00e7\u00e3o de bolsas em 2025\/2 ap\u00f3s recurso<\/a><\/p>\n\n\n\n<p><\/p>\n","protected":false},"excerpt":{"rendered":"<p>Edital Edital Interno PPGC N\u00ba 02\/2025 \u2013 Classifica\u00e7\u00e3o para Aloca\u00e7\u00e3o de Bolsas 2025\/2 Formul\u00e1rio de inscri\u00e7\u00e3o Candidatura \u00e0s Bolsas de Mestrado e Doutorado no PPGC-UFPel (2025\/1) Resultado Classifica\u00e7\u00e3o para aloca\u00e7\u00e3o de bolsas em 2025\/2&#46;&#46;&#46;<\/p>\n","protected":false},"author":881,"featured_media":0,"parent":0,"menu_order":0,"comment_status":"closed","ping_status":"closed","template":"","meta":{"jetpack_post_was_ever_published":false,"footnotes":""},"class_list":["post-8621","page","type-page","status-publish","hentry"],"jetpack_sharing_enabled":true,"jetpack_shortlink":"https:\/\/wp.me\/PaGhNl-2f3","_links":{"self":[{"href":"https:\/\/wp.ufpel.edu.br\/computacao\/wp-json\/wp\/v2\/pages\/8621","targetHints":{"allow":["GET"]}}],"collection":[{"href":"https:\/\/wp.ufpel.edu.br\/computacao\/wp-json\/wp\/v2\/pages"}],"about":[{"href":"https:\/\/wp.ufpel.edu.br\/computacao\/wp-json\/wp\/v2\/types\/page"}],"author":[{"embeddable":true,"href":"https:\/\/wp.ufpel.edu.br\/computacao\/wp-json\/wp\/v2\/users\/881"}],"replies":[{"embeddable":true,"href":"https:\/\/wp.ufpel.edu.br\/computacao\/wp-json\/wp\/v2\/comments?post=8621"}],"version-history":[{"count":4,"href":"https:\/\/wp.ufpel.edu.br\/computacao\/wp-json\/wp\/v2\/pages\/8621\/revisions"}],"predecessor-version":[{"id":8710,"href":"https:\/\/wp.ufpel.edu.br\/computacao\/wp-json\/wp\/v2\/pages\/8621\/revisions\/8710"}],"wp:attachment":[{"href":"https:\/\/wp.ufpel.edu.br\/computacao\/wp-json\/wp\/v2\/media?parent=8621"}],"curies":[{"name":"wp","href":"https:\/\/api.w.org\/{rel}","templated":true}]}}