{"id":8583,"date":"2025-07-18T19:07:37","date_gmt":"2025-07-18T22:07:37","guid":{"rendered":"https:\/\/wp.ufpel.edu.br\/computacao\/?page_id=8583"},"modified":"2025-08-20T21:47:57","modified_gmt":"2025-08-21T00:47:57","slug":"selecao-aluno-regular-2025-2-com-bolsa","status":"publish","type":"page","link":"https:\/\/wp.ufpel.edu.br\/computacao\/ppgc\/editais-de-ingresso\/selecao-aluno-regular-2025-2-com-bolsa\/","title":{"rendered":"Sele\u00e7\u00e3o Aluno\/a Regular 2025\/2 COM BOLSA"},"content":{"rendered":"\n<ul class=\"wp-block-list\">\n<li><strong><a href=\"https:\/\/wp.ufpel.edu.br\/computacao\/files\/2025\/07\/SEI_3158145_Edital_de_selecao_PRPPG_119.pdf\">Edital N\u00ba 119\/2025 \u2013 Sele\u00e7\u00e3o de Aluno\/a Regular com Bolsas CNPq \u2013 Programa de Apoio \u00e0 Pesquisa Interdisciplinar (PAPin)<\/a><\/strong><\/li>\n\n\n\n<li><a href=\"https:\/\/wp.ufpel.edu.br\/computacao\/files\/2025\/07\/Projeto_PAPIN_2025_Acessibilidade_IA.pdf\"><strong>Anexo I<\/strong>&nbsp;\u2013 Projeto de Pesquisa<\/a><\/li>\n\n\n\n<li><a href=\"https:\/\/wp.ufpel.edu.br\/computacao\/files\/2025\/07\/Anexo_II___Quadro_de_Pontuacao___Computacao.pdf\"><strong>Anexo II<\/strong>&nbsp;\u2013 Quadro de Pontua\u00e7\u00e3o do Curr\u00edculo (Computa\u00e7\u00e3o)<\/a><\/li>\n\n\n\n<li><strong><a href=\"https:\/\/wp.ufpel.edu.br\/leppais\/files\/2024\/08\/ANEXO_II___Tabela_Pontuacao___Humanas_Sociais_Aplicadas_Artes_Letras_Saude.pdf\">Anexo II<\/a><\/strong><a href=\"https:\/\/wp.ufpel.edu.br\/computacao\/files\/2025\/07\/ANEXO_II___Quadro_de_Pontuacao_Letras-Antrop-Arq.pdf\">&nbsp;\u2013 Quadro de Pontua\u00e7\u00e3o do Curr\u00edculo (Letras, Antropologia, Arquitetura e Urbanismo)<\/a><\/li>\n\n\n\n<li><a href=\"https:\/\/drive.google.com\/file\/d\/16iV3ZWpxjkA9cpFAs4PBzfMdlw9_x5XP\/view?usp=sharing\"><strong>Anexo III<\/strong>&nbsp;\u2013 Autodeclara\u00e7\u00e3o de Pertencimento \u00c9tnico-Racial<\/a><\/li>\n\n\n\n<li><a href=\"https:\/\/wp.ufpel.edu.br\/computacao\/files\/2025\/07\/Anexo-IV-Autodeclaracao_de_Identidade_de_Genero.pdf\"><strong>Anexo IV<\/strong>&nbsp;\u2013 Autodeclara\u00e7\u00e3o de Identidade de G\u00eanero<\/a><\/li>\n\n\n\n<li><a href=\"https:\/\/wp.ufpel.edu.br\/computacao\/files\/2025\/07\/ANEXO_V___Declaracao_de_vulnerabilidade_economica.pdf\"><strong>Anexo V<\/strong>&nbsp;\u2013 Autodeclara\u00e7\u00e3o de Vulnerabilidade Econ\u00f4mica<\/a><\/li>\n\n\n\n<li><strong>Vagas:<\/strong><br>\u2013 PPG Computa\u00e7\u00e3o: uma vaga de Doutorado com bolsa CNPq (48 meses)<br>\u2013 PPG Letras: uma vaga de Doutorado com bolsa CNPq (48 meses)<br>\u2013 PPG Antropologia: uma vaga de Mestrado com bolsa CNPq (24 meses)<br>\u2013 PPG Arquitetura e Urbanismo: uma vaga de Mestrado com bolsa CNPq (24 meses)<\/li>\n\n\n\n<li><strong><a href=\"https:\/\/forms.gle\/Mym95ZVaYrZg93Qf9\">Formul\u00e1rio de Inscri\u00e7\u00f5es<\/a><\/strong><\/li>\n\n\n\n<li><a href=\"https:\/\/wp.ufpel.edu.br\/computacao\/files\/2025\/08\/SEI_3183658_Despacho.pdf\"><strong>Inscri\u00e7\u00f5es Homologadas (preliminar)<\/strong><\/a><\/li>\n\n\n\n<li><a href=\"https:\/\/wp.ufpel.edu.br\/computacao\/files\/2025\/08\/SEI_3188531_Despacho.pdf\"><strong>Inscri\u00e7\u00f5es Homologadas (final) e agenda de entrevistas<\/strong><\/a><\/li>\n\n\n\n<li><a href=\"https:\/\/wp.ufpel.edu.br\/computacao\/files\/2025\/08\/SEI_3205077_Despacho.pdf\"><strong>Resultados Preliminares<\/strong><\/a><\/li>\n\n\n\n<li><a href=\"https:\/\/wp.ufpel.edu.br\/computacao\/files\/2025\/08\/SEI_3218085_Despacho.pdf\"><strong>Resultados Finais<\/strong><\/a><\/li>\n<\/ul>\n","protected":false},"excerpt":{"rendered":"","protected":false},"author":881,"featured_media":0,"parent":417,"menu_order":0,"comment_status":"closed","ping_status":"closed","template":"","meta":{"jetpack_post_was_ever_published":false,"footnotes":""},"class_list":["post-8583","page","type-page","status-publish","hentry"],"jetpack_sharing_enabled":true,"jetpack_shortlink":"https:\/\/wp.me\/PaGhNl-2er","_links":{"self":[{"href":"https:\/\/wp.ufpel.edu.br\/computacao\/wp-json\/wp\/v2\/pages\/8583","targetHints":{"allow":["GET"]}}],"collection":[{"href":"https:\/\/wp.ufpel.edu.br\/computacao\/wp-json\/wp\/v2\/pages"}],"about":[{"href":"https:\/\/wp.ufpel.edu.br\/computacao\/wp-json\/wp\/v2\/types\/page"}],"author":[{"embeddable":true,"href":"https:\/\/wp.ufpel.edu.br\/computacao\/wp-json\/wp\/v2\/users\/881"}],"replies":[{"embeddable":true,"href":"https:\/\/wp.ufpel.edu.br\/computacao\/wp-json\/wp\/v2\/comments?post=8583"}],"version-history":[{"count":3,"href":"https:\/\/wp.ufpel.edu.br\/computacao\/wp-json\/wp\/v2\/pages\/8583\/revisions"}],"predecessor-version":[{"id":8669,"href":"https:\/\/wp.ufpel.edu.br\/computacao\/wp-json\/wp\/v2\/pages\/8583\/revisions\/8669"}],"up":[{"embeddable":true,"href":"https:\/\/wp.ufpel.edu.br\/computacao\/wp-json\/wp\/v2\/pages\/417"}],"wp:attachment":[{"href":"https:\/\/wp.ufpel.edu.br\/computacao\/wp-json\/wp\/v2\/media?parent=8583"}],"curies":[{"name":"wp","href":"https:\/\/api.w.org\/{rel}","templated":true}]}}