{"id":8575,"date":"2025-07-18T13:45:40","date_gmt":"2025-07-18T16:45:40","guid":{"rendered":"https:\/\/wp.ufpel.edu.br\/computacao\/?page_id=8575"},"modified":"2025-08-19T09:53:05","modified_gmt":"2025-08-19T12:53:05","slug":"selecao-estudante-especial-2025-2","status":"publish","type":"page","link":"https:\/\/wp.ufpel.edu.br\/computacao\/selecao-estudante-especial-2025-2\/","title":{"rendered":"SELE\u00c7\u00c3O ESTUDANTE ESPECIAL 2025\/2"},"content":{"rendered":"\n<p><strong>Edital<\/strong><\/p>\n\n\n\n<ul class=\"wp-block-list\">\n<li><a href=\"https:\/\/wp.ufpel.edu.br\/computacao\/files\/2025\/07\/edital-com-assinaturas-aluno-especial-2025-02.pdf\" data-type=\"attachment\" data-id=\"8600\">Edital<\/a><\/li>\n<\/ul>\n\n\n\n<p><strong>Inscri\u00e7\u00f5es<\/strong><\/p>\n\n\n\n<ul class=\"wp-block-list\">\n<li>Formul\u00e1rio de inscri\u00e7\u00e3o [ENCERRADO]<\/li>\n<\/ul>\n\n\n\n<p><strong>Homologa\u00e7\u00f5es<\/strong><\/p>\n\n\n\n<ul class=\"wp-block-list\">\n<li><a href=\"https:\/\/wp.ufpel.edu.br\/computacao\/files\/2025\/08\/abc.pdf\" data-type=\"attachment\" data-id=\"8644\">Inscri\u00e7\u00f5es Homologadas<\/a><\/li>\n\n\n\n<li><a href=\"https:\/\/wp.ufpel.edu.br\/computacao\/files\/2025\/08\/recursoAE202502.pdf\" data-type=\"link\" data-id=\"https:\/\/wp.ufpel.edu.br\/computacao\/files\/2025\/08\/recursoAE202502.pdf\">Inscri\u00e7\u00f5es Homologadas ap\u00f3s recursos<\/a><\/li>\n<\/ul>\n\n\n\n<p><\/p>\n\n\n\n<p><strong>Resultados<\/strong><\/p>\n\n\n\n<ul class=\"wp-block-list\">\n<li><a href=\"https:\/\/wp.ufpel.edu.br\/computacao\/files\/2025\/08\/resultado-preliminar-estudante-especial-2025-02.pdf\" data-type=\"link\" data-id=\"https:\/\/wp.ufpel.edu.br\/computacao\/files\/2025\/08\/resultado-preliminar-estudante-especial-2025-02.pdf\">Lista Preliminar de Candidatos\/as Selecionados\/as<\/a><\/li>\n\n\n\n<li><a href=\"https:\/\/wp.ufpel.edu.br\/computacao\/files\/2025\/08\/resultado-final-aluno-especial-2025-2.pdf\">Resultado Final<\/a><\/li>\n<\/ul>\n\n\n\n<p><\/p>\n","protected":false},"excerpt":{"rendered":"<p>Edital Inscri\u00e7\u00f5es Homologa\u00e7\u00f5es Resultados<\/p>\n","protected":false},"author":881,"featured_media":0,"parent":0,"menu_order":0,"comment_status":"closed","ping_status":"closed","template":"","meta":{"jetpack_post_was_ever_published":false,"footnotes":""},"class_list":["post-8575","page","type-page","status-publish","hentry"],"jetpack_sharing_enabled":true,"jetpack_shortlink":"https:\/\/wp.me\/PaGhNl-2ej","_links":{"self":[{"href":"https:\/\/wp.ufpel.edu.br\/computacao\/wp-json\/wp\/v2\/pages\/8575","targetHints":{"allow":["GET"]}}],"collection":[{"href":"https:\/\/wp.ufpel.edu.br\/computacao\/wp-json\/wp\/v2\/pages"}],"about":[{"href":"https:\/\/wp.ufpel.edu.br\/computacao\/wp-json\/wp\/v2\/types\/page"}],"author":[{"embeddable":true,"href":"https:\/\/wp.ufpel.edu.br\/computacao\/wp-json\/wp\/v2\/users\/881"}],"replies":[{"embeddable":true,"href":"https:\/\/wp.ufpel.edu.br\/computacao\/wp-json\/wp\/v2\/comments?post=8575"}],"version-history":[{"count":3,"href":"https:\/\/wp.ufpel.edu.br\/computacao\/wp-json\/wp\/v2\/pages\/8575\/revisions"}],"predecessor-version":[{"id":8667,"href":"https:\/\/wp.ufpel.edu.br\/computacao\/wp-json\/wp\/v2\/pages\/8575\/revisions\/8667"}],"wp:attachment":[{"href":"https:\/\/wp.ufpel.edu.br\/computacao\/wp-json\/wp\/v2\/media?parent=8575"}],"curies":[{"name":"wp","href":"https:\/\/api.w.org\/{rel}","templated":true}]}}