{"id":8540,"date":"2025-06-06T16:16:44","date_gmt":"2025-06-06T19:16:44","guid":{"rendered":"https:\/\/wp.ufpel.edu.br\/computacao\/?page_id=8540"},"modified":"2026-04-16T18:26:07","modified_gmt":"2026-04-16T21:26:07","slug":"premio-meninas-digitais-sbc","status":"publish","type":"page","link":"https:\/\/wp.ufpel.edu.br\/computacao\/graduacao\/premio-meninas-digitais-sbc\/","title":{"rendered":"Pr\u00eamio Meninas Digitais SBC"},"content":{"rendered":"\n<p>O certificado <strong>&#8220;Aluna Destaque<\/strong>&#8221; do <strong>Programa Meninas Digitais<\/strong> \u00e9 uma homenagem \u00e0s egressas da \u00e1rea de Computa\u00e7\u00e3o e busca valorizar mulheres que seguem carreira neste campo. O Comit\u00ea Gestor do Programa Meninas Digitais instituiu, em 2023, o <strong><a href=\"https:\/\/meninas.sbc.org.br\/certificado-aluna-destaque\/\">Pr\u00eamio Aluna Destaque<\/a><\/strong>, para ampliar a visibilidade e valorizar mulheres que demonstraram excel\u00eancia e engajamento em suas trajet\u00f3rias acad\u00eamicas. A escolha das homenageadas \u00e9 realizada por uma Comiss\u00e3o que considera os seguintes crit\u00e9rios ao longo da gradua\u00e7\u00e3o:<\/p>\n\n\n\n<p>Equil\u00edbrio entre horas de pesquisa e extens\u00e3o ao longo da forma\u00e7\u00e3o;<\/p>\n\n\n\n<ul class=\"wp-block-list\">\n<li>Atividades de destaque em pesquisa e extens\u00e3o, como publica\u00e7\u00f5es, premia\u00e7\u00f5es e participa\u00e7\u00e3o em projetos e eventos nacionais e internacionais;<\/li>\n\n\n\n<li>Tempo para conclus\u00e3o do curso;<\/li>\n\n\n\n<li>M\u00e9dia final no hist\u00f3rico escolar;<\/li>\n\n\n\n<li>Participa\u00e7\u00e3o em atividades promovidas pelo <a href=\"https:\/\/www.instagram.com\/guriasdacomp\/\">Gurias da Comp<\/a>, projeto da UFPel chancelado pelo Meninas Digitais.<\/li>\n<\/ul>\n\n\n\n<p><strong>Composi\u00e7\u00e3o atual da Comiss\u00e3o: <\/strong>Prof. Guilherme Ribeiro Corr\u00eaa (Representante Institucional da SBC), Profa. Brenda Salenave Santana, Ma. Laura Quevedo Jurgina (Representante Meninas Digitais SBC).<\/p>\n\n\n\n<p>Este \u00e9 um hist\u00f3rico das \u00faltimas estudantes premiadas em ambos os cursos:<\/p>\n\n\n\n<p><strong>Turma 2025\/1<\/strong><br><strong>Ci\u00eancia da Computa\u00e7\u00e3o:&nbsp;<\/strong>YASMIN SOUZA CAMARGO<\/p>\n\n\n\n<p><strong>Turma 2024\/2<\/strong><br><strong>Ci\u00eancia da Computa\u00e7\u00e3o:&nbsp;<\/strong>GABRIELE DA SILVA LUCAS<br><strong>Engenharia de Computa\u00e7\u00e3o:&nbsp;<\/strong>MARIA EDUARDA NEBEL CARMONA<\/p>\n\n\n\n<p><strong>Turma 2024\/1<\/strong><br><strong>Ci\u00eancia da Computa\u00e7\u00e3o: <\/strong>J\u00daLIA DA ROCHA JUNQUEIRA<br><strong>Engenharia de Computa\u00e7\u00e3o: <\/strong>RA\u00cdSSA NUNES COELHO<\/p>\n\n\n\n<p><\/p>\n","protected":false},"excerpt":{"rendered":"<p>O certificado &#8220;Aluna Destaque&#8221; do Programa Meninas Digitais \u00e9 uma homenagem \u00e0s egressas da \u00e1rea de Computa\u00e7\u00e3o e busca valorizar mulheres que seguem carreira neste campo. O Comit\u00ea Gestor do Programa Meninas Digitais instituiu,&#46;&#46;&#46;<\/p>\n","protected":false},"author":881,"featured_media":0,"parent":64,"menu_order":0,"comment_status":"closed","ping_status":"closed","template":"","meta":{"jetpack_post_was_ever_published":false,"footnotes":""},"class_list":["post-8540","page","type-page","status-publish","hentry"],"jetpack_sharing_enabled":true,"jetpack_shortlink":"https:\/\/wp.me\/PaGhNl-2dK","_links":{"self":[{"href":"https:\/\/wp.ufpel.edu.br\/computacao\/wp-json\/wp\/v2\/pages\/8540","targetHints":{"allow":["GET"]}}],"collection":[{"href":"https:\/\/wp.ufpel.edu.br\/computacao\/wp-json\/wp\/v2\/pages"}],"about":[{"href":"https:\/\/wp.ufpel.edu.br\/computacao\/wp-json\/wp\/v2\/types\/page"}],"author":[{"embeddable":true,"href":"https:\/\/wp.ufpel.edu.br\/computacao\/wp-json\/wp\/v2\/users\/881"}],"replies":[{"embeddable":true,"href":"https:\/\/wp.ufpel.edu.br\/computacao\/wp-json\/wp\/v2\/comments?post=8540"}],"version-history":[{"count":3,"href":"https:\/\/wp.ufpel.edu.br\/computacao\/wp-json\/wp\/v2\/pages\/8540\/revisions"}],"predecessor-version":[{"id":8946,"href":"https:\/\/wp.ufpel.edu.br\/computacao\/wp-json\/wp\/v2\/pages\/8540\/revisions\/8946"}],"up":[{"embeddable":true,"href":"https:\/\/wp.ufpel.edu.br\/computacao\/wp-json\/wp\/v2\/pages\/64"}],"wp:attachment":[{"href":"https:\/\/wp.ufpel.edu.br\/computacao\/wp-json\/wp\/v2\/media?parent=8540"}],"curies":[{"name":"wp","href":"https:\/\/api.w.org\/{rel}","templated":true}]}}