{"id":8533,"date":"2025-06-06T10:56:44","date_gmt":"2025-06-06T13:56:44","guid":{"rendered":"https:\/\/wp.ufpel.edu.br\/computacao\/?page_id=8533"},"modified":"2025-06-06T10:57:13","modified_gmt":"2025-06-06T13:57:13","slug":"ieee-student-branch-ufpel","status":"publish","type":"page","link":"https:\/\/wp.ufpel.edu.br\/computacao\/extensao\/ieee-student-branch-ufpel\/","title":{"rendered":"IEEE Student Branch UFPel"},"content":{"rendered":"\n<p>O <strong>Ramo Estudantil da IEEE na UFPel<\/strong> (<strong><a href=\"https:\/\/wp.ufpel.edu.br\/ieeesbufpel\/\">IEEE Student Branch UFPel)<\/a><\/strong> \u00e9 registrado com um projeto de extens\u00e3o e ensino que visa fomentar o desenvolvimento t\u00e9cnico, cient\u00edfico e profissional de estudantes das \u00e1reas de Engenharias, Computa\u00e7\u00e3o e demais campos relacionados \u00e0 tecnologia.<\/p>\n\n\n\n<p>Como parte do <a href=\"https:\/\/www.ieee.org\/\">Instituto de Engenheiros Eletricistas e Eletr\u00f4nicos (IEEE)<\/a>, o maior \u00f3rg\u00e3o profissional t\u00e9cnico do mundo, o nosso Ramo Estudantil promove atividades que aproximam os alunos da pr\u00e1tica profissional e da inova\u00e7\u00e3o, contribuindo para uma forma\u00e7\u00e3o mais completa e alinhada \u00e0s demandas do mercado atual.<\/p>\n\n\n\n<p>Entre as atividades promovidas pelo IEEE Student Branch UFPel est\u00e3o:<\/p>\n\n\n\n<ul class=\"wp-block-list\">\n<li><strong>Palestras e workshops<\/strong> com estudantes e profissionais volunt\u00e1rios;<\/li>\n\n\n\n<li><strong>Visitas t\u00e9cnicas<\/strong> a empresas, startups e centros de pesquisa;<\/li>\n\n\n\n<li><strong>Participa\u00e7\u00e3o e organiza\u00e7\u00e3o de eventos cient\u00edficos e tecnol\u00f3gicos<\/strong>;<\/li>\n\n\n\n<li><strong>Publica\u00e7\u00f5es t\u00e9cnicas e cient\u00edficas<\/strong> com apoio da rede IEEE;<\/li>\n\n\n\n<li><strong>Sess\u00f5es de mentoria e orienta\u00e7\u00e3o de carreira<\/strong>;<\/li>\n\n\n\n<li><strong>Intera\u00e7\u00e3o com outros Ramos Estudantis<\/strong>, promovendo colabora\u00e7\u00e3o em n\u00edvel nacional e internacional.<\/li>\n<\/ul>\n\n\n\n<p>Os estudantes vinculados ao projeto podem acessar diversos benef\u00edcios oferecidos pelo IEEE global, como:<\/p>\n\n\n\n<ul class=\"wp-block-list\">\n<li>Apoio financeiro para participa\u00e7\u00e3o em eventos t\u00e9cnicos e cient\u00edficos;<\/li>\n\n\n\n<li>Obten\u00e7\u00e3o de materiais educacionais e promocionais;<\/li>\n\n\n\n<li>Indica\u00e7\u00e3o de palestrantes certificados para eventos locais.<\/li>\n<\/ul>\n\n\n\n<p>O projeto \u00e9 aberto a todos os estudantes da UFPel interessados em tecnologia, inova\u00e7\u00e3o e desenvolvimento profissional, sejam eles s\u00f3cios da IEEE ou n\u00e3o. Fa\u00e7a parte da nossa comunidade e amplie suas oportunidades acad\u00eamicas e de carreira!<\/p>\n\n\n\n<p>\ud83d\udd17 <strong>Acesse nosso site para mais informa\u00e7\u00f5es<\/strong>: <a href=\"https:\/\/wp.ufpel.edu.br\/ieeesbufpel\/\">IEEE Student Branch UFPel<\/a><br>\ud83d\udd17 <strong>Siga-nos no Instagram<\/strong> para acompanhar nossas atividades: <a href=\"https:\/\/www.instagram.com\/ieeesbufpel\">@ieeesbufpel<\/a><\/p>\n","protected":false},"excerpt":{"rendered":"<p>O Ramo Estudantil da IEEE na UFPel (IEEE Student Branch UFPel) \u00e9 registrado com um projeto de extens\u00e3o e ensino que visa fomentar o desenvolvimento t\u00e9cnico, cient\u00edfico e profissional de estudantes das \u00e1reas de&#46;&#46;&#46;<\/p>\n","protected":false},"author":881,"featured_media":0,"parent":167,"menu_order":0,"comment_status":"closed","ping_status":"closed","template":"","meta":{"jetpack_post_was_ever_published":false,"footnotes":""},"class_list":["post-8533","page","type-page","status-publish","hentry"],"jetpack_sharing_enabled":true,"jetpack_shortlink":"https:\/\/wp.me\/PaGhNl-2dD","_links":{"self":[{"href":"https:\/\/wp.ufpel.edu.br\/computacao\/wp-json\/wp\/v2\/pages\/8533","targetHints":{"allow":["GET"]}}],"collection":[{"href":"https:\/\/wp.ufpel.edu.br\/computacao\/wp-json\/wp\/v2\/pages"}],"about":[{"href":"https:\/\/wp.ufpel.edu.br\/computacao\/wp-json\/wp\/v2\/types\/page"}],"author":[{"embeddable":true,"href":"https:\/\/wp.ufpel.edu.br\/computacao\/wp-json\/wp\/v2\/users\/881"}],"replies":[{"embeddable":true,"href":"https:\/\/wp.ufpel.edu.br\/computacao\/wp-json\/wp\/v2\/comments?post=8533"}],"version-history":[{"count":1,"href":"https:\/\/wp.ufpel.edu.br\/computacao\/wp-json\/wp\/v2\/pages\/8533\/revisions"}],"predecessor-version":[{"id":8534,"href":"https:\/\/wp.ufpel.edu.br\/computacao\/wp-json\/wp\/v2\/pages\/8533\/revisions\/8534"}],"up":[{"embeddable":true,"href":"https:\/\/wp.ufpel.edu.br\/computacao\/wp-json\/wp\/v2\/pages\/167"}],"wp:attachment":[{"href":"https:\/\/wp.ufpel.edu.br\/computacao\/wp-json\/wp\/v2\/media?parent=8533"}],"curies":[{"name":"wp","href":"https:\/\/api.w.org\/{rel}","templated":true}]}}