{"id":8422,"date":"2025-03-24T13:54:51","date_gmt":"2025-03-24T16:54:51","guid":{"rendered":"https:\/\/wp.ufpel.edu.br\/computacao\/?page_id=8422"},"modified":"2025-04-15T16:56:28","modified_gmt":"2025-04-15T19:56:28","slug":"selecao-estudante-especial-2025-1","status":"publish","type":"page","link":"https:\/\/wp.ufpel.edu.br\/computacao\/ppgc\/selecao-estudante-especial-2025-1\/","title":{"rendered":"SELE\u00c7\u00c3O ESTUDANTE ESPECIAL 2025\/1"},"content":{"rendered":"\n<p><strong>Edital<\/strong><\/p>\n\n\n\n<ul class=\"wp-block-list\">\n<li><a href=\"https:\/\/wp.ufpel.edu.br\/computacao\/files\/2025\/03\/SEI_2988284_Edital_de_selecao_PRPPG_43.pdf\">Edital N\u00ba 43\/2025 \u2013 Sele\u00e7\u00e3o de Estudante Especial 2025\/1 PPGC<\/a><\/li>\n<\/ul>\n\n\n\n<p><strong>Inscri\u00e7\u00f5es<\/strong><\/p>\n\n\n\n<ul class=\"wp-block-list\">\n<li><a href=\"https:\/\/forms.gle\/3x5aLmN1naJnN8Ue9\">Formul\u00e1rio de Inscri\u00e7\u00f5es&nbsp;[<strong>encerrado<\/strong>]<\/a><\/li>\n<\/ul>\n\n\n\n<p><strong>Homologa\u00e7\u00f5es<\/strong><\/p>\n\n\n\n<ul class=\"wp-block-list\">\n<li><a href=\"https:\/\/wp.ufpel.edu.br\/computacao\/files\/2025\/04\/SEI_3017245_Despacho.pdf\">Inscri\u00e7\u00f5es Homologadas<\/a><\/li>\n<\/ul>\n\n\n\n<p><strong>Resultados<\/strong><\/p>\n\n\n\n<ul class=\"wp-block-list\">\n<li><a href=\"https:\/\/wp.ufpel.edu.br\/computacao\/files\/2025\/04\/SEI_3024958_Despacho.pdf\">Lista Preliminar de Candidatos\/as Selecionados\/as<\/a><\/li>\n\n\n\n<li><a href=\"https:\/\/wp.ufpel.edu.br\/computacao\/files\/2025\/04\/SEI_3031083_Despacho.pdf\">Lista Final de Candidatos\/as Selecionados\/as<\/a><\/li>\n<\/ul>\n","protected":false},"excerpt":{"rendered":"<p>Edital Inscri\u00e7\u00f5es Homologa\u00e7\u00f5es Resultados<\/p>\n","protected":false},"author":881,"featured_media":0,"parent":118,"menu_order":0,"comment_status":"closed","ping_status":"closed","template":"","meta":{"jetpack_post_was_ever_published":false,"footnotes":""},"class_list":["post-8422","page","type-page","status-publish","hentry"],"jetpack_sharing_enabled":true,"jetpack_shortlink":"https:\/\/wp.me\/PaGhNl-2bQ","_links":{"self":[{"href":"https:\/\/wp.ufpel.edu.br\/computacao\/wp-json\/wp\/v2\/pages\/8422","targetHints":{"allow":["GET"]}}],"collection":[{"href":"https:\/\/wp.ufpel.edu.br\/computacao\/wp-json\/wp\/v2\/pages"}],"about":[{"href":"https:\/\/wp.ufpel.edu.br\/computacao\/wp-json\/wp\/v2\/types\/page"}],"author":[{"embeddable":true,"href":"https:\/\/wp.ufpel.edu.br\/computacao\/wp-json\/wp\/v2\/users\/881"}],"replies":[{"embeddable":true,"href":"https:\/\/wp.ufpel.edu.br\/computacao\/wp-json\/wp\/v2\/comments?post=8422"}],"version-history":[{"count":5,"href":"https:\/\/wp.ufpel.edu.br\/computacao\/wp-json\/wp\/v2\/pages\/8422\/revisions"}],"predecessor-version":[{"id":8462,"href":"https:\/\/wp.ufpel.edu.br\/computacao\/wp-json\/wp\/v2\/pages\/8422\/revisions\/8462"}],"up":[{"embeddable":true,"href":"https:\/\/wp.ufpel.edu.br\/computacao\/wp-json\/wp\/v2\/pages\/118"}],"wp:attachment":[{"href":"https:\/\/wp.ufpel.edu.br\/computacao\/wp-json\/wp\/v2\/media?parent=8422"}],"curies":[{"name":"wp","href":"https:\/\/api.w.org\/{rel}","templated":true}]}}