{"id":8316,"date":"2025-01-17T11:32:21","date_gmt":"2025-01-17T14:32:21","guid":{"rendered":"https:\/\/wp.ufpel.edu.br\/computacao\/?page_id=8316"},"modified":"2025-05-16T18:58:34","modified_gmt":"2025-05-16T21:58:34","slug":"edital-de-selecao-para-professor-visitante-2025","status":"publish","type":"page","link":"https:\/\/wp.ufpel.edu.br\/computacao\/ppgc\/edital-de-selecao-para-professor-visitante-2025\/","title":{"rendered":"Edital de sele\u00e7\u00e3o para professor visitante 2025"},"content":{"rendered":"\n<ul class=\"wp-block-list\">\n<li><a href=\"https:\/\/wp.ufpel.edu.br\/computacao\/files\/2025\/01\/edital-professor-visitante-2024.pdf\">EDITAL N\u00ba 10\/2025 &#8211; PROCESSO SELETIVO SIMPLIFICADO PARA PROFESSOR\/A VISITANTE<\/a><\/li>\n\n\n\n<li><a href=\"https:\/\/wp.ufpel.edu.br\/computacao\/files\/2025\/01\/Anexo_I-formulario-inscricao.pdf\">Anexo I &#8211; Formul\u00e1rio de Inscri\u00e7\u00e3o<\/a><\/li>\n\n\n\n<li><a href=\"https:\/\/wp.ufpel.edu.br\/computacao\/files\/2025\/01\/Anexo_II-quadro-de-pontuacao.pdf\">Anexo II &#8211; Quadro de pontua\u00e7\u00e3o<\/a><\/li>\n\n\n\n<li><a href=\"https:\/\/wp.ufpel.edu.br\/computacao\/files\/2025\/03\/SEI_2985660_Edital_de_Retificacao_PRPPG_14_v2.pdf\">RETIFICA\u00c7\u00c3O N\u00ba 14\/2025 &#8211; PRORROGA\u00c7\u00c3O DE <strong>INSCRI\u00c7\u00d5ES AT\u00c9 17\/04\/2025<\/strong><\/a><\/li>\n\n\n\n<li><a href=\"https:\/\/wp.ufpel.edu.br\/computacao\/files\/2025\/04\/SEI_3049453_Despacho.pdf\">Inscri\u00e7\u00f5es Homologadas<\/a> [30\/04\/2025, 11:34]<\/li>\n\n\n\n<li><a href=\"https:\/\/wp.ufpel.edu.br\/computacao\/files\/2025\/05\/SEI_3053219_Despacho.pdf\">Inscri\u00e7\u00f5es Homologadas Ap\u00f3s Recursos<\/a> [05\/05\/2025, 18:09]<\/li>\n\n\n\n<li><a href=\"https:\/\/wp.ufpel.edu.br\/computacao\/files\/2025\/05\/SEI_3058083_Despacho-1.pdf\">Resultado Preliminar<\/a> [07\/05\/2025, 22:25]<\/li>\n\n\n\n<li><a href=\"https:\/\/wp.ufpel.edu.br\/computacao\/files\/2025\/05\/SEI_3076861_Despacho.pdf\">Resultado Final Ap\u00f3s Per\u00edodo de Recursos<\/a> [16\/05\/2025, 18:55]<\/li>\n<\/ul>\n\n\n\n<p><\/p>\n","protected":false},"excerpt":{"rendered":"","protected":false},"author":881,"featured_media":0,"parent":118,"menu_order":0,"comment_status":"closed","ping_status":"closed","template":"","meta":{"jetpack_post_was_ever_published":false,"footnotes":""},"class_list":["post-8316","page","type-page","status-publish","hentry"],"jetpack_sharing_enabled":true,"jetpack_shortlink":"https:\/\/wp.me\/PaGhNl-2a8","_links":{"self":[{"href":"https:\/\/wp.ufpel.edu.br\/computacao\/wp-json\/wp\/v2\/pages\/8316","targetHints":{"allow":["GET"]}}],"collection":[{"href":"https:\/\/wp.ufpel.edu.br\/computacao\/wp-json\/wp\/v2\/pages"}],"about":[{"href":"https:\/\/wp.ufpel.edu.br\/computacao\/wp-json\/wp\/v2\/types\/page"}],"author":[{"embeddable":true,"href":"https:\/\/wp.ufpel.edu.br\/computacao\/wp-json\/wp\/v2\/users\/881"}],"replies":[{"embeddable":true,"href":"https:\/\/wp.ufpel.edu.br\/computacao\/wp-json\/wp\/v2\/comments?post=8316"}],"version-history":[{"count":11,"href":"https:\/\/wp.ufpel.edu.br\/computacao\/wp-json\/wp\/v2\/pages\/8316\/revisions"}],"predecessor-version":[{"id":8508,"href":"https:\/\/wp.ufpel.edu.br\/computacao\/wp-json\/wp\/v2\/pages\/8316\/revisions\/8508"}],"up":[{"embeddable":true,"href":"https:\/\/wp.ufpel.edu.br\/computacao\/wp-json\/wp\/v2\/pages\/118"}],"wp:attachment":[{"href":"https:\/\/wp.ufpel.edu.br\/computacao\/wp-json\/wp\/v2\/media?parent=8316"}],"curies":[{"name":"wp","href":"https:\/\/api.w.org\/{rel}","templated":true}]}}