{"id":8263,"date":"2024-12-20T13:49:11","date_gmt":"2024-12-20T16:49:11","guid":{"rendered":"https:\/\/wp.ufpel.edu.br\/computacao\/?page_id=8263"},"modified":"2025-04-07T19:16:55","modified_gmt":"2025-04-07T22:16:55","slug":"selecao-aluno-regular-2025-1-e-2025-2","status":"publish","type":"page","link":"https:\/\/wp.ufpel.edu.br\/computacao\/ppgc\/selecao-aluno-regular-2025-1-e-2025-2\/","title":{"rendered":"Sele\u00e7\u00e3o Aluno Regular 2025\/1 e 2025\/2"},"content":{"rendered":"\n<p><strong>Edital<\/strong><\/p>\n\n\n\n<ul class=\"wp-block-list\">\n<li><a href=\"https:\/\/wp.ufpel.edu.br\/computacao\/files\/2024\/12\/SEI_2902350_Edital_de_selecao_PRPPG_234-2024.pdf\">Edital N\u00ba 234\/2024 \u2013 Sele\u00e7\u00e3o de Estudante Regular 2025 \u2013 Mestrado e Doutorado em Computa\u00e7\u00e3o<\/a><\/li>\n\n\n\n<li><a href=\"https:\/\/wp.ufpel.edu.br\/computacao\/files\/2025\/01\/SEI_2934367_Edital_de_Retificacao_PRPPG_7.pdf\">Edital de Retifica\u00e7\u00e3o N\u00ba 007\/2025 &#8211; Prorrogra\u00e7\u00e3o das Inscri\u00e7\u00f5es<\/a><\/li>\n\n\n\n<li><a href=\"https:\/\/wp.ufpel.edu.br\/computacao\/files\/2025\/02\/SEI_2971447_Despacho.pdf\"><mark style=\"background-color:#fcfa00\" class=\"has-inline-color has-vivid-red-color\"><strong>Atualiza\u00e7\u00e3o no Cronograma de Divulga\u00e7\u00e3o dos Resultados<\/strong> [28\/02\/2025]<\/mark><\/a><\/li>\n<\/ul>\n\n\n\n<p><strong>Formul\u00e1rio de inscri\u00e7\u00e3o<\/strong><\/p>\n\n\n\n<ul class=\"wp-block-list\">\n<li><a href=\"https:\/\/forms.gle\/r8LePxtXy9UqP4zs7\">Formul\u00e1rio de Inscri\u00e7\u00f5es<\/a>&nbsp;[encerrado]<\/li>\n\n\n\n<li><a href=\"https:\/\/wp.ufpel.edu.br\/computacao\/files\/2022\/12\/PPG-AUTODECLARACAO-ETNICO-RACIAL-1.pdf\" target=\"_blank\" rel=\"noreferrer noopener\">Formul\u00e1rio de Autodeclara\u00e7\u00e3o \u00c9tnico-Racial<\/a>\u00a0(para quem se autodeclara preto\/a, pardo\/a, ind\u00edgena ou quilombola)<\/li>\n\n\n\n<li><a href=\"https:\/\/wp.ufpel.edu.br\/computacao\/files\/2022\/12\/Autodeclaracao_de_Identidade_de_Genero.pdf\" target=\"_blank\" rel=\"noreferrer noopener\">Formul\u00e1rio de Autodeclara\u00e7\u00e3o de Identidade de G\u00eanero<\/a>\u00a0(para quem se autodeclara travesti ou transexual)<\/li>\n<\/ul>\n\n\n\n<p><strong>Processo Seletivo<\/strong><\/p>\n\n\n\n<ul class=\"wp-block-list\">\n<li><a href=\"https:\/\/wp.ufpel.edu.br\/computacao\/files\/2025\/02\/SEI_2953916_Despacho.pdf\">Inscri\u00e7\u00f5es Homologadas<\/a> [<strong>15\/02\/2025, 14:36<\/strong>]<\/li>\n\n\n\n<li><a href=\"https:\/\/wp.ufpel.edu.br\/computacao\/files\/2025\/02\/SEI_2957700_Despacho_v3.pdf\">Inscri\u00e7\u00f5es Homologadas (ap\u00f3s per\u00edodo de recursos)<\/a> <strong>[18\/02\/2025, 21:37]<\/strong><\/li>\n\n\n\n<li><a href=\"https:\/\/wp.ufpel.edu.br\/computacao\/files\/2025\/02\/SEI_2959315_Despacho.pdf\">Cronograma de Entrevistas &#8211; Defesas de Projeto de Doutorado e Memorial Acad\u00eamico<\/a> <strong>[19\/02\/2025, 18:47]<\/strong><\/li>\n\n\n\n<li><a href=\"https:\/\/wp.ufpel.edu.br\/computacao\/files\/2025\/03\/SEI_2975339_Despacho-1.pdf\"><strong>Resultado Preliminar<\/strong> &#8211; Aprovados no Mestrado e Doutorado<\/a> <strong>[06\/03\/2025, 19:12]<\/strong><\/li>\n\n\n\n<li><a href=\"https:\/\/wp.ufpel.edu.br\/computacao\/files\/2025\/03\/SEI_2980056_Despacho_v2.pdf\"><strong>Resultado Final<\/strong> &#8211; Aprovados no Mestrado e Doutorado<\/a> <strong>[10\/03\/2025, 20:22]<\/strong><\/li>\n<\/ul>\n","protected":false},"excerpt":{"rendered":"<p>Edital Formul\u00e1rio de inscri\u00e7\u00e3o Processo Seletivo<\/p>\n","protected":false},"author":748,"featured_media":0,"parent":118,"menu_order":0,"comment_status":"closed","ping_status":"closed","template":"","meta":{"jetpack_post_was_ever_published":false,"footnotes":""},"class_list":["post-8263","page","type-page","status-publish","hentry"],"jetpack_sharing_enabled":true,"jetpack_shortlink":"https:\/\/wp.me\/PaGhNl-29h","_links":{"self":[{"href":"https:\/\/wp.ufpel.edu.br\/computacao\/wp-json\/wp\/v2\/pages\/8263","targetHints":{"allow":["GET"]}}],"collection":[{"href":"https:\/\/wp.ufpel.edu.br\/computacao\/wp-json\/wp\/v2\/pages"}],"about":[{"href":"https:\/\/wp.ufpel.edu.br\/computacao\/wp-json\/wp\/v2\/types\/page"}],"author":[{"embeddable":true,"href":"https:\/\/wp.ufpel.edu.br\/computacao\/wp-json\/wp\/v2\/users\/748"}],"replies":[{"embeddable":true,"href":"https:\/\/wp.ufpel.edu.br\/computacao\/wp-json\/wp\/v2\/comments?post=8263"}],"version-history":[{"count":17,"href":"https:\/\/wp.ufpel.edu.br\/computacao\/wp-json\/wp\/v2\/pages\/8263\/revisions"}],"predecessor-version":[{"id":8450,"href":"https:\/\/wp.ufpel.edu.br\/computacao\/wp-json\/wp\/v2\/pages\/8263\/revisions\/8450"}],"up":[{"embeddable":true,"href":"https:\/\/wp.ufpel.edu.br\/computacao\/wp-json\/wp\/v2\/pages\/118"}],"wp:attachment":[{"href":"https:\/\/wp.ufpel.edu.br\/computacao\/wp-json\/wp\/v2\/media?parent=8263"}],"curies":[{"name":"wp","href":"https:\/\/api.w.org\/{rel}","templated":true}]}}