{"id":8214,"date":"2024-10-31T14:43:04","date_gmt":"2024-10-31T17:43:04","guid":{"rendered":"https:\/\/wp.ufpel.edu.br\/computacao\/?page_id=8214"},"modified":"2024-12-17T18:34:48","modified_gmt":"2024-12-17T21:34:48","slug":"edital-de-bolsa-de-doutorado-sanduiche-pdse-capes-2024-2","status":"publish","type":"page","link":"https:\/\/wp.ufpel.edu.br\/computacao\/ppgc\/edital-de-bolsa-de-doutorado-sanduiche-pdse-capes-2024-2\/","title":{"rendered":"Edital de Bolsa de Doutorado Sandu\u00edche PDSE-CAPES 2024\/2"},"content":{"rendered":"\n<p><strong>Edital<\/strong><\/p>\n\n\n\n<ul class=\"wp-block-list\">\n<li><a href=\"https:\/\/wp.ufpel.edu.br\/computacao\/files\/2024\/10\/SEI_UFPel-2811276-Edital-PDSE-2024-2.pdf\">Edital 180\/2024 &#8211; Processo de Sele\u00e7\u00e3o Interna para o Programa de Doutorado Sandu\u00edche no Exterior (PDSE)<\/a><\/li>\n\n\n\n<li>Documenta\u00e7\u00e3o complementar:\n<ul class=\"wp-block-list\">\n<li><a href=\"https:\/\/www.gov.br\/capes\/pt-br\/acesso-a-informacao\/acoes-e-programas\/bolsas\/bolsas-e-auxilios-internacionais\/encontre-aqui\/paises\/multinacional\/programa-de-doutorado-sanduiche-no-exterior-pdse\">Edital CAPES n\u00ba 26\/2024<\/a><\/li>\n\n\n\n<li><a href=\"https:\/\/www.gov.br\/capes\/pt-br\/acesso-a-informacao\/acoes-e-programas\/bolsas\/bolsas-e-auxilios-internacionais\/encontre-aqui\/paises\/multinacional\/programa-de-doutorado-sanduiche-no-exterior-pdse\">Anexo I, Anexo II, Anexo III, Anexo IV e Anexo V do Edital CAPES n\u00ba 26\/2024<\/a><\/li>\n<\/ul>\n<\/li>\n<\/ul>\n\n\n\n<p><strong>Processo Seletivo<\/strong><\/p>\n\n\n\n<ul class=\"wp-block-list\">\n<li><a href=\"https:\/\/wp.ufpel.edu.br\/computacao\/files\/2024\/12\/SEI_2875616_Despacho.pdf\">Inscri\u00e7\u00f5es Homologadas<\/a> [02\/12\/2024]<\/li>\n\n\n\n<li><a href=\"https:\/\/wp.ufpel.edu.br\/computacao\/files\/2024\/12\/SEI_2895255_Despacho-PDSE-Preliminar.pdf\">Resultado Preliminar<\/a> [14\/12\/2024]<\/li>\n\n\n\n<li><a href=\"https:\/\/wp.ufpel.edu.br\/computacao\/files\/2024\/12\/SEI_2899138_Despacho.pdf\">Resultado Final<\/a> [17\/12\/2024]<\/li>\n<\/ul>\n","protected":false},"excerpt":{"rendered":"<p>Edital Processo Seletivo<\/p>\n","protected":false},"author":881,"featured_media":0,"parent":118,"menu_order":0,"comment_status":"closed","ping_status":"closed","template":"","meta":{"jetpack_post_was_ever_published":false,"footnotes":""},"class_list":["post-8214","page","type-page","status-publish","hentry"],"jetpack_sharing_enabled":true,"jetpack_shortlink":"https:\/\/wp.me\/PaGhNl-28u","_links":{"self":[{"href":"https:\/\/wp.ufpel.edu.br\/computacao\/wp-json\/wp\/v2\/pages\/8214","targetHints":{"allow":["GET"]}}],"collection":[{"href":"https:\/\/wp.ufpel.edu.br\/computacao\/wp-json\/wp\/v2\/pages"}],"about":[{"href":"https:\/\/wp.ufpel.edu.br\/computacao\/wp-json\/wp\/v2\/types\/page"}],"author":[{"embeddable":true,"href":"https:\/\/wp.ufpel.edu.br\/computacao\/wp-json\/wp\/v2\/users\/881"}],"replies":[{"embeddable":true,"href":"https:\/\/wp.ufpel.edu.br\/computacao\/wp-json\/wp\/v2\/comments?post=8214"}],"version-history":[{"count":4,"href":"https:\/\/wp.ufpel.edu.br\/computacao\/wp-json\/wp\/v2\/pages\/8214\/revisions"}],"predecessor-version":[{"id":8260,"href":"https:\/\/wp.ufpel.edu.br\/computacao\/wp-json\/wp\/v2\/pages\/8214\/revisions\/8260"}],"up":[{"embeddable":true,"href":"https:\/\/wp.ufpel.edu.br\/computacao\/wp-json\/wp\/v2\/pages\/118"}],"wp:attachment":[{"href":"https:\/\/wp.ufpel.edu.br\/computacao\/wp-json\/wp\/v2\/media?parent=8214"}],"curies":[{"name":"wp","href":"https:\/\/api.w.org\/{rel}","templated":true}]}}