{"id":81,"date":"2019-02-04T21:11:27","date_gmt":"2019-02-04T23:11:27","guid":{"rendered":"https:\/\/wp.ufpel.edu.br\/computacao\/?page_id=81"},"modified":"2022-07-16T10:43:34","modified_gmt":"2022-07-16T13:43:34","slug":"localizacao-e-contatos","status":"publish","type":"page","link":"https:\/\/wp.ufpel.edu.br\/computacao\/sobre-a-computacao-ufpel\/localizacao-e-contatos\/","title":{"rendered":"Localiza\u00e7\u00e3o e Contatos"},"content":{"rendered":"\n<p>A \u00e1rea de Computa\u00e7\u00e3o est\u00e1 primariamente localizada no <strong>terceiro<\/strong> andar do Campus Porto da\u00a0<a href=\"http:\/\/www.ufpel.edu.br\/\">Universidade Federal de Pelotas<\/a>.<\/p>\n\n\n\n<p><strong>Contatos:<\/strong><\/p>\n\n\n\n<ul class=\"wp-block-list\">\n<li>Secretaria da Ci\u00eancia da Computa\u00e7\u00e3o:\n<ul class=\"wp-block-list\">\n<li><a href=\"mailto:secretaria-ccomp@inf.ufpel.edu.br\">secretaria-ccomp@inf.ufpel.edu.br<\/a><\/li>\n\n\n\n<li>(53) 3284-3860<\/li>\n\n\n\n<li>Sala 312B<\/li>\n<\/ul>\n<\/li>\n\n\n\n<li>Secretaria da Engenharia de Computa\u00e7\u00e3o:\n<ul class=\"wp-block-list\">\n<li><a href=\"mailto:secretaria-engcomp@inf.ufpel.edu.br\">secretaria-engcomp@inf.ufpel.edu.br<\/a> <\/li>\n\n\n\n<li>(53) 3284-3860<\/li>\n\n\n\n<li>Sala 312B<\/li>\n<\/ul>\n<\/li>\n\n\n\n<li>Secretaria da P\u00f3s-Gradua\u00e7\u00e3o em Computa\u00e7\u00e3o: <ul><li><a href=\"mailto:secretaria-ppgc@inf.ufpel.edu.br\">secretaria-ppgc@inf.ufpel.edu.br<\/a><\/li><\/ul>\n<ul class=\"wp-block-list\">\n<li>(53) 3284-3860<\/li>\n\n\n\n<li>Sala 312B<\/li>\n<\/ul>\n<\/li>\n\n\n\n<li>Est\u00e1gio:\n<ul class=\"wp-block-list\">\n<li>Ci\u00eancia da Computa\u00e7\u00e3o: <a href=\"mailto:estagiosccomp@inf.ufpel.edu.br\">estagiosccomp@inf.ufpel.edu.br<\/a><\/li>\n\n\n\n<li>Engenharia de Computa\u00e7\u00e3o: <a href=\"mailto:estagiosengcomp@inf.ufpel.edu.br\">estagiosengcomp@inf.ufpel.edu.br<\/a><\/li>\n<\/ul>\n<\/li>\n<\/ul>\n\n\n\n<p><\/p>\n\n\n\n<p><\/p>\n\n\n\n<p><\/p>\n\n\n\n<ul class=\"wp-block-list\">\n<li>Coordena\u00e7\u00e3o:\n<ul class=\"wp-block-list\">\n<li>Ci\u00eancia da Computa\u00e7\u00e3o: \n<ul class=\"wp-block-list\">\n<li>Guilherme Tomaschewski Netto<\/li>\n\n\n\n<li><a href=\"mailto:coord_ccomp@inf.ufpel.edu.br\">coord_ccomp@inf.ufpel.edu.br<\/a><\/li>\n<\/ul>\n<\/li>\n\n\n\n<li>Engenharia de Computa\u00e7\u00e3o: \n<ul class=\"wp-block-list\">\n<li>Marcelo Schiavon Porto<\/li>\n\n\n\n<li><a href=\"mailto:coord_engcomp@inf.ufpel.edu.br\">coord_engcomp@inf.ufpel.edu.br<\/a><\/li>\n<\/ul>\n<\/li>\n\n\n\n<li>P\u00f3s-Gradua\u00e7\u00e3o: \n<ul class=\"wp-block-list\">\n<li>Andr\u00e9 Rauber DuBois<\/li>\n\n\n\n<li><a href=\"mailto:ppgc@inf.ufpel.edu.br\">ppgc@inf.ufpel.edu.br<\/a><\/li>\n<\/ul>\n<\/li>\n<\/ul>\n<\/li>\n<\/ul>\n\n\n\n<p><strong>Correspond\u00eancia:<\/strong><\/p>\n\n\n\n<p>Computa\u00e7\u00e3o<br>Centro de Desenvolvimento Tecnol\u00f3gico<br>Universidade Federal de Pelotas<br>Campus Anglo, Sala 312B<br>Rua Gomes Carneiro, 1.<br>Centro<br>CEP 96010-610<br>Pelotas, RS &#8211; Brasil<\/p>\n\n\n\n<p><\/p>\n","protected":false},"excerpt":{"rendered":"<p>A \u00e1rea de Computa\u00e7\u00e3o est\u00e1 primariamente localizada no terceiro andar do Campus Porto da\u00a0Universidade Federal de Pelotas. Contatos: Correspond\u00eancia:<\/p>\n","protected":false},"author":881,"featured_media":0,"parent":18,"menu_order":0,"comment_status":"closed","ping_status":"closed","template":"","meta":{"jetpack_post_was_ever_published":false,"footnotes":""},"class_list":["post-81","page","type-page","status-publish","hentry"],"jetpack_sharing_enabled":true,"jetpack_shortlink":"https:\/\/wp.me\/PaGhNl-1j","_links":{"self":[{"href":"https:\/\/wp.ufpel.edu.br\/computacao\/wp-json\/wp\/v2\/pages\/81","targetHints":{"allow":["GET"]}}],"collection":[{"href":"https:\/\/wp.ufpel.edu.br\/computacao\/wp-json\/wp\/v2\/pages"}],"about":[{"href":"https:\/\/wp.ufpel.edu.br\/computacao\/wp-json\/wp\/v2\/types\/page"}],"author":[{"embeddable":true,"href":"https:\/\/wp.ufpel.edu.br\/computacao\/wp-json\/wp\/v2\/users\/881"}],"replies":[{"embeddable":true,"href":"https:\/\/wp.ufpel.edu.br\/computacao\/wp-json\/wp\/v2\/comments?post=81"}],"version-history":[{"count":3,"href":"https:\/\/wp.ufpel.edu.br\/computacao\/wp-json\/wp\/v2\/pages\/81\/revisions"}],"predecessor-version":[{"id":7112,"href":"https:\/\/wp.ufpel.edu.br\/computacao\/wp-json\/wp\/v2\/pages\/81\/revisions\/7112"}],"up":[{"embeddable":true,"href":"https:\/\/wp.ufpel.edu.br\/computacao\/wp-json\/wp\/v2\/pages\/18"}],"wp:attachment":[{"href":"https:\/\/wp.ufpel.edu.br\/computacao\/wp-json\/wp\/v2\/media?parent=81"}],"curies":[{"name":"wp","href":"https:\/\/api.w.org\/{rel}","templated":true}]}}