{"id":8037,"date":"2024-08-08T17:44:11","date_gmt":"2024-08-08T20:44:11","guid":{"rendered":"https:\/\/wp.ufpel.edu.br\/computacao\/?page_id=8037"},"modified":"2024-08-30T16:15:47","modified_gmt":"2024-08-30T19:15:47","slug":"selecao-aluno-especial-2024-2","status":"publish","type":"page","link":"https:\/\/wp.ufpel.edu.br\/computacao\/ppgc\/selecao-aluno-especial-2024-2\/","title":{"rendered":"SELE\u00c7\u00c3O ESTUDANTE ESPECIAL 2024\/2"},"content":{"rendered":"\n<p><strong>Edital<\/strong><\/p>\n\n\n\n<ul class=\"wp-block-list\">\n<li><a href=\"https:\/\/wp.ufpel.edu.br\/computacao\/files\/2024\/08\/SEI_UFPel-2700989-Edital-de-selecao-PRPPG-2024-2.pdf\">Edital N\u00ba 144\/2024 &#8211; Sele\u00e7\u00e3o de Estudante Especial 2024\/2 PPGC<\/a><\/li>\n<\/ul>\n\n\n\n<p><strong>Inscri\u00e7\u00f5es<\/strong><\/p>\n\n\n\n<ul class=\"wp-block-list\">\n<li><a href=\"http:\/\/ia.ufpel.edu.br\/selecao-especial\/\">Formul\u00e1rio de Inscri\u00e7\u00f5es<\/a> [encerrado]<\/li>\n<\/ul>\n\n\n\n<p><strong>Homologa\u00e7\u00f5es<\/strong><\/p>\n\n\n\n<ul class=\"wp-block-list\">\n<li><a href=\"https:\/\/wp.ufpel.edu.br\/computacao\/files\/2024\/08\/SEI_UFPel-2713269-Despacho-Estudante-Especial-Homologadas.pdf\">Inscri\u00e7\u00f5es Homologadas<\/a> [publicado em 19\/08\/2024]<\/li>\n\n\n\n<li><a href=\"https:\/\/wp.ufpel.edu.br\/computacao\/files\/2024\/08\/SEI_UFPel-2720400-Despacho-Estudante-Especial-Homologacoes.pdf\">Inscri\u00e7\u00f5es Homologadas ap\u00f3s recursos<\/a> [publicado em 23\/08\/2024]<\/li>\n<\/ul>\n\n\n\n<p><strong>Resultados<\/strong><\/p>\n\n\n\n<ul class=\"wp-block-list\">\n<li><a href=\"https:\/\/wp.ufpel.edu.br\/computacao\/files\/2024\/08\/SEI_UFPel-2722469-Despacho-Estudante-Especial-2024-2-Resultado.pdf\">Resultados preliminares<\/a> [publicado em 26\/08\/2024]<\/li>\n\n\n\n<li><a href=\"https:\/\/wp.ufpel.edu.br\/computacao\/files\/2024\/08\/SEI_UFPel-2729145-Despacho-Estudante-Especial-Final.pdf\">Resultados finais<\/a> [publicado em 30\/08\/2024]<\/li>\n<\/ul>\n","protected":false},"excerpt":{"rendered":"<p>Edital Inscri\u00e7\u00f5es Homologa\u00e7\u00f5es Resultados<\/p>\n","protected":false},"author":881,"featured_media":0,"parent":118,"menu_order":0,"comment_status":"closed","ping_status":"closed","template":"","meta":{"jetpack_post_was_ever_published":false,"footnotes":""},"class_list":["post-8037","page","type-page","status-publish","hentry"],"jetpack_sharing_enabled":true,"jetpack_shortlink":"https:\/\/wp.me\/PaGhNl-25D","_links":{"self":[{"href":"https:\/\/wp.ufpel.edu.br\/computacao\/wp-json\/wp\/v2\/pages\/8037","targetHints":{"allow":["GET"]}}],"collection":[{"href":"https:\/\/wp.ufpel.edu.br\/computacao\/wp-json\/wp\/v2\/pages"}],"about":[{"href":"https:\/\/wp.ufpel.edu.br\/computacao\/wp-json\/wp\/v2\/types\/page"}],"author":[{"embeddable":true,"href":"https:\/\/wp.ufpel.edu.br\/computacao\/wp-json\/wp\/v2\/users\/881"}],"replies":[{"embeddable":true,"href":"https:\/\/wp.ufpel.edu.br\/computacao\/wp-json\/wp\/v2\/comments?post=8037"}],"version-history":[{"count":10,"href":"https:\/\/wp.ufpel.edu.br\/computacao\/wp-json\/wp\/v2\/pages\/8037\/revisions"}],"predecessor-version":[{"id":8153,"href":"https:\/\/wp.ufpel.edu.br\/computacao\/wp-json\/wp\/v2\/pages\/8037\/revisions\/8153"}],"up":[{"embeddable":true,"href":"https:\/\/wp.ufpel.edu.br\/computacao\/wp-json\/wp\/v2\/pages\/118"}],"wp:attachment":[{"href":"https:\/\/wp.ufpel.edu.br\/computacao\/wp-json\/wp\/v2\/media?parent=8037"}],"curies":[{"name":"wp","href":"https:\/\/api.w.org\/{rel}","templated":true}]}}