{"id":7988,"date":"2024-07-23T15:09:06","date_gmt":"2024-07-23T18:09:06","guid":{"rendered":"https:\/\/wp.ufpel.edu.br\/computacao\/?page_id=7988"},"modified":"2024-08-26T12:00:18","modified_gmt":"2024-08-26T15:00:18","slug":"selecao-aluno-regular-2024-2-com-bolsa","status":"publish","type":"page","link":"https:\/\/wp.ufpel.edu.br\/computacao\/ppgc\/editais-de-ingresso\/selecao-aluno-regular-2024-2-com-bolsa\/","title":{"rendered":"Sele\u00e7\u00e3o Aluno Regular 2024\/2 COM BOLSA"},"content":{"rendered":"\n<p><strong><mark style=\"background-color:#fcb900\" class=\"has-inline-color\">EDITAL N\u00ba 121\/2024<\/mark><\/strong><\/p>\n\n\n\n<ul class=\"wp-block-list\">\n<li><strong><a href=\"https:\/\/wp.ufpel.edu.br\/computacao\/files\/2024\/07\/SEI_UFPel-2675834-Edital-de-selecao-PRPPG.pdf\">Edital N\u00ba 121\/2024 &#8211; Sele\u00e7\u00e3o de Aluno\/a Regular com Bolsa CNPq &#8211; Programa de Apoio \u00e0 Pesquisa Interdisciplinar (PAPin)<\/a><\/strong><\/li>\n\n\n\n<li><a href=\"https:\/\/wp.ufpel.edu.br\/computacao\/files\/2024\/07\/Edital-121-2024-Anexo-I.pdf\"><strong>Anexo I <\/strong>&#8211; Projeto de Pesquisa<\/a><\/li>\n\n\n\n<li><strong>T\u00edtulo do Projeto: <\/strong><em>Capacita\u00e7\u00e3o tecnol\u00f3gica e desenvolvimento de novos m\u00e9todos de avalia\u00e7\u00e3o biom\u00e9trica em \u00e9guas gestantes em criat\u00f3rio com sistema de biosseguridade<\/em><\/li>\n\n\n\n<li><strong>Vagas no PPGC: <\/strong><br>&#8211; UMA vaga de Doutorado com bolsa CNPq (48 meses)<\/li>\n\n\n\n<li><strong><a href=\"https:\/\/forms.gle\/rVuQgYjXcF2XsAxB6\">Formul\u00e1rio de Inscri\u00e7\u00f5es<\/a><\/strong> [encerrado]<\/li>\n\n\n\n<li><strong><a href=\"https:\/\/wp.ufpel.edu.br\/computacao\/files\/2024\/08\/SEI_UFPel-2704393-Despacho-Homologacoes-PAPIN-121.pdf\">Inscri\u00e7\u00f5es Homologadas<\/a><\/strong> [publicado em 12\/08\/2024]<\/li>\n\n\n\n<li><strong>Cronograma de Entrevistas<\/strong> [cancelado]<\/li>\n\n\n\n<li><strong>Resultado Preliminar <\/strong>[cancelado]<\/li>\n\n\n\n<li><strong>Resultado Final <\/strong>[cancelado]<\/li>\n<\/ul>\n\n\n\n<p><strong><mark style=\"background-color:#fcb900\" class=\"has-inline-color has-black-color\">EDITAL N\u00ba 128\/2024<\/mark><\/strong><\/p>\n\n\n\n<ul class=\"wp-block-list\">\n<li><strong><a href=\"https:\/\/wp.ufpel.edu.br\/computacao\/files\/2024\/07\/Edital-de-selecao-PRPPG-128-2024-SEI_UFPel-2678106.pdf\">Edital N\u00ba 128\/2024 &#8211; Sele\u00e7\u00e3o de Aluno\/a Regular com Bolsas CNPq &#8211; Programa de Apoio \u00e0 Pesquisa Interdisciplinar (PAPin)<\/a><\/strong><\/li>\n\n\n\n<li><strong><a href=\"https:\/\/wp.ufpel.edu.br\/computacao\/files\/2024\/08\/SEI_UFPel-2689840-Edital-de-Retificacao-PRPPG-PAPIN.pdf\">Edital de Retifica\u00e7\u00e3o N\u00ba 027\/2024<\/a><\/strong><\/li>\n\n\n\n<li><a href=\"https:\/\/drive.google.com\/file\/d\/11PIgODP4ZJv_qy78OqbGxzkkDAx-jvwe\/view?usp=sharing\"><strong>Anexo I<\/strong> &#8211; Projeto de Pesquisa<\/a><\/li>\n\n\n\n<li><a href=\"https:\/\/drive.google.com\/file\/d\/1_FMyAQ1ypRjd9XC_DjukHjG56tohKq6K\/view?usp=sharing\"><strong>Anexo II<\/strong> &#8211; Quadro de Pontua\u00e7\u00e3o do Curr\u00edculo (Computa\u00e7\u00e3o)<\/a><\/li>\n\n\n\n<li><strong><a href=\"https:\/\/wp.ufpel.edu.br\/leppais\/files\/2024\/08\/ANEXO_II___Tabela_Pontuacao___Humanas_Sociais_Aplicadas_Artes_Letras_Saude.pdf\">Anexo II<\/a><\/strong><a href=\"https:\/\/wp.ufpel.edu.br\/leppais\/files\/2024\/08\/ANEXO_II___Tabela_Pontuacao___Humanas_Sociais_Aplicadas_Artes_Letras_Saude.pdf\"> &#8211; Quadro de Pontua\u00e7\u00e3o do Curr\u00edculo (Ci\u00eancias Humanas, Ci\u00eancias Sociais Aplicadas, Artes, Letras ou Sa\u00fade) [Retificado]<\/a><\/li>\n\n\n\n<li><a href=\"https:\/\/drive.google.com\/file\/d\/16iV3ZWpxjkA9cpFAs4PBzfMdlw9_x5XP\/view?usp=sharing\"><strong>Anexo III<\/strong> &#8211; Autodeclara\u00e7\u00e3o de Pertencimento \u00c9tnico-Racial<\/a><\/li>\n\n\n\n<li><a href=\"https:\/\/drive.google.com\/file\/d\/13mGZONYZMwRz4q3GMEOqpWNzhrX1pfbS\/view?usp=sharing\"><strong>Anexo IV<\/strong> &#8211; Autodeclara\u00e7\u00e3o de Identidade de G\u00eanero<\/a><\/li>\n\n\n\n<li><strong>T\u00edtulo do Projeto: <\/strong><em>Acessibilidade e emo\u00e7\u00f5es mediadas por Intelig\u00eancia Artificial (IA): pesquisa interdisciplinar e tecnopo\u00e9tica<\/em><\/li>\n\n\n\n<li><strong>Vagas no PPGC: <\/strong><br>&#8211; UMA vaga de Mestrado com bolsa CNPq (24 meses)<br>&#8211; UMA vaga de Doutorado com bolsa CNPq (48 meses)<\/li>\n\n\n\n<li><strong><a href=\"https:\/\/forms.gle\/Mym95ZVaYrZg93Qf9\">Formul\u00e1rio de Inscri\u00e7\u00f5es<\/a><\/strong> [encerrado]<\/li>\n\n\n\n<li><strong><a href=\"https:\/\/wp.ufpel.edu.br\/computacao\/files\/2024\/08\/SEI_UFPel-2704393-Despacho-Homologacoes-PAPIN-128.pdf\">Inscri\u00e7\u00f5es Homologadas<\/a><\/strong> [publicado em 12\/08\/2024]<\/li>\n\n\n\n<li><a href=\"https:\/\/wp.ufpel.edu.br\/computacao\/files\/2024\/08\/SEI_UFPel-2708260-Despacho-Homolocoes-128-2024.pdf\"><strong>Inscri\u00e7\u00f5es Homologadas ap\u00f3s recursos<\/strong><\/a> [publicado em 15\/08\/2024] <\/li>\n\n\n\n<li><strong><a href=\"https:\/\/wp.ufpel.edu.br\/computacao\/files\/2024\/08\/SEI_UFPel-2708267-Despacho-Entrevistas-128-2024.pdf\">Cronograma de Entrevistas<\/a> <\/strong>[atualizado em 15\/08\/2024]<\/li>\n\n\n\n<li><strong><a href=\"https:\/\/wp.ufpel.edu.br\/computacao\/files\/2024\/08\/SEI_UFPel-2710383-Despacho-Resultado-Preliminar-128-2024.pdf\">Resultado Preliminar<\/a> <\/strong>[publicado em 16\/08\/2024]<\/li>\n\n\n\n<li><strong><a href=\"https:\/\/wp.ufpel.edu.br\/computacao\/files\/2024\/08\/SEI_UFPel-2715222-Despacho-Resultado-Final-128-2024.pdf\">Resultado Final<\/a> <\/strong>[publicado em 20\/08\/2024]<\/li>\n<\/ul>\n\n\n\n<p><strong><mark style=\"background-color:#fcb900\" class=\"has-inline-color\">EDITAL N\u00ba 129\/2024<\/mark><\/strong><\/p>\n\n\n\n<ul class=\"wp-block-list\">\n<li><strong><a href=\"https:\/\/wp.ufpel.edu.br\/computacao\/files\/2024\/07\/SEI_UFPel-2679578-Edital-de-selecao-PRPPG-Petrobras.pdf\">Edital N\u00ba 129\/2024 &#8211; Sele\u00e7\u00e3o de Aluno\/a Regular com Bolsa PETROBRAS<\/a><\/strong><\/li>\n\n\n\n<li><strong>T\u00edtulo do Projeto: <\/strong><em>Aplicar t\u00e9cnicas de aprendizado de m\u00e1quina para detectar e classificar anomalias em escoamento bif\u00e1sico \u00f3leo-g\u00e1s denso<\/em><\/li>\n\n\n\n<li><strong>Vagas no PPGC: <\/strong><br>&#8211; UMA vaga de Doutorado com bolsa PETROBRAS (36 meses)<\/li>\n\n\n\n<li><strong><a href=\"https:\/\/forms.gle\/qbEABneTkhdX88NT8\">Formul\u00e1rio de Inscri\u00e7\u00f5es<\/a><\/strong> [encerrado]<\/li>\n\n\n\n<li><strong><a href=\"https:\/\/wp.ufpel.edu.br\/computacao\/files\/2024\/08\/SEI_UFPel-2704629-Despacho-Homologadas-PAPIN-129.pdf\">Inscri\u00e7\u00f5es Homologadas<\/a><\/strong> [publicado em 12\/08\/2024]<\/li>\n\n\n\n<li><strong><a href=\"https:\/\/wp.ufpel.edu.br\/computacao\/files\/2024\/08\/SEI_UFPel-2710749-Despacho-Agenda-Entrevistas-129-2024.pdf\">Inscri\u00e7\u00f5es Homologadas ap\u00f3s recursos e Cronograma de Entrevistas<\/a> <\/strong>[publicado em 16\/08\/2024]<\/li>\n\n\n\n<li><strong><a href=\"https:\/\/wp.ufpel.edu.br\/computacao\/files\/2024\/08\/SEI_UFPel-2715218-Despacho-Resultados-Preliminares-129-2024.pdf\">Resultado Preliminar<\/a> <\/strong>[publicado em 20\/08\/2024]<\/li>\n\n\n\n<li><strong><a href=\"https:\/\/wp.ufpel.edu.br\/computacao\/files\/2024\/08\/SEI_UFPel-2721526-Despacho-Resultado-Final-129-2024.pdf\">Resultado Final<\/a><\/strong> [publicado em 26\/08\/2024]<\/li>\n<\/ul>\n","protected":false},"excerpt":{"rendered":"<p>EDITAL N\u00ba 121\/2024 EDITAL N\u00ba 128\/2024 EDITAL N\u00ba 129\/2024<\/p>\n","protected":false},"author":748,"featured_media":0,"parent":417,"menu_order":0,"comment_status":"closed","ping_status":"closed","template":"","meta":{"jetpack_post_was_ever_published":false,"footnotes":""},"class_list":["post-7988","page","type-page","status-publish","hentry"],"jetpack_sharing_enabled":true,"jetpack_shortlink":"https:\/\/wp.me\/PaGhNl-24Q","_links":{"self":[{"href":"https:\/\/wp.ufpel.edu.br\/computacao\/wp-json\/wp\/v2\/pages\/7988","targetHints":{"allow":["GET"]}}],"collection":[{"href":"https:\/\/wp.ufpel.edu.br\/computacao\/wp-json\/wp\/v2\/pages"}],"about":[{"href":"https:\/\/wp.ufpel.edu.br\/computacao\/wp-json\/wp\/v2\/types\/page"}],"author":[{"embeddable":true,"href":"https:\/\/wp.ufpel.edu.br\/computacao\/wp-json\/wp\/v2\/users\/748"}],"replies":[{"embeddable":true,"href":"https:\/\/wp.ufpel.edu.br\/computacao\/wp-json\/wp\/v2\/comments?post=7988"}],"version-history":[{"count":23,"href":"https:\/\/wp.ufpel.edu.br\/computacao\/wp-json\/wp\/v2\/pages\/7988\/revisions"}],"predecessor-version":[{"id":8142,"href":"https:\/\/wp.ufpel.edu.br\/computacao\/wp-json\/wp\/v2\/pages\/7988\/revisions\/8142"}],"up":[{"embeddable":true,"href":"https:\/\/wp.ufpel.edu.br\/computacao\/wp-json\/wp\/v2\/pages\/417"}],"wp:attachment":[{"href":"https:\/\/wp.ufpel.edu.br\/computacao\/wp-json\/wp\/v2\/media?parent=7988"}],"curies":[{"name":"wp","href":"https:\/\/api.w.org\/{rel}","templated":true}]}}