{"id":7795,"date":"2024-02-07T18:40:13","date_gmt":"2024-02-07T21:40:13","guid":{"rendered":"https:\/\/wp.ufpel.edu.br\/computacao\/?page_id=7795"},"modified":"2024-02-27T16:29:33","modified_gmt":"2024-02-27T19:29:33","slug":"selecao-aluno-especial-2024-1","status":"publish","type":"page","link":"https:\/\/wp.ufpel.edu.br\/computacao\/ppgc\/selecao-aluno-especial-2024-1\/","title":{"rendered":"SELE\u00c7\u00c3O ALUNO ESPECIAL 2024\/1"},"content":{"rendered":"\n<p><strong>Edital<\/strong><\/p>\n\n\n\n<ul class=\"wp-block-list\">\n<li><a href=\"https:\/\/wp.ufpel.edu.br\/computacao\/files\/2024\/02\/SEI_UFPel-2509191-Edital-de-selecao-Aluno-Especial.pdf\">Edital N\u00ba 09\/2024 &#8211; Sele\u00e7\u00e3o de Aluno Especial 2024\/1 PPGC<\/a><\/li>\n\n\n\n<li><a href=\"https:\/\/wp.ufpel.edu.br\/computacao\/files\/2024\/02\/SEI_UFPel-2514745-Edital-de-Retificacao-AE.pdf\">Retifica\u00e7\u00e3o do Edital N\u00ba 09\/2024<\/a><\/li>\n<\/ul>\n\n\n\n<p><strong>Inscri\u00e7\u00f5es<\/strong><\/p>\n\n\n\n<ul class=\"wp-block-list\">\n<li><a href=\"http:\/\/ia.ufpel.edu.br\/selecao-especial\/\">Formul\u00e1rio de Inscri\u00e7\u00f5es [de 08 a 19\/02\/2024]<\/a><\/li>\n<\/ul>\n\n\n\n<p><strong>Homologa\u00e7\u00f5es<\/strong><\/p>\n\n\n\n<ul class=\"wp-block-list\">\n<li><a href=\"https:\/\/wp.ufpel.edu.br\/computacao\/files\/2024\/02\/SEI_UFPel-2527851-Homologacoes-AE20241.pdf\">Inscri\u00e7\u00f5es Homologadas<\/a> <\/li>\n\n\n\n<li><a href=\"https:\/\/wp.ufpel.edu.br\/computacao\/files\/2024\/02\/SEI_UFPel-2533640-Homologados-Aluno-Especial-1.pdf\">Inscri\u00e7\u00f5es Homologadas (ap\u00f3s recursos)<\/a><\/li>\n<\/ul>\n\n\n\n<p><strong>Resultados<\/strong><\/p>\n\n\n\n<ul class=\"wp-block-list\">\n<li><a href=\"https:\/\/wp.ufpel.edu.br\/computacao\/files\/2024\/02\/SEI_UFPel-2535165-Resultado-Aluno-Especial-20241-1.pdf\">Resultado &#8211; Candidatos Selecionados<\/a><\/li>\n<\/ul>\n","protected":false},"excerpt":{"rendered":"<p>Edital Inscri\u00e7\u00f5es Homologa\u00e7\u00f5es Resultados<\/p>\n","protected":false},"author":881,"featured_media":0,"parent":118,"menu_order":0,"comment_status":"closed","ping_status":"closed","template":"","meta":{"jetpack_post_was_ever_published":false,"footnotes":""},"class_list":["post-7795","page","type-page","status-publish","hentry"],"jetpack_sharing_enabled":true,"jetpack_shortlink":"https:\/\/wp.me\/PaGhNl-21J","_links":{"self":[{"href":"https:\/\/wp.ufpel.edu.br\/computacao\/wp-json\/wp\/v2\/pages\/7795","targetHints":{"allow":["GET"]}}],"collection":[{"href":"https:\/\/wp.ufpel.edu.br\/computacao\/wp-json\/wp\/v2\/pages"}],"about":[{"href":"https:\/\/wp.ufpel.edu.br\/computacao\/wp-json\/wp\/v2\/types\/page"}],"author":[{"embeddable":true,"href":"https:\/\/wp.ufpel.edu.br\/computacao\/wp-json\/wp\/v2\/users\/881"}],"replies":[{"embeddable":true,"href":"https:\/\/wp.ufpel.edu.br\/computacao\/wp-json\/wp\/v2\/comments?post=7795"}],"version-history":[{"count":10,"href":"https:\/\/wp.ufpel.edu.br\/computacao\/wp-json\/wp\/v2\/pages\/7795\/revisions"}],"predecessor-version":[{"id":7863,"href":"https:\/\/wp.ufpel.edu.br\/computacao\/wp-json\/wp\/v2\/pages\/7795\/revisions\/7863"}],"up":[{"embeddable":true,"href":"https:\/\/wp.ufpel.edu.br\/computacao\/wp-json\/wp\/v2\/pages\/118"}],"wp:attachment":[{"href":"https:\/\/wp.ufpel.edu.br\/computacao\/wp-json\/wp\/v2\/media?parent=7795"}],"curies":[{"name":"wp","href":"https:\/\/api.w.org\/{rel}","templated":true}]}}