{"id":7751,"date":"2023-12-19T13:48:43","date_gmt":"2023-12-19T16:48:43","guid":{"rendered":"https:\/\/wp.ufpel.edu.br\/computacao\/?page_id=7751"},"modified":"2025-04-07T19:17:43","modified_gmt":"2025-04-07T22:17:43","slug":"selecao-aluno-regular-2024-1-e-2024-2","status":"publish","type":"page","link":"https:\/\/wp.ufpel.edu.br\/computacao\/ppgc\/editais-de-ingresso\/selecao-aluno-regular-2024-1-e-2024-2\/","title":{"rendered":"Sele\u00e7\u00e3o Aluno Regular 2024\/1 e 2024\/2"},"content":{"rendered":"\n<p><strong>Edital<\/strong><\/p>\n\n\n\n<ul class=\"wp-block-list\">\n<li><a href=\"https:\/\/wp.ufpel.edu.br\/computacao\/files\/2023\/12\/Edital-Aluno-Regular-PPGC-2024.pdf\">Edital N\u00ba 267\/2023 &#8211; Sele\u00e7\u00e3o de Estudante Regular 2024 &#8211; Mestrado e Doutorado em Computa\u00e7\u00e3o<\/a><\/li>\n<\/ul>\n\n\n\n<p><strong>Formul\u00e1rio de inscri\u00e7\u00e3o<\/strong><\/p>\n\n\n\n<ul class=\"wp-block-list\">\n<li>Formul\u00e1rio de Inscri\u00e7\u00f5es <strong><mark style=\"background-color:rgba(0, 0, 0, 0)\" class=\"has-inline-color has-vivid-red-color\">[encerrado]<\/mark><\/strong><\/li>\n\n\n\n<li><a href=\"https:\/\/wp.ufpel.edu.br\/computacao\/files\/2022\/12\/PPG-AUTODECLARACAO-ETNICO-RACIAL-1.pdf\" target=\"_blank\" rel=\"noreferrer noopener\">Formul\u00e1rio de Autodeclara\u00e7\u00e3o \u00c9tnico-Racial<\/a> (para quem se autodeclara preto\/a, pardo\/a, ind\u00edgena ou quilombola)<\/li>\n\n\n\n<li><a href=\"https:\/\/wp.ufpel.edu.br\/computacao\/files\/2022\/12\/Autodeclaracao_de_Identidade_de_Genero.pdf\" target=\"_blank\" rel=\"noreferrer noopener\">Formul\u00e1rio de Autodeclara\u00e7\u00e3o de Identidade de G\u00eanero<\/a> (para quem se autodeclara travesti ou transexual)<\/li>\n<\/ul>\n\n\n\n<p><strong>Lista de inscri\u00e7\u00f5es homologadas<\/strong><\/p>\n\n\n\n<ul class=\"wp-block-list\">\n<li><a href=\"https:\/\/wp.ufpel.edu.br\/computacao\/files\/2024\/02\/SEI_UFPel-2507274-Despacho-Homologacoes-2024.pdf\">Inscri\u00e7\u00f5es Homologadas e N\u00e3o Homologadas (antes de per\u00edodo recursal)<\/a> <strong>[publicado em 01\/02\/2024 \u00e0s 14:26]<\/strong><\/li>\n\n\n\n<li><a href=\"https:\/\/wp.ufpel.edu.br\/computacao\/files\/2024\/02\/SEI_UFPel-2507274-Despacho-Homologacoes-PR-2024.pdf\">Inscri\u00e7\u00f5es Homologadas e N\u00e3o Homologadas (ap\u00f3s o per\u00edodo recursal)<\/a><\/li>\n<\/ul>\n\n\n\n<p><strong>Datas e hor\u00e1rios das entrevistas para candidatos ao doutorado<\/strong><\/p>\n\n\n\n<ul class=\"wp-block-list\">\n<li><a href=\"https:\/\/wp.ufpel.edu.br\/computacao\/files\/2024\/02\/SEI_UFPel-2517116-DespachoCronograma.pdf\">Cronograma de Entrevistas e Salas (Sele\u00e7\u00e3o ao Doutorado)<\/a><\/li>\n<\/ul>\n\n\n\n<p><strong>Lista dos selecionados<\/strong><\/p>\n\n\n\n<ul class=\"wp-block-list\">\n<li><a href=\"https:\/\/wp.ufpel.edu.br\/computacao\/files\/2024\/02\/SEI_UFPel-2527060-Resultado-ARM2024.pdf\">Resultado Preliminar &#8211; Selecionados ao Mestrado<\/a><\/li>\n\n\n\n<li><a href=\"https:\/\/wp.ufpel.edu.br\/computacao\/files\/2024\/02\/SEI_UFPel-2527084-Resultado-ARD2024.pdf\">Resultado Preliminar &#8211; Selecionados ao Doutorado<\/a><\/li>\n\n\n\n<li><a href=\"https:\/\/wp.ufpel.edu.br\/computacao\/files\/2024\/02\/SEI_UFPel-2533642-Resultado-Mestrado-20241.pdf\">Resultado Final &#8211; Selecionados ao Mestrado<\/a><\/li>\n\n\n\n<li><a href=\"https:\/\/wp.ufpel.edu.br\/computacao\/files\/2024\/02\/SEI_UFPel-2533641-Resultado-Doutorado-20241.pdf\">Resultado Final &#8211; Selecionados ao Doutorado<\/a><\/li>\n<\/ul>\n\n\n\n<p><strong>Recomenda\u00e7\u00f5es para o projeto e memorial acad\u00eamico para inscri\u00e7\u00f5es ao doutorado<\/strong><\/p>\n\n\n\n<p>Projeto de doutorado: O projeto de doutorado deve apresentar de maneira clara um problema de pesquisa, as contribui\u00e7\u00f5es j\u00e1 existentes na literatura para resolver este problema e as hip\u00f3teses inovadoras que o candidato pretende testar para resolver o problema durante o seu curso de doutorado. O objetivo geral e espec\u00edficos tamb\u00e9m devem ser apresentados e devem refletir os resultados que s\u00e3o pretendidos com o desenvolvimento do trabalho. A metodologia deve descrever os materiais e m\u00e9todos que s\u00e3o necess\u00e1rios para testar as hip\u00f3teses.<\/p>\n\n\n\n<p>Memorial acad\u00eamico: O memorial acad\u00eamico deve apresentar a hist\u00f3ria acad\u00eamica do candidato, destacando a sua forma\u00e7\u00e3o de n\u00edvel superior e suas principais atividades de pesquisa e inova\u00e7\u00e3o.<\/p>\n","protected":false},"excerpt":{"rendered":"<p>Edital Formul\u00e1rio de inscri\u00e7\u00e3o Lista de inscri\u00e7\u00f5es homologadas Datas e hor\u00e1rios das entrevistas para candidatos ao doutorado Lista dos selecionados Recomenda\u00e7\u00f5es para o projeto e memorial acad\u00eamico para inscri\u00e7\u00f5es ao doutorado Projeto de doutorado:&#46;&#46;&#46;<\/p>\n","protected":false},"author":881,"featured_media":0,"parent":417,"menu_order":0,"comment_status":"closed","ping_status":"closed","template":"","meta":{"jetpack_post_was_ever_published":false,"footnotes":""},"class_list":["post-7751","page","type-page","status-publish","hentry"],"jetpack_sharing_enabled":true,"jetpack_shortlink":"https:\/\/wp.me\/PaGhNl-211","_links":{"self":[{"href":"https:\/\/wp.ufpel.edu.br\/computacao\/wp-json\/wp\/v2\/pages\/7751","targetHints":{"allow":["GET"]}}],"collection":[{"href":"https:\/\/wp.ufpel.edu.br\/computacao\/wp-json\/wp\/v2\/pages"}],"about":[{"href":"https:\/\/wp.ufpel.edu.br\/computacao\/wp-json\/wp\/v2\/types\/page"}],"author":[{"embeddable":true,"href":"https:\/\/wp.ufpel.edu.br\/computacao\/wp-json\/wp\/v2\/users\/881"}],"replies":[{"embeddable":true,"href":"https:\/\/wp.ufpel.edu.br\/computacao\/wp-json\/wp\/v2\/comments?post=7751"}],"version-history":[{"count":12,"href":"https:\/\/wp.ufpel.edu.br\/computacao\/wp-json\/wp\/v2\/pages\/7751\/revisions"}],"predecessor-version":[{"id":8451,"href":"https:\/\/wp.ufpel.edu.br\/computacao\/wp-json\/wp\/v2\/pages\/7751\/revisions\/8451"}],"up":[{"embeddable":true,"href":"https:\/\/wp.ufpel.edu.br\/computacao\/wp-json\/wp\/v2\/pages\/417"}],"wp:attachment":[{"href":"https:\/\/wp.ufpel.edu.br\/computacao\/wp-json\/wp\/v2\/media?parent=7751"}],"curies":[{"name":"wp","href":"https:\/\/api.w.org\/{rel}","templated":true}]}}