{"id":7656,"date":"2023-11-17T09:19:35","date_gmt":"2023-11-17T12:19:35","guid":{"rendered":"https:\/\/wp.ufpel.edu.br\/computacao\/?page_id=7656"},"modified":"2023-12-06T14:27:11","modified_gmt":"2023-12-06T17:27:11","slug":"edital-de-bolsa-de-doutorado-sanduiche-pdse-capes-2023-2","status":"publish","type":"page","link":"https:\/\/wp.ufpel.edu.br\/computacao\/ppgc\/editais-de-bolsas\/edital-de-bolsa-de-doutorado-sanduiche-pdse-capes-2023-2\/","title":{"rendered":"Edital de Bolsa de Doutorado Sandu\u00edche PDSE-CAPES 2023\/2"},"content":{"rendered":"\n<p><strong>Edital<\/strong><\/p>\n\n\n\n<ul class=\"wp-block-list\">\n<li><a href=\"https:\/\/wp.ufpel.edu.br\/computacao\/files\/2023\/11\/SEI_UFPel-2428272-Edital-de-selecao-PDSE-2023-2.pdf\">Edital N\u00ba 226\/2023 &#8211; PROGRAMA DE DOUTORADO SANDU\u00cdCHE NO EXTERIOR (PDSE\/CAPES)<\/a><\/li>\n\n\n\n<li><a href=\"https:\/\/wp.ufpel.edu.br\/computacao\/files\/2023\/11\/Anexo-II.pdf\">Anexo II &#8211; Declara\u00e7\u00e3o de Reconhecimento da Flu\u00eancia Lingu\u00edstica Institui\u00e7\u00e3o Brasileira<\/a><\/li>\n\n\n\n<li><a href=\"https:\/\/wp.ufpel.edu.br\/computacao\/files\/2023\/11\/Anexo-III.pdf\">Anexo III &#8211; Declara\u00e7\u00e3o de Reconhecimento da Flu\u00eancia Lingu\u00edstica Institui\u00e7\u00e3o no Exterior<\/a><\/li>\n\n\n\n<li><a href=\"https:\/\/wp.ufpel.edu.br\/computacao\/files\/2023\/11\/Anexo-IV.pdf\">Anexo IV &#8211; Requisitos de profici\u00eancia em l\u00edngua estrangeira<\/a><\/li>\n<\/ul>\n\n\n\n<p><strong>Homologa\u00e7\u00e3o<\/strong><\/p>\n\n\n\n<ul class=\"wp-block-list\">\n<li><a href=\"https:\/\/wp.ufpel.edu.br\/computacao\/files\/2023\/11\/SEI_UFPel-2440998-Despacho-PDSE-Homologados.pdf\">Inscri\u00e7\u00f5es homologadas<\/a><\/li>\n<\/ul>\n\n\n\n<p><strong>Resultados<\/strong><\/p>\n\n\n\n<ul class=\"wp-block-list\">\n<li><a href=\"https:\/\/wp.ufpel.edu.br\/computacao\/files\/2023\/11\/SEI_UFPel-2447498-Despacho-PDSE-Resultado-Preliminar.pdf\">Resultado preliminar da sele\u00e7\u00e3o interna<\/a><\/li>\n\n\n\n<li><a href=\"https:\/\/wp.ufpel.edu.br\/computacao\/files\/2023\/12\/SEI_UFPel-2454605-Despacho-PDSE-Res-Final.pdf\">Resultado final da sele\u00e7\u00e3o interna<\/a><\/li>\n<\/ul>\n","protected":false},"excerpt":{"rendered":"<p>Edital Homologa\u00e7\u00e3o Resultados<\/p>\n","protected":false},"author":881,"featured_media":0,"parent":6457,"menu_order":0,"comment_status":"closed","ping_status":"closed","template":"","meta":{"jetpack_post_was_ever_published":false,"footnotes":""},"class_list":["post-7656","page","type-page","status-publish","hentry"],"jetpack_sharing_enabled":true,"jetpack_shortlink":"https:\/\/wp.me\/PaGhNl-1Zu","_links":{"self":[{"href":"https:\/\/wp.ufpel.edu.br\/computacao\/wp-json\/wp\/v2\/pages\/7656","targetHints":{"allow":["GET"]}}],"collection":[{"href":"https:\/\/wp.ufpel.edu.br\/computacao\/wp-json\/wp\/v2\/pages"}],"about":[{"href":"https:\/\/wp.ufpel.edu.br\/computacao\/wp-json\/wp\/v2\/types\/page"}],"author":[{"embeddable":true,"href":"https:\/\/wp.ufpel.edu.br\/computacao\/wp-json\/wp\/v2\/users\/881"}],"replies":[{"embeddable":true,"href":"https:\/\/wp.ufpel.edu.br\/computacao\/wp-json\/wp\/v2\/comments?post=7656"}],"version-history":[{"count":5,"href":"https:\/\/wp.ufpel.edu.br\/computacao\/wp-json\/wp\/v2\/pages\/7656\/revisions"}],"predecessor-version":[{"id":7712,"href":"https:\/\/wp.ufpel.edu.br\/computacao\/wp-json\/wp\/v2\/pages\/7656\/revisions\/7712"}],"up":[{"embeddable":true,"href":"https:\/\/wp.ufpel.edu.br\/computacao\/wp-json\/wp\/v2\/pages\/6457"}],"wp:attachment":[{"href":"https:\/\/wp.ufpel.edu.br\/computacao\/wp-json\/wp\/v2\/media?parent=7656"}],"curies":[{"name":"wp","href":"https:\/\/api.w.org\/{rel}","templated":true}]}}