{"id":7511,"date":"2023-07-04T15:22:00","date_gmt":"2023-07-04T18:22:00","guid":{"rendered":"https:\/\/wp.ufpel.edu.br\/computacao\/?page_id=7511"},"modified":"2023-08-01T12:49:26","modified_gmt":"2023-08-01T15:49:26","slug":"selecao-aluno-especial-2023-2","status":"publish","type":"page","link":"https:\/\/wp.ufpel.edu.br\/computacao\/ppgc\/selecao-aluno-especial-2023-2\/","title":{"rendered":"Sele\u00e7\u00e3o aluno especial 2023\/2"},"content":{"rendered":"\n<p><strong>Edital<\/strong><\/p>\n\n\n\n<ul class=\"wp-block-list\">\n<li><a href=\"https:\/\/wp.ufpel.edu.br\/computacao\/files\/2023\/07\/Edital-PPGC-Aluno-Especial-2023-2.pdf\">Edital N\u00ba 164\/2023 &#8211; Sele\u00e7\u00e3o de Aluno Especial 2023\/2 PPGC<\/a><\/li>\n\n\n\n<li><a href=\"https:\/\/wp.ufpel.edu.br\/computacao\/lista-de-disciplinas-2023-2\/\">Lista de disciplinas, ementas e hor\u00e1rios<\/a><\/li>\n<\/ul>\n\n\n\n<p><strong>Inscri\u00e7\u00f5es<\/strong><\/p>\n\n\n\n<ul class=\"wp-block-list\">\n<li><a href=\"http:\/\/ia.ufpel.edu.br\/selecao-especial\/\">Formul\u00e1rio de inscri\u00e7\u00f5es<\/a> [encerrado]<\/li>\n<\/ul>\n\n\n\n<p><strong>Homologa\u00e7\u00f5es<\/strong><\/p>\n\n\n\n<ul class=\"wp-block-list\">\n<li><a href=\"https:\/\/wp.ufpel.edu.br\/computacao\/files\/2023\/07\/SEI_UFPel-2270511-Despacho-AE.pdf\">Lista preliminar de inscri\u00e7\u00f5es homologadas<\/a><\/li>\n\n\n\n<li><a href=\"https:\/\/wp.ufpel.edu.br\/computacao\/files\/2023\/07\/SEI_UFPel-2275506-Despacho-AE-Homologadas.pdf\">Lista final de inscri\u00e7\u00f5es homologadas (ap\u00f3s recursos)<\/a><\/li>\n<\/ul>\n\n\n\n<p><strong>Resultados<\/strong><\/p>\n\n\n\n<ul class=\"wp-block-list\">\n<li><a href=\"https:\/\/wp.ufpel.edu.br\/computacao\/files\/2023\/07\/SEI_UFPel-2276315-Despacho-AE-resultado-preliminar.pdf\">Lista preliminar de aprovados e aprovadas<\/a> [publicada em 28\/07\/2023]<\/li>\n\n\n\n<li><a href=\"https:\/\/wp.ufpel.edu.br\/computacao\/files\/2023\/08\/SEI_UFPel-2280332-Despacho-AE-Final.pdf\">Lista final de aprovados e aprovadas e instru\u00e7\u00f5es para matr\u00edcula<\/a> [publicada em 01\/08\/2023]<\/li>\n<\/ul>\n","protected":false},"excerpt":{"rendered":"<p>Edital Inscri\u00e7\u00f5es Homologa\u00e7\u00f5es Resultados<\/p>\n","protected":false},"author":881,"featured_media":0,"parent":118,"menu_order":0,"comment_status":"closed","ping_status":"closed","template":"","meta":{"jetpack_post_was_ever_published":false,"footnotes":""},"class_list":["post-7511","page","type-page","status-publish","hentry"],"jetpack_sharing_enabled":true,"jetpack_shortlink":"https:\/\/wp.me\/PaGhNl-1X9","_links":{"self":[{"href":"https:\/\/wp.ufpel.edu.br\/computacao\/wp-json\/wp\/v2\/pages\/7511","targetHints":{"allow":["GET"]}}],"collection":[{"href":"https:\/\/wp.ufpel.edu.br\/computacao\/wp-json\/wp\/v2\/pages"}],"about":[{"href":"https:\/\/wp.ufpel.edu.br\/computacao\/wp-json\/wp\/v2\/types\/page"}],"author":[{"embeddable":true,"href":"https:\/\/wp.ufpel.edu.br\/computacao\/wp-json\/wp\/v2\/users\/881"}],"replies":[{"embeddable":true,"href":"https:\/\/wp.ufpel.edu.br\/computacao\/wp-json\/wp\/v2\/comments?post=7511"}],"version-history":[{"count":13,"href":"https:\/\/wp.ufpel.edu.br\/computacao\/wp-json\/wp\/v2\/pages\/7511\/revisions"}],"predecessor-version":[{"id":7602,"href":"https:\/\/wp.ufpel.edu.br\/computacao\/wp-json\/wp\/v2\/pages\/7511\/revisions\/7602"}],"up":[{"embeddable":true,"href":"https:\/\/wp.ufpel.edu.br\/computacao\/wp-json\/wp\/v2\/pages\/118"}],"wp:attachment":[{"href":"https:\/\/wp.ufpel.edu.br\/computacao\/wp-json\/wp\/v2\/media?parent=7511"}],"curies":[{"name":"wp","href":"https:\/\/api.w.org\/{rel}","templated":true}]}}